{"id":360661,"date":"2024-09-26T12:58:29","date_gmt":"2024-09-26T11:58:29","guid":{"rendered":"https:\/\/www.moskito.cz\/produkt\/kapesni-nuz-tiger-damascus\/"},"modified":"2025-05-07T11:24:45","modified_gmt":"2025-05-07T10:24:45","slug":"kapesni-nuz-tiger-damascus","status":"publish","type":"product","link":"https:\/\/www.moskito.cz\/sk\/produkt\/kapesni-nuz-tiger-damascus\/","title":{"rendered":"Kapesn\u00ed n\u016f\u017e Tiger-Damascus"},"content":{"rendered":"<p><UL><\/p>\n<p><LI>celkov\u00e1 d\u00e9lka: 19,8 cm <\/p>\n<p><LI>d\u00e9lka \u010depele: 8,5 cm <\/p>\n<p><LI>hmotnost: 141 g <\/p>\n<p><LI>tlou\u0161\u0165ka \u010depele: 3,6 mm <\/p>\n<p><LI>materi\u00e1l \u010depele: dama\u0161kov\u00e1 ocel <\/p>\n<p><LI>materi\u00e1l rukojeti: plast Micarta <\/p>\n<p><LI>pojistka: Framelock <\/p>\n<p><LI>ru\u010dn\u00ed otv\u00edr\u00e1n\u00ed <\/p>\n<p><LI>s klipem a otvorem na \u0161\u0148\u016frku <\/p>\n<p><LI>ru\u010dn\u011b vyrobeno v manufaktu\u0159e v Solingenu <\/p>\n<p><LI>dod\u00e1v\u00e1no s certifik\u00e1tem pravosti a individu\u00e1ln\u00edm s\u00e9riov\u00fdm \u010d\u00edslem <\/LI><br \/>\n<\/UL><\/p>\n","protected":false},"excerpt":{"rendered":"<p><P>Sb\u011bratelsk\u00fd kapesn\u00ed n\u016f\u017e Tiger-Damascus s rovn\u00fdm ost\u0159\u00edm je vybaven unik\u00e1tn\u00ed dama\u0161kovou \u010depel\u00ed vyrobenou z oceli bojov\u00e9ho tanku zni\u010den\u00e9ho v l\u00e9t\u011b roku 1944 v Loty\u0161sku u m\u011bsta Bauska. Nerezov\u00fd mozaikov\u00fd dama\u0161ek ru\u010dn\u011b vykoval Chad Nichols podle vzoru Intrepid a p\u0159ipom\u00edn\u00e1 stopy, kter\u00e9 v zemi zanechaly t\u011b\u017ek\u00e9 p\u00e1sy tohoto tanku Tiger. Na rozd\u00edl od b\u011b\u017en\u00e9ho dama\u0161ku se p\u0159i v\u00fdrob\u011b mozaikov\u00e9ho dama\u0161ku nevytv\u00e1\u0159ej\u00ed vrstvy, ale slo\u017eit\u00e9 dama\u0161kov\u00e9 ty\u010de se ru\u010dn\u011b kuj\u00ed do mozaiky v komplikovan\u00e9m a velmi slo\u017eit\u00e9m procesu. \u010cepel se otev\u00edr\u00e1 palcov\u00fdm \u010depem a zamyk\u00e1 robustn\u00ed ocelovou pojistkou framelock s povrchovou \u00fapravou stonewash. Celkov\u00fd tvar no\u017ee vzd\u00e1v\u00e1 hold slavn\u00fdm lini\u00edm tanku, zat\u00edmco ozdobn\u00fd oto\u010dn\u00fd \u0161roub je vytvo\u0159en podle vzoru hlavn\u00edho hnac\u00edho kola. M\u00edrn\u011b tvarovan\u00e9 st\u0159enky rukojeti vyroben\u00e9 z mikarty jsou opat\u0159eny p\u0159esn\u011b vyfr\u00e9zovan\u00fdmi dr\u00e1\u017ekami, kter\u00e9 p\u0159ipom\u00ednaj\u00ed charakteristickou povrchovou strukturu povlaku Zimmerit n\u011bmeck\u00fdch obrn\u011bn\u00fdch vozidel. N\u016f\u017e byl ru\u010dn\u011b vyroben v manufaktu\u0159e v Solingenu. Je dod\u00e1v\u00e1n s certifik\u00e1tem pravosti a individu\u00e1ln\u00edm s\u00e9riov\u00fdm \u010d\u00edslem.<\/P><\/p>\n","protected":false},"featured_media":360662,"comment_status":"closed","ping_status":"closed","template":"","meta":[],"pwb-brand":[140],"product_brand":[],"product_cat":[17,22],"product_tag":[],"class_list":{"0":"post-360661","1":"product","2":"type-product","3":"status-publish","4":"has-post-thumbnail","6":"pwb-brand-boker","7":"product_cat-noze","8":"product_cat-zaviraci-noze","10":"first","11":"outofstock","12":"taxable","13":"shipping-taxable","14":"purchasable","15":"product-type-simple"},"brands":[{"id":140,"name":"Boker","slug":"boker"}],"_links":{"self":[{"href":"https:\/\/www.moskito.cz\/sk\/wp-json\/wp\/v2\/product\/360661","targetHints":{"allow":["GET"]}}],"collection":[{"href":"https:\/\/www.moskito.cz\/sk\/wp-json\/wp\/v2\/product"}],"about":[{"href":"https:\/\/www.moskito.cz\/sk\/wp-json\/wp\/v2\/types\/product"}],"replies":[{"embeddable":true,"href":"https:\/\/www.moskito.cz\/sk\/wp-json\/wp\/v2\/comments?post=360661"}],"wp:featuredmedia":[{"embeddable":true,"href":"https:\/\/www.moskito.cz\/sk\/wp-json\/wp\/v2\/media\/360662"}],"wp:attachment":[{"href":"https:\/\/www.moskito.cz\/sk\/wp-json\/wp\/v2\/media?parent=360661"}],"wp:term":[{"taxonomy":"pwb-brand","embeddable":true,"href":"https:\/\/www.moskito.cz\/sk\/wp-json\/wp\/v2\/pwb-brand?post=360661"},{"taxonomy":"product_brand","embeddable":true,"href":"https:\/\/www.moskito.cz\/sk\/wp-json\/wp\/v2\/product_brand?post=360661"},{"taxonomy":"product_cat","embeddable":true,"href":"https:\/\/www.moskito.cz\/sk\/wp-json\/wp\/v2\/product_cat?post=360661"},{"taxonomy":"product_tag","embeddable":true,"href":"https:\/\/www.moskito.cz\/sk\/wp-json\/wp\/v2\/product_tag?post=360661"}],"curies":[{"name":"wp","href":"https:\/\/api.w.org\/{rel}","templated":true}]}}