{"id":360709,"date":"2024-09-26T13:05:14","date_gmt":"2024-09-26T12:05:14","guid":{"rendered":"https:\/\/www.moskito.cz\/produkt\/magnum-bokken\/"},"modified":"2025-05-07T11:24:47","modified_gmt":"2025-05-07T10:24:47","slug":"magnum-bokken","status":"publish","type":"product","link":"https:\/\/www.moskito.cz\/sk\/produkt\/magnum-bokken\/","title":{"rendered":"Magnum Bokken"},"content":{"rendered":"<p><UL><\/p>\n<p><LI>celkov\u00e1 d\u00e9lka: 98,5 cm <\/p>\n<p><LI>d\u00e9lka \u010depele: 72,5 cm <\/p>\n<p><LI>materi\u00e1l \u010depele: d\u0159evo Robinien <\/p>\n<p><LI>materi\u00e1l rukojeti: d\u0159evo Robinien<\/LI><br \/>\n<\/UL><\/p>\n","protected":false},"excerpt":{"rendered":"<p><P>Vzhledem k velk\u00e9mu z\u00e1jmu nab\u00edz\u00edme skute\u010dn\u00fd d\u0159ev\u011bn\u00fd tr\u00e9ninkov\u00fd me\u010d. M\u016f\u017ee b\u00fdt pou\u017eit pro r\u016fzn\u00e9 druhy bojov\u00fdch um\u011bn\u00ed, a\u0165 u\u017e jde o Aikido, Kenjutsu, Kendo nebo Iaido. D\u00edky sv\u00fdm rozm\u011br\u016fm a hmotnosti pouze 207 g je tento me\u010d ide\u00e1ln\u00ed pro za\u010d\u00e1te\u010dn\u00edky nebo teenagery. Odn\u00edmateln\u00fa z\u00e1\u0161titu (Tsuba) lze snadno namontovat nebo demontovat. Me\u010d je vyroben z ak\u00e1tov\u00e9ho d\u0159eva, kter\u00e9 je velmi odoln\u00e9,\u00a0z\u00e1rove\u0148 lehk\u00e9.<\/P><\/p>\n","protected":false},"featured_media":361604,"comment_status":"closed","ping_status":"closed","template":"","meta":[],"pwb-brand":[140],"product_brand":[],"product_cat":[24,1942],"product_tag":[],"class_list":{"0":"post-360709","1":"product","2":"type-product","3":"status-publish","4":"has-post-thumbnail","6":"pwb-brand-boker","7":"product_cat-katany-a-mece","8":"product_cat-mece-dyky-repliky","10":"first","11":"outofstock","12":"taxable","13":"shipping-taxable","14":"purchasable","15":"product-type-simple"},"brands":[{"id":140,"name":"Boker","slug":"boker"}],"_links":{"self":[{"href":"https:\/\/www.moskito.cz\/sk\/wp-json\/wp\/v2\/product\/360709","targetHints":{"allow":["GET"]}}],"collection":[{"href":"https:\/\/www.moskito.cz\/sk\/wp-json\/wp\/v2\/product"}],"about":[{"href":"https:\/\/www.moskito.cz\/sk\/wp-json\/wp\/v2\/types\/product"}],"replies":[{"embeddable":true,"href":"https:\/\/www.moskito.cz\/sk\/wp-json\/wp\/v2\/comments?post=360709"}],"wp:featuredmedia":[{"embeddable":true,"href":"https:\/\/www.moskito.cz\/sk\/wp-json\/wp\/v2\/media\/361604"}],"wp:attachment":[{"href":"https:\/\/www.moskito.cz\/sk\/wp-json\/wp\/v2\/media?parent=360709"}],"wp:term":[{"taxonomy":"pwb-brand","embeddable":true,"href":"https:\/\/www.moskito.cz\/sk\/wp-json\/wp\/v2\/pwb-brand?post=360709"},{"taxonomy":"product_brand","embeddable":true,"href":"https:\/\/www.moskito.cz\/sk\/wp-json\/wp\/v2\/product_brand?post=360709"},{"taxonomy":"product_cat","embeddable":true,"href":"https:\/\/www.moskito.cz\/sk\/wp-json\/wp\/v2\/product_cat?post=360709"},{"taxonomy":"product_tag","embeddable":true,"href":"https:\/\/www.moskito.cz\/sk\/wp-json\/wp\/v2\/product_tag?post=360709"}],"curies":[{"name":"wp","href":"https:\/\/api.w.org\/{rel}","templated":true}]}}