{"id":360739,"date":"2024-09-26T12:58:48","date_gmt":"2024-09-26T11:58:48","guid":{"rendered":"https:\/\/www.moskito.cz\/produkt\/kapesni-nuz-magnum-skeksis\/"},"modified":"2026-04-03T09:06:06","modified_gmt":"2026-04-03T08:06:06","slug":"kapesni-nuz-magnum-skeksis","status":"publish","type":"product","link":"https:\/\/www.moskito.cz\/sk\/produkt\/kapesni-nuz-magnum-skeksis\/","title":{"rendered":"Kapesn\u00ed N\u016f\u017e Magnum Skeksis 01SC008"},"content":{"rendered":"<p>Kapesn\u00ed N\u016f\u017e <strong>Magnum<\/strong> Skeksis 01SC008.<\/p>\n<p>Design tohoto kapesn\u00edho no\u017ee je inspirov\u00e1n fiktivn\u00edm tvorem Skeksis, kter\u00fd je kombinac\u00ed drav\u00e9ho pt\u00e1ka, plaza a draka. Seznamte se s excentrick\u00fdm no\u017eem s vyj\u00edme\u010dn\u011b dobr\u00fdmi vlastrnostmi. Dokonale tvarovan\u00e1 \u010depel bez n\u00e1mahy zvl\u00e1dne i obt\u00ed\u017en\u00e9 \u0159ezn\u00e9 \u00fakoly. Otev\u00edr\u00e1 se bu\u010f flipperem, nebo otvorem pro palec, zat\u00edmco pojistka linerlock z nerezov\u00e9 oceli a dr\u00e1\u017ekov\u00e1n\u00ed na h\u0159betu \u010depele zaji\u0161\u0165uj\u00ed nekompromisn\u00ed bezpe\u010dnost p\u0159i pr\u00e1ci. Texturovan\u00e9 st\u0159enky rukojeti ze zelen\u00e9ho materi\u00e1lu G10 p\u0159ipom\u00ednaj\u00ed k\u016f\u017ei plaza a zaji\u0161\u0165uj\u00ed pohodln\u00fd \u00fachop. Mosazn\u00fd krou\u017eek lemuj\u00edc\u00ed \u0161roub osy \u010depele je vizu\u00e1ln\u00ed ozdobou. N\u016f\u017e je vybaven otvorem na \u0161\u0148\u016frku a praktick\u00fdm klipem.<\/p>\n<p>Celkov\u00e1 d\u00e9lka: 19,0 cm<br \/>\nD\u00e9lka \u010depele: 8,3 cm<br \/>\nHmotnost: 115 g<br \/>\nTlou\u0161\u0165ka \u010depele: 3,0 mm<br \/>\nMateri\u00e1l \u010depele: ocel 440<br \/>\nMateri\u00e1l rukojeti: G10<br \/>\nPojistka: linerlock<\/p>\n","protected":false},"excerpt":{"rendered":"<p><strong>Design tohoto kapesn\u00edho no\u017ee je inspirov\u00e1n fiktivn\u00edm tvorem Skeksis, kter\u00fd je kombinac\u00ed drav\u00e9ho pt\u00e1ka, plaza a draka. Seznamte se s excentrick\u00fdm no\u017eem s vyj\u00edme\u010dn\u011b dobr\u00fdmi vlastnostmi.\u00a0<\/strong><\/p>\n","protected":false},"featured_media":361861,"comment_status":"closed","ping_status":"closed","template":"","meta":[],"pwb-brand":[140],"product_brand":[],"product_cat":[22,17],"product_tag":[],"class_list":{"0":"post-360739","1":"product","2":"type-product","3":"status-publish","4":"has-post-thumbnail","6":"pwb-brand-boker","7":"product_cat-zaviraci-noze","8":"product_cat-noze","10":"first","11":"outofstock","12":"taxable","13":"shipping-taxable","14":"purchasable","15":"product-type-simple"},"brands":[{"id":140,"name":"Boker","slug":"boker"}],"_links":{"self":[{"href":"https:\/\/www.moskito.cz\/sk\/wp-json\/wp\/v2\/product\/360739","targetHints":{"allow":["GET"]}}],"collection":[{"href":"https:\/\/www.moskito.cz\/sk\/wp-json\/wp\/v2\/product"}],"about":[{"href":"https:\/\/www.moskito.cz\/sk\/wp-json\/wp\/v2\/types\/product"}],"replies":[{"embeddable":true,"href":"https:\/\/www.moskito.cz\/sk\/wp-json\/wp\/v2\/comments?post=360739"}],"wp:featuredmedia":[{"embeddable":true,"href":"https:\/\/www.moskito.cz\/sk\/wp-json\/wp\/v2\/media\/361861"}],"wp:attachment":[{"href":"https:\/\/www.moskito.cz\/sk\/wp-json\/wp\/v2\/media?parent=360739"}],"wp:term":[{"taxonomy":"pwb-brand","embeddable":true,"href":"https:\/\/www.moskito.cz\/sk\/wp-json\/wp\/v2\/pwb-brand?post=360739"},{"taxonomy":"product_brand","embeddable":true,"href":"https:\/\/www.moskito.cz\/sk\/wp-json\/wp\/v2\/product_brand?post=360739"},{"taxonomy":"product_cat","embeddable":true,"href":"https:\/\/www.moskito.cz\/sk\/wp-json\/wp\/v2\/product_cat?post=360739"},{"taxonomy":"product_tag","embeddable":true,"href":"https:\/\/www.moskito.cz\/sk\/wp-json\/wp\/v2\/product_tag?post=360739"}],"curies":[{"name":"wp","href":"https:\/\/api.w.org\/{rel}","templated":true}]}}