{"id":360816,"date":"2024-09-26T12:59:06","date_gmt":"2024-09-26T11:59:06","guid":{"rendered":"https:\/\/www.moskito.cz\/produkt\/kapesni-nuz-boker-plus-kwaiken-otf-black\/"},"modified":"2026-04-13T18:03:19","modified_gmt":"2026-04-13T17:03:19","slug":"kapesni-nuz-boker-plus-kwaiken-otf-black","status":"publish","type":"product","link":"https:\/\/www.moskito.cz\/sk\/produkt\/kapesni-nuz-boker-plus-kwaiken-otf-black\/","title":{"rendered":"B\u00f6ker Plus Kwaiken OTF Black 06EX600"},"content":{"rendered":"<p><strong>B\u00f6ker Plus<\/strong> Kwaiken OTF Black 06EX600.<\/p>\n<p>Jeden z nejzaj\u00edmav\u011bj\u0161\u00edch design\u016f posledn\u00edch let dosahuje sv\u00e9ho dal\u0161\u00edho vrcholu. Tento model Kwaiken, navr\u017een\u00fd Lucasem Burnleyem, je od sv\u00e9ho uveden\u00ed na trh jedn\u00edm z nej\u00fasp\u011b\u0161n\u011bj\u0161\u00edch projekt\u016f zak\u00e1zkov\u00e9ho no\u017e\u00ed\u0159e a spole\u010dnosti B\u00f6ker Plus. N\u016f\u017e Kwaiken OTF Black kombinuje \u0161t\u00edhl\u00fd, minimalistick\u00fd design s dokonal\u00fdm automatick\u00fdm mechanismem. Po stisknut\u00ed vroubkovan\u00e9 spou\u0161t\u011b na horn\u00ed stran\u011b rukojeti se objev\u00ed sat\u00e9nov\u011b le\u0161t\u011bn\u00e1 \u010depel vyroben\u00e9 z oceli D2. \u010cepel vyjede z fr\u00e9zovan\u00e9 hlin\u00edkov\u00e9 rukojeti dechberouc\u00ed rychlost\u00ed a po stisknut\u00ed spou\u0161t\u011b op\u011bt zmiz\u00ed ve stejn\u00e9 poloze. Kwaiken OTF dosahuje v r\u00e1mci \u0159ady zcela nov\u00e9 \u00farovn\u011b a nab\u00edz\u00ed se jako jedine\u010dn\u00fd, v\u0161estrann\u00fd univerz\u00e1ln\u00ed n\u016f\u017e. Klip vytv\u00e1\u0159\u00ed zda\u0159il\u00fd kontrast k \u010dern\u00e9 rukojeti. N\u016f\u017e je dod\u00e1v\u00e1n s otvorem na \u0161\u0148\u016frku a s kvalitn\u00edm nylonov\u00fdm pouzdrem pro bezpe\u010dn\u00e9 ukl\u00e1d\u00e1n\u00ed.<\/p>\n","protected":false},"excerpt":{"rendered":"<p><strong>Jeden z nejzaj\u00edmav\u011bj\u0161\u00edch design\u016f posledn\u00edch let dosahuje sv\u00e9ho dal\u0161\u00edho vrcholu. Tento model Kwaiken, navr\u017een\u00fd Lucasem Burnleyem, je od sv\u00e9ho uveden\u00ed na trh jedn\u00edm z nej\u00fasp\u011b\u0161n\u011bj\u0161\u00edch projekt\u016f zak\u00e1zkov\u00e9ho no\u017e\u00ed\u0159e a spole\u010dnosti B\u00f6ker Plus.<\/strong><\/p>\n","protected":false},"featured_media":364569,"comment_status":"closed","ping_status":"closed","template":"","meta":[],"pwb-brand":[140],"product_brand":[],"product_cat":[22,17],"product_tag":[],"class_list":{"0":"post-360816","1":"product","2":"type-product","3":"status-publish","4":"has-post-thumbnail","6":"pwb-brand-boker","7":"product_cat-zaviraci-noze","8":"product_cat-noze","10":"first","11":"outofstock","12":"taxable","13":"shipping-taxable","14":"purchasable","15":"product-type-simple"},"brands":[{"id":140,"name":"Boker","slug":"boker"}],"_links":{"self":[{"href":"https:\/\/www.moskito.cz\/sk\/wp-json\/wp\/v2\/product\/360816","targetHints":{"allow":["GET"]}}],"collection":[{"href":"https:\/\/www.moskito.cz\/sk\/wp-json\/wp\/v2\/product"}],"about":[{"href":"https:\/\/www.moskito.cz\/sk\/wp-json\/wp\/v2\/types\/product"}],"replies":[{"embeddable":true,"href":"https:\/\/www.moskito.cz\/sk\/wp-json\/wp\/v2\/comments?post=360816"}],"wp:featuredmedia":[{"embeddable":true,"href":"https:\/\/www.moskito.cz\/sk\/wp-json\/wp\/v2\/media\/364569"}],"wp:attachment":[{"href":"https:\/\/www.moskito.cz\/sk\/wp-json\/wp\/v2\/media?parent=360816"}],"wp:term":[{"taxonomy":"pwb-brand","embeddable":true,"href":"https:\/\/www.moskito.cz\/sk\/wp-json\/wp\/v2\/pwb-brand?post=360816"},{"taxonomy":"product_brand","embeddable":true,"href":"https:\/\/www.moskito.cz\/sk\/wp-json\/wp\/v2\/product_brand?post=360816"},{"taxonomy":"product_cat","embeddable":true,"href":"https:\/\/www.moskito.cz\/sk\/wp-json\/wp\/v2\/product_cat?post=360816"},{"taxonomy":"product_tag","embeddable":true,"href":"https:\/\/www.moskito.cz\/sk\/wp-json\/wp\/v2\/product_tag?post=360816"}],"curies":[{"name":"wp","href":"https:\/\/api.w.org\/{rel}","templated":true}]}}