{"id":360828,"date":"2024-09-26T12:59:22","date_gmt":"2024-09-26T11:59:22","guid":{"rendered":"https:\/\/www.moskito.cz\/produkt\/nuz-s-pevnou-cepeli-boker-bronco\/"},"modified":"2025-05-07T11:24:55","modified_gmt":"2025-05-07T10:24:55","slug":"nuz-s-pevnou-cepeli-boker-bronco","status":"publish","type":"product","link":"https:\/\/www.moskito.cz\/sk\/produkt\/nuz-s-pevnou-cepeli-boker-bronco\/","title":{"rendered":"N\u016f\u017e s pevnou \u010depel\u00ed B\u00f6ker Bronco"},"content":{"rendered":"<ul>\n<li>celkov\u00e1 d\u00e9lka: 23,2 cm<\/li>\n<li>d\u00e9lka \u010depele: 11,3 cm<\/li>\n<li>hmotnost: 148 g<\/li>\n<li>tlou\u0161\u0165ka \u010depele: 3,5 cm<\/li>\n<li>materi\u00e1l \u010depele: CPM-3V<\/li>\n<li>materi\u00e1l rukojeti: TPE (termoplastick\u00fd elastomer)<\/li>\n<li>v kvalitn\u00edm ko\u017een\u00e9m pouzd\u0159e<\/li>\n<li>s k\u0159esadlem<\/li>\n<\/ul>\n","protected":false},"excerpt":{"rendered":"<p>Pevn\u00fd outdoorov\u00fd n\u016f\u017e Bronco si klade ambici\u00f3zn\u00ed c\u00edle. \u010cepel vyroben\u00e1 z oceli\u00a0CPM na nejvy\u0161\u0161\u00ed \u00farovni metalurgick\u00fdch mo\u017enost\u00ed. Rukoje\u0165, kter\u00e1 pohodln\u011b padne do ruky i p\u0159i dlouhodob\u00e9 pr\u00e1ci, po celou dobu zcela obep\u00edn\u00e1 st\u0159enku a za studena neodv\u00e1d\u00ed teplo z ruky. Kvalitn\u00ed ko\u017een\u00e9 pouzdro, kter\u00e9 lze nosit s visac\u00edm z\u00e1v\u011bsem nebo bez n\u011bj, chr\u00e1n\u00ed n\u016f\u017e p\u0159ed ztr\u00e1tou a po\u0161kozen\u00edm, m\u00e1 zd\u00ed\u0159ku na podpalova\u010d. 100% v\u00fdroba v Solingenu v N\u011bmecku.\u00a0Univerz\u00e1ln\u00ed \u0161irok\u00e1 \u010depel typu drop-point s vysoko posazen\u00fdm \u0161avlov\u00fdm v\u00fdbrusem byla v\u017edy lovci preferovan\u00fdm tvarem pro velkou i malou zv\u011b\u0159 a je vhodn\u00e1 jak pro jemn\u00e9 \u00fakony, tak i pro hrub\u0161\u00ed. Hrot je pr\u016fb\u011b\u017en\u00fd a vy\u010dn\u00edv\u00e1 n\u011bkolik milimetr\u016f z konce rukojeti. To zaji\u0161\u0165uje maxim\u00e1ln\u00ed stabilitu a hrot vydr\u017e\u00ed i siln\u00e9 \u00fadery polenem nebo jin\u00fdm p\u0159edm\u011btem. Kr\u00e1tk\u00e1 \u010d\u00e1st h\u0159betu \u010depele tvo\u0159\u00ed na obou stran\u00e1ch ostr\u00e9 90\u00b0 hrany pro odpalov\u00e1n\u00ed jisker z p\u0159ilo\u017een\u00e9ho podpalova\u010de. Jako materi\u00e1l rukojeti byl zvolen TPE &#8211; termoplastick\u00fd elastomer, kter\u00fd zcela obep\u00edn\u00e1 hrot a m\u00e1 strukturu zaji\u0161\u0165uj\u00edc\u00ed dobr\u00fd \u00fachop v jak\u00e9mkoli sm\u011bru zat\u00ed\u017een\u00ed. TPE je odoln\u00fd, pru\u017en\u00fd, neklou\u017ee a m\u00e1 n\u00edzkou tepelnou vodivost. N\u016f\u017e se proto bezpe\u010dn\u011b dr\u017e\u00ed v ruce za v\u0161ech pov\u011btrnostn\u00edch a pracovn\u00edch podm\u00ednek a nevy\u010derp\u00e1v\u00e1 s\u00edlu prst\u016f ve vlhku a chladu.\u00a0N\u016f\u017e je vybaven ko\u017een\u00fdm pouzdrem s hlubok\u00fdm a pevn\u00fdm ulo\u017een\u00edm no\u017ee. N\u016f\u017e je tak p\u0159i p\u0159en\u00e1\u0161en\u00ed co nejl\u00e9pe chr\u00e1n\u011bn proti ztr\u00e1t\u011b i po\u0161kozen\u00ed, ani\u017e by bylo nutn\u00e9 pou\u017e\u00edvat z\u00e1mek n\u00e1chyln\u00fd k po\u0161kozen\u00ed, kter\u00fd zt\u011b\u017euje rychl\u00fd p\u0159\u00edstup. N\u016f\u017e je nav\u00edc vybaven 9,3cm podpalova\u010dem \/ kovovou z\u00e1palkou od p\u0159edn\u00edho v\u00fdrobce na trhu Light My Fire, kter\u00e1 na\u0161la m\u00edsto v \u0161irok\u00e9m, t\u011bsn\u011b p\u0159il\u00e9haj\u00edc\u00edm ko\u017een\u00e9m poutku pevn\u011b integrovan\u00e9m do lemov\u00e1n\u00ed. D\u00edky tomu je n\u016f\u017e B\u00f6ker BRONCO kompaktn\u00ed, v\u0161estrann\u00fd a kompletn\u00ed n\u00e1stroj pro p\u0159e\u017eit\u00ed v divo\u010din\u011b a pro p\u0159e\u017eit\u00ed, kter\u00fd si porad\u00ed v ka\u017ed\u00e9 situaci.<\/p>\n","protected":false},"featured_media":360829,"comment_status":"closed","ping_status":"closed","template":"","meta":[],"pwb-brand":[140],"product_brand":[],"product_cat":[17,23],"product_tag":[],"class_list":{"0":"post-360828","1":"product","2":"type-product","3":"status-publish","4":"has-post-thumbnail","6":"pwb-brand-boker","7":"product_cat-noze","8":"product_cat-pevne-noze","10":"first","11":"outofstock","12":"taxable","13":"shipping-taxable","14":"purchasable","15":"product-type-simple"},"brands":[{"id":140,"name":"Boker","slug":"boker"}],"_links":{"self":[{"href":"https:\/\/www.moskito.cz\/sk\/wp-json\/wp\/v2\/product\/360828","targetHints":{"allow":["GET"]}}],"collection":[{"href":"https:\/\/www.moskito.cz\/sk\/wp-json\/wp\/v2\/product"}],"about":[{"href":"https:\/\/www.moskito.cz\/sk\/wp-json\/wp\/v2\/types\/product"}],"replies":[{"embeddable":true,"href":"https:\/\/www.moskito.cz\/sk\/wp-json\/wp\/v2\/comments?post=360828"}],"wp:featuredmedia":[{"embeddable":true,"href":"https:\/\/www.moskito.cz\/sk\/wp-json\/wp\/v2\/media\/360829"}],"wp:attachment":[{"href":"https:\/\/www.moskito.cz\/sk\/wp-json\/wp\/v2\/media?parent=360828"}],"wp:term":[{"taxonomy":"pwb-brand","embeddable":true,"href":"https:\/\/www.moskito.cz\/sk\/wp-json\/wp\/v2\/pwb-brand?post=360828"},{"taxonomy":"product_brand","embeddable":true,"href":"https:\/\/www.moskito.cz\/sk\/wp-json\/wp\/v2\/product_brand?post=360828"},{"taxonomy":"product_cat","embeddable":true,"href":"https:\/\/www.moskito.cz\/sk\/wp-json\/wp\/v2\/product_cat?post=360828"},{"taxonomy":"product_tag","embeddable":true,"href":"https:\/\/www.moskito.cz\/sk\/wp-json\/wp\/v2\/product_tag?post=360828"}],"curies":[{"name":"wp","href":"https:\/\/api.w.org\/{rel}","templated":true}]}}