{"id":360854,"date":"2024-09-26T12:59:22","date_gmt":"2024-09-26T11:59:22","guid":{"rendered":"https:\/\/www.moskito.cz\/produkt\/nuz-boker-plus-nahal\/"},"modified":"2025-05-07T11:24:56","modified_gmt":"2025-05-07T10:24:56","slug":"nuz-boker-plus-nahal","status":"publish","type":"product","link":"https:\/\/www.moskito.cz\/sk\/produkt\/nuz-boker-plus-nahal\/","title":{"rendered":"Zav\u00edrac\u00ed N\u016f\u017e B\u00d6KER PLUS NAHAL"},"content":{"rendered":"<p>N\u016f\u017e B\u00d6KER PLUS NAHAL.<\/p>\n<p>Diskr\u00e9tn\u00ed, ale hrav\u00fd, rezervovan\u00fd a p\u0159esto hmatateln\u00fd. V Nahalu kombinuje Eran Manasherov vlastnosti, d\u00edky kter\u00fdm je kapesn\u00ed n\u016f\u017e B\u00f6ker Plus. D\u00edky \u010depeli D2 s kuli\u010dkov\u00fdm lo\u017eiskem zaji\u0161\u0165uje skl\u00e1dac\u00ed stroj v\u00fdjime\u010dn\u00fd v\u00fdkon pro v\u0161echny ka\u017edodenn\u00ed \u0159ezac\u00ed pr\u00e1ce. Flexibiln\u00ed mo\u017enosti otev\u00edr\u00e1n\u00ed zahrnuj\u00ed otvor pro palec, p\u0159edn\u00ed ploutev a dr\u00e1t\u011bnou ploutev, zat\u00edmco z\u00e1mek vlo\u017eky spolehliv\u011b uzamkne \u010depel D2, kter\u00e1 byla zu\u0161lecht\u011bna povrchovou \u00fapravou Stonewash. Jimpingy na op\u011brce palce a ergonomick\u00fd tvar hlin\u00edkov\u00e9 rukojeti poskytuj\u00ed pot\u0159ebnou bezpe\u010dnost pr\u00e1ce a p\u0159\u00edjemn\u00fd pocit. Diskr\u00e9tn\u00ed linie v rukojeti o\u017eivuj\u00ed vzhled a zlep\u0161uj\u00ed \u00fachop. Vhodnost pro ka\u017edodenn\u00ed pou\u017eit\u00ed podtrhuje spona Tip-Up(r), kter\u00e1 umo\u017e\u0148uje hlubok\u00e9 no\u0161en\u00ed, a tak\u00e9 praktick\u00fd otvor na \u0161\u0148\u016frku pro uchycen\u00ed \u0161\u0148\u016frek.<\/p>\n<p>Celkov\u00e1 d\u00e9lka: 19,80 cm<br \/>\nD\u00e9lka \u010depele: 8,00 cm<br \/>\nTlou\u0161\u0165ka \u010depele: 3,70 mm<br \/>\nHmotnost: 124,00 g<br \/>\nN\u00e1vrh\u00e1\u0159: Eran Manasherov<br \/>\nMateri\u00e1l \u010depele: D2<br \/>\nMateri\u00e1l rukojeti: hlin\u00edk<br \/>\nPom\u016fcka pro otev\u00edr\u00e1n\u00ed: Otev\u00edr\u00e1n\u00ed palce<br \/>\nUzav\u0159en\u00ed: Z\u00e1mek vlo\u017eky<br \/>\n\u010c\u00edslo polo\u017eky:<br \/>\n01BO628<\/p>\n<p>&nbsp;<\/p>\n<p>&nbsp;<\/p>\n<p>&nbsp;<\/p>\n","protected":false},"excerpt":{"rendered":"<p><strong>Diskr\u00e9tn\u00ed, ale hrav\u00fd, rezervovan\u00fd a p\u0159esto hmatateln\u00fd. V Nahalu kombinuje Eran Manasherov vlastnosti, d\u00edky kter\u00fdm je kapesn\u00ed n\u016f\u017e B\u00f6ker Plus.<\/strong><\/p>\n","protected":false},"featured_media":360855,"comment_status":"closed","ping_status":"closed","template":"","meta":[],"pwb-brand":[140],"product_brand":[],"product_cat":[22,17],"product_tag":[],"class_list":{"0":"post-360854","1":"product","2":"type-product","3":"status-publish","4":"has-post-thumbnail","6":"pwb-brand-boker","7":"product_cat-zaviraci-noze","8":"product_cat-noze","10":"first","11":"instock","12":"taxable","13":"shipping-taxable","14":"purchasable","15":"product-type-simple"},"brands":[{"id":140,"name":"Boker","slug":"boker"}],"_links":{"self":[{"href":"https:\/\/www.moskito.cz\/sk\/wp-json\/wp\/v2\/product\/360854","targetHints":{"allow":["GET"]}}],"collection":[{"href":"https:\/\/www.moskito.cz\/sk\/wp-json\/wp\/v2\/product"}],"about":[{"href":"https:\/\/www.moskito.cz\/sk\/wp-json\/wp\/v2\/types\/product"}],"replies":[{"embeddable":true,"href":"https:\/\/www.moskito.cz\/sk\/wp-json\/wp\/v2\/comments?post=360854"}],"wp:featuredmedia":[{"embeddable":true,"href":"https:\/\/www.moskito.cz\/sk\/wp-json\/wp\/v2\/media\/360855"}],"wp:attachment":[{"href":"https:\/\/www.moskito.cz\/sk\/wp-json\/wp\/v2\/media?parent=360854"}],"wp:term":[{"taxonomy":"pwb-brand","embeddable":true,"href":"https:\/\/www.moskito.cz\/sk\/wp-json\/wp\/v2\/pwb-brand?post=360854"},{"taxonomy":"product_brand","embeddable":true,"href":"https:\/\/www.moskito.cz\/sk\/wp-json\/wp\/v2\/product_brand?post=360854"},{"taxonomy":"product_cat","embeddable":true,"href":"https:\/\/www.moskito.cz\/sk\/wp-json\/wp\/v2\/product_cat?post=360854"},{"taxonomy":"product_tag","embeddable":true,"href":"https:\/\/www.moskito.cz\/sk\/wp-json\/wp\/v2\/product_tag?post=360854"}],"curies":[{"name":"wp","href":"https:\/\/api.w.org\/{rel}","templated":true}]}}