{"id":360863,"date":"2024-09-26T12:59:22","date_gmt":"2024-09-26T11:59:22","guid":{"rendered":"https:\/\/www.moskito.cz\/produkt\/nuz-boker-magnum-rockstub-blue-elox\/"},"modified":"2025-05-07T11:24:56","modified_gmt":"2025-05-07T10:24:56","slug":"nuz-boker-magnum-rockstub-blue-elox","status":"publish","type":"product","link":"https:\/\/www.moskito.cz\/sk\/produkt\/nuz-boker-magnum-rockstub-blue-elox\/","title":{"rendered":"Zav\u00edrac\u00ed N\u016f\u017e B\u00d6KER ROCKSTUB BLUE ELOX 01SC711"},"content":{"rendered":"<p>Zav\u00edrac\u00ed N\u016f\u017e <strong>B\u00d6KER<\/strong> ROCKSTUB BLUE ELOX 01SC711.<\/p>\n<p>Co je to sk\u00e1la! V\u00fdkonn\u00fd kapesn\u00ed n\u016f\u017e s pevnou \u010depel\u00ed 440B , p\u0159\u00ed\u010dn\u00fdm z\u00e1mkem a sponou pro hlubok\u00e9 no\u0161en\u00ed (Tip-Up\/r) za atraktivn\u00ed cenu? B\u00f6ker to umo\u017e\u0148uje a p\u0159edstavuje kompaktn\u00ed Magnum Rockstub jako odpov\u011b\u010f pro v\u0161echny, kte\u0159\u00ed hledaj\u00ed nekompromisn\u00ed kapesn\u00ed n\u016f\u017e pro ka\u017edodenn\u00ed pou\u017eit\u00ed. Univerz\u00e1ln\u00ed, robustn\u00ed, spolehliv\u00fd &#8211; pro \u010depel drop point s koordinovan\u00fdm stonewash povrchem a dekorativn\u00edm ricasso nen\u00ed t\u0159eba v\u00edce slov . V\u00fdkonn\u00e9, kontrolovan\u00e9 \u0159ezy, stejn\u011b jako vy\u0159ez\u00e1v\u00e1n\u00ed nebo loup\u00e1n\u00ed d\u011blaj\u00ed z no\u017ee spolehlivou sk\u00e1lu na p\u0159\u00edboji pro ka\u017ed\u00e9 pou\u017eit\u00ed. D\u00edky snadno ovladateln\u00e9mu ovl\u00e1d\u00e1n\u00ed s palcov\u00fdm kol\u00edkem na obou stran\u00e1ch a posuvn\u00edkem pro otev\u00edr\u00e1n\u00ed a odemyk\u00e1n\u00ed slo\u017eky m\u00e1 Rockstub ji\u017e sv\u00e9 m\u00edsto ve h\u0159e se zaryt\u00fdmi fanou\u0161ky no\u017e\u016f. Rukoje\u0165 z intenzivn\u00edho modr\u00e9ho hlin\u00edku je skute\u010dn\u00fdm pot\u011b\u0161en\u00edm dr\u017eet a je tak\u00e9 vybavena otvorem na \u0161\u0148\u016frku pro p\u0159ipevn\u011bn\u00ed \u0161\u0148\u016frek.<\/p>\n<p>Zna\u010dka: Magnum<br \/>\nCelkov\u00e1 d\u00e9lka: 16,00 cm<br \/>\nD\u00e9lka \u010depele: 6,70 cm<br \/>\nTlou\u0161\u0165ka \u010depele: 3,00 mm<br \/>\nHmotnost: 87,00 g<br \/>\nMateri\u00e1l \u010depele: 440B<br \/>\nMateri\u00e1l rukojeti: hlin\u00edk<br \/>\nUzav\u0159en\u00ed: Z\u00e1mek p\u0159\u00ed\u010dky<br \/>\nBarva: Modr\u00fd<br \/>\n\u010c\u00edslo polo\u017eky: 01SC711<\/p>\n","protected":false},"excerpt":{"rendered":"<p><strong>Co je to sk\u00e1la! V\u00fdkonn\u00fd kapesn\u00ed n\u016f\u017e s pevnou \u010depel\u00ed 440B , p\u0159\u00ed\u010dn\u00fdm z\u00e1mkem a sponou pro hlubok\u00e9 no\u0161en\u00ed (Tip-Up\/r) za atraktivn\u00ed cenu? B\u00f6ker to umo\u017e\u0148uje a p\u0159edstavuje kompaktn\u00ed Magnum Rockstub jako odpov\u011b\u010f pro v\u0161echny, kte\u0159\u00ed hledaj\u00ed nekompromisn\u00ed kapesn\u00ed n\u016f\u017e pro ka\u017edodenn\u00ed pou\u017eit\u00ed.<\/strong><\/p>\n","protected":false},"featured_media":361947,"comment_status":"closed","ping_status":"closed","template":"","meta":[],"pwb-brand":[140],"product_brand":[],"product_cat":[22,17],"product_tag":[],"class_list":{"0":"post-360863","1":"product","2":"type-product","3":"status-publish","4":"has-post-thumbnail","6":"pwb-brand-boker","7":"product_cat-zaviraci-noze","8":"product_cat-noze","10":"first","11":"instock","12":"taxable","13":"shipping-taxable","14":"purchasable","15":"product-type-simple"},"brands":[{"id":140,"name":"Boker","slug":"boker"}],"_links":{"self":[{"href":"https:\/\/www.moskito.cz\/sk\/wp-json\/wp\/v2\/product\/360863","targetHints":{"allow":["GET"]}}],"collection":[{"href":"https:\/\/www.moskito.cz\/sk\/wp-json\/wp\/v2\/product"}],"about":[{"href":"https:\/\/www.moskito.cz\/sk\/wp-json\/wp\/v2\/types\/product"}],"replies":[{"embeddable":true,"href":"https:\/\/www.moskito.cz\/sk\/wp-json\/wp\/v2\/comments?post=360863"}],"wp:featuredmedia":[{"embeddable":true,"href":"https:\/\/www.moskito.cz\/sk\/wp-json\/wp\/v2\/media\/361947"}],"wp:attachment":[{"href":"https:\/\/www.moskito.cz\/sk\/wp-json\/wp\/v2\/media?parent=360863"}],"wp:term":[{"taxonomy":"pwb-brand","embeddable":true,"href":"https:\/\/www.moskito.cz\/sk\/wp-json\/wp\/v2\/pwb-brand?post=360863"},{"taxonomy":"product_brand","embeddable":true,"href":"https:\/\/www.moskito.cz\/sk\/wp-json\/wp\/v2\/product_brand?post=360863"},{"taxonomy":"product_cat","embeddable":true,"href":"https:\/\/www.moskito.cz\/sk\/wp-json\/wp\/v2\/product_cat?post=360863"},{"taxonomy":"product_tag","embeddable":true,"href":"https:\/\/www.moskito.cz\/sk\/wp-json\/wp\/v2\/product_tag?post=360863"}],"curies":[{"name":"wp","href":"https:\/\/api.w.org\/{rel}","templated":true}]}}