{"id":360928,"date":"2024-09-26T12:59:56","date_gmt":"2024-09-26T11:59:56","guid":{"rendered":"https:\/\/www.moskito.cz\/produkt\/kapesni-nuz-boker-plus-gemma-damascus\/"},"modified":"2025-05-07T11:25:01","modified_gmt":"2025-05-07T10:25:01","slug":"kapesni-nuz-boker-plus-gemma-damascus","status":"publish","type":"product","link":"https:\/\/www.moskito.cz\/sk\/produkt\/kapesni-nuz-boker-plus-gemma-damascus\/","title":{"rendered":"Zav\u00edrac\u00ed N\u016f\u017e B\u00f6ker Plus Gemma Damast 01BO358DAM"},"content":{"rendered":"<p>Zav\u00edrac\u00ed N\u016f\u017e B\u00f6ker Plus Gemma Damast 01BO358DAM.<\/p>\n<p>B\u00f6ker Plus Gemma Damast je elegantn\u00ed a precizn\u011b zpracovan\u00fd kapesn\u00ed n\u016f\u017e, navr\u017een\u00fd p\u0159edev\u0161\u00edm pro ty, kte\u0159\u00ed hledaj\u00ed stylov\u00fd a praktick\u00fd n\u00e1stroj pro ka\u017edodenn\u00ed pou\u017eit\u00ed. D\u00edky sv\u00e9 kompaktn\u00ed velikosti je ide\u00e1ln\u00ed pro no\u0161en\u00ed v kapse.<br \/>\nHlavn\u00ed vlastnosti:<\/p>\n<p>\u010cepel a rukoje\u0165 z dama\u0161kov\u00e9 oceli:<br \/>\n\u010cepel je vyrobena ze 110 vrstev dama\u0161kov\u00e9 oceli, co\u017e j\u00ed dod\u00e1v\u00e1 nejen odolnost a dlouhou \u017eivotnost, ale tak\u00e9 jedine\u010dn\u00fd vzhled.<br \/>\nTak\u00e9 rukoje\u0165 a klip jsou vyrobeny z dama\u0161kov\u00e9 oceli, co\u017e z no\u017ee \u010din\u00ed harmonick\u00e9 mistrovsk\u00e9 d\u00edlo.<\/p>\n<p>Kuli\u010dkov\u00e9 lo\u017eisko a flipper:<br \/>\nD\u00edky kuli\u010dkov\u00e9mu lo\u017eisku se \u010depel hladce a p\u0159esn\u011b otev\u00edr\u00e1 pomoc\u00ed flipperu, co\u017e zaji\u0161\u0165uje pohodln\u00e9 a rychl\u00e9 pou\u017eit\u00ed.<\/p>\n<p>Bezpe\u010dn\u00fd Framelock:<br \/>\nMechanismus Framelock spolehliv\u011b uzamkne \u010depel b\u011bhem pou\u017e\u00edv\u00e1n\u00ed, \u010d\u00edm\u017e zvy\u0161uje bezpe\u010dnost.<\/p>\n<p>Univerz\u00e1lnost a pohodl\u00ed:<br \/>\nN\u016f\u017e je vybaven otvorem pro \u0161\u0148\u016frku, co\u017e poskytuje dal\u0161\u00ed mo\u017enosti no\u0161en\u00ed.<br \/>\nKlip je odn\u00edmateln\u00fd a lze jej nastavit pro no\u0161en\u00ed hrotem \u010depele nahoru (Tip-up), co\u017e p\u0159id\u00e1v\u00e1 na flexibilit\u011b.<\/p>\n<p>B\u00f6ker Plus Gemma Damast nen\u00ed jen n\u00e1stroj, ale tak\u00e9 opravdov\u00fd \u0161perk, kter\u00fd spojuje tradici s modern\u00edm designem. Ide\u00e1ln\u00ed pro sb\u011bratele i milovn\u00edky prvot\u0159\u00eddn\u00edch kapesn\u00edch no\u017e\u016f!<\/p>\n<p>Popisovan\u00e9 kapesn\u00ed no\u017ee zna\u010dky B\u00f6ker Plus (\u010d\u00edslo artiklu: 01BO358DAM) jsou kvalitn\u00edm modelem zam\u011b\u0159en\u00fdm na luxusn\u00ed materi\u00e1ly a kompaktn\u00ed design. N\u00ed\u017ee jsou shrnuty hlavn\u00ed vlastnosti:<br \/>\nTechnick\u00e9 \u00fadaje a detaily<\/p>\n<p>Celkov\u00e1 d\u00e9lka: 14,10 cm<br \/>\nD\u00e9lka \u010depele: 6,40 cm<br \/>\nTlou\u0161\u0165ka \u010depele: 2,00 mm<br \/>\nHmotnost: 40,00 g<\/p>\n<p>Materi\u00e1ly<\/p>\n<p>Materi\u00e1l \u010depele: Damasc\u00e9nsk\u00e1 ocel<br \/>\nDamasc\u00e9nsk\u00e1 ocel je zn\u00e1m\u00e1 svou mimo\u0159\u00e1dnou tvrdost\u00ed, ostrost\u00ed a jedine\u010dn\u00fdm vzorem, kter\u00fd vznik\u00e1 skl\u00e1d\u00e1n\u00edm oceli.<br \/>\nMateri\u00e1l rukojeti: Damasc\u00e9nsk\u00e1 ocel<br \/>\nRukoje\u0165 z damasc\u00e9nsk\u00e9 oceli dopl\u0148uje elegantn\u00ed vzhled a vytv\u00e1\u0159\u00ed harmonick\u00fd design.<\/p>\n<p>Funk\u010dnost<\/p>\n<p>Pomoc p\u0159i otev\u0159en\u00ed: Flipper<br \/>\n\u010cepel lze manu\u00e1ln\u011b otev\u0159\u00edt pomoc\u00ed flipperu, co\u017e umo\u017e\u0148uje intuitivn\u00ed a rychl\u00e9 pou\u017eit\u00ed.<br \/>\nZ\u00e1mek: Framelock<br \/>\nFramelock zaji\u0161\u0165uje bezpe\u010dn\u00e9 zaji\u0161t\u011bn\u00ed \u010depele b\u011bhem pou\u017e\u00edv\u00e1n\u00ed.<\/p>\n<p>Zvl\u00e1\u0161tnosti<\/p>\n<p>Bez laserov\u00e9ho grav\u00edrov\u00e1n\u00ed: Tento model je dod\u00e1v\u00e1n bez personalizovan\u00e9ho grav\u00edrov\u00e1n\u00ed, ale je mo\u017en\u00e9 jej pozd\u011bji p\u0159izp\u016fsobit.<\/p>\n<p>Tento n\u016f\u017e je ide\u00e1ln\u00edm spole\u010dn\u00edkem pro milovn\u00edky luxusn\u00edch kapesn\u00edch no\u017e\u016f a je vhodn\u00fd jak pro ka\u017edodenn\u00ed pou\u017eit\u00ed, tak jako sb\u011bratelsk\u00fd kousek. D\u00edky hmotnosti pouh\u00fdch 40 g je lehk\u00fd a kompaktn\u00ed, co\u017e umo\u017e\u0148uje pohodln\u00e9 no\u0161en\u00ed.<\/p>\n","protected":false},"excerpt":{"rendered":"<p><strong>B\u00f6ker Plus Gemma Damast je elegantn\u00ed a precizn\u011b zpracovan\u00fd kapesn\u00ed n\u016f\u017e, navr\u017een\u00fd p\u0159edev\u0161\u00edm pro ty, kte\u0159\u00ed hledaj\u00ed stylov\u00fd a praktick\u00fd n\u00e1stroj pro ka\u017edodenn\u00ed pou\u017eit\u00ed. D\u00edky sv\u00e9 kompaktn\u00ed velikosti je ide\u00e1ln\u00ed pro no\u0161en\u00ed v kapse.<\/strong><\/p>\n","protected":false},"featured_media":380318,"comment_status":"closed","ping_status":"closed","template":"","meta":[],"pwb-brand":[140],"product_brand":[],"product_cat":[25,17,22],"product_tag":[],"class_list":{"0":"post-360928","1":"product","2":"type-product","3":"status-publish","4":"has-post-thumbnail","6":"pwb-brand-boker","7":"product_cat-damascenske-noze","8":"product_cat-noze","9":"product_cat-zaviraci-noze","11":"first","12":"instock","13":"taxable","14":"shipping-taxable","15":"purchasable","16":"product-type-simple"},"brands":[{"id":140,"name":"Boker","slug":"boker"}],"_links":{"self":[{"href":"https:\/\/www.moskito.cz\/sk\/wp-json\/wp\/v2\/product\/360928","targetHints":{"allow":["GET"]}}],"collection":[{"href":"https:\/\/www.moskito.cz\/sk\/wp-json\/wp\/v2\/product"}],"about":[{"href":"https:\/\/www.moskito.cz\/sk\/wp-json\/wp\/v2\/types\/product"}],"replies":[{"embeddable":true,"href":"https:\/\/www.moskito.cz\/sk\/wp-json\/wp\/v2\/comments?post=360928"}],"wp:featuredmedia":[{"embeddable":true,"href":"https:\/\/www.moskito.cz\/sk\/wp-json\/wp\/v2\/media\/380318"}],"wp:attachment":[{"href":"https:\/\/www.moskito.cz\/sk\/wp-json\/wp\/v2\/media?parent=360928"}],"wp:term":[{"taxonomy":"pwb-brand","embeddable":true,"href":"https:\/\/www.moskito.cz\/sk\/wp-json\/wp\/v2\/pwb-brand?post=360928"},{"taxonomy":"product_brand","embeddable":true,"href":"https:\/\/www.moskito.cz\/sk\/wp-json\/wp\/v2\/product_brand?post=360928"},{"taxonomy":"product_cat","embeddable":true,"href":"https:\/\/www.moskito.cz\/sk\/wp-json\/wp\/v2\/product_cat?post=360928"},{"taxonomy":"product_tag","embeddable":true,"href":"https:\/\/www.moskito.cz\/sk\/wp-json\/wp\/v2\/product_tag?post=360928"}],"curies":[{"name":"wp","href":"https:\/\/api.w.org\/{rel}","templated":true}]}}