{"id":360934,"date":"2024-09-26T12:59:56","date_gmt":"2024-09-26T11:59:56","guid":{"rendered":"https:\/\/www.moskito.cz\/produkt\/kapesni-nuz-kwaiken-mini-limited\/"},"modified":"2025-05-07T11:25:01","modified_gmt":"2025-05-07T10:25:01","slug":"kapesni-nuz-kwaiken-mini-limited","status":"publish","type":"product","link":"https:\/\/www.moskito.cz\/sk\/produkt\/kapesni-nuz-kwaiken-mini-limited\/","title":{"rendered":"Kapesn\u00ed n\u016f\u017e Kwaiken Mini Limited"},"content":{"rendered":"<ul>\n<li>celkov\u00e1 d\u00e9lka: 18,5 cm<\/li>\n<li>d\u00e9lka \u010depele: 7,7 cm<\/li>\n<li>hmotnost: 79 g<\/li>\n<li>tlou\u0161\u0165ka \u010depele: 3,2 mm<\/li>\n<li>materi\u00e1l \u010depele: M390<\/li>\n<li>materi\u00e1l rukojeti: karbonov\u00e1 vl\u00e1kna<\/li>\n<li>design\u00e9r: Lucas Burnley<\/li>\n<li>pojistka: framelock<\/li>\n<li>v nylonov\u00e9m pouzd\u0159e<\/li>\n<\/ul>\n","protected":false},"excerpt":{"rendered":"<p>N\u016f\u017e B<span class=\"fn\">\u00f6<\/span>ker Plus Kwaiken Flipper od Lucase Burnleyho je pravd\u011bpodobn\u011b jedn\u00edm z nejvlivn\u011bj\u0161\u00edch n\u00e1vrh\u016f 21. stolet\u00ed. D\u00edky sv\u00e9mu jasn\u00e9mu a praktick\u00e9mu tvaru se tento modern\u00ed kapesn\u00ed n\u016f\u017e stal skute\u010dnou ikonou. \u010cist\u00e9 linie a \u0161t\u00edhl\u00fd design, kter\u00fd p\u0159esto pojme celou \u010depel v zav\u0159en\u00e9m stavu, jsou naprosto jedine\u010dn\u00e9. Jedn\u00e1 se o dal\u0161\u00ed v\u00fdvoj zn\u00e1m\u00e9ho no\u017ee Burnley Kwaiken Classic, zav\u00edrac\u00edho no\u017ee rovn\u011b\u017e v novojaponsk\u00e9m stylu. Flipper zaji\u0161\u0165uje intuitivn\u00ed ovl\u00e1d\u00e1n\u00ed a dodate\u010dnou bezpe\u010dnost, zat\u00edmco titanov\u00fd framelock s vlo\u017ekou z nerezov\u00e9 oceli a zar\u00e1\u017ekou proti p\u0159eto\u010den\u00ed bezpe\u010dn\u011b uzamkne kuli\u010dkovou \u010depel s rovn\u00fdm h\u0159betem z materi\u00e1lu M390. Exkluzivn\u00ed n\u00e1rok t\u00e9to pr\u00e9miov\u00e9 verze, p\u0159\u00edsn\u011b omezen\u00e9 na 500 kus\u016f po cel\u00e9m sv\u011bt\u011b, podtrhuj\u00ed st\u0159enky rukojeti z divok\u00e9ho uhl\u00edkov\u00e9ho vl\u00e1kna se zelen\u00fdmi barevn\u00fdmi inkluzemi. \u0160t\u00edhl\u00fd design a exkluzivn\u00ed materi\u00e1l d\u011blaj\u00ed z no\u017ee Kwaiken u\u0161lechtil\u00fd crossover mezi gentlemanskou slo\u017ekou a taktick\u00fdm bojov\u00fdm no\u017eem. Aby bylo toto p\u0159emost\u011bn\u00ed je\u0161t\u011b snaz\u0161\u00ed, nab\u00edz\u00ed Kwaiken Mini Limited stejn\u00e9 vynikaj\u00edc\u00ed vlastnosti jako jeho velk\u00fd bratr s v\u00fdrazn\u011b zmen\u0161en\u00fdmi (a tedy kapesn\u011bj\u0161\u00edmi) rozm\u011bry. Titanov\u00fd klip je vyfr\u00e9zov\u00e1n z masivu a umo\u017e\u0148uje no\u0161en\u00ed tip-up (r). Dod\u00e1v\u00e1 se s kvalitn\u00edm nylonov\u00fdm pouzdrem.<\/p>\n","protected":false},"featured_media":360935,"comment_status":"closed","ping_status":"closed","template":"","meta":[],"pwb-brand":[140],"product_brand":[],"product_cat":[17,22],"product_tag":[],"class_list":{"0":"post-360934","1":"product","2":"type-product","3":"status-publish","4":"has-post-thumbnail","6":"pwb-brand-boker","7":"product_cat-noze","8":"product_cat-zaviraci-noze","10":"first","11":"outofstock","12":"taxable","13":"shipping-taxable","14":"purchasable","15":"product-type-simple"},"brands":[{"id":140,"name":"Boker","slug":"boker"}],"_links":{"self":[{"href":"https:\/\/www.moskito.cz\/sk\/wp-json\/wp\/v2\/product\/360934","targetHints":{"allow":["GET"]}}],"collection":[{"href":"https:\/\/www.moskito.cz\/sk\/wp-json\/wp\/v2\/product"}],"about":[{"href":"https:\/\/www.moskito.cz\/sk\/wp-json\/wp\/v2\/types\/product"}],"replies":[{"embeddable":true,"href":"https:\/\/www.moskito.cz\/sk\/wp-json\/wp\/v2\/comments?post=360934"}],"wp:featuredmedia":[{"embeddable":true,"href":"https:\/\/www.moskito.cz\/sk\/wp-json\/wp\/v2\/media\/360935"}],"wp:attachment":[{"href":"https:\/\/www.moskito.cz\/sk\/wp-json\/wp\/v2\/media?parent=360934"}],"wp:term":[{"taxonomy":"pwb-brand","embeddable":true,"href":"https:\/\/www.moskito.cz\/sk\/wp-json\/wp\/v2\/pwb-brand?post=360934"},{"taxonomy":"product_brand","embeddable":true,"href":"https:\/\/www.moskito.cz\/sk\/wp-json\/wp\/v2\/product_brand?post=360934"},{"taxonomy":"product_cat","embeddable":true,"href":"https:\/\/www.moskito.cz\/sk\/wp-json\/wp\/v2\/product_cat?post=360934"},{"taxonomy":"product_tag","embeddable":true,"href":"https:\/\/www.moskito.cz\/sk\/wp-json\/wp\/v2\/product_tag?post=360934"}],"curies":[{"name":"wp","href":"https:\/\/api.w.org\/{rel}","templated":true}]}}