{"id":360990,"date":"2024-09-26T13:00:13","date_gmt":"2024-09-26T12:00:13","guid":{"rendered":"https:\/\/www.moskito.cz\/produkt\/kapesni-nuz-suiseki\/"},"modified":"2025-05-07T11:25:05","modified_gmt":"2025-05-07T10:25:05","slug":"kapesni-nuz-suiseki","status":"publish","type":"product","link":"https:\/\/www.moskito.cz\/sk\/produkt\/kapesni-nuz-suiseki\/","title":{"rendered":"Zav\u00edrac\u00ed N\u016f\u017e B\u00f6ker Plus Suiseki 01BO489"},"content":{"rendered":"<p>Zav\u00edrac\u00ed N\u016f\u017e <strong>B\u00f6ker Plu<\/strong>s Suiseki 01BO489.<\/p>\n<p>Unikn\u011bte z ka\u017edodenn\u00edho \u017eivota a najd\u011bte sv\u016fj vnit\u0159n\u00ed st\u0159ed: Suiseki je meditativn\u00ed um\u011bn\u00ed z Asie, kter\u00e9 obzvl\u00e1\u0161t\u011b efektivn\u011b prezentuje expresivn\u00ed kameny. Uklid\u0148uj\u00edc\u00ed charakter poch\u00e1z\u00ed z p\u0159irozen\u00e9ho tvaru kamen\u016f, kter\u00e9 se pohybuj\u00ed od abstraktn\u00edch a\u017e po p\u016fsobiv\u00e9 reprezentace krajiny, zv\u00ed\u0159at nebo rostlin. Znalec no\u017e\u016f Darriel Caston roz\u0161i\u0159uje duchovn\u00ed \u00farove\u0148 o v\u00fdtvor z oceli a plastu a p\u0159edstavuje B\u00f6ker Plus Suiseki, kompaktn\u00ed ka\u017edodenn\u00ed n\u016f\u017e pln\u00fd jemnosti a energie. \u010cepel D2 s kuli\u010dkov\u00fdm lo\u017eiskem s brusem Chisel Grind pro\u0159\u00edzne ka\u017edodenn\u00ed \u00fakoly se stoick\u00fdm klidem a spol\u00e9h\u00e1 na bezpe\u010dn\u00e9 dr\u017een\u00ed z\u00e1mku r\u00e1mu z nerezov\u00e9 oceli. Askeze a funkce ur\u010duj\u00ed tvar kapesn\u00edho no\u017ee, kter\u00fd si zachov\u00e1v\u00e1 modern\u00ed impuls se stupnic\u00ed rukojeti z G10. Tmav\u00e1 povrchov\u00e1 \u00faprava na z\u00e1mku r\u00e1mu a hlubok\u00e9m dr\u017e\u00e1ku byla vybr\u00e1na moud\u0159e.<\/p>\n<p>&nbsp;<\/p>\n<p>Zna\u010dka: Boker Plus<br \/>\nCelkov\u00e1 d\u00e9lka: 10,70 cm<br \/>\nD\u00e9lka \u010depele: 3,90 cm<br \/>\nTlou\u0161\u0165ka \u010depele: 3,00 mm<br \/>\nHmotnost: 64,00 g<br \/>\nN\u00e1vrh\u00e1\u0159: Darriela Castona<br \/>\nMateri\u00e1l \u010depele: D2<br \/>\nMateri\u00e1l rukojeti: G10<br \/>\nPom\u016fcka pro otev\u00edr\u00e1n\u00ed: Pinball<br \/>\nOtev\u00edrac\u00ed: Ru\u010dn\u011b<br \/>\nUzav\u0159en\u00ed: Z\u00e1mek r\u00e1mu<br \/>\n\u010c\u00edslo polo\u017eky: 01BO489<\/p>\n<p>&nbsp;<\/p>\n<p>&nbsp;<\/p>\n","protected":false},"excerpt":{"rendered":"<p><strong>Unikn\u011bte z ka\u017edodenn\u00edho \u017eivota a najd\u011bte sv\u016fj vnit\u0159n\u00ed st\u0159ed: Suiseki je meditativn\u00ed um\u011bn\u00ed z Asie, kter\u00e9 obzvl\u00e1\u0161t\u011b efektivn\u011b prezentuje expresivn\u00ed kameny. Uklid\u0148uj\u00edc\u00ed charakter poch\u00e1z\u00ed z p\u0159irozen\u00e9ho tvaru kamen\u016f, kter\u00e9 se pohybuj\u00ed od abstraktn\u00edch a\u017e po p\u016fsobiv\u00e9 reprezentace krajiny, zv\u00ed\u0159at nebo rostlin.<\/strong><\/p>\n","protected":false},"featured_media":364865,"comment_status":"closed","ping_status":"closed","template":"","meta":[],"pwb-brand":[140],"product_brand":[],"product_cat":[22,17],"product_tag":[],"class_list":{"0":"post-360990","1":"product","2":"type-product","3":"status-publish","4":"has-post-thumbnail","6":"pwb-brand-boker","7":"product_cat-zaviraci-noze","8":"product_cat-noze","10":"first","11":"instock","12":"taxable","13":"shipping-taxable","14":"purchasable","15":"product-type-simple"},"brands":[{"id":140,"name":"Boker","slug":"boker"}],"_links":{"self":[{"href":"https:\/\/www.moskito.cz\/sk\/wp-json\/wp\/v2\/product\/360990","targetHints":{"allow":["GET"]}}],"collection":[{"href":"https:\/\/www.moskito.cz\/sk\/wp-json\/wp\/v2\/product"}],"about":[{"href":"https:\/\/www.moskito.cz\/sk\/wp-json\/wp\/v2\/types\/product"}],"replies":[{"embeddable":true,"href":"https:\/\/www.moskito.cz\/sk\/wp-json\/wp\/v2\/comments?post=360990"}],"wp:featuredmedia":[{"embeddable":true,"href":"https:\/\/www.moskito.cz\/sk\/wp-json\/wp\/v2\/media\/364865"}],"wp:attachment":[{"href":"https:\/\/www.moskito.cz\/sk\/wp-json\/wp\/v2\/media?parent=360990"}],"wp:term":[{"taxonomy":"pwb-brand","embeddable":true,"href":"https:\/\/www.moskito.cz\/sk\/wp-json\/wp\/v2\/pwb-brand?post=360990"},{"taxonomy":"product_brand","embeddable":true,"href":"https:\/\/www.moskito.cz\/sk\/wp-json\/wp\/v2\/product_brand?post=360990"},{"taxonomy":"product_cat","embeddable":true,"href":"https:\/\/www.moskito.cz\/sk\/wp-json\/wp\/v2\/product_cat?post=360990"},{"taxonomy":"product_tag","embeddable":true,"href":"https:\/\/www.moskito.cz\/sk\/wp-json\/wp\/v2\/product_tag?post=360990"}],"curies":[{"name":"wp","href":"https:\/\/api.w.org\/{rel}","templated":true}]}}