{"id":361002,"date":"2024-09-26T13:00:13","date_gmt":"2024-09-26T12:00:13","guid":{"rendered":"https:\/\/www.moskito.cz\/produkt\/kapesni-nuz-boker-plus-kirke\/"},"modified":"2025-05-07T11:25:07","modified_gmt":"2025-05-07T10:25:07","slug":"kapesni-nuz-boker-plus-kirke","status":"publish","type":"product","link":"https:\/\/www.moskito.cz\/sk\/produkt\/kapesni-nuz-boker-plus-kirke\/","title":{"rendered":"Zav\u00edrac\u00ed N\u016f\u017e B\u00f6ker Plus Kirke 01BO636"},"content":{"rendered":"<p>Zav\u00edrac\u00ed N\u016f\u017e <strong>B\u00f6ker Pl<\/strong>us Kirke 01BO636.<\/p>\n<p>\u00da\u017easn\u011b taktick\u00e9 &#8211; Kirke okouzluje pr\u00e1ci! Alessandra De Santis z Hydra Design okouzluje nad\u0161ence no\u017e\u016f z cel\u00e9ho sv\u011bta neodolateln\u00fdm kouzlem B\u00f6ker Plus Kirke, kter\u00fd byl inspirov\u00e1n stejnojmennou bohyn\u00ed magie z \u0159eck\u00e9 mytologie. Bez ohledu na jeho okouzluj\u00edc\u00ed kouzlo z\u016fst\u00e1v\u00e1 italsk\u00e1 n\u00e1vrh\u00e1\u0159ka no\u017e\u016f v\u011brn\u00e1 sv\u00e9 taktick\u00e9 linii a udr\u017euje kapesn\u00ed n\u016f\u017e v tlumen\u00e9 \u010dern\u00e9. Aby bylo mo\u017en\u00e9 adekv\u00e1tn\u011b uspokojit pokroky \u010depele Nitro-V Wharncliffe s kuli\u010dkov\u00fdm lo\u017eiskem s ho\u0159kou \u010dernou povrchovou \u00fapravou Stonewash, lze ovl\u00e1dat bu\u010f ploutve, nebo velkorys\u00e9 otev\u00edr\u00e1n\u00ed palce, zat\u00edmco z\u00e1mek tla\u010d\u00edtka zaji\u0161\u0165uje intuitivn\u00ed odemyk\u00e1n\u00ed no\u017ee. V\u00fdrazn\u00e9 prohlubn\u011b pro prsty, jemn\u00e1 textura na stupnici rukojeti G10 a prohlube\u0148 pro palec na h\u0159betu \u010depele zaru\u010duj\u00ed bezpe\u010dn\u00fd \u00fachop a vysokou \u00farove\u0148 bezpe\u010dnosti pr\u00e1ce za v\u0161ech okolnost\u00ed i za t\u011bch nejnep\u0159\u00edzniv\u011bj\u0161\u00edch podm\u00ednek. Barevn\u00e9 akcenty dod\u00e1v\u00e1 krytka \u0161roubu osy zadn\u00ed lopatky a backspacer z G10, jeho\u017e sv\u016fdn\u00e1 modr\u00e1 t\u00e9m\u011b\u0159 upout\u00e1 pohled. Taktick\u00e1 slo\u017eka je v t\u011bsn\u00e9m kontaktu s oboustrann\u00fdm kapesn\u00edm klipem (sklopn\u00fdm), co\u017e umo\u017e\u0148uje diskr\u00e9tn\u00ed hlubok\u00e9 no\u0161en\u00ed.<\/p>\n<p>Zna\u010dka: Boker Plus<br \/>\nCelkov\u00e1 d\u00e9lka: 20,10 cm<br \/>\nD\u00e9lka \u010depele: 8,60 cm<br \/>\nTlou\u0161\u0165ka \u010depele: 3,80 mm<br \/>\nHmotnost: 100,00 g<br \/>\nN\u00e1vrh\u00e1\u0159: Hydra design<br \/>\nMateri\u00e1l \u010depele: Nitro V<br \/>\nMateri\u00e1l rukojeti: G10<br \/>\nPom\u016fcka pro otev\u00edr\u00e1n\u00ed: Pinball<br \/>\nOtev\u00edrac\u00ed: Ru\u010dn\u011b<br \/>\nUzav\u0159en\u00ed: Z\u00e1mek tla\u010d\u00edtka<br \/>\n\u010c\u00edslo polo\u017eky: 01BO636<\/p>\n<p>&nbsp;<\/p>\n","protected":false},"excerpt":{"rendered":"<p><strong>\u00da\u017easn\u011b taktick\u00e9 &#8211; Kirke okouzluje pr\u00e1ci! Alessandra De Santis z Hydra Design okouzluje nad\u0161ence no\u017e\u016f z cel\u00e9ho sv\u011bta neodolateln\u00fdm kouzlem B\u00f6ker Plus Kirke, kter\u00fd byl inspirov\u00e1n stejnojmennou bohyn\u00ed magie z \u0159eck\u00e9 mytologie.<\/strong><\/p>\n","protected":false},"featured_media":366129,"comment_status":"closed","ping_status":"closed","template":"","meta":[],"pwb-brand":[140],"product_brand":[],"product_cat":[17,22],"product_tag":[],"class_list":{"0":"post-361002","1":"product","2":"type-product","3":"status-publish","4":"has-post-thumbnail","6":"pwb-brand-boker","7":"product_cat-noze","8":"product_cat-zaviraci-noze","10":"first","11":"instock","12":"taxable","13":"shipping-taxable","14":"purchasable","15":"product-type-simple"},"brands":[{"id":140,"name":"Boker","slug":"boker"}],"_links":{"self":[{"href":"https:\/\/www.moskito.cz\/sk\/wp-json\/wp\/v2\/product\/361002","targetHints":{"allow":["GET"]}}],"collection":[{"href":"https:\/\/www.moskito.cz\/sk\/wp-json\/wp\/v2\/product"}],"about":[{"href":"https:\/\/www.moskito.cz\/sk\/wp-json\/wp\/v2\/types\/product"}],"replies":[{"embeddable":true,"href":"https:\/\/www.moskito.cz\/sk\/wp-json\/wp\/v2\/comments?post=361002"}],"wp:featuredmedia":[{"embeddable":true,"href":"https:\/\/www.moskito.cz\/sk\/wp-json\/wp\/v2\/media\/366129"}],"wp:attachment":[{"href":"https:\/\/www.moskito.cz\/sk\/wp-json\/wp\/v2\/media?parent=361002"}],"wp:term":[{"taxonomy":"pwb-brand","embeddable":true,"href":"https:\/\/www.moskito.cz\/sk\/wp-json\/wp\/v2\/pwb-brand?post=361002"},{"taxonomy":"product_brand","embeddable":true,"href":"https:\/\/www.moskito.cz\/sk\/wp-json\/wp\/v2\/product_brand?post=361002"},{"taxonomy":"product_cat","embeddable":true,"href":"https:\/\/www.moskito.cz\/sk\/wp-json\/wp\/v2\/product_cat?post=361002"},{"taxonomy":"product_tag","embeddable":true,"href":"https:\/\/www.moskito.cz\/sk\/wp-json\/wp\/v2\/product_tag?post=361002"}],"curies":[{"name":"wp","href":"https:\/\/api.w.org\/{rel}","templated":true}]}}