{"id":361026,"date":"2024-09-26T13:00:30","date_gmt":"2024-09-26T12:00:30","guid":{"rendered":"https:\/\/www.moskito.cz\/produkt\/kapesni-nuz-boker-plus-swoopy\/"},"modified":"2025-05-07T11:25:09","modified_gmt":"2025-05-07T10:25:09","slug":"kapesni-nuz-boker-plus-swoopy","status":"publish","type":"product","link":"https:\/\/www.moskito.cz\/sk\/produkt\/kapesni-nuz-boker-plus-swoopy\/","title":{"rendered":"Zav\u00edrac\u00ed N\u016f\u017e B\u00f6ker Plus Swoopy 01BO693"},"content":{"rendered":"<p>Zav\u00edrac\u00ed N\u016f\u017e <strong>B\u00f6ker Plus<\/strong> Swoopy 01BO693.<\/p>\n<p>Swoopy k\u0159i\u010d\u00ed! N\u00e1vrh\u00e1\u0159 no\u017e\u016f a expert na americk\u00e9 n\u00e1mo\u0159n\u00ed p\u011bchoty Michael Burch z americk\u00e9ho st\u00e1tu Idaho to nech\u00e1v\u00e1 roztrhat na jevi\u0161ti EDC s B\u00f6ker Plus jako nikdo jin\u00fd. Jemn\u00e9 materi\u00e1ly, elegantn\u00ed v\u00fdbava a kvalitn\u00ed zpracov\u00e1n\u00ed zajist\u00ed, \u017ee Swoopy p\u0159il\u00e1k\u00e1 spoustu fand\u016f. Wharncliffe \u010depel Modified Wharncliffe s kuli\u010dkov\u00fdm lo\u017eiskem vyroben\u00e1 z Nitro-V s povrchovou \u00fapravou Stonewash se otev\u00edr\u00e1 p\u0159es otvor pro palec sametov\u011b hladce; Robustn\u00ed z\u00e1mek r\u00e1mu z nerezov\u00e9 oceli a protiskluzov\u00e9 dr\u00e1\u017eky zaru\u010duj\u00ed bezpe\u010dnou pr\u00e1ci i v n\u00e1ro\u010dn\u00fdch podm\u00ednk\u00e1ch. Vertik\u00e1ln\u00ed dr\u00e1\u017eky v stupnici p\u0159edn\u00ed rukojeti z p\u00edskov\u011b hn\u011bd\u00e9ho G10 slibuj\u00ed pevn\u00fd \u00fachop a stylov\u011b odr\u00e1\u017eej\u00ed taktick\u00e9 znalosti v\u00fdrobce no\u017e\u016f. Skl\u00e1p\u011bc\u00ed klip (r) a otvor pro \u0161\u0148\u016frku nab\u00edzej\u00ed mo\u017enosti pohodln\u00e9ho no\u0161en\u00ed kapesn\u00edho no\u017ee. Dod\u00e1v\u00e1no s vysoce kvalitn\u00edm nylonov\u00fdm pouzdrem pro skladov\u00e1n\u00ed.<\/p>\n<p>Zna\u010dka: Boker Plus<br \/>\nCelkov\u00e1 d\u00e9lka: 18,00 cm<br \/>\nD\u00e9lka \u010depele: 7,90 cm<br \/>\nTlou\u0161\u0165ka \u010depele: 3,10 mm<br \/>\nHmotnost: 93,00 g<br \/>\nN\u00e1vrh\u00e1\u0159: Michael Burch<br \/>\nMateri\u00e1l \u010depele: Nitro V<br \/>\nMateri\u00e1l rukojeti: G10<br \/>\nPom\u016fcka pro otev\u00edr\u00e1n\u00ed: Otev\u00edr\u00e1n\u00ed palce<br \/>\nOtev\u00edrac\u00ed: Ru\u010dn\u011b<br \/>\nUzav\u0159en\u00ed: Z\u00e1mek r\u00e1mu<br \/>\n\u010c\u00edslo polo\u017eky: 01BO693<\/p>\n<p>&nbsp;<\/p>\n<p>&nbsp;<\/p>\n","protected":false},"excerpt":{"rendered":"<p><strong>Swoopy k\u0159i\u010d\u00ed! N\u00e1vrh\u00e1\u0159 no\u017e\u016f a expert na americk\u00e9 n\u00e1mo\u0159n\u00ed p\u011bchoty Michael Burch z americk\u00e9ho st\u00e1tu Idaho to nech\u00e1v\u00e1 roztrhat na jevi\u0161ti EDC s B\u00f6ker Plus jako nikdo jin\u00fd.<\/strong><\/p>\n","protected":false},"featured_media":365754,"comment_status":"closed","ping_status":"closed","template":"","meta":[],"pwb-brand":[140],"product_brand":[],"product_cat":[17,22],"product_tag":[],"class_list":{"0":"post-361026","1":"product","2":"type-product","3":"status-publish","4":"has-post-thumbnail","6":"pwb-brand-boker","7":"product_cat-noze","8":"product_cat-zaviraci-noze","10":"first","11":"instock","12":"taxable","13":"shipping-taxable","14":"purchasable","15":"product-type-simple"},"brands":[{"id":140,"name":"Boker","slug":"boker"}],"_links":{"self":[{"href":"https:\/\/www.moskito.cz\/sk\/wp-json\/wp\/v2\/product\/361026","targetHints":{"allow":["GET"]}}],"collection":[{"href":"https:\/\/www.moskito.cz\/sk\/wp-json\/wp\/v2\/product"}],"about":[{"href":"https:\/\/www.moskito.cz\/sk\/wp-json\/wp\/v2\/types\/product"}],"replies":[{"embeddable":true,"href":"https:\/\/www.moskito.cz\/sk\/wp-json\/wp\/v2\/comments?post=361026"}],"wp:featuredmedia":[{"embeddable":true,"href":"https:\/\/www.moskito.cz\/sk\/wp-json\/wp\/v2\/media\/365754"}],"wp:attachment":[{"href":"https:\/\/www.moskito.cz\/sk\/wp-json\/wp\/v2\/media?parent=361026"}],"wp:term":[{"taxonomy":"pwb-brand","embeddable":true,"href":"https:\/\/www.moskito.cz\/sk\/wp-json\/wp\/v2\/pwb-brand?post=361026"},{"taxonomy":"product_brand","embeddable":true,"href":"https:\/\/www.moskito.cz\/sk\/wp-json\/wp\/v2\/product_brand?post=361026"},{"taxonomy":"product_cat","embeddable":true,"href":"https:\/\/www.moskito.cz\/sk\/wp-json\/wp\/v2\/product_cat?post=361026"},{"taxonomy":"product_tag","embeddable":true,"href":"https:\/\/www.moskito.cz\/sk\/wp-json\/wp\/v2\/product_tag?post=361026"}],"curies":[{"name":"wp","href":"https:\/\/api.w.org\/{rel}","templated":true}]}}