{"id":361040,"date":"2024-09-26T13:00:30","date_gmt":"2024-09-26T12:00:30","guid":{"rendered":"https:\/\/www.moskito.cz\/produkt\/tech-tool-fork\/"},"modified":"2025-05-07T11:25:10","modified_gmt":"2025-05-07T10:25:10","slug":"tech-tool-fork","status":"publish","type":"product","link":"https:\/\/www.moskito.cz\/sk\/produkt\/tech-tool-fork\/","title":{"rendered":"Zav\u00edrac\u00ed N\u016f\u017e B\u00f6ker Plus Tech Tool Fork 01BO817"},"content":{"rendered":"<p>Zav\u00edrac\u00ed N\u016f\u017e <strong>B\u00f6ker Plus<\/strong> Tech Tool Fork 01BO817.<\/p>\n<p>Jedna tv\u00e1\u0159 \u2013 mnoho podob! Popul\u00e1rn\u00ed \u0159ada B\u00f6ker Plus Tech Tool se roky t\u011b\u0161\u00ed kultovn\u00edmu statusu a st\u00e1le se znovu objevuje. Rozpozn\u00e1vac\u00ed hodnota multifunk\u010dn\u00edho no\u017ee z\u016fst\u00e1v\u00e1 nedot\u010dena, ve skute\u010dnosti p\u0159esn\u011b odpov\u00edd\u00e1 t\u00e9to DNA. B\u00f6ker Plus Tech Tool Fork je kapesn\u00ed n\u016f\u017e s hlavn\u00ed \u010depel\u00ed ze Sandvik 12C27, kter\u00e1 se otev\u00edr\u00e1 klasick\u00fdm zp\u016fsobem \u0159ezem h\u0159eb\u00edkem a nezamyk\u00e1 se. Srdcem tohoto modelu je skl\u00e1dac\u00ed vidlice, d\u00edky kter\u00e9 je Tech Tool ide\u00e1ln\u00edm spole\u010dn\u00edkem pro kempov\u00e1n\u00ed a v\u00fdlety na piknik. Od loup\u00e1n\u00ed jablek po konzervovan\u00e9 kulin\u00e1\u0159sk\u00e9 lah\u016fdky \u2013 Tech Tool Fork d\u011bl\u00e1 rozd\u00edl bez jak\u00fdchkoli rozd\u00edl\u016f. P\u0159\u00edjemn\u011b tvarovan\u00e1 rukoje\u0165 z \u010dern\u00e9ho G10 dob\u0159e padne do ruky a lze ji rychle vy\u010distit. S konvertibiln\u00ed sponou pro hlubok\u00e9 no\u0161en\u00ed.<\/p>\n<p>Zna\u010dka: Boker Plus<br \/>\nCelkov\u00e1 d\u00e9lka: 16,80 cm<br \/>\nD\u00e9lka \u010depele: 7,10 cm<br \/>\nTlou\u0161\u0165ka \u010depele: 2,40 mm<br \/>\nHmotnost: 82,00 g<br \/>\nMateri\u00e1l \u010depele: 12C27<br \/>\nMateri\u00e1l rukojeti: G10<br \/>\n\u010c\u00edslo polo\u017eky: 01BO817<\/p>\n<p>&nbsp;<\/p>\n<p>&nbsp;<\/p>\n","protected":false},"excerpt":{"rendered":"<p><strong>Jedna tv\u00e1\u0159 \u2013 mnoho podob! Popul\u00e1rn\u00ed \u0159ada B\u00f6ker Plus Tech Tool se roky t\u011b\u0161\u00ed kultovn\u00edmu statusu a st\u00e1le se znovu objevuje. Rozpozn\u00e1vac\u00ed hodnota multifunk\u010dn\u00edho no\u017ee z\u016fst\u00e1v\u00e1 nedot\u010dena, ve skute\u010dnosti p\u0159esn\u011b odpov\u00edd\u00e1 t\u00e9to DNA.<\/strong><\/p>\n","protected":false},"featured_media":368419,"comment_status":"closed","ping_status":"closed","template":"","meta":[],"pwb-brand":[140],"product_brand":[],"product_cat":[22,17],"product_tag":[],"class_list":{"0":"post-361040","1":"product","2":"type-product","3":"status-publish","4":"has-post-thumbnail","6":"pwb-brand-boker","7":"product_cat-zaviraci-noze","8":"product_cat-noze","10":"first","11":"outofstock","12":"taxable","13":"shipping-taxable","14":"purchasable","15":"product-type-simple"},"brands":[{"id":140,"name":"Boker","slug":"boker"}],"_links":{"self":[{"href":"https:\/\/www.moskito.cz\/sk\/wp-json\/wp\/v2\/product\/361040","targetHints":{"allow":["GET"]}}],"collection":[{"href":"https:\/\/www.moskito.cz\/sk\/wp-json\/wp\/v2\/product"}],"about":[{"href":"https:\/\/www.moskito.cz\/sk\/wp-json\/wp\/v2\/types\/product"}],"replies":[{"embeddable":true,"href":"https:\/\/www.moskito.cz\/sk\/wp-json\/wp\/v2\/comments?post=361040"}],"wp:featuredmedia":[{"embeddable":true,"href":"https:\/\/www.moskito.cz\/sk\/wp-json\/wp\/v2\/media\/368419"}],"wp:attachment":[{"href":"https:\/\/www.moskito.cz\/sk\/wp-json\/wp\/v2\/media?parent=361040"}],"wp:term":[{"taxonomy":"pwb-brand","embeddable":true,"href":"https:\/\/www.moskito.cz\/sk\/wp-json\/wp\/v2\/pwb-brand?post=361040"},{"taxonomy":"product_brand","embeddable":true,"href":"https:\/\/www.moskito.cz\/sk\/wp-json\/wp\/v2\/product_brand?post=361040"},{"taxonomy":"product_cat","embeddable":true,"href":"https:\/\/www.moskito.cz\/sk\/wp-json\/wp\/v2\/product_cat?post=361040"},{"taxonomy":"product_tag","embeddable":true,"href":"https:\/\/www.moskito.cz\/sk\/wp-json\/wp\/v2\/product_tag?post=361040"}],"curies":[{"name":"wp","href":"https:\/\/api.w.org\/{rel}","templated":true}]}}