{"id":361060,"date":"2024-09-26T13:00:30","date_gmt":"2024-09-26T12:00:30","guid":{"rendered":"https:\/\/www.moskito.cz\/produkt\/kalashnikov-boxcutter\/"},"modified":"2025-11-30T15:25:26","modified_gmt":"2025-11-30T14:25:26","slug":"kalashnikov-boxcutter","status":"publish","type":"product","link":"https:\/\/www.moskito.cz\/sk\/produkt\/kalashnikov-boxcutter\/","title":{"rendered":"Vyst\u0159elovac\u00ed N\u016f\u017e  B\u00f6ker Plus Kalashnikov Boxcutter 01KALS149"},"content":{"rendered":"<p>Vyst\u0159elovac\u00ed N\u016f\u017e <strong>B\u00f6ker Plus<\/strong> Kalashnikov Boxcutter 01KALS149.<\/p>\n<p>Pokud je mimo krabici; pak spr\u00e1vn\u011b! D\u016fmysln\u00fd boxcutter p\u016fsobiv\u011b demonstruje, \u017ee obl\u00edben\u00e1 s\u00e9rie B\u00f6ker Plus Kala\u0161nikov r\u00e1da p\u0159em\u00fd\u0161l\u00ed mimo r\u00e1mec. V podstat\u011b \u0159ezac\u00ed n\u016f\u017e, v srdci automatick\u00fd n\u016f\u017e, v srdci B\u00f6ker Plus. Hybrid nyn\u00ed pomoc\u00ed osv\u011bd\u010den\u00e9ho tla\u010d\u00edtka otev\u00edr\u00e1 pevn\u00fd dr\u017e\u00e1k \u010depele z 420J2, do kter\u00e9ho lze snadno vlo\u017eit standardn\u00ed lichob\u011b\u017en\u00edkov\u00e9 \u010depele. Zadn\u00ed \u010d\u00e1st dr\u017e\u00e1ku \u010depele je navr\u017eena jako \u017eivot zachra\u0148uj\u00edc\u00ed \u0159eza\u010dka p\u00e1su, \u010d\u00edm\u017e se zvy\u0161uje flexibilita \u010depele. Otev\u00edr\u00e1n\u00ed bal\u00edk\u016f, kr\u00e1jen\u00ed krabic, \u0159ez\u00e1n\u00ed lan a v\u0161echny \u0159ezac\u00ed \u00fakoly, kter\u00e9 ka\u017edodenn\u00ed \u017eivot zahrnuje, lze zvl\u00e1dnout s obvyklou lehkost\u00ed kapesn\u00edho no\u017ee. Rozhoduj\u00edc\u00edm faktorem je bohat\u00fd pocit, \u017ee plnohodnotn\u00e1, ergonomick\u00e1 a vysoce pevn\u00e1 hlin\u00edkov\u00e1 rukoje\u0165 poskytuje nezbytnou dal\u0161\u00ed bezpe\u010dnost pr\u00e1ce, kontrolu a snadn\u00e9 \u0159ez\u00e1n\u00ed. Po opot\u0159eben\u00ed lze vym\u011bniteln\u00e9 \u010depele b\u011bhem chvilky vym\u011bnit jako n\u016f\u017e na koberce. Dal\u0161\u00ed posuvn\u00e1 z\u00e1padka je um\u00edst\u011bna na horn\u00ed stran\u011b rukojeti, aby se zabr\u00e1nilo n\u00e1hodn\u00e9mu stisknut\u00ed tla\u010d\u00edtka. S hlubokou sponou pro p\u0159en\u00e1\u0161en\u00ed (Tip-Up\/r), otvorem pro \u0161\u0148\u016frku a spoustou mentality out-of-the-box. Dod\u00e1v\u00e1no s trap\u00e9zovou \u010depel\u00ed.<\/p>\n<p>Zna\u010dka: Boker Plus<br \/>\nCelkov\u00e1 d\u00e9lka: 18,50 cm<br \/>\nD\u00e9lka \u010depele: 7,70 cm<br \/>\nTlou\u0161\u0165ka \u010depele: 4,00 mm<br \/>\nHmotnost: 230,00 g<br \/>\nMateri\u00e1l \u010depele: 420J2<br \/>\nMateri\u00e1l rukojeti: hlin\u00edk<br \/>\nPom\u016fcka pro otev\u00edr\u00e1n\u00ed: Stiskn\u011bte tla\u010d\u00edtko<br \/>\nOtev\u00edrac\u00ed: Automatick\u00fd<br \/>\nUzav\u0159en\u00ed: Z\u00e1mek tla\u010d\u00edtka<br \/>\nBarva: \u010cern\u00e1<br \/>\nBarva \u010depele: Nepota\u017een\u00e9<br \/>\n\u010c\u00edslo polo\u017eky: 01KALS149<\/p>\n<p>&nbsp;<\/p>\n<p>&nbsp;<\/p>\n","protected":false},"excerpt":{"rendered":"<p><strong>Pokud je mimo krabici; pak spr\u00e1vn\u011b! D\u016fmysln\u00fd boxcutter p\u016fsobiv\u011b demonstruje, \u017ee obl\u00edben\u00e1 s\u00e9rie B\u00f6ker Plus Kala\u0161nikov r\u00e1da p\u0159em\u00fd\u0161l\u00ed mimo r\u00e1mec. V podstat\u011b \u0159ezac\u00ed n\u016f\u017e, v srdci automatick\u00fd n\u016f\u017e, v srdci B\u00f6ker Plus.<\/strong><\/p>\n","protected":false},"featured_media":365077,"comment_status":"closed","ping_status":"closed","template":"","meta":[],"pwb-brand":[140],"product_brand":[],"product_cat":[2019,17],"product_tag":[],"class_list":{"0":"post-361060","1":"product","2":"type-product","3":"status-publish","4":"has-post-thumbnail","6":"pwb-brand-boker","7":"product_cat-vystrelovaci-noze","8":"product_cat-noze","10":"first","11":"outofstock","12":"taxable","13":"shipping-taxable","14":"purchasable","15":"product-type-simple"},"brands":[{"id":140,"name":"Boker","slug":"boker"}],"_links":{"self":[{"href":"https:\/\/www.moskito.cz\/sk\/wp-json\/wp\/v2\/product\/361060","targetHints":{"allow":["GET"]}}],"collection":[{"href":"https:\/\/www.moskito.cz\/sk\/wp-json\/wp\/v2\/product"}],"about":[{"href":"https:\/\/www.moskito.cz\/sk\/wp-json\/wp\/v2\/types\/product"}],"replies":[{"embeddable":true,"href":"https:\/\/www.moskito.cz\/sk\/wp-json\/wp\/v2\/comments?post=361060"}],"wp:featuredmedia":[{"embeddable":true,"href":"https:\/\/www.moskito.cz\/sk\/wp-json\/wp\/v2\/media\/365077"}],"wp:attachment":[{"href":"https:\/\/www.moskito.cz\/sk\/wp-json\/wp\/v2\/media?parent=361060"}],"wp:term":[{"taxonomy":"pwb-brand","embeddable":true,"href":"https:\/\/www.moskito.cz\/sk\/wp-json\/wp\/v2\/pwb-brand?post=361060"},{"taxonomy":"product_brand","embeddable":true,"href":"https:\/\/www.moskito.cz\/sk\/wp-json\/wp\/v2\/product_brand?post=361060"},{"taxonomy":"product_cat","embeddable":true,"href":"https:\/\/www.moskito.cz\/sk\/wp-json\/wp\/v2\/product_cat?post=361060"},{"taxonomy":"product_tag","embeddable":true,"href":"https:\/\/www.moskito.cz\/sk\/wp-json\/wp\/v2\/product_tag?post=361060"}],"curies":[{"name":"wp","href":"https:\/\/api.w.org\/{rel}","templated":true}]}}