{"id":361237,"date":"2024-09-26T13:01:18","date_gmt":"2024-09-26T12:01:18","guid":{"rendered":"https:\/\/www.moskito.cz\/produkt\/boker-plus-urban-trapper-cocobolo\/"},"modified":"2025-05-07T11:25:24","modified_gmt":"2025-05-07T10:25:24","slug":"boker-plus-urban-trapper-cocobolo","status":"publish","type":"product","link":"https:\/\/www.moskito.cz\/sk\/produkt\/boker-plus-urban-trapper-cocobolo\/","title":{"rendered":"Zav\u00edrac\u00ed N\u016f\u017e B\u00f6ker Plus Urban Trapper Cocobolo 01BO734"},"content":{"rendered":"<p>Zav\u00edrac\u00ed N\u016f\u017e <strong>B\u00f6ker Plus<\/strong> Urban Trapper Cocobolo 01BO734.<\/p>\n<p>Origin\u00e1ln\u00ed model Urban Trapper od Brada Zinkera se rychle stal jedn\u00edm z nejobl\u00edben\u011bj\u0161\u00edch gentlemansk\u00fdch no\u017e\u016f od B\u00f6ker Plus. Extr\u00e9mn\u011b ploch\u00fd a velmi tenk\u00fd design v kombinaci s u\u0161lechtil\u00fdmi materi\u00e1ly, jako je VG-10 , titan a lo\u017eisko \u010depele IKBS, vytv\u00e1\u0159\u00ed nesrovnateln\u00fd kapesn\u00ed n\u016f\u017e pro n\u00e1ro\u010dn\u00e9 po\u017eadavky. Tato verze nab\u00edz\u00ed dal\u0161\u00ed \u0161upiny na titanov\u00e9 rukojeti, co\u017e na jedn\u00e9 stran\u011b zaji\u0161\u0165uje o n\u011bco pln\u011bj\u0161\u00ed \u00fachop a na druh\u00e9 stran\u011b nab\u00edz\u00ed zvl\u00e1\u0161tn\u00ed vizu\u00e1ln\u00ed p\u0159ita\u017elivost. Kr\u00e1sn\u00e1 struktura d\u0159eva cocobolo p\u0159ipom\u00edn\u00e1 mramor a m\u00e1 intenzivn\u00ed kv\u011btinovou v\u016fni d\u00edky mimo\u0159\u00e1dn\u011b vysok\u00e9mu obsahu oleje. Cocobolo je tak\u00e9 odoln\u00e9 v\u016f\u010di vlhkosti. N\u016f\u017e se d\u00edky n\u00edzk\u00e9 hmotnosti dob\u0159e dr\u017e\u00ed a nikdy se nestane pro sv\u00e9ho majitele z\u00e1t\u011b\u017e\u00ed ani p\u0159i no\u0161en\u00ed. S vysoce kvalitn\u00edm nylonov\u00fdm pouzdrem.<\/p>\n<p>Zna\u010dka: Boker Plus<br \/>\nCelkov\u00e1 d\u00e9lka: 19,50 cm<br \/>\nD\u00e9lka \u010depele: 8,70 cm<br \/>\nTlou\u0161\u0165ka \u010depele: 2,50 mm<br \/>\nHmotnost: 51,00 g<br \/>\nN\u00e1vrh\u00e1\u0159: Brad Zinker<br \/>\nMateri\u00e1l \u010depele: VG-10<br \/>\nMateri\u00e1l rukojeti: D\u0159evo Cocobolo , titan<br \/>\nPom\u016fcka pro otev\u00edr\u00e1n\u00ed: Pinball<br \/>\nOtev\u00edrac\u00ed: Ru\u010dn\u011b<br \/>\nUzav\u0159en\u00ed: Z\u00e1mek r\u00e1mu<br \/>\n\u010c\u00edslo polo\u017eky: 01BO734<\/p>\n","protected":false},"excerpt":{"rendered":"<p><strong>Origin\u00e1ln\u00ed model Urban Trapper od Brada Zinkera se rychle stal jedn\u00edm z nejobl\u00edben\u011bj\u0161\u00edch gentlemansk\u00fdch no\u017e\u016f od B\u00f6ker Plus.<\/strong><\/p>\n","protected":false},"featured_media":366816,"comment_status":"closed","ping_status":"closed","template":"","meta":[],"pwb-brand":[140],"product_brand":[],"product_cat":[17,22],"product_tag":[],"class_list":{"0":"post-361237","1":"product","2":"type-product","3":"status-publish","4":"has-post-thumbnail","6":"pwb-brand-boker","7":"product_cat-noze","8":"product_cat-zaviraci-noze","10":"first","11":"instock","12":"taxable","13":"shipping-taxable","14":"purchasable","15":"product-type-simple"},"brands":[{"id":140,"name":"Boker","slug":"boker"}],"_links":{"self":[{"href":"https:\/\/www.moskito.cz\/sk\/wp-json\/wp\/v2\/product\/361237","targetHints":{"allow":["GET"]}}],"collection":[{"href":"https:\/\/www.moskito.cz\/sk\/wp-json\/wp\/v2\/product"}],"about":[{"href":"https:\/\/www.moskito.cz\/sk\/wp-json\/wp\/v2\/types\/product"}],"replies":[{"embeddable":true,"href":"https:\/\/www.moskito.cz\/sk\/wp-json\/wp\/v2\/comments?post=361237"}],"wp:featuredmedia":[{"embeddable":true,"href":"https:\/\/www.moskito.cz\/sk\/wp-json\/wp\/v2\/media\/366816"}],"wp:attachment":[{"href":"https:\/\/www.moskito.cz\/sk\/wp-json\/wp\/v2\/media?parent=361237"}],"wp:term":[{"taxonomy":"pwb-brand","embeddable":true,"href":"https:\/\/www.moskito.cz\/sk\/wp-json\/wp\/v2\/pwb-brand?post=361237"},{"taxonomy":"product_brand","embeddable":true,"href":"https:\/\/www.moskito.cz\/sk\/wp-json\/wp\/v2\/product_brand?post=361237"},{"taxonomy":"product_cat","embeddable":true,"href":"https:\/\/www.moskito.cz\/sk\/wp-json\/wp\/v2\/product_cat?post=361237"},{"taxonomy":"product_tag","embeddable":true,"href":"https:\/\/www.moskito.cz\/sk\/wp-json\/wp\/v2\/product_tag?post=361237"}],"curies":[{"name":"wp","href":"https:\/\/api.w.org\/{rel}","templated":true}]}}