{"id":361572,"date":"2024-09-26T13:05:14","date_gmt":"2024-09-26T12:05:14","guid":{"rendered":"https:\/\/www.moskito.cz\/produkt\/magnum-hattori-hanzo-set\/"},"modified":"2025-05-07T11:25:31","modified_gmt":"2025-05-07T10:25:31","slug":"magnum-hattori-hanzo-set","status":"publish","type":"product","link":"https:\/\/www.moskito.cz\/sk\/produkt\/magnum-hattori-hanzo-set\/","title":{"rendered":"Magnum Hattori Hanzo Set"},"content":{"rendered":"<p><P>Sada obsahuje:<\/P><\/p>\n<p><UL><\/p>\n<p><LI>me\u010d Tanto <\/p>\n<p><UL><\/p>\n<p><LI>celkov\u00e1 d\u00e9lka: 53 cm <\/p>\n<p><LI>d\u00e9lka \u010depele: 28 cm <\/p>\n<p><LI>hmotnost: 650&nbsp;g<\/LI><br \/>\n<\/UL><\/p>\n<p><LI>me\u010d Wakizashi <\/p>\n<p><UL><\/p>\n<p><LI>celkov\u00e1 d\u00e9lka: 78 cm <\/p>\n<p><LI>d\u00e9lka \u010depele: 48 cm <\/p>\n<p><LI>hmotnost: 900&nbsp;g&nbsp;<\/LI><br \/>\n<\/UL><\/p>\n<p><LI>me\u010d Katana <\/p>\n<p><UL><\/p>\n<p><LI>celkov\u00e1 d\u00e9lka: 103 cm <\/p>\n<p><LI>d\u00e9lka \u010depele: 68 cm <\/p>\n<p><LI>hmotnost: 1050&nbsp;g&nbsp;<\/LI><br \/>\n<\/UL><\/p>\n<p><LI>\u010dern\u00fd designov\u00fd stojan<\/LI><br \/>\n<\/UL><\/p>\n<p><P><br \/>\n<BR><br \/>\n<\/P><\/p>\n<p><UL><\/p>\n<p><LI>materi\u00e1l \u010depele: uhl\u00edkov\u00e1 ocel <\/p>\n<p><LI>zav\u00edr\u00e1n\u00ed: fixn\u00ed <\/p>\n<p><LI>ka\u017ed\u00fd me\u010d je v pouzd\u0159e<\/LI><br \/>\n<\/UL><\/p>\n","protected":false},"excerpt":{"rendered":"<p><P>Tyto me\u010de jsou v\u011bnov\u00e1ny jednomu z nejzn\u00e1m\u011bj\u0161\u00edch samuraj\u016f &#8211; Hattori Hanzo, kter\u00fd se narodil v roce 1541 v provincii Mikawa. Sousedn\u00ed provincie Koga je rodi\u0161t\u011bm Ninjutsu a ninj\u016f. V&nbsp;tomto prost\u0159ed\u00ed z Hattoriho vyrostl vynikaj\u00edc\u00ed bojovn\u00edk. Prvn\u00ed bitvu vyhr\u00e1l ve v\u011bku pouh\u00fdch 16 let a rychle za\u010dal skl\u00edzet chv\u00e1lu a uzn\u00e1n\u00ed. \u010cepele me\u010d\u016f jsou vyrobeny z nerezov\u00e9 oceli a maj\u00ed dekorativn\u00ed ost\u0159\u00ed. Tradi\u010dn\u011b opleten\u00e9 rukojeti jsou vybaveny dekoracemi pod opletem (Menuki) a z\u00e1kladnou z&nbsp;imitace rejno\u010d\u00ed k\u016f\u017ee. Z\u00e1\u0161tiny (Tsuba) z&nbsp;lit\u00e9ho zinku maj\u00ed v\u0161echny stejn\u00e9 otvory a kov\u00e1n\u00ed pochev jsou zdoben\u00e1 ornamenty. Tato rozs\u00e1hl\u00e1 sada se skl\u00e1d\u00e1 z tanto, wakizashi, katany a \u010dern\u00e9ho stojanu na me\u010de. Dekorativn\u00ed nebo sb\u011bratelsk\u00e9 me\u010de, nevhodn\u00e9 pro pou\u017eit\u00ed!<\/P><\/p>\n","protected":false},"featured_media":361573,"comment_status":"closed","ping_status":"closed","template":"","meta":[],"pwb-brand":[140],"product_brand":[],"product_cat":[24,1942],"product_tag":[],"class_list":{"0":"post-361572","1":"product","2":"type-product","3":"status-publish","4":"has-post-thumbnail","6":"pwb-brand-boker","7":"product_cat-katany-a-mece","8":"product_cat-mece-dyky-repliky","10":"first","11":"outofstock","12":"taxable","13":"shipping-taxable","14":"purchasable","15":"product-type-simple"},"brands":[{"id":140,"name":"Boker","slug":"boker"}],"_links":{"self":[{"href":"https:\/\/www.moskito.cz\/sk\/wp-json\/wp\/v2\/product\/361572","targetHints":{"allow":["GET"]}}],"collection":[{"href":"https:\/\/www.moskito.cz\/sk\/wp-json\/wp\/v2\/product"}],"about":[{"href":"https:\/\/www.moskito.cz\/sk\/wp-json\/wp\/v2\/types\/product"}],"replies":[{"embeddable":true,"href":"https:\/\/www.moskito.cz\/sk\/wp-json\/wp\/v2\/comments?post=361572"}],"wp:featuredmedia":[{"embeddable":true,"href":"https:\/\/www.moskito.cz\/sk\/wp-json\/wp\/v2\/media\/361573"}],"wp:attachment":[{"href":"https:\/\/www.moskito.cz\/sk\/wp-json\/wp\/v2\/media?parent=361572"}],"wp:term":[{"taxonomy":"pwb-brand","embeddable":true,"href":"https:\/\/www.moskito.cz\/sk\/wp-json\/wp\/v2\/pwb-brand?post=361572"},{"taxonomy":"product_brand","embeddable":true,"href":"https:\/\/www.moskito.cz\/sk\/wp-json\/wp\/v2\/product_brand?post=361572"},{"taxonomy":"product_cat","embeddable":true,"href":"https:\/\/www.moskito.cz\/sk\/wp-json\/wp\/v2\/product_cat?post=361572"},{"taxonomy":"product_tag","embeddable":true,"href":"https:\/\/www.moskito.cz\/sk\/wp-json\/wp\/v2\/product_tag?post=361572"}],"curies":[{"name":"wp","href":"https:\/\/api.w.org\/{rel}","templated":true}]}}