{"id":361648,"date":"2023-05-18T14:38:59","date_gmt":"2024-09-27T07:31:45","guid":{"rendered":"https:\/\/www.moskito.cz\/produkt\/zatvaraci-noz-joker-terier-nc17\/"},"modified":"2025-05-07T11:25:33","modified_gmt":"2025-05-07T10:25:33","slug":"zatvaraci-noz-joker-terier-nc17","status":"publish","type":"product","link":"https:\/\/www.moskito.cz\/sk\/produkt\/zatvaraci-noz-joker-terier-nc17\/","title":{"rendered":"Zatv\u00e1rac\u00ed N\u00f4\u017e Joker TERI\u00c9R NC17"},"content":{"rendered":"<p>Zatv\u00e1rac\u00ed N\u00f4\u017e <strong>Joker<\/strong> TERI\u00c9R NC17 Loveck\u00fd n\u00f4\u017e <strong>Joker Terrier<\/strong> vyroben\u00fd kompletne ru\u010dne firmou Joker Cutlery v Albacete ur\u010den\u00fd pre \u0161porty lovu, ryb\u00e1r\u010denie, kempovanie, bushcraft a ak\u00e9ko\u013evek outdoorov\u00e9 aktivity. Oce\u013e: Nerez MOVA 1.4116 Tvrdos\u0165: 55 &#8211; 57 HRC Rukov\u00e4\u0165: Jelenie paroh D\u013a\u017eka \u010depele: 9 cm \u0160\u00edrka \u010depele: 2,45 cm Hr\u00fabka: 2,5 mm Hmotnos\u0165 no\u017ea: 155 gramov Celkov\u00e1 d\u013a\u017eka no\u017ea: 20. Albacete)   &nbsp;<\/p>\n","protected":false},"excerpt":{"rendered":"<p>No\u017ee Joker poch\u00e1dzaj\u00fa zo \u0160panielskeho mesta Albacete, ktor\u00e9 je zn\u00e1me tradi\u010dnou v\u00fdrobou no\u017eov a d\u00fdk.  <strong>Navrhnut\u00e9 a vyroben\u00e9 v \u0160panielsku (Albacete)<\/strong><\/p>\n","protected":false},"featured_media":248995,"comment_status":"open","ping_status":"closed","template":"","meta":[],"pwb-brand":[3399],"product_brand":[],"product_cat":[3186,3233],"product_tag":[],"class_list":{"0":"post-361648","1":"product","2":"type-product","3":"status-publish","4":"has-post-thumbnail","6":"pwb-brand-joker-sk","7":"product_cat-noze-sk","8":"product_cat-zatvaracie-noze","10":"first","11":"outofstock","12":"taxable","13":"shipping-taxable","14":"purchasable","15":"product-type-simple"},"brands":[{"id":3399,"name":"Joker","slug":"joker-sk"}],"_links":{"self":[{"href":"https:\/\/www.moskito.cz\/sk\/wp-json\/wp\/v2\/product\/361648","targetHints":{"allow":["GET"]}}],"collection":[{"href":"https:\/\/www.moskito.cz\/sk\/wp-json\/wp\/v2\/product"}],"about":[{"href":"https:\/\/www.moskito.cz\/sk\/wp-json\/wp\/v2\/types\/product"}],"replies":[{"embeddable":true,"href":"https:\/\/www.moskito.cz\/sk\/wp-json\/wp\/v2\/comments?post=361648"}],"wp:featuredmedia":[{"embeddable":true,"href":"https:\/\/www.moskito.cz\/sk\/wp-json\/wp\/v2\/media\/248995"}],"wp:attachment":[{"href":"https:\/\/www.moskito.cz\/sk\/wp-json\/wp\/v2\/media?parent=361648"}],"wp:term":[{"taxonomy":"pwb-brand","embeddable":true,"href":"https:\/\/www.moskito.cz\/sk\/wp-json\/wp\/v2\/pwb-brand?post=361648"},{"taxonomy":"product_brand","embeddable":true,"href":"https:\/\/www.moskito.cz\/sk\/wp-json\/wp\/v2\/product_brand?post=361648"},{"taxonomy":"product_cat","embeddable":true,"href":"https:\/\/www.moskito.cz\/sk\/wp-json\/wp\/v2\/product_cat?post=361648"},{"taxonomy":"product_tag","embeddable":true,"href":"https:\/\/www.moskito.cz\/sk\/wp-json\/wp\/v2\/product_tag?post=361648"}],"curies":[{"name":"wp","href":"https:\/\/api.w.org\/{rel}","templated":true}]}}