{"id":361766,"date":"2024-09-27T15:10:51","date_gmt":"2024-09-27T14:10:51","guid":{"rendered":"https:\/\/www.moskito.cz\/?post_type=product&#038;p=361766"},"modified":"2025-05-07T11:25:33","modified_gmt":"2025-05-07T10:25:33","slug":"takticke-pero-boker-plus-mpp-grey-09bo091","status":"publish","type":"product","link":"https:\/\/www.moskito.cz\/sk\/produkt\/takticke-pero-boker-plus-mpp-grey-09bo091\/","title":{"rendered":"Taktick\u00e9 Pero B\u00f6ker Plus MPP Grey 09BO091"},"content":{"rendered":"<p>Taktick\u00e9 Pero <strong>B\u00f6ker<\/strong> Plus MPP Grey 09BO091.<\/p>\n<p>S v\u0161estrann\u00fdm <strong>B\u00f6ker Plus MPP<\/strong> jste p\u0159ipraveni na v\u0161echny situace. Pero slou\u017e\u00ed p\u0159edev\u0161\u00edm jako kvalitn\u00ed psac\u00ed prost\u0159edek, ale v krajn\u00edm p\u0159\u00edpad\u011b m\u016f\u017ee i zachr\u00e1nit \u017eivot. V nouzov\u00fdch situac\u00edch m\u016f\u017ee rozb\u00edje\u010d skla pomoci vysvobodit lidi, kte\u0159\u00ed m\u011bli nehodu, z aut nebo lze stabiln\u00ed korbu pou\u017e\u00edt pro techniky Kubotan. \u0160ed\u00e9 t\u011blo rukojeti se \u0161irok\u00fdmi dr\u00e1\u017ekami je vyrobeno z lehk\u00e9ho hlin\u00edku a velmi pohodln\u011b se dr\u017e\u00ed. D\u00edky robustn\u00ed spon\u011b z\u016fst\u00e1v\u00e1 MPP v\u017edy na dosah. Je kompatibiln\u00ed s n\u00e1pln\u011bmi Fisher Space-Pen #Pr4, pro v\u00fdm\u011bnu n\u00e1pln\u011b se od\u0161roubuje pomoc\u00ed lev\u00e9ho z\u00e1vitu. T\u00edm se zabr\u00e1n\u00ed n\u00e1hodn\u00e9mu rozebr\u00e1n\u00ed pera p\u0159i od\u0161roubov\u00e1n\u00ed uz\u00e1v\u011bru. Pr\u016fm\u011br uz\u00e1v\u011bru je 13,9 milimetr\u016f.<\/p>\n<p>Typ polo\u017eky: Taktick\u00e9 pero<br \/>\nZna\u010dka: Boker Plus<br \/>\nCelkov\u00e1 d\u00e9lka: 18,30 cm<br \/>\nHmotnost: 27,00 g<br \/>\nBarva: \u0160ed\u00e1<br \/>\nMateri\u00e1l: hlin\u00edk<br \/>\n\u010c\u00edslo polo\u017eky: 09BO091<\/p>\n<p>&nbsp;<\/p>\n<p>&nbsp;<\/p>\n","protected":false},"excerpt":{"rendered":"<p><strong>Pero slou\u017e\u00ed p\u0159edev\u0161\u00edm jako kvalitn\u00ed psac\u00ed prost\u0159edek, ale v krajn\u00edm p\u0159\u00edpad\u011b m\u016f\u017ee i zachr\u00e1nit \u017eivot.<\/strong><\/p>\n","protected":false},"featured_media":361768,"comment_status":"open","ping_status":"closed","template":"","meta":[],"pwb-brand":[140],"product_brand":[],"product_cat":[22,17],"product_tag":[],"class_list":{"0":"post-361766","1":"product","2":"type-product","3":"status-publish","4":"has-post-thumbnail","6":"pwb-brand-boker","7":"product_cat-zaviraci-noze","8":"product_cat-noze","10":"first","11":"outofstock","12":"taxable","13":"shipping-taxable","14":"purchasable","15":"product-type-simple"},"brands":[{"id":140,"name":"Boker","slug":"boker"}],"_links":{"self":[{"href":"https:\/\/www.moskito.cz\/sk\/wp-json\/wp\/v2\/product\/361766","targetHints":{"allow":["GET"]}}],"collection":[{"href":"https:\/\/www.moskito.cz\/sk\/wp-json\/wp\/v2\/product"}],"about":[{"href":"https:\/\/www.moskito.cz\/sk\/wp-json\/wp\/v2\/types\/product"}],"replies":[{"embeddable":true,"href":"https:\/\/www.moskito.cz\/sk\/wp-json\/wp\/v2\/comments?post=361766"}],"wp:featuredmedia":[{"embeddable":true,"href":"https:\/\/www.moskito.cz\/sk\/wp-json\/wp\/v2\/media\/361768"}],"wp:attachment":[{"href":"https:\/\/www.moskito.cz\/sk\/wp-json\/wp\/v2\/media?parent=361766"}],"wp:term":[{"taxonomy":"pwb-brand","embeddable":true,"href":"https:\/\/www.moskito.cz\/sk\/wp-json\/wp\/v2\/pwb-brand?post=361766"},{"taxonomy":"product_brand","embeddable":true,"href":"https:\/\/www.moskito.cz\/sk\/wp-json\/wp\/v2\/product_brand?post=361766"},{"taxonomy":"product_cat","embeddable":true,"href":"https:\/\/www.moskito.cz\/sk\/wp-json\/wp\/v2\/product_cat?post=361766"},{"taxonomy":"product_tag","embeddable":true,"href":"https:\/\/www.moskito.cz\/sk\/wp-json\/wp\/v2\/product_tag?post=361766"}],"curies":[{"name":"wp","href":"https:\/\/api.w.org\/{rel}","templated":true}]}}