{"id":363199,"date":"2024-10-12T18:42:41","date_gmt":"2024-10-12T17:42:41","guid":{"rendered":"https:\/\/www.moskito.cz\/?post_type=product&#038;p=363199"},"modified":"2025-05-07T11:25:44","modified_gmt":"2025-05-07T10:25:44","slug":"zaviraci-nuz-emerson-cqc-13","status":"publish","type":"product","link":"https:\/\/www.moskito.cz\/sk\/produkt\/zaviraci-nuz-emerson-cqc-13\/","title":{"rendered":"Zav\u00edrac\u00ed N\u016f\u017e Emerson CQC-13"},"content":{"rendered":"<p>Zav\u00edrac\u00ed N\u016f\u017e <strong>Emerson<\/strong> CQC-13.<\/p>\n<p><strong>CQC-13<\/strong> je prvn\u00ed taktick\u00e1 slo\u017eka ve stylu bowie od spole\u010dnosti Emerson Knives, kter\u00e1 j\u00ed vyslou\u017eila p\u0159ezd\u00edvku \u201e The Bowie\u201c. S rukojet\u00ed, kter\u00e1 padne jako ulit\u00e9, a kr\u00e1sn\u00fdm profilem \u010depele p\u016fsob\u00ed tento n\u016f\u017e, jako by byl vyroben p\u0159\u00edmo pro v\u00e1s. Vypad\u00e1 to dob\u0159e a c\u00edt\u00ed se je\u0161t\u011b l\u00e9pe. Star\u00e1 sv\u011btov\u00e1 tradice se setk\u00e1v\u00e1 s 21. stolet\u00edm s touto bojovou osv\u011bd\u010denou taktickou slo\u017ekou. D\u00edky na\u0161\u00ed patentovan\u00e9 \u201eWave Feature\u201c spole\u010dnosti Emerson pro rychl\u00e9 nasazen\u00ed z kapsy.<\/p>\n<p>Rukoje\u0165:\u00a0 G-10<br \/>\nZ\u00e1mek: Titan<br \/>\n\u010cepel: 154 cm<br \/>\nCelkov\u00e1 d\u00e9lka 22.5 cm<br \/>\nD\u00e9lka \u010depele 9.62 cm<br \/>\nTlou\u0161\u0165ka \u010depele 0.31 cm<br \/>\nTvrdost 57-59RC<\/p>\n<p><iframe title=\"CQC-13 Bowie | A Closer Look\" width=\"800\" height=\"450\" src=\"https:\/\/www.youtube.com\/embed\/nvcbrtJZAF8?feature=oembed\" frameborder=\"0\" allow=\"accelerometer; autoplay; clipboard-write; encrypted-media; gyroscope; picture-in-picture; web-share\" referrerpolicy=\"strict-origin-when-cross-origin\" allowfullscreen><\/iframe><\/p>\n<p>&nbsp;<\/p>\n","protected":false},"excerpt":{"rendered":"<p><strong>CQC-13 je prvn\u00ed taktick\u00e1 slo\u017eka ve stylu bowie od spole\u010dnosti Emerson Knives, kter\u00e1 j\u00ed vyslou\u017eila p\u0159ezd\u00edvku \u201e The Bowie\u201c. S rukojet\u00ed, kter\u00e1 padne jako ulit\u00e9, a kr\u00e1sn\u00fdm profilem \u010depele p\u016fsob\u00ed tento n\u016f\u017e, jako by byl vyroben p\u0159\u00edmo pro v\u00e1s.<\/strong><\/p>\n<p><strong>Doprava zdarma.<\/strong><\/p>\n","protected":false},"featured_media":363200,"comment_status":"open","ping_status":"closed","template":"","meta":[],"pwb-brand":[248],"product_brand":[],"product_cat":[22,17],"product_tag":[],"class_list":{"0":"post-363199","1":"product","2":"type-product","3":"status-publish","4":"has-post-thumbnail","6":"pwb-brand-emerson","7":"product_cat-zaviraci-noze","8":"product_cat-noze","10":"first","11":"outofstock","12":"taxable","13":"shipping-taxable","14":"purchasable","15":"product-type-simple"},"brands":[{"id":248,"name":"Emerson","slug":"emerson"}],"_links":{"self":[{"href":"https:\/\/www.moskito.cz\/sk\/wp-json\/wp\/v2\/product\/363199","targetHints":{"allow":["GET"]}}],"collection":[{"href":"https:\/\/www.moskito.cz\/sk\/wp-json\/wp\/v2\/product"}],"about":[{"href":"https:\/\/www.moskito.cz\/sk\/wp-json\/wp\/v2\/types\/product"}],"replies":[{"embeddable":true,"href":"https:\/\/www.moskito.cz\/sk\/wp-json\/wp\/v2\/comments?post=363199"}],"wp:featuredmedia":[{"embeddable":true,"href":"https:\/\/www.moskito.cz\/sk\/wp-json\/wp\/v2\/media\/363200"}],"wp:attachment":[{"href":"https:\/\/www.moskito.cz\/sk\/wp-json\/wp\/v2\/media?parent=363199"}],"wp:term":[{"taxonomy":"pwb-brand","embeddable":true,"href":"https:\/\/www.moskito.cz\/sk\/wp-json\/wp\/v2\/pwb-brand?post=363199"},{"taxonomy":"product_brand","embeddable":true,"href":"https:\/\/www.moskito.cz\/sk\/wp-json\/wp\/v2\/product_brand?post=363199"},{"taxonomy":"product_cat","embeddable":true,"href":"https:\/\/www.moskito.cz\/sk\/wp-json\/wp\/v2\/product_cat?post=363199"},{"taxonomy":"product_tag","embeddable":true,"href":"https:\/\/www.moskito.cz\/sk\/wp-json\/wp\/v2\/product_tag?post=363199"}],"curies":[{"name":"wp","href":"https:\/\/api.w.org\/{rel}","templated":true}]}}