{"id":365146,"date":"2024-10-22T17:03:47","date_gmt":"2024-10-22T16:51:11","guid":{"rendered":"https:\/\/www.moskito.cz\/produkt\/vystrelovaci-noz-microtech-cypher-ii-stonewashed-1242-10\/"},"modified":"2025-05-07T11:25:48","modified_gmt":"2025-05-07T10:25:48","slug":"vystrelovaci-noz-microtech-cypher-ii-stonewashed-1242-10","status":"publish","type":"product","link":"https:\/\/www.moskito.cz\/sk\/produkt\/vystrelovaci-noz-microtech-cypher-ii-stonewashed-1242-10\/","title":{"rendered":"Vystre\u013eovac\u00ed N\u00f4\u017e Microtech Cypher II Stonewashed 1242-10"},"content":{"rendered":"<p>Vystre\u013eovac\u00ed N\u00f4\u017e <strong>Microtech<\/strong> Cypher II Stonewashed 1242-10.<\/p>\n<p><strong>Cypher<\/strong> bol vylep\u0161en\u00fd, starostlivo prepracovan\u00fd pre nov\u00fa \u00e9ru modern\u00fdch no\u017eov. Inovat\u00edvny dvojpalivov\u00fd pohon zais\u0165uje ovl\u00e1danie bez n\u00e1mahy a poskytuje plynulej\u0161\u00ed chod ne\u017e kedyko\u013evek predt\u00fdm. Premyslen\u00e9 detaily zvy\u0161uj\u00fa estetiku aj funk\u010dnos\u0165. \u0160t\u00fdlov\u00e9 lemovanie na podvozku prin\u00e1\u0161a dotyk sofistikovanosti a lep\u0161iu pri\u013enavos\u0165. Vreckov\u00fd klip 6AL4V s keramickou zar\u00e1\u017ekou zais\u0165uje bezpe\u010dn\u00e9 a pohodln\u00e9 mo\u017enosti nosenia. Bezskrutkov\u00e9 telo, integrovan\u00fd rozb\u00edja\u010d skla a aktualizovan\u00fd dizajn vrecka na gomb\u00edk prispievaj\u00fa k aerodynamick\u00e9mu vzh\u013eadu a zv\u00fd\u0161enej praktickosti.<\/p>\n<p>\u0160pecifik\u00e1cia:<br \/>\n Celkov\u00e1 d\u013a\u017eka: 21.6 cm<br \/>\n D\u013a\u017eka v zatvorenom stave: 12.6 cm<br \/>\n D\u013a\u017eka \u010depele: 90 cm<br \/>\n Povrchov\u00e1 \u00faprava \u010depele: Stonewashed<br \/>\n \u0160t\u00fdl okraja: Oby\u010dajn\u00fd<br \/>\n Materi\u00e1l rukov\u00e4te: \u010dierny hlin\u00edk<br \/>\n Vreckov\u00fd klip:<br \/>\n V\u00fdrobca Ref. #: 1242-10<br \/>\n Krajina p\u00f4vodu: USA https:\/\/youtu.be\/xE9TeOFYEjg <\/p>\n<p>&nbsp;<\/p>\n","protected":false},"excerpt":{"rendered":"<p><strong>V priebehu rokov Microtech\u00ae Knives naplnil v\u00e1\u0161\u0148ou a zru\u010dnos\u0165ou v\u00fdrobu no\u017eov, a\u017e z nich vytvoril takmer umeleck\u00e9 diela, ktor\u00e9 s\u00fa vrcholom funk\u010dnosti. V\u0161etky diely s\u00fa vyroben\u00e9 v USA.<\/strong><br \/>\n<strong>Na v\u0161etky no\u017ee Microtech je do\u017eivotn\u00e1 z\u00e1ruka.<\/strong><\/p>\n<p><strong>Doprava zadarmo.<\/strong><\/p>\n","protected":false},"featured_media":365108,"comment_status":"open","ping_status":"closed","template":"","meta":[],"pwb-brand":[3200],"product_brand":[],"product_cat":[3186,3197],"product_tag":[],"class_list":{"0":"post-365146","1":"product","2":"type-product","3":"status-publish","4":"has-post-thumbnail","6":"pwb-brand-microtech-sk","7":"product_cat-noze-sk","8":"product_cat-vystrelovacie-noze-sk","10":"first","11":"outofstock","12":"taxable","13":"shipping-taxable","14":"purchasable","15":"product-type-simple"},"brands":[{"id":3200,"name":"Microtech","slug":"microtech-sk"}],"_links":{"self":[{"href":"https:\/\/www.moskito.cz\/sk\/wp-json\/wp\/v2\/product\/365146","targetHints":{"allow":["GET"]}}],"collection":[{"href":"https:\/\/www.moskito.cz\/sk\/wp-json\/wp\/v2\/product"}],"about":[{"href":"https:\/\/www.moskito.cz\/sk\/wp-json\/wp\/v2\/types\/product"}],"replies":[{"embeddable":true,"href":"https:\/\/www.moskito.cz\/sk\/wp-json\/wp\/v2\/comments?post=365146"}],"wp:featuredmedia":[{"embeddable":true,"href":"https:\/\/www.moskito.cz\/sk\/wp-json\/wp\/v2\/media\/365108"}],"wp:attachment":[{"href":"https:\/\/www.moskito.cz\/sk\/wp-json\/wp\/v2\/media?parent=365146"}],"wp:term":[{"taxonomy":"pwb-brand","embeddable":true,"href":"https:\/\/www.moskito.cz\/sk\/wp-json\/wp\/v2\/pwb-brand?post=365146"},{"taxonomy":"product_brand","embeddable":true,"href":"https:\/\/www.moskito.cz\/sk\/wp-json\/wp\/v2\/product_brand?post=365146"},{"taxonomy":"product_cat","embeddable":true,"href":"https:\/\/www.moskito.cz\/sk\/wp-json\/wp\/v2\/product_cat?post=365146"},{"taxonomy":"product_tag","embeddable":true,"href":"https:\/\/www.moskito.cz\/sk\/wp-json\/wp\/v2\/product_tag?post=365146"}],"curies":[{"name":"wp","href":"https:\/\/api.w.org\/{rel}","templated":true}]}}