{"id":365232,"date":"2024-10-22T18:22:46","date_gmt":"2024-10-22T17:23:58","guid":{"rendered":"https:\/\/www.moskito.cz\/produkt\/vystrelovaci-noz-microtech-ultratech-navy-stonewash-122-10na\/"},"modified":"2025-05-07T11:25:50","modified_gmt":"2025-05-07T10:25:50","slug":"vystrelovaci-noz-microtech-ultratech-navy-stonewash-122-10na","status":"publish","type":"product","link":"https:\/\/www.moskito.cz\/sk\/produkt\/vystrelovaci-noz-microtech-ultratech-navy-stonewash-122-10na\/","title":{"rendered":"Vystre\u013eovac\u00ed N\u00f4\u017e Microtech Ultratech Navy Stonewash 122-10NA"},"content":{"rendered":"<p>Vystre\u013eovac\u00ed N\u00f4\u017e <strong>Microtech<\/strong> Ultratech Navy Stonewash 122-10NA. Predstavujeme <strong>Microtech Ultratech<\/strong> , priekopn\u00edcky OTF (vpredu) automatick\u00fd n\u00f4\u017e, ktor\u00fd nastavil \u0161tandard pre hladk\u00fa a spo\u013eahliv\u00fa prev\u00e1dzku. S celkovou d\u013a\u017ekou 8,5 palca je tento v\u00fdnimo\u010dn\u00fd n\u00f4\u017e navrhnut\u00fd tak, aby pred\u010dil va\u0161e o\u010dak\u00e1vania. Ultratech sa vyzna\u010duje impozantnou 3,4-palcovou \u010depe\u013eou d\u00fdky s povrchovou \u00fapravou Stonewash. \u010cepe\u013e je vyroben\u00e1 z vysoko kvalitnej ocele (oce\u013e sa bude l\u00ed\u0161i\u0165) a poskytuje v\u00fdnimo\u010dn\u00fd rezn\u00fd v\u00fdkon a odolnos\u0165. \u010ci u\u017e rie\u0161ite ka\u017edodenn\u00e9 \u00falohy alebo n\u00e1ro\u010dnej\u0161ie potreby rezania, Ultratech je pripraven\u00fd na t\u00fato v\u00fdzvu. 5-palcov\u00e1 rukov\u00e4\u0165 Ultratech je vyroben\u00e1 z \u010dierneho eloxovan\u00e9ho hlin\u00edka 6061-T6 a pon\u00faka pohodln\u00e9 a ergonomick\u00e9 uchopenie. Vreckov\u00e1 spona s povrchovou \u00fapravou otryskan\u00edm kor\u00e1likov umo\u017e\u0148uje pohodln\u00e9 nosenie naklonen\u00edm dole, \u013eavou alebo pravou rukou a zais\u0165uje \u013eahk\u00fd pr\u00edstup. Rukov\u00e4\u0165 je tie\u017e vybaven\u00e1 rozb\u00edja\u010dom skla a nerezov\u00fdm hardv\u00e9rom pre v\u00e4\u010d\u0161iu funk\u010dnos\u0165 a odolnos\u0165. <strong>Ultratech<\/strong> je vybaven\u00fd dvoj\u010dinn\u00fdm palcov\u00fdm posuvn\u00edkom a pon\u00faka bleskur\u00fdchle automatick\u00e9 nasadenie a zatiahnutie. Mechanizmus OTF poskytuje bezprobl\u00e9mov\u00fd v\u00fdkon, v\u010faka \u010domu je spo\u013eahliv\u00fdm n\u00e1strojom v kritick\u00fdch situ\u00e1ci\u00e1ch. Jeho tenk\u00fd dizajn z neho rob\u00ed perfektn\u00fd n\u00f4\u017e na ka\u017edodenn\u00e9 nosenie, ktor\u00fd sa bez n\u00e1mahy zmest\u00ed do v\u00e1\u0161ho vrecka alebo vybavenia. Ultratech v\u00e1\u017ei iba 3,6 unca a dosahuje dokonal\u00fa rovnov\u00e1hu medzi robustnos\u0165ou a prenosnos\u0165ou. Tento n\u00f4\u017e zostaven\u00fd v USA so starostlivou pozornos\u0165ou k detailu ukazuje z\u00e1v\u00e4zok spolo\u010dnosti Microtech k v\u00fdnimo\u010dn\u00e9mu remeseln\u00e9mu spracovaniu a kvalite. Za\u017eite dokonalos\u0165 <strong>Microtech Ultratech<\/strong> , priekopn\u00edka v automatick\u00fdch no\u017eoch OTF. V\u010faka svojmu v\u00fdnimo\u010dn\u00e9mu dizajnu, bezchybn\u00e9mu v\u00fdkonu a robustnej kon\u0161trukcii nastavuje Ultratech latku spo\u013eahlivosti a funk\u010dnosti vysoko. \u010ci u\u017e ste zberate\u013e, nad\u0161enec alebo profesion\u00e1l, Ultratech je najlep\u0161ou vo\u013ebou pre va\u0161e ka\u017edodenn\u00e9 potreby pri pren\u00e1\u0161an\u00ed.<\/p>\n<p><strong>Microtech Ultratech<\/strong> je v\u00f4bec prv\u00fd OTF (z prednej strany) automatick\u00fd n\u00f4\u017e vyroben\u00fd spolo\u010dnos\u0165ou Microtech Knives. Dvoj\u010dinn\u00fd automat, ktor\u00fd to v\u0161etko spustil, je t\u00fdm najplynulej\u0161\u00edm ovl\u00e1dan\u00edm vpredu, ak\u00fd n\u00e1jdete. Vyzna\u010duje sa 3,4&#8243; \u010depe\u013eou. Ultratech m\u00e1 5&#8243; eloxovan\u00fa hlin\u00edkov\u00fa obrysov\u00fa rukov\u00e4\u0165 6061-T6 s vreckovou sponou, rozbit\u00edm skla a nerezov\u00fdm hardv\u00e9rom. Dvoj\u010dinn\u00fd posuvn\u00fd sp\u00edna\u010d umo\u017e\u0148uje r\u00fdchle automatick\u00e9 rozvinutie a zasunutie, ke\u010f to potrebujete. Tenk\u00fd dizajn no\u017ea Ultra z neho rob\u00ed perfektn\u00fd EDC n\u00f4\u017e. Celkov\u00e1 d\u013a\u017eka: 21 cm<br \/>\n \u010cepe\u013e: 8.65 cm M390, Dagger, Stonewash<br \/>\n Rukov\u00e4\u0165: 5&#8243; hlin\u00edk 6061-T6, Navy<br \/>\n Hmotnos\u0165: 3,6 oz<br \/>\n Vreckov\u00fd klip: Tip dole, \u013eav\u00e9\/prav\u00e9 nosenie<br \/>\n Otv\u00e1ra\u010d: Thumb Slider<br \/>\n Typ: OTF (vpredu) Automatick\u00e1, Dvoj\u010dinn\u00e1<br \/>\n Vyroben\u00e9 v USA<br \/>\n Model: 122-10NA https:\/\/youtu.be\/xE9TeOFYEjg   <\/p>\n<p>&nbsp;<\/p>\n<p>&nbsp;<\/p>\n","protected":false},"excerpt":{"rendered":"<p><strong>V priebehu rokov Microtech\u00ae Knives naplnil v\u00e1\u0161\u0148ou a zru\u010dnos\u0165ou v\u00fdrobu no\u017eov, a\u017e z nich vytvoril takmer umeleck\u00e9 diela, ktor\u00e9 s\u00fa vrcholom funk\u010dnosti. V\u0161etky diely s\u00fa vyroben\u00e9 v USA.<\/strong><br \/>\n<strong>Na v\u0161etky no\u017ee Microtech je do\u017eivotn\u00e1 z\u00e1ruka.<\/strong><\/p>\n<p><strong>Doprava zadarmo.<\/strong><\/p>\n","protected":false},"featured_media":365213,"comment_status":"open","ping_status":"closed","template":"","meta":[],"pwb-brand":[3200],"product_brand":[],"product_cat":[3186,3197],"product_tag":[],"class_list":{"0":"post-365232","1":"product","2":"type-product","3":"status-publish","4":"has-post-thumbnail","6":"pwb-brand-microtech-sk","7":"product_cat-noze-sk","8":"product_cat-vystrelovacie-noze-sk","10":"first","11":"outofstock","12":"taxable","13":"shipping-taxable","14":"purchasable","15":"product-type-simple"},"brands":[{"id":3200,"name":"Microtech","slug":"microtech-sk"}],"_links":{"self":[{"href":"https:\/\/www.moskito.cz\/sk\/wp-json\/wp\/v2\/product\/365232","targetHints":{"allow":["GET"]}}],"collection":[{"href":"https:\/\/www.moskito.cz\/sk\/wp-json\/wp\/v2\/product"}],"about":[{"href":"https:\/\/www.moskito.cz\/sk\/wp-json\/wp\/v2\/types\/product"}],"replies":[{"embeddable":true,"href":"https:\/\/www.moskito.cz\/sk\/wp-json\/wp\/v2\/comments?post=365232"}],"wp:featuredmedia":[{"embeddable":true,"href":"https:\/\/www.moskito.cz\/sk\/wp-json\/wp\/v2\/media\/365213"}],"wp:attachment":[{"href":"https:\/\/www.moskito.cz\/sk\/wp-json\/wp\/v2\/media?parent=365232"}],"wp:term":[{"taxonomy":"pwb-brand","embeddable":true,"href":"https:\/\/www.moskito.cz\/sk\/wp-json\/wp\/v2\/pwb-brand?post=365232"},{"taxonomy":"product_brand","embeddable":true,"href":"https:\/\/www.moskito.cz\/sk\/wp-json\/wp\/v2\/product_brand?post=365232"},{"taxonomy":"product_cat","embeddable":true,"href":"https:\/\/www.moskito.cz\/sk\/wp-json\/wp\/v2\/product_cat?post=365232"},{"taxonomy":"product_tag","embeddable":true,"href":"https:\/\/www.moskito.cz\/sk\/wp-json\/wp\/v2\/product_tag?post=365232"}],"curies":[{"name":"wp","href":"https:\/\/api.w.org\/{rel}","templated":true}]}}