{"id":365305,"date":"2024-10-22T19:01:32","date_gmt":"2024-10-22T18:02:07","guid":{"rendered":"https:\/\/www.moskito.cz\/produkt\/vystrelovaci-noz-microtech-cypher-ii-apocalyptic-1242-12ap\/"},"modified":"2025-05-07T11:25:52","modified_gmt":"2025-05-07T10:25:52","slug":"vystrelovaci-noz-microtech-cypher-ii-apocalyptic-1242-12ap","status":"publish","type":"product","link":"https:\/\/www.moskito.cz\/sk\/produkt\/vystrelovaci-noz-microtech-cypher-ii-apocalyptic-1242-12ap\/","title":{"rendered":"Vystre\u013eovac\u00ed N\u00f4\u017e Microtech Cypher II Apocalyptic 1242-12AP"},"content":{"rendered":"<p>Vystre\u013eovac\u00ed N\u00f4\u017e <strong>Microtech<\/strong> Cypher II Apocalyptic 1242-12AP.<\/p>\n<p>Deryk DC Munroe je hlavn\u00fdm zdrojom in\u017einierstva a pr\u00e1ce pre MunroeKnives. Celo\u017eivotn\u00e1 fascin\u00e1cia zbra\u0148ami ho priviedla v roku 1984 k vytvoreniu svojho prv\u00e9ho no\u017ea. V roku 1997 sa vydal trochu spletitou cestou, aby sa stal no\u017eiarom na pln\u00fd \u00fav\u00e4zok. Presk\u00famal a rozvinul r\u00f4zne aspekty remesla, ktor\u00e9 ho odvtedy poh\u00e1\u0148aj\u00fa. Jeho \u0161t\u00fdl je jedine\u010dn\u00fd a kvalita jeho zlo\u017eiek je jednoducho vynikaj\u00faca. Pre Tonyho teda bolo jasnou vo\u013ebou spolupracova\u0165 s Derykom na tomto druhom kolabora\u010dnom no\u017ei Munroe\/ Marfione, Cypher.<\/p>\n<p>Microtech Cypher vid\u00ed n\u00e1vrat ob\u013e\u00faben\u00e9ho OTF medzi fan\u00fa\u0161ikov s najmodernej\u0161\u00edmi vylep\u0161eniami p\u00f4vodn\u00e9ho designu. Klasick\u00fd Cypher bol prepracovan\u00fd zvn\u00fatra aj zvonku a nastavil nov\u00fd \u0161tandard pre modern\u00fa technol\u00f3giu. Najnov\u0161ie inovat\u00edvne dvojpalivov\u00e9 hnacie \u00fastrojenstvo spolo\u010dnosti Microtech umo\u017e\u0148uje ovl\u00e1danie bez n\u00e1mahy a najhlad\u0161ej akcii, ak\u00e1 kedy bola na OTF vidie\u0165.<\/p>\n<p>Dr\u00e1\u017ekovanie na \u0161asi dod\u00e1va \u0161t\u00fdlov\u00fd prvok a z\u00e1rove\u0148 poskytuje maxim\u00e1lnu pri\u013enavos\u0165 a tit\u00e1nov\u00fd vreckov\u00fd klip 6Al4V s keramickou zar\u00e1\u017ekou poskytuje u\u017e\u00edvate\u013eovi bezpe\u010dn\u00e9 a dostupn\u00e9 mo\u017enosti nosenia. Bezskrutkov\u00e9 telo a integrovan\u00fd rozb\u00edja\u010d skla mu dod\u00e1vaj\u00fa efekt\u00edvnej\u0161\u00ed vzh\u013ead a aktualizovan\u00fd dizajn vrecka na gomb\u00edky zni\u017euje trenie a u\u013eah\u010duje presun ne\u010dist\u00f4t. V\u010faka svojej relat\u00edvne kompaktnej ve\u013ekosti a jednoduch\u00e9mu nasadeniu nastavuje prepracovan\u00fd Cypher meradlo pre presl\u00e1ven\u00fa kombin\u00e1ciu \u0161t\u00fdlu a \u00fa\u017eitku spolo\u010dnosti Microtech v na\u0161om prvotriednom rade.<\/p>\n<p>\u0160pecifik\u00e1cia:<br \/>\n D\u013a\u017eka \u010depele: 8.75 cm<br \/>\n D\u013a\u017eka v zatvorenom stave: 12.5 cm<br \/>\n Celkov\u00e1 d\u013a\u017eka: 21.25 cm<br \/>\n Oce\u013e \u010depele: Nerezov\u00e1 oce\u013e Bohler M390MK<br \/>\n \u0160t\u00fdl \u010depele: D\u00fdka s dvojitou hranou<br \/>\n Br\u00fasenie \u010depele: Ploch\u00e9<br \/>\n Povrchov\u00e1 \u00faprava \u010depele: Apokalyptick\u00e1<br \/>\n Materi\u00e1l rukov\u00e4te: Fr\u00e9zovan\u00fd \u010dierny hlin\u00edk<br \/>\n Uzamykac\u00ed mechanizmus: Posuvn\u00fd<br \/>\n Vreckov\u00e1 spona: Titan s keramickou guli\u010dkou (sklopen\u00edm dole, doprava\/do\u013eava)<br \/>\n Hmotnos\u0165: 3,88 oz.<br \/>\n Dizajn\u00e9ri: Deryk Munroe a Tony Marfione<br \/>\n Vyroben\u00e9 v USA https:\/\/youtu.be\/xE9TeOFYEjg<\/p>\n<p>&nbsp;<\/p>\n","protected":false},"excerpt":{"rendered":"<p><strong>V priebehu rokov Microtech\u00ae Knives naplnil v\u00e1\u0161\u0148ou a zru\u010dnos\u0165ou v\u00fdrobu no\u017eov, a\u017e z nich vytvoril takmer umeleck\u00e9 diela, ktor\u00e9 s\u00fa vrcholom funk\u010dnosti. V\u0161etky diely s\u00fa vyroben\u00e9 v USA.<\/strong><br \/>\n<strong>Na v\u0161etky no\u017ee Microtech je do\u017eivotn\u00e1 z\u00e1ruka.<\/strong><\/p>\n<p><strong>Doprava zadarmo.<\/strong><\/p>\n","protected":false},"featured_media":365284,"comment_status":"open","ping_status":"closed","template":"","meta":[],"pwb-brand":[3200],"product_brand":[],"product_cat":[3186,3197],"product_tag":[],"class_list":{"0":"post-365305","1":"product","2":"type-product","3":"status-publish","4":"has-post-thumbnail","6":"pwb-brand-microtech-sk","7":"product_cat-noze-sk","8":"product_cat-vystrelovacie-noze-sk","10":"first","11":"outofstock","12":"taxable","13":"shipping-taxable","14":"purchasable","15":"product-type-simple"},"brands":[{"id":3200,"name":"Microtech","slug":"microtech-sk"}],"_links":{"self":[{"href":"https:\/\/www.moskito.cz\/sk\/wp-json\/wp\/v2\/product\/365305","targetHints":{"allow":["GET"]}}],"collection":[{"href":"https:\/\/www.moskito.cz\/sk\/wp-json\/wp\/v2\/product"}],"about":[{"href":"https:\/\/www.moskito.cz\/sk\/wp-json\/wp\/v2\/types\/product"}],"replies":[{"embeddable":true,"href":"https:\/\/www.moskito.cz\/sk\/wp-json\/wp\/v2\/comments?post=365305"}],"wp:featuredmedia":[{"embeddable":true,"href":"https:\/\/www.moskito.cz\/sk\/wp-json\/wp\/v2\/media\/365284"}],"wp:attachment":[{"href":"https:\/\/www.moskito.cz\/sk\/wp-json\/wp\/v2\/media?parent=365305"}],"wp:term":[{"taxonomy":"pwb-brand","embeddable":true,"href":"https:\/\/www.moskito.cz\/sk\/wp-json\/wp\/v2\/pwb-brand?post=365305"},{"taxonomy":"product_brand","embeddable":true,"href":"https:\/\/www.moskito.cz\/sk\/wp-json\/wp\/v2\/product_brand?post=365305"},{"taxonomy":"product_cat","embeddable":true,"href":"https:\/\/www.moskito.cz\/sk\/wp-json\/wp\/v2\/product_cat?post=365305"},{"taxonomy":"product_tag","embeddable":true,"href":"https:\/\/www.moskito.cz\/sk\/wp-json\/wp\/v2\/product_tag?post=365305"}],"curies":[{"name":"wp","href":"https:\/\/api.w.org\/{rel}","templated":true}]}}