{"id":365938,"date":"2024-10-24T20:58:17","date_gmt":"2024-10-24T19:59:18","guid":{"rendered":"https:\/\/www.moskito.cz\/produkt\/vystrelovaci-noz-microtech-glykon-tactical-185-1t\/"},"modified":"2025-05-07T11:25:57","modified_gmt":"2025-05-07T10:25:57","slug":"vystrelovaci-noz-microtech-glykon-tactical-185-1t","status":"publish","type":"product","link":"https:\/\/www.moskito.cz\/sk\/produkt\/vystrelovaci-noz-microtech-glykon-tactical-185-1t\/","title":{"rendered":"Vystre\u013eovac\u00ed N\u00f4\u017e Microtech Glykon Tactical 185-1T"},"content":{"rendered":"<p>Vystre\u013eovac\u00ed N\u00f4\u017e <strong>Microtech<\/strong> Glykon Tactical 185-1T.<\/p>\n<p><strong>Glyk\u00f3n<\/strong> , pomenovan\u00fd po starovekom gr\u00e9ckom had\u00edm bohu, je prv\u00fd Microtech s trojstrann\u00fdm tla\u010didlom. To z neho rob\u00ed OTF s horn\u00fdm posuvom a tie\u017e model s bo\u010dn\u00fdm vystre\u013eovan\u00edm, ktor\u00fd je \u00faplne obojstrann\u00fd. V\u0161etko, \u010do mus\u00edte urobi\u0165, je prepn\u00fa\u0165 vreckov\u00fd klip na druh\u00fa stranu pomocou obrovsk\u00e9ho Torx bitu a m\u00f4\u017eete \u00eds\u0165. Je to jeden z m\u00e1la Microtech, ktor\u00fd pou\u017e\u00edva skrutkovaciu kon\u0161trukciu Torx umo\u017e\u0148uj\u00facu \u00fapravy doma. Obsahuje tie\u017e tit\u00e1nov\u00e9 akcenty a prekrytia na r\u00e1me, ktor\u00e9 mo\u017eno \u013eahko odstr\u00e1ni\u0165 a upravi\u0165, ak je to va\u0161a vec. Spolo\u010dnos\u0165 Microtech, ktor\u00e1 neust\u00e1le inovuje, tu m\u00e1 s Glykonom jasn\u00e9ho v\u00ed\u0165aza. \u0160pecifik\u00e1cia:<br \/>\n D\u013a\u017eka \u010depele: 9.37 cm<br \/>\n D\u013a\u017eka v zatvorenom stave: 13.12 cm<br \/>\n Celkov\u00e1 d\u013a\u017eka: 22.5 cm<br \/>\n Oce\u013e: M390<br \/>\n \u0160t\u00fdl \u010depele: Tanto<br \/>\n Br\u00fasenie \u010depele: Ploch\u00e9<br \/>\n Povrchov\u00e1 \u00faprava \u010depele: \u010dierna<br \/>\n Materi\u00e1l rukov\u00e4te: \u010dierny hlin\u00edk 6061-T6 s tit\u00e1nov\u00fdmi prekrytiami otryskan\u00fdmi kor\u00e1lkami<br \/>\n Uzamykac\u00ed mechanizmus: Tri-Slide<br \/>\n Vreckov\u00e1 spona: Titan (sklopn\u00e1)<br \/>\n Hmotnos\u0165: 5,01 unca<br \/>\n Dizajn\u00e9ri: Tony a Sean Marfione<br \/>\n Vn\u00fatorn\u00fd nikel Boron<br \/>\n Vyroben\u00e9 v USA https:\/\/youtu.be\/xE9TeOFYEjg<\/p>\n<p>&nbsp;<\/p>\n","protected":false},"excerpt":{"rendered":"<p><strong>V priebehu rokov Microtech\u00ae Knives naplnil v\u00e1\u0161\u0148ou a zru\u010dnos\u0165ou v\u00fdrobu no\u017eov, a\u017e z nich vytvoril takmer umeleck\u00e9 diela, ktor\u00e9 s\u00fa vrcholom funk\u010dnosti. V\u0161etky diely s\u00fa vyroben\u00e9 v USA.<\/strong><br \/>\n <strong>Na v\u0161etky no\u017ee Microtech je do\u017eivotn\u00e1 z\u00e1ruka.<\/strong><\/p>\n<p> <strong>Doprava zadarmo.<\/strong><\/p>\n","protected":false},"featured_media":365891,"comment_status":"open","ping_status":"closed","template":"","meta":[],"pwb-brand":[3200],"product_brand":[],"product_cat":[3186,3197],"product_tag":[],"class_list":{"0":"post-365938","1":"product","2":"type-product","3":"status-publish","4":"has-post-thumbnail","6":"pwb-brand-microtech-sk","7":"product_cat-noze-sk","8":"product_cat-vystrelovacie-noze-sk","10":"first","11":"outofstock","12":"taxable","13":"shipping-taxable","14":"purchasable","15":"product-type-simple"},"brands":[{"id":3200,"name":"Microtech","slug":"microtech-sk"}],"_links":{"self":[{"href":"https:\/\/www.moskito.cz\/sk\/wp-json\/wp\/v2\/product\/365938","targetHints":{"allow":["GET"]}}],"collection":[{"href":"https:\/\/www.moskito.cz\/sk\/wp-json\/wp\/v2\/product"}],"about":[{"href":"https:\/\/www.moskito.cz\/sk\/wp-json\/wp\/v2\/types\/product"}],"replies":[{"embeddable":true,"href":"https:\/\/www.moskito.cz\/sk\/wp-json\/wp\/v2\/comments?post=365938"}],"wp:featuredmedia":[{"embeddable":true,"href":"https:\/\/www.moskito.cz\/sk\/wp-json\/wp\/v2\/media\/365891"}],"wp:attachment":[{"href":"https:\/\/www.moskito.cz\/sk\/wp-json\/wp\/v2\/media?parent=365938"}],"wp:term":[{"taxonomy":"pwb-brand","embeddable":true,"href":"https:\/\/www.moskito.cz\/sk\/wp-json\/wp\/v2\/pwb-brand?post=365938"},{"taxonomy":"product_brand","embeddable":true,"href":"https:\/\/www.moskito.cz\/sk\/wp-json\/wp\/v2\/product_brand?post=365938"},{"taxonomy":"product_cat","embeddable":true,"href":"https:\/\/www.moskito.cz\/sk\/wp-json\/wp\/v2\/product_cat?post=365938"},{"taxonomy":"product_tag","embeddable":true,"href":"https:\/\/www.moskito.cz\/sk\/wp-json\/wp\/v2\/product_tag?post=365938"}],"curies":[{"name":"wp","href":"https:\/\/api.w.org\/{rel}","templated":true}]}}