{"id":366336,"date":"2024-10-25T15:03:13","date_gmt":"2024-10-25T14:03:13","guid":{"rendered":"https:\/\/www.moskito.cz\/?post_type=product&#038;p=366336"},"modified":"2025-07-21T14:02:48","modified_gmt":"2025-07-21T13:02:48","slug":"zaviraci-nuz-boker-plus-worldwide-01bo569","status":"publish","type":"product","link":"https:\/\/www.moskito.cz\/sk\/produkt\/zaviraci-nuz-boker-plus-worldwide-01bo569\/","title":{"rendered":"Zav\u00edrac\u00ed N\u016f\u017e B\u00f6ker Plus Worldwide 01BO569"},"content":{"rendered":"<p>Zav\u00edrac\u00ed N\u016f\u017e <strong>B\u00f6ker Plus<\/strong> Worldwide 01BO569.<\/p>\n<div class=\"flex max-w-full flex-col flex-grow\">\n<div class=\"min-h-8 text-message flex w-full flex-col items-end gap-2 whitespace-normal break-words [.text-message+&amp;]:mt-5\" dir=\"auto\" data-message-author-role=\"assistant\" data-message-id=\"66fc279c-01f2-4192-896b-1eeb490de14c\" data-message-model-slug=\"gpt-4o-mini\">\n<div class=\"flex w-full flex-col gap-1 empty:hidden first:pt-[3px]\">\n<div class=\"markdown prose w-full break-words dark:prose-invert light\">\n<p><strong>Zav\u00edrac\u00ed N\u016f\u017e B\u00f6ker Plus Worldwide 01BO569<\/strong> je praktick\u00fd a vysoce funk\u010dn\u00ed kapesn\u00ed n\u016f\u017e navr\u017een\u00fd <strong>Chadem Los Banosem<\/strong>, kter\u00fd vych\u00e1z\u00ed vst\u0159\u00edc rostouc\u00edm po\u017eadavk\u016fm na leg\u00e1lnost a univerz\u00e1ln\u00ed pou\u017eitelnost. Tento n\u016f\u017e je navr\u017een tak, aby vyhovoval p\u0159\u00edsn\u00fdm z\u00e1kon\u016fm t\u00fdkaj\u00edc\u00edm se no\u017e\u016f, co\u017e z n\u011bj \u010din\u00ed ide\u00e1ln\u00ed volbu pro ka\u017edodenn\u00ed no\u0161en\u00ed i v regionech s p\u0159\u00edsn\u00fdmi pravidly.<\/p>\n<hr \/>\n<h3><strong>Hlavn\u00ed vlastnosti:<\/strong><\/h3>\n<h4><strong>\u010cepel:<\/strong><\/h4>\n<ul>\n<li><strong>Materi\u00e1l:<\/strong> <strong>AUS-8 ocel<\/strong>, kter\u00e1 je zn\u00e1m\u00e1 svou vyv\u00e1\u017eenost\u00ed mezi odolnost\u00ed proti opot\u0159eben\u00ed, snadnost\u00ed brou\u0161en\u00ed a cenovou dostupnost\u00ed. Je ide\u00e1ln\u00ed pro ka\u017edodenn\u00ed pou\u017eit\u00ed.<\/li>\n<li><strong>Povrchov\u00e1 \u00faprava:<\/strong> \u010cepel m\u00e1 <strong>stonewash<\/strong> povrchovou \u00fapravu, kter\u00e1 nejen p\u0159isp\u00edv\u00e1 k estetice no\u017ee, ale tak\u00e9 zvy\u0161uje jeho odolnost proti korozi.<\/li>\n<li><strong>D\u00e9lka \u010depele:<\/strong> 6,80 cm<\/li>\n<li><strong>Tlou\u0161\u0165ka \u010depele:<\/strong> 3,00 mm<\/li>\n<li><strong>Otev\u00edr\u00e1n\u00ed:<\/strong> N\u016f\u017e je vybaven <strong>ru\u010dn\u00edm otev\u00edr\u00e1n\u00edm<\/strong>. Otev\u0159en\u00ed je snadn\u00e9 d\u00edky ergonomick\u00e9mu designu a kvalitn\u00edm lo\u017eisk\u016fm.<\/li>\n<li><strong>Uzav\u0159en\u00ed:<\/strong> N\u016f\u017e je vybaven <strong>slipjoint mechanismem<\/strong>, co\u017e znamen\u00e1, \u017ee \u010depel nen\u00ed zaji\u0161t\u011bn\u00e1 aretac\u00ed, ale pevn\u011b dr\u017e\u00ed v otev\u0159en\u00e9 pozici d\u00edky siln\u00e9 pru\u017ein\u011b a <strong>90\u00b0 dorazu<\/strong>, co\u017e zaji\u0161\u0165uje bezpe\u010dnost p\u0159i pou\u017e\u00edv\u00e1n\u00ed.<\/li>\n<\/ul>\n<h4><strong>Rukoje\u0165:<\/strong><\/h4>\n<ul>\n<li><strong>Materi\u00e1l:<\/strong> Rukoje\u0165 je vyrobena z <strong>G10<\/strong>, co\u017e je velmi odoln\u00fd a lehk\u00fd materi\u00e1l, kter\u00fd poskytuje vynikaj\u00edc\u00ed p\u0159ilnavost a pohodl\u00ed p\u0159i pou\u017eit\u00ed.<\/li>\n<li><strong>Design:<\/strong> Kombinace <strong>ocelov\u00fdch pl\u00e1t\u016f<\/strong> a <strong>G10 stupnic<\/strong> nab\u00edz\u00ed pevnost a komfort. Rukoje\u0165 m\u00e1 <strong>\u010dty\u0159cestnou oto\u010dnou sponu<\/strong>, co\u017e umo\u017e\u0148uje p\u0159izp\u016fsobit n\u016f\u017e pro prav\u00e9 i lev\u00e9 no\u0161en\u00ed.<\/li>\n<li><strong>Poutko na \u0161\u0148\u016frku:<\/strong> Tento n\u016f\u017e je vybaven <strong>poutkem na \u0161\u0148\u016frku<\/strong>, co\u017e poskytuje dal\u0161\u00ed mo\u017enost no\u0161en\u00ed a manipulace.<\/li>\n<\/ul>\n<h4><strong>Dal\u0161\u00ed vlastnosti:<\/strong><\/h4>\n<ul>\n<li><strong>Pouzdro:<\/strong> Sou\u010d\u00e1st\u00ed balen\u00ed je <strong>nylonov\u00e9 pouzdro<\/strong>, kter\u00e9 umo\u017e\u0148uje pohodln\u00e9 ulo\u017een\u00ed no\u017ee a jeho bezpe\u010dn\u00e9 p\u0159en\u00e1\u0161en\u00ed.<\/li>\n<li><strong>Bezpe\u010dnost:<\/strong> Slipjoint mechanismus se silnou pru\u017einou a dorazem poskytuje bezpe\u010dnost i bez z\u00e1mku, co\u017e je u\u017eite\u010dn\u00e9 pro situace, kde je aretace zak\u00e1z\u00e1na.<\/li>\n<\/ul>\n<hr \/>\n<h3><strong>Technick\u00e9 specifikace:<\/strong><\/h3>\n<ul>\n<li><strong>Celkov\u00e1 d\u00e9lka:<\/strong> 17,20 cm<\/li>\n<li><strong>D\u00e9lka \u010depele:<\/strong> 6,80 cm<\/li>\n<li><strong>Tlou\u0161\u0165ka \u010depele:<\/strong> 3,00 mm<\/li>\n<li><strong>Hmotnost:<\/strong> 152 g<\/li>\n<li><strong>Materi\u00e1l \u010depele:<\/strong> <strong>AUS-8 ocel<\/strong><\/li>\n<li><strong>Materi\u00e1l rukojeti:<\/strong> <strong>G10<\/strong><\/li>\n<li><strong>Pom\u016fcka pro otev\u00edr\u00e1n\u00ed:<\/strong> <strong>St\u0159\u00edh\u00e1n\u00ed neht\u016f<\/strong> (ergonomick\u00fd design pro pohodln\u00e9 otev\u0159en\u00ed)<\/li>\n<li><strong>Otev\u00edr\u00e1n\u00ed:<\/strong> <strong>Ru\u010dn\u011b<\/strong><\/li>\n<li><strong>Uzav\u0159en\u00ed:<\/strong> <strong>Kluzn\u00fd kloub (Slipjoint)<\/strong><\/li>\n<li><strong>N\u00e1vrh\u00e1\u0159:<\/strong> <strong>\u010cad Los Banos<\/strong><\/li>\n<li><strong>\u010c\u00edslo polo\u017eky:<\/strong> 01BO569<\/li>\n<\/ul>\n<hr \/>\n<h3><strong>Vyu\u017eit\u00ed:<\/strong><\/h3>\n<ul>\n<li><strong>Leg\u00e1ln\u00ed no\u0161en\u00ed:<\/strong> Tento n\u016f\u017e byl navr\u017een s ohledem na legislativn\u00ed omezen\u00ed t\u00fdkaj\u00edc\u00ed se no\u017e\u016f, co\u017e znamen\u00e1, \u017ee by m\u011bl b\u00fdt leg\u00e1ln\u00ed pro no\u0161en\u00ed ve v\u011bt\u0161in\u011b zem\u00ed, kde jsou no\u017ee s aretac\u00ed zak\u00e1z\u00e1ny.<\/li>\n<li><strong>Ka\u017edodenn\u00ed no\u0161en\u00ed (EDC):<\/strong> D\u00edky kompaktn\u00ed velikosti a ergonomick\u00e9mu designu je n\u016f\u017e ide\u00e1ln\u00ed pro ka\u017edodenn\u00ed pou\u017eit\u00ed, a\u0165 u\u017e na otev\u0159en\u00ed bal\u00ed\u010dk\u016f, drobn\u00fdch \u00fakol\u016f nebo jin\u00fdch b\u011b\u017en\u00fdch \u010dinnost\u00ed.<\/li>\n<li><strong>Kempov\u00e1n\u00ed a outdoor:<\/strong> I kdy\u017e je n\u016f\u017e prim\u00e1rn\u011b ur\u010den pro ka\u017edodenn\u00ed pou\u017eit\u00ed, d\u00edky sv\u00e9 kvalitn\u00ed konstrukci a spolehlivosti je vhodn\u00fd tak\u00e9 pro kempov\u00e1n\u00ed a outdoorov\u00e9 aktivity.<\/li>\n<\/ul>\n<hr \/>\n<h3><strong>Shrnut\u00ed:<\/strong><\/h3>\n<p><strong>Zav\u00edrac\u00ed N\u016f\u017e B\u00f6ker Plus Worldwide 01BO569<\/strong> je ide\u00e1ln\u00ed volbou pro ka\u017edodenn\u00ed no\u0161en\u00ed, zejm\u00e9na v regionech s p\u0159\u00edsn\u00fdmi z\u00e1kony t\u00fdkaj\u00edc\u00edmi se no\u0161en\u00ed no\u017e\u016f. D\u00edky <strong>AUS-8 oceli<\/strong>, <strong>G10 rukojeti<\/strong> a <strong>slipjoint mechanizmu<\/strong> je tento n\u016f\u017e nejen bezpe\u010dn\u00fd, ale i velmi praktick\u00fd a pohodln\u00fd na no\u0161en\u00ed. Je to vynikaj\u00edc\u00ed n\u00e1stroj pro v\u0161echny, kdo hledaj\u00ed kvalitn\u00ed, leg\u00e1ln\u00ed a spolehliv\u00fd kapesn\u00ed n\u016f\u017e.<\/p>\n<\/div>\n<\/div>\n<\/div>\n<\/div>\n<div class=\"mb-2 flex gap-3 empty:hidden -ml-2\">\n<div class=\"items-center justify-start rounded-xl p-1 flex\">\n<div class=\"flex items-center\"><\/div>\n<\/div>\n<\/div>\n<p>&nbsp;<\/p>\n<p>&nbsp;<\/p>\n<p>&nbsp;<\/p>\n","protected":false},"excerpt":{"rendered":"<p><strong>Zav\u00edrac\u00ed N\u016f\u017e B\u00f6ker Plus Worldwide 01BO569 je ide\u00e1ln\u00ed volbou pro ka\u017edodenn\u00ed no\u0161en\u00ed, zejm\u00e9na v regionech s p\u0159\u00edsn\u00fdmi z\u00e1kony t\u00fdkaj\u00edc\u00edmi se no\u0161en\u00ed no\u017e\u016f. D\u00edky AUS-8 oceli, G10 rukojeti a slipjoint mechanizmu je tento n\u016f\u017e nejen bezpe\u010dn\u00fd, ale i velmi praktick\u00fd a pohodln\u00fd na no\u0161en\u00ed. Je to vynikaj\u00edc\u00ed n\u00e1stroj pro v\u0161echny, kdo hledaj\u00ed kvalitn\u00ed, leg\u00e1ln\u00ed a spolehliv\u00fd kapesn\u00ed n\u016f\u017e.<\/strong><\/p>\n","protected":false},"featured_media":366337,"comment_status":"open","ping_status":"closed","template":"","meta":[],"pwb-brand":[140],"product_brand":[],"product_cat":[22,17],"product_tag":[],"class_list":{"0":"post-366336","1":"product","2":"type-product","3":"status-publish","4":"has-post-thumbnail","6":"pwb-brand-boker","7":"product_cat-zaviraci-noze","8":"product_cat-noze","10":"first","11":"instock","12":"taxable","13":"shipping-taxable","14":"purchasable","15":"product-type-simple"},"brands":[{"id":140,"name":"Boker","slug":"boker"}],"_links":{"self":[{"href":"https:\/\/www.moskito.cz\/sk\/wp-json\/wp\/v2\/product\/366336","targetHints":{"allow":["GET"]}}],"collection":[{"href":"https:\/\/www.moskito.cz\/sk\/wp-json\/wp\/v2\/product"}],"about":[{"href":"https:\/\/www.moskito.cz\/sk\/wp-json\/wp\/v2\/types\/product"}],"replies":[{"embeddable":true,"href":"https:\/\/www.moskito.cz\/sk\/wp-json\/wp\/v2\/comments?post=366336"}],"wp:featuredmedia":[{"embeddable":true,"href":"https:\/\/www.moskito.cz\/sk\/wp-json\/wp\/v2\/media\/366337"}],"wp:attachment":[{"href":"https:\/\/www.moskito.cz\/sk\/wp-json\/wp\/v2\/media?parent=366336"}],"wp:term":[{"taxonomy":"pwb-brand","embeddable":true,"href":"https:\/\/www.moskito.cz\/sk\/wp-json\/wp\/v2\/pwb-brand?post=366336"},{"taxonomy":"product_brand","embeddable":true,"href":"https:\/\/www.moskito.cz\/sk\/wp-json\/wp\/v2\/product_brand?post=366336"},{"taxonomy":"product_cat","embeddable":true,"href":"https:\/\/www.moskito.cz\/sk\/wp-json\/wp\/v2\/product_cat?post=366336"},{"taxonomy":"product_tag","embeddable":true,"href":"https:\/\/www.moskito.cz\/sk\/wp-json\/wp\/v2\/product_tag?post=366336"}],"curies":[{"name":"wp","href":"https:\/\/api.w.org\/{rel}","templated":true}]}}