{"id":368992,"date":"2024-11-06T12:00:39","date_gmt":"2024-11-06T11:00:39","guid":{"rendered":"https:\/\/www.moskito.cz\/?post_type=product&#038;p=368992"},"modified":"2025-11-22T17:09:09","modified_gmt":"2025-11-22T16:09:09","slug":"zaviraci-nuz-extrema-ratio-glauca-j1-04-1000-0165-rvhcs-ns","status":"publish","type":"product","link":"https:\/\/www.moskito.cz\/sk\/produkt\/zaviraci-nuz-extrema-ratio-glauca-j1-04-1000-0165-rvhcs-ns\/","title":{"rendered":"Zav\u00edrac\u00ed N\u016f\u017e EXTREMA RATIO GLAUCA J1 04.1000.0165\/RVHCS\/NS"},"content":{"rendered":"<p>Zav\u00edrac\u00ed N\u016f\u017e <strong>EXTREMA RATIO<\/strong> GLAUCA J1 04.1000.0165\/RVHCS\/NS<\/p>\n<p>Zav\u00edrac\u00ed n\u016f\u017e vyvinut\u00fd ve spolupr\u00e1ci s odborn\u00edky na materi\u00e1ly z odd\u011blen\u00ed Jagdkommando, speci\u00e1ln\u00ed s\u00edly rakousk\u00e9 arm\u00e1dy. M\u00e1 \u0161pi\u010dku navr\u017eenou tak, aby umo\u017e\u0148ovala maxim\u00e1ln\u00ed penetraci. Je vybavena zadn\u00edm rozb\u00edje\u010dem skla, klipem, kter\u00fd lze pou\u017e\u00edt ve t\u0159ech poloh\u00e1ch a bo\u010dn\u00ed pojistkou.<\/p>\n<p>Rukoje\u0165 je vyrobena se speci\u00e1ln\u00ed povrchovou \u00fapravou pro lep\u0161\u00ed uchopen\u00ed b\u011bhem pou\u017e\u00edv\u00e1n\u00ed. GLAUCA J1 NS se na rozd\u00edl od modelu GLAUCA J1 dod\u00e1v\u00e1 bez pl\u00e1\u0161t\u011b.<\/p>\n<p>HMOTNOST: 198 g<br \/>\nD\u00c9LKA \u010cEPELE : 11 cm<br \/>\nCELKOV\u00c1 D\u00c9LKA : 26.8 cm<br \/>\nCELKOV\u00c1 D\u00c9LKA (V): 10,55<br \/>\nTLOU\u0160\u0164KA \u010cEPELE : 0.4 cm<br \/>\nTLOU\u0160\u0164KA \u010cEPELE (IN): 0,15<br \/>\nMATERI\u00c1L \u010cEPELE: B\u00f6HLER N690 STEEL (58HRC)<br \/>\nPOVRCHOV\u00c1 \u00daPRAVA NO\u017dE: LEHEN\u00cd MIL-C-13924<br \/>\nBROU\u0160EN\u00cd NO\u017dE: PLOCH\u00c1 HRANA<br \/>\nMATERI\u00c1L RUKOJETI: ELOXOVAN\u00dd ANTIKOROD\u00c1LN\u00cd HLIN\u00cdK<\/p>\n<p>&nbsp;<\/p>\n<p>&nbsp;<\/p>\n<p>&nbsp;<\/p>\n","protected":false},"excerpt":{"rendered":"<p><strong>Zav\u00edrac\u00ed n\u016f\u017e vyvinut\u00fd ve spolupr\u00e1ci s odborn\u00edky na materi\u00e1ly z odd\u011blen\u00ed Jagdkommando, speci\u00e1ln\u00ed s\u00edly rakousk\u00e9 arm\u00e1dy.<\/strong><\/p>\n<p><strong>Doprava zdarma<\/strong><\/p>\n","protected":false},"featured_media":368993,"comment_status":"open","ping_status":"closed","template":"","meta":[],"pwb-brand":[267],"product_brand":[],"product_cat":[22,17],"product_tag":[],"class_list":{"0":"post-368992","1":"product","2":"type-product","3":"status-publish","4":"has-post-thumbnail","6":"pwb-brand-extrema-ratio","7":"product_cat-zaviraci-noze","8":"product_cat-noze","10":"first","11":"outofstock","12":"taxable","13":"shipping-taxable","14":"purchasable","15":"product-type-simple"},"brands":[{"id":267,"name":"Extrema Ratio","slug":"extrema-ratio"}],"_links":{"self":[{"href":"https:\/\/www.moskito.cz\/sk\/wp-json\/wp\/v2\/product\/368992","targetHints":{"allow":["GET"]}}],"collection":[{"href":"https:\/\/www.moskito.cz\/sk\/wp-json\/wp\/v2\/product"}],"about":[{"href":"https:\/\/www.moskito.cz\/sk\/wp-json\/wp\/v2\/types\/product"}],"replies":[{"embeddable":true,"href":"https:\/\/www.moskito.cz\/sk\/wp-json\/wp\/v2\/comments?post=368992"}],"wp:featuredmedia":[{"embeddable":true,"href":"https:\/\/www.moskito.cz\/sk\/wp-json\/wp\/v2\/media\/368993"}],"wp:attachment":[{"href":"https:\/\/www.moskito.cz\/sk\/wp-json\/wp\/v2\/media?parent=368992"}],"wp:term":[{"taxonomy":"pwb-brand","embeddable":true,"href":"https:\/\/www.moskito.cz\/sk\/wp-json\/wp\/v2\/pwb-brand?post=368992"},{"taxonomy":"product_brand","embeddable":true,"href":"https:\/\/www.moskito.cz\/sk\/wp-json\/wp\/v2\/product_brand?post=368992"},{"taxonomy":"product_cat","embeddable":true,"href":"https:\/\/www.moskito.cz\/sk\/wp-json\/wp\/v2\/product_cat?post=368992"},{"taxonomy":"product_tag","embeddable":true,"href":"https:\/\/www.moskito.cz\/sk\/wp-json\/wp\/v2\/product_tag?post=368992"}],"curies":[{"name":"wp","href":"https:\/\/api.w.org\/{rel}","templated":true}]}}