{"id":369774,"date":"2024-11-11T20:24:01","date_gmt":"2024-11-11T19:24:01","guid":{"rendered":"https:\/\/www.moskito.cz\/?post_type=product&#038;p=369774"},"modified":"2025-05-07T11:26:07","modified_gmt":"2025-05-07T10:26:07","slug":"vystrelovaci-nuz-benchmade-claymore-3370sgy-1","status":"publish","type":"product","link":"https:\/\/www.moskito.cz\/sk\/produkt\/vystrelovaci-nuz-benchmade-claymore-3370sgy-1\/","title":{"rendered":"Vyst\u0159elovac\u00ed N\u016f\u017e Benchmade Claymore 3370SGY-1"},"content":{"rendered":"<p>Vyst\u0159elovac\u00ed N\u016f\u017e <strong>Benchmade<\/strong> Claymore 3370SGY-1.<\/p>\n<p>Vyst\u0159elovac\u00ed n\u016f\u017e Benchmade Claymore 3370SGY-1 je vynikaj\u00edc\u00edm n\u00e1strojem, kter\u00fd je zam\u011b\u0159en na rychlost, v\u00fdkon a odolnost. Tento model je zn\u00e1m\u00fd svou ikonickou texturou s kuli\u010dkov\u00fdmi lo\u017eisky, kter\u00e1 zaji\u0161\u0165uje bleskurychlou automatickou aktivaci \u010depele. Je ide\u00e1ln\u00ed pro n\u00e1ro\u010dn\u00e9 \u00fakoly, zejm\u00e9na v kontextu taktick\u00e9 sebeobrany, kde je rychlost a spolehlivos<\/p>\n<p>Vlastnosti:<br \/>\n\u010cepel d\u00fdky s dvojit\u00fdm ost\u0159\u00edm<br \/>\nAgresivn\u00ed vzor dvojit\u00e9ho ozuben\u00ed<br \/>\n\u010cepel z pr\u00e9miov\u00e9 n\u00e1strojov\u00e9 oceli CPM-D2 (60-62HRC)<br \/>\nPovrchov\u00e1 \u00faprava kou\u0159ov\u011b \u0161ed\u00e1 PVD<br \/>\nDvoj\u010dinn\u00fd mechanismus OTF Auto<br \/>\nKapesn\u00ed klips Deep-Carry Tip-Down<br \/>\nRukojeti Ranger Green Grivory<\/p>\n<p>Specifikace:<br \/>\nD\u00e9lka \u010depele: 9,88 cm<br \/>\nTlou\u0161\u0165ka \u010depele: 2,95 mm<br \/>\nTlou\u0161\u0165ka rukojeti: 13,23 mm<br \/>\nMateri\u00e1l \u010depele: N\u00e1strojov\u00e1 ocel CPM-D2<br \/>\nTvrdost \u010depele: 60-62HRC<br \/>\nStyl \u010depele: D\u00fdka s dvojit\u00fdm ost\u0159\u00edm, agresivn\u00ed vzor s dvojit\u00fdm ozuben\u00edm<br \/>\nPovrchov\u00e1 \u00faprava \u010depele: kou\u0159ov\u011b \u0161ed\u00e1 PVD<br \/>\nHmotnost: 84,20 g<br \/>\nKapesn\u00ed klip: Deep Carry Tip-Down, Right\/Left Carry<br \/>\nMateri\u00e1l rukojeti: Ranger Green Grivory<br \/>\nMechanismus z\u00e1mku: Posunut\u00ed palce<br \/>\nCelkov\u00e1 d\u00e9lka: 22,61 cm<br \/>\nD\u00e9lka v zav\u0159en\u00e9m stavu: 12,73 cm<br \/>\nT\u0159\u00edda: \u010cern\u00e1<br \/>\nVyrobeno v USA<\/p>\n","protected":false},"excerpt":{"rendered":"<p><strong>3370SGY-1 Claymore OTF, zn\u00e1m\u00fd pro svou ikonickou texturu s kuli\u010dkov\u00fdmi lo\u017eisky, bleskurychlou automatickou aktivaci a s\u00edlu a odolnost p\u0159i n\u00e1ro\u010dn\u00fdch \u00fakolech, roz\u0161i\u0159uje va\u0161e mo\u017enosti v\u00fdkonn\u00e9 taktick\u00e9 sebeobrany a v\u00fdkonu.<\/strong><\/p>\n<p><strong>Doprava zdarma.<\/strong><\/p>\n","protected":false},"featured_media":369775,"comment_status":"open","ping_status":"closed","template":"","meta":[],"pwb-brand":[3960],"product_brand":[],"product_cat":[2019,17],"product_tag":[],"class_list":{"0":"post-369774","1":"product","2":"type-product","3":"status-publish","4":"has-post-thumbnail","6":"pwb-brand-benchmade","7":"product_cat-vystrelovaci-noze","8":"product_cat-noze","10":"first","11":"instock","12":"taxable","13":"shipping-taxable","14":"purchasable","15":"product-type-simple"},"brands":[{"id":3960,"name":"Benchmade","slug":"benchmade"}],"_links":{"self":[{"href":"https:\/\/www.moskito.cz\/sk\/wp-json\/wp\/v2\/product\/369774","targetHints":{"allow":["GET"]}}],"collection":[{"href":"https:\/\/www.moskito.cz\/sk\/wp-json\/wp\/v2\/product"}],"about":[{"href":"https:\/\/www.moskito.cz\/sk\/wp-json\/wp\/v2\/types\/product"}],"replies":[{"embeddable":true,"href":"https:\/\/www.moskito.cz\/sk\/wp-json\/wp\/v2\/comments?post=369774"}],"wp:featuredmedia":[{"embeddable":true,"href":"https:\/\/www.moskito.cz\/sk\/wp-json\/wp\/v2\/media\/369775"}],"wp:attachment":[{"href":"https:\/\/www.moskito.cz\/sk\/wp-json\/wp\/v2\/media?parent=369774"}],"wp:term":[{"taxonomy":"pwb-brand","embeddable":true,"href":"https:\/\/www.moskito.cz\/sk\/wp-json\/wp\/v2\/pwb-brand?post=369774"},{"taxonomy":"product_brand","embeddable":true,"href":"https:\/\/www.moskito.cz\/sk\/wp-json\/wp\/v2\/product_brand?post=369774"},{"taxonomy":"product_cat","embeddable":true,"href":"https:\/\/www.moskito.cz\/sk\/wp-json\/wp\/v2\/product_cat?post=369774"},{"taxonomy":"product_tag","embeddable":true,"href":"https:\/\/www.moskito.cz\/sk\/wp-json\/wp\/v2\/product_tag?post=369774"}],"curies":[{"name":"wp","href":"https:\/\/api.w.org\/{rel}","templated":true}]}}