{"id":373354,"date":"2024-11-17T21:58:36","date_gmt":"2024-11-17T20:58:36","guid":{"rendered":"https:\/\/www.moskito.cz\/?post_type=product&#038;p=373354"},"modified":"2026-04-28T04:37:56","modified_gmt":"2026-04-28T03:37:56","slug":"vystrelovaci-nuz-benchmade-imunity-2900bk-1","status":"publish","type":"product","link":"https:\/\/www.moskito.cz\/sk\/produkt\/vystrelovaci-nuz-benchmade-imunity-2900bk-1\/","title":{"rendered":"Vyst\u0159elovac\u00ed N\u016f\u017e Benchmade Imunity 2900BK-1"},"content":{"rendered":"<p>Vyst\u0159elovac\u00ed N\u016f\u017e <strong>Benchmade<\/strong> Imunity 2900BK-1.<\/p>\n<p>Benchmade Auto Immunity (BM2900BK-1) je \u0161pi\u010dkov\u00fd n\u016f\u017e ur\u010den\u00fd pro n\u00e1ro\u010dn\u00e9 u\u017eivatele, kte\u0159\u00ed hledaj\u00ed kombinaci kompaktn\u00edho designu, prvot\u0159\u00eddn\u00edch materi\u00e1l\u016f a vynikaj\u00edc\u00ed ergonomii. Tento n\u016f\u017e si zaslou\u017e\u00ed d\u00edky n\u011bkolika kl\u00ed\u010dov\u00fdm vlastnostem a nejlep\u0161\u00edmu zpracov\u00e1n\u00ed:<\/p>\n<p>Kl\u00ed\u010dov\u00e9 vlastnosti:<br \/>\n\u010cepel:<\/p>\n<p>Materi\u00e1l: CPM-M4 Super Tool Steel, kter\u00fd nab\u00edz\u00ed vynikaj\u00edc\u00ed odolnost proti opot\u0159eben\u00ed a dr\u017e\u00ed ostrost i p\u0159i n\u00e1ro\u010dn\u00e9m pou\u017e\u00edv\u00e1n\u00ed.<br \/>\nTvrdost: 62-64 HRC \u2013 ide\u00e1ln\u00ed pro p\u0159esn\u00e9 \u0159ez\u00e1n\u00ed a vysokou odolnost proti otupen\u00ed.<br \/>\nStyl: Wharncliffe tvar \u010depele poskytuje skv\u011blou kontrolu p\u0159i \u0159ez\u00e1n\u00ed.<br \/>\nPovrch: Cobalt Black Cerakote pro odolnost v\u016f\u010di korozi a nen\u00e1padn\u00fd vzhled.<br \/>\nRukoje\u0165:<\/p>\n<p>Vyrobena z eloxovan\u00e9ho hlin\u00edku 6061-T6, co\u017e p\u0159edstavuje n\u00edzkou hmotnost, odolnost a p\u0159\u00edjemn\u00fd \u00fachop.<br \/>\nErgonomicky tvarovan\u00e1 a texturovan\u00e1 pro bezpe\u010dn\u00e9 a pohodln\u00e9 dr\u017een\u00ed.<br \/>\nMechanismus:<\/p>\n<p>Auto-AXIS z\u00e1mek umo\u017e\u0148uje snadn\u00e9 a rychl\u00e9 otev\u00edr\u00e1n\u00ed jednou rukou.<br \/>\nUzamykac\u00ed mechanismus je spolehliv\u00fd a spolehliv\u00fd, co\u017e je kl\u00ed\u010dov\u00e9 pro bezpe\u010dnost p\u0159i manipulaci.<br \/>\nKapesn\u00ed klip:<\/p>\n<p>Oboustrann\u00fd design hlubok\u00e9ho no\u0161en\u00ed je praktick\u00e9 pro prav\u00e1ky i lev\u00e1ky.<br \/>\nMo\u017enost skl\u00e1p\u011bn\u00ed zaji\u0161\u0165uje diskr\u00e9tnost p\u0159i no\u0161en\u00ed.<br \/>\nSpecifikace:<br \/>\nD\u00e9lka \u010depele: 6,32 cm<br \/>\nD\u00e9lka v zav\u0159en\u00e9m stavu: 8,79 cm<br \/>\nCelkov\u00e1 d\u00e9lka: 15,09 cm<br \/>\nTlou\u0161\u0165ka \u010depele: 2,286 mm<br \/>\nTlou\u0161\u0165ka rukojeti: 12,70 mm<br \/>\nHmotnost: 64,92 g<br \/>\nT\u0159\u00edda: \u010cern\u00e1 (Black Class) \u2013 zam\u011b\u0159en\u00e1 na profesion\u00e1ln\u00ed u\u017eivatele.<br \/>\nV\u00fdhody:<br \/>\nKompaktn\u00ed velikost: Perfektn\u00ed pro ka\u017edodenn\u00ed no\u0161en\u00ed (EDC).<br \/>\nLehk\u00fd: Pouze 64,92 g, co\u017e minimalizuje z\u00e1t\u011b\u017e p\u0159i no\u0161en\u00ed.<br \/>\nPr\u00e9miov\u00e9 materi\u00e1ly: Zaru\u010duj\u00ed dlouhou \u017eivotnost a spolehlivost.<br \/>\nEstetika a funk\u010dnost: Stylov\u00e1 \u010dern\u00e1 povrchov\u00e1 \u00faprava a praktick\u00fd design.<br \/>\nBenchmade Auto Immunity je vhodn\u00fd jak pro profesion\u00e1ly, tak pro nad\u0161ence do no\u017e\u016f, kte\u0159\u00ed oce\u0148uj\u00ed kvalitu a prakti\u010dnost. D\u00edky sv\u00e9mu proveden\u00ed a schopnosti pat\u0159\u00ed mezi \u0161pi\u010dku v kategorii automatick\u00fdch no\u017e\u016f.<\/p>\n<p>&nbsp;<\/p>\n<p>&nbsp;<\/p>\n","protected":false},"excerpt":{"rendered":"<p><strong>Benchmade Auto Immunity je vhodn\u00fd jak pro profesion\u00e1ly, tak pro nad\u0161ence do no\u017e\u016f, kte\u0159\u00ed oce\u0148uj\u00ed kvalitu a prakti\u010dnost. D\u00edky sv\u00e9mu proveden\u00ed a schopnosti pat\u0159\u00ed mezi \u0161pi\u010dku v kategorii automatick\u00fdch no\u017e\u016f.<\/strong><\/p>\n<p><strong>Doprava zdarma<\/strong>.<\/p>\n","protected":false},"featured_media":373355,"comment_status":"open","ping_status":"closed","template":"","meta":[],"pwb-brand":[3960],"product_brand":[],"product_cat":[2019,17],"product_tag":[],"class_list":{"0":"post-373354","1":"product","2":"type-product","3":"status-publish","4":"has-post-thumbnail","6":"pwb-brand-benchmade","7":"product_cat-vystrelovaci-noze","8":"product_cat-noze","10":"first","11":"instock","12":"taxable","13":"shipping-taxable","14":"purchasable","15":"product-type-simple"},"brands":[{"id":3960,"name":"Benchmade","slug":"benchmade"}],"_links":{"self":[{"href":"https:\/\/www.moskito.cz\/sk\/wp-json\/wp\/v2\/product\/373354","targetHints":{"allow":["GET"]}}],"collection":[{"href":"https:\/\/www.moskito.cz\/sk\/wp-json\/wp\/v2\/product"}],"about":[{"href":"https:\/\/www.moskito.cz\/sk\/wp-json\/wp\/v2\/types\/product"}],"replies":[{"embeddable":true,"href":"https:\/\/www.moskito.cz\/sk\/wp-json\/wp\/v2\/comments?post=373354"}],"wp:featuredmedia":[{"embeddable":true,"href":"https:\/\/www.moskito.cz\/sk\/wp-json\/wp\/v2\/media\/373355"}],"wp:attachment":[{"href":"https:\/\/www.moskito.cz\/sk\/wp-json\/wp\/v2\/media?parent=373354"}],"wp:term":[{"taxonomy":"pwb-brand","embeddable":true,"href":"https:\/\/www.moskito.cz\/sk\/wp-json\/wp\/v2\/pwb-brand?post=373354"},{"taxonomy":"product_brand","embeddable":true,"href":"https:\/\/www.moskito.cz\/sk\/wp-json\/wp\/v2\/product_brand?post=373354"},{"taxonomy":"product_cat","embeddable":true,"href":"https:\/\/www.moskito.cz\/sk\/wp-json\/wp\/v2\/product_cat?post=373354"},{"taxonomy":"product_tag","embeddable":true,"href":"https:\/\/www.moskito.cz\/sk\/wp-json\/wp\/v2\/product_tag?post=373354"}],"curies":[{"name":"wp","href":"https:\/\/api.w.org\/{rel}","templated":true}]}}