{"id":374543,"date":"2024-11-19T21:32:21","date_gmt":"2024-11-19T20:32:21","guid":{"rendered":"https:\/\/www.moskito.cz\/?post_type=product&#038;p=374543"},"modified":"2025-05-07T11:26:26","modified_gmt":"2025-05-07T10:26:26","slug":"pevny-nuz-benchmade-hunt-meatcrafter-15505","status":"publish","type":"product","link":"https:\/\/www.moskito.cz\/sk\/produkt\/pevny-nuz-benchmade-hunt-meatcrafter-15505\/","title":{"rendered":"Pevn\u00fd N\u016f\u017e Benchmade Hunt Meatcrafter 15505"},"content":{"rendered":"<p>Pevn\u00fd N\u016f\u017e <strong>Benchmade<\/strong> Hunt Meatcrafter 15505.<\/p>\n<p>Benchmade 15505 Meatcrafter je v\u0161estrann\u00fd loveck\u00fd n\u016f\u017e navr\u017een\u00fd pro precizn\u00ed zpracov\u00e1n\u00ed masa, a\u0165 u\u017e na poli, v kuchyni nebo na venkovn\u00edm t\u00e1bo\u0159i\u0161ti. Tento model se vyzna\u010duje zmen\u0161enou \u010depel\u00ed, kter\u00e1 umo\u017e\u0148uje je\u0161t\u011b jemn\u011bj\u0161\u00ed a detailn\u011bj\u0161\u00ed pr\u00e1ci, co\u017e ocen\u00ed zku\u0161en\u00ed lovci p\u0159i zpracov\u00e1n\u00ed men\u0161\u00edch zv\u00ed\u0159at nebo dr\u016fbe\u017ee.<\/p>\n<p>Kl\u00ed\u010dov\u00e9 vlastnosti:<br \/>\nMateri\u00e1l \u010depele: Vyrobena z nerezov\u00e9 oceli CPM-154 , kter\u00e1 poskytuje maxim\u00e1ln\u00ed kombinaci pevnosti, odolnosti proti korozi a snadn\u00e9mu brou\u0161en\u00ed.<br \/>\nSelectEdge profil: Speci\u00e1ln\u00ed design \u010depele zaji\u0161\u0165uje extr\u00e9mn\u00ed ostrost a umo\u017e\u0148uje jemn\u00e9 a p\u0159esn\u00e9 \u0159ezy.<br \/>\nStyl \u010depele: Trailing Point s povrchovou \u00fapravou Stonewash pro odolnost v\u016f\u010di \u0161kr\u00e1banc\u016fm a skvrn\u00e1m.<br \/>\nRukoje\u0165: Santoprene v tmav\u011b olivov\u00e9 barv\u011b poskytuje bezpe\u010dn\u00fd a pohodln\u00fd \u00fachop, ve vlhk\u00e9m prost\u0159ed\u00ed.<br \/>\nPouzdro: Odoln\u00e9 Boltaron pouzdro v oran\u017eovo-\u0161ed\u00e9 kombinaci pro snadn\u00e9 no\u0161en\u00ed.<br \/>\nTechnick\u00e9 specifikace:<br \/>\nD\u00e9lka \u010depele: 10,18 cm<br \/>\nTlou\u0161\u0165ka \u010depele: 2,29 mm<br \/>\nTvrdost \u010depele: 58-61 HRC<br \/>\nD\u00e9lka rukojeti: 412,67 cm<br \/>\nTlou\u0161\u0165ka rukojeti: 13,97 mm<br \/>\nCelkov\u00e1 d\u00e9lka: 22,86 cm<br \/>\nT\u0159\u00edda: Loveck\u00fd n\u016f\u017e<br \/>\nVyrobeno: USA<br \/>\nPou\u017eit\u00ed:<br \/>\nD\u00edky rozm\u011br\u016fm a ergonomick\u00e9mu designu je ide\u00e1ln\u00ed pro zpracov\u00e1n\u00ed, men\u0161\u00edch zv\u00ed\u0159at, jako jsou kr\u00e1l\u00edci pt\u00e1ci nebo men\u0161\u00ed pernat\u00e1 zv\u011b\u0159. Jeho rukoje\u0165 zaji\u0161\u0165uje pevn\u00fd \u00fachop i p\u0159i pr\u00e1ci ve vlhk\u00e9m prost\u0159ed\u00ed, co\u017e je neoceniteln\u00e9 p\u0159i n\u00e1ro\u010dn\u00fdch podm\u00ednk\u00e1ch v ter\u00e9nu.<\/p>\n<p>Benchmade 15505 Meatcrafter\u00a0 je n\u00e1stroj, na kter\u00fd se m\u016f\u017eete spolehnout, pokud jde o p\u0159esnost, odolnost a komfort p\u0159i pr\u00e1ci. Je to perfektn\u00ed spole\u010dn\u00edk pro lovce, kte\u0159\u00ed hledaj\u00ed profesion\u00e1ln\u00ed kvalitu a v\u00fdkon.<\/p>\n<p>&nbsp;<\/p>\n<p>&nbsp;<\/p>\n","protected":false},"excerpt":{"rendered":"<p><strong>D\u00edky rozm\u011br\u016fm a ergonomick\u00e9mu designu je ide\u00e1ln\u00ed pro zpracov\u00e1n\u00ed, men\u0161\u00edch zv\u00ed\u0159at, jako jsou kr\u00e1l\u00edci pt\u00e1ci nebo men\u0161\u00ed pernat\u00e1 zv\u011b\u0159. Jeho rukoje\u0165 zaji\u0161\u0165uje pevn\u00fd \u00fachop i p\u0159i pr\u00e1ci ve vlhk\u00e9m prost\u0159ed\u00ed, co\u017e je neoceniteln\u00e9 p\u0159i n\u00e1ro\u010dn\u00fdch podm\u00ednk\u00e1ch v ter\u00e9nu.<\/strong><\/p>\n<p><strong>Doprava zdarma.<\/strong><\/p>\n","protected":false},"featured_media":374544,"comment_status":"open","ping_status":"closed","template":"","meta":[],"pwb-brand":[3960],"product_brand":[],"product_cat":[23,17],"product_tag":[],"class_list":{"0":"post-374543","1":"product","2":"type-product","3":"status-publish","4":"has-post-thumbnail","6":"pwb-brand-benchmade","7":"product_cat-pevne-noze","8":"product_cat-noze","10":"first","11":"instock","12":"taxable","13":"shipping-taxable","14":"purchasable","15":"product-type-simple"},"brands":[{"id":3960,"name":"Benchmade","slug":"benchmade"}],"_links":{"self":[{"href":"https:\/\/www.moskito.cz\/sk\/wp-json\/wp\/v2\/product\/374543","targetHints":{"allow":["GET"]}}],"collection":[{"href":"https:\/\/www.moskito.cz\/sk\/wp-json\/wp\/v2\/product"}],"about":[{"href":"https:\/\/www.moskito.cz\/sk\/wp-json\/wp\/v2\/types\/product"}],"replies":[{"embeddable":true,"href":"https:\/\/www.moskito.cz\/sk\/wp-json\/wp\/v2\/comments?post=374543"}],"wp:featuredmedia":[{"embeddable":true,"href":"https:\/\/www.moskito.cz\/sk\/wp-json\/wp\/v2\/media\/374544"}],"wp:attachment":[{"href":"https:\/\/www.moskito.cz\/sk\/wp-json\/wp\/v2\/media?parent=374543"}],"wp:term":[{"taxonomy":"pwb-brand","embeddable":true,"href":"https:\/\/www.moskito.cz\/sk\/wp-json\/wp\/v2\/pwb-brand?post=374543"},{"taxonomy":"product_brand","embeddable":true,"href":"https:\/\/www.moskito.cz\/sk\/wp-json\/wp\/v2\/product_brand?post=374543"},{"taxonomy":"product_cat","embeddable":true,"href":"https:\/\/www.moskito.cz\/sk\/wp-json\/wp\/v2\/product_cat?post=374543"},{"taxonomy":"product_tag","embeddable":true,"href":"https:\/\/www.moskito.cz\/sk\/wp-json\/wp\/v2\/product_tag?post=374543"}],"curies":[{"name":"wp","href":"https:\/\/api.w.org\/{rel}","templated":true}]}}