{"id":377951,"date":"2024-11-25T11:04:27","date_gmt":"2024-11-26T08:40:48","guid":{"rendered":"https:\/\/www.moskito.cz\/produkt\/zatvaraci-noz-spartan-blades-talos-sfbl7bk\/"},"modified":"2025-05-07T11:26:50","modified_gmt":"2025-05-07T10:26:50","slug":"zatvaraci-noz-spartan-blades-talos-sfbl7bk","status":"publish","type":"product","link":"https:\/\/www.moskito.cz\/sk\/produkt\/zatvaraci-noz-spartan-blades-talos-sfbl7bk\/","title":{"rendered":"Zatv\u00e1rac\u00ed N\u00f4\u017e Spartan Blades TALOS SFBL7BK"},"content":{"rendered":"<p>Zatv\u00e1rac\u00ed N\u00f4\u017e <strong>Spartan Blades<\/strong> TALOS SFBL7BK. Predstavujeme TALOS Folder, majstrovsky navrhnut\u00fd a \u013eahk\u00fd spolo\u010dn\u00edk, starostlivo vytvoren\u00fd v spolupr\u00e1ci s na\u0161\u00edm v\u00e1\u017een\u00fdm priate\u013eom a spolupracovn\u00edkom Williamom W. Harseyom Jr. Tento \u0161t\u00edhly, \u013eahk\u00fd z\u00e1zrak je navrhnut\u00fd ako ide\u00e1lny ka\u017edodenn\u00fd nosi\u010d, ktor\u00fd \u013eahko zvl\u00e1dne \u0161irok\u00fa \u0161k\u00e1lu \u00faloh v\u010faka premyslen\u00e9mu dizajnu, pr\u00e9miovej \u010depeli CTS-XHP a hlbok\u00e9mu nosn\u00e9mu klipu na vrecko.<\/p>\n<p>K\u013e\u00fa\u010dov\u00e9 vlastnosti:<\/p>\n<p>Premyslen\u00fd dizajn: Napriek svojej kompaktnej ve\u013ekosti TALOS Folder pon\u00faka design, ktor\u00fd kladie d\u00f4raz na funk\u010dnos\u0165 pre ka\u017edodenn\u00e9 \u00falohy. Od potokov pln\u00fdch pstruhov a\u017e po ka\u017edodenn\u00e9 doch\u00e1dzanie, tento mal\u00fd, ale v\u00fdkonn\u00fd spolo\u010dn\u00edk zvl\u00e1dne v\u0161etko.<br \/>\n Pr\u00e9miov\u00e1 \u010depe\u013e CTS-XHP: TALOS Folder je vybaven\u00fd 3,120&#8243; pr\u00e9miovou \u010depe\u013eou CTS-XHP, ktor\u00e1 je zn\u00e1ma svojou vynikaj\u00facou retenciou ostrie a odolnos\u0165ou, \u010do zais\u0165uje dlh\u00fa \u017eivotnos\u0165 no\u017ea.<br \/>\n Hlbok\u00fd nosn\u00fd klip na vrecko: Hlbok\u00fd nosn\u00fd klip umo\u017e\u0148uje diskr\u00e9tne a bezpe\u010dn\u00e9 nosenie, \u010do v\u00e1m umo\u017en\u00ed s istotou vzia\u0165 TALOS kamko\u013evek sa vyd\u00e1te na svoje dobrodru\u017estvo.<br \/>\n Syst\u00e9m bronzov\u00fdch lo\u017e\u00edsk s olejovou impregn\u00e1ciou (OIBBS): V r\u00e1mci n\u00e1\u0161ho z\u00e1v\u00e4zku k inov\u00e1ci\u00e1m s\u00fa v\u0161etky bronzov\u00e9 (Field) grade no\u017ea vybaven\u00e9 syst\u00e9mom \u201eOil Infused Bronze Bushing System\u201c. Sinterovan\u00e9 bronzov\u00e9 lo\u017eisk\u00e1, impregnovan\u00e9 olejom, zni\u017euj\u00fa trenie \u010depele, \u010d\u00edm zais\u0165uj\u00fa pevn\u00e9 a z\u00e1rove\u0148 plynul\u00e9 otv\u00e1ranie \u010depele. Tento syst\u00e9m exceluje pri pomal\u00fdch pohyboch, preru\u0161ovanom pou\u017e\u00edvan\u00ed a nerovnomern\u00fdch z\u00e1\u0165a\u017eiach, ktor\u00e9 s\u00fa typick\u00e9 pre skladacie no\u017ee.   <\/p>\n<p>\u0160pecifik\u00e1cia:<\/p>\n<p>Dizajn\u00e9ri: William W. Harsey Jr.<br \/>\n D\u013a\u017eka \u010depele: 7,93 cm<br \/>\n Hr\u00fabka \u010depele: 0,30 cm<br \/>\n Celkov\u00e1 d\u013a\u017eka: 17,78 cm<br \/>\n Hmotnos\u0165: 66 g<br \/>\n Oce\u013e \u010depele: Pr\u00e9miov\u00e1 CTS-XHP<br \/>\n Tvrdos\u0165 \u010depele: 58-60 HRC<br \/>\n \u0160t\u00fdl \u010depele: Skladacia, rovn\u00fd chrb\u00e1t, ploch\u00fd v\u00fdbrus<br \/>\n Povrch \u010depele: Tumbler<br \/>\n R\u00e1m: Liner Lock, text\u00farovan\u00fd \u010dierny G-10<br \/>\n Remeseln\u00e9 spracovanie, ktor\u00e9 ide nad r\u00e1mec be\u017en\u00e9ho: Vylep\u0161ite svoj ka\u017edodenn\u00fd z\u00e1\u017eitok s no\u017eom TALOS Folder, ktor\u00fd je svedectvom remeselnej zru\u010dnosti a spolupr\u00e1ce Spartan Blades a Williama W. Harseya Jr. \u010ci u\u017e sa pohybujete po divok\u00fdch potokoch alebo prekon\u00e1vate mestsk\u00e9 krajiny, TALOS je va\u0161im spo\u013eahliv\u00fdm a \u0161t\u00fdlov\u00fdm spolo\u010dn\u00edkom. <\/p>\n<p>&nbsp;<\/p>\n","protected":false},"excerpt":{"rendered":"<p><strong>Predstavujeme TALOS Folder, majstrovsky navrhnut\u00fd a \u013eahk\u00fd spolo\u010dn\u00edk, starostlivo vytvoren\u00fd v spolupr\u00e1ci s na\u0161\u00edm v\u00e1\u017een\u00fdm priate\u013eom a spolupracovn\u00edkom Williamom W. Harseyom Jr. Tento \u0161t\u00edhly, \u013eahk\u00fd z\u00e1zrak je navrhnut\u00fd ako ide\u00e1lny ka\u017edodenn\u00fd nosi\u010d, ktor\u00fd \u013eahko zvl\u00e1dne \u0161irok\u00fa \u0161k\u00e1lu \u00faloh v\u010faka premyslen\u00e9mu dizajnu, pr\u00e9miovej \u010depeli CTS-XHP a hlbok\u00e9mu nosn\u00e9mu klipu na vrecko. <\/strong><\/p>\n","protected":false},"featured_media":377188,"comment_status":"open","ping_status":"closed","template":"","meta":[],"pwb-brand":[3835],"product_brand":[],"product_cat":[3186,3233],"product_tag":[],"class_list":{"0":"post-377951","1":"product","2":"type-product","3":"status-publish","4":"has-post-thumbnail","6":"pwb-brand-spartan-blades-sk","7":"product_cat-noze-sk","8":"product_cat-zatvaracie-noze","10":"first","11":"instock","12":"taxable","13":"shipping-taxable","14":"purchasable","15":"product-type-simple"},"brands":[{"id":3835,"name":"Spartan Blades","slug":"spartan-blades-sk"}],"_links":{"self":[{"href":"https:\/\/www.moskito.cz\/sk\/wp-json\/wp\/v2\/product\/377951","targetHints":{"allow":["GET"]}}],"collection":[{"href":"https:\/\/www.moskito.cz\/sk\/wp-json\/wp\/v2\/product"}],"about":[{"href":"https:\/\/www.moskito.cz\/sk\/wp-json\/wp\/v2\/types\/product"}],"replies":[{"embeddable":true,"href":"https:\/\/www.moskito.cz\/sk\/wp-json\/wp\/v2\/comments?post=377951"}],"wp:featuredmedia":[{"embeddable":true,"href":"https:\/\/www.moskito.cz\/sk\/wp-json\/wp\/v2\/media\/377188"}],"wp:attachment":[{"href":"https:\/\/www.moskito.cz\/sk\/wp-json\/wp\/v2\/media?parent=377951"}],"wp:term":[{"taxonomy":"pwb-brand","embeddable":true,"href":"https:\/\/www.moskito.cz\/sk\/wp-json\/wp\/v2\/pwb-brand?post=377951"},{"taxonomy":"product_brand","embeddable":true,"href":"https:\/\/www.moskito.cz\/sk\/wp-json\/wp\/v2\/product_brand?post=377951"},{"taxonomy":"product_cat","embeddable":true,"href":"https:\/\/www.moskito.cz\/sk\/wp-json\/wp\/v2\/product_cat?post=377951"},{"taxonomy":"product_tag","embeddable":true,"href":"https:\/\/www.moskito.cz\/sk\/wp-json\/wp\/v2\/product_tag?post=377951"}],"curies":[{"name":"wp","href":"https:\/\/api.w.org\/{rel}","templated":true}]}}