{"id":378191,"date":"2024-11-26T15:15:55","date_gmt":"2024-11-26T14:15:55","guid":{"rendered":"https:\/\/www.moskito.cz\/?post_type=product&#038;p=378191"},"modified":"2025-05-07T11:26:52","modified_gmt":"2025-05-07T10:26:52","slug":"black-multicam-mesh-hat-with-spartan-blade-logo","status":"publish","type":"product","link":"https:\/\/www.moskito.cz\/sk\/produkt\/black-multicam-mesh-hat-with-spartan-blade-logo\/","title":{"rendered":"Black MultiCam Mesh Hat with Spartan Blade Logo"},"content":{"rendered":"<p>Black MultiCam Mesh Hat with Spartan Blade Logo.<\/p>\n<p>Vysoce kvalitn\u00ed k\u0161iltovka s s\u00ed\u0165ovinou od Nine Line Apparel<\/p>\n<p>Pohodl\u00ed, styl a americk\u00e1 hrdost<\/p>\n<p>Pozvedn\u011bte sv\u016fj ka\u017edodenn\u00ed styl s vysoce kvalitn\u00ed k\u0161iltovkou s s\u00ed\u0165ovinou od Nine Line Apparel, kter\u00e1 vynik\u00e1 \u0161pi\u010dkov\u00fdm zpracov\u00e1n\u00edm, pohodl\u00edm a vlasteneck\u00fdm duchem. Tato k\u0161iltovka, hrd\u011b vyroben\u00e1 v USA, kombinuje funk\u010dnost s nad\u010dasov\u00fdm designem.<br \/>\nKl\u00ed\u010dov\u00e9 vlastnosti<\/p>\n<p>Vyrobeno v USA<br \/>\nPe\u010dliv\u011b zhotoveno s d\u016frazem na kvalitu, tato k\u0161iltovka odr\u00e1\u017e\u00ed v\u00fdjime\u010dn\u00e9 americk\u00e9 \u0159emesln\u00e9 zpracov\u00e1n\u00ed.<\/p>\n<p>Prody\u0161n\u00e1 s\u00ed\u0165ovina<br \/>\nZ\u016fsta\u0148te sv\u011b\u017e\u00ed a v suchu d\u00edky s\u00ed\u0165ovinov\u00e9mu panelu, kter\u00fd odv\u00e1d\u00ed vlhkost a poskytuje maxim\u00e1ln\u00ed pohodl\u00ed i p\u0159i dlouhodob\u00e9m no\u0161en\u00ed.<\/p>\n<p>Nastaviteln\u00fd p\u00e1sek<br \/>\nP\u0159izp\u016fsobte si velikost d\u00edky nastaviteln\u00e9mu zadn\u00edmu p\u00e1sku, kter\u00fd zaru\u010duje pohodln\u00e9 no\u0161en\u00ed pro v\u0161echny velikosti.<\/p>\n<p>P\u0159ipraveno na n\u00e1\u0161ivky<br \/>\nVyj\u00e1d\u0159ete svou individualitu! Na p\u0159edn\u00ed panel m\u016f\u017eete snadno p\u0159ipevnit sv\u00e9 obl\u00edben\u00e9 n\u00e1\u0161ivky se such\u00fdm zipem.<\/p>\n<p>Vlasteneck\u00e1 v\u00fd\u0161ivka<br \/>\nNa prav\u00e9 stran\u011b je precizn\u011b vy\u0161it\u00e1 americk\u00e1 vlajka, kter\u00e1 dod\u00e1v\u00e1 k\u0161iltovce vlasteneck\u00fd n\u00e1dech.<\/p>\n<p>Pohodln\u00e9 no\u0161en\u00ed<br \/>\nNavr\u017eeno pro maxim\u00e1ln\u00ed komfort, k\u0161iltovka sed\u00ed tak dob\u0159e, \u017ee ji mo\u017en\u00e1 nebudete cht\u00edt sundat ani b\u011bhem odpo\u010dinku.<\/p>\n<p>O Nine Line Apparel<\/p>\n<p>Americk\u00e1 od\u011bvn\u00ed zna\u010dka<br \/>\nNine Line Apparel je synonymem kvality a hrdosti, s d\u016frazem na pou\u017eit\u00ed materi\u00e1l\u016f poch\u00e1zej\u00edc\u00edch v\u00fdhradn\u011b z USA.<\/p>\n<p>Veter\u00e1ny vlastn\u011bn\u00e1 a \u0159\u00edzen\u00e1 spole\u010dnost<br \/>\nZalo\u017een\u00e1 a veden\u00e1 veter\u00e1ny, tato zna\u010dka stav\u00ed na principech slu\u017eby, dokonalosti a oddanosti.<\/p>\n<p>A\u0165 u\u017e jdete na proch\u00e1zku, pl\u00e1nujete outdoorov\u00e9 aktivity, nebo jen chcete dodat sv\u00e9mu outfitu vlasteneck\u00fd n\u00e1dech, vysoce kvalitn\u00ed k\u0161iltovka s s\u00ed\u0165ovinou od Nine Line Apparel je ide\u00e1ln\u00ed volbou.<\/p>\n","protected":false},"excerpt":{"rendered":"<p><strong>A\u0165 u\u017e jdete na proch\u00e1zku, pl\u00e1nujete outdoorov\u00e9 aktivity, nebo jen chcete dodat sv\u00e9mu outfitu vlasteneck\u00fd n\u00e1dech, vysoce kvalitn\u00ed k\u0161iltovka s s\u00ed\u0165ovinou od Nine Line Apparel je ide\u00e1ln\u00ed volbou.<\/strong><\/p>\n","protected":false},"featured_media":378192,"comment_status":"open","ping_status":"closed","template":"","meta":[],"pwb-brand":[3833],"product_brand":[],"product_cat":[22,17,23],"product_tag":[],"class_list":{"0":"post-378191","1":"product","2":"type-product","3":"status-publish","4":"has-post-thumbnail","6":"pwb-brand-spartan-blades","7":"product_cat-zaviraci-noze","8":"product_cat-noze","9":"product_cat-pevne-noze","11":"first","12":"outofstock","13":"taxable","14":"shipping-taxable","15":"purchasable","16":"product-type-simple"},"brands":[{"id":3833,"name":"Spartan Blades","slug":"spartan-blades"}],"_links":{"self":[{"href":"https:\/\/www.moskito.cz\/sk\/wp-json\/wp\/v2\/product\/378191","targetHints":{"allow":["GET"]}}],"collection":[{"href":"https:\/\/www.moskito.cz\/sk\/wp-json\/wp\/v2\/product"}],"about":[{"href":"https:\/\/www.moskito.cz\/sk\/wp-json\/wp\/v2\/types\/product"}],"replies":[{"embeddable":true,"href":"https:\/\/www.moskito.cz\/sk\/wp-json\/wp\/v2\/comments?post=378191"}],"wp:featuredmedia":[{"embeddable":true,"href":"https:\/\/www.moskito.cz\/sk\/wp-json\/wp\/v2\/media\/378192"}],"wp:attachment":[{"href":"https:\/\/www.moskito.cz\/sk\/wp-json\/wp\/v2\/media?parent=378191"}],"wp:term":[{"taxonomy":"pwb-brand","embeddable":true,"href":"https:\/\/www.moskito.cz\/sk\/wp-json\/wp\/v2\/pwb-brand?post=378191"},{"taxonomy":"product_brand","embeddable":true,"href":"https:\/\/www.moskito.cz\/sk\/wp-json\/wp\/v2\/product_brand?post=378191"},{"taxonomy":"product_cat","embeddable":true,"href":"https:\/\/www.moskito.cz\/sk\/wp-json\/wp\/v2\/product_cat?post=378191"},{"taxonomy":"product_tag","embeddable":true,"href":"https:\/\/www.moskito.cz\/sk\/wp-json\/wp\/v2\/product_tag?post=378191"}],"curies":[{"name":"wp","href":"https:\/\/api.w.org\/{rel}","templated":true}]}}