{"id":378400,"date":"2024-11-26T18:47:37","date_gmt":"2024-11-26T17:47:37","guid":{"rendered":"https:\/\/www.moskito.cz\/?post_type=product&#038;p=378400"},"modified":"2025-05-07T11:26:54","modified_gmt":"2025-05-07T10:26:54","slug":"zaviraci-nuz-fox-knives-the-claw-fe-014","status":"publish","type":"product","link":"https:\/\/www.moskito.cz\/sk\/produkt\/zaviraci-nuz-fox-knives-the-claw-fe-014\/","title":{"rendered":"Zav\u00edrac\u00ed N\u016f\u017e Fox Knives THE CLAW FE-014"},"content":{"rendered":"<p>Zav\u00edrac\u00ed N\u016f\u017e <strong>Fox Knives<\/strong> THE CLAW FE-014.<\/p>\n<p>\u0158ada Fox Edge zt\u011bles\u0148uje z\u00e1vazek vytv\u00e1\u0159et v\u0161estrann\u00e9, cenov\u011b dostupn\u00e9 no\u017ee vhodn\u00e9 pro ka\u017ed\u00fd typ u\u017eivatele. Tyto no\u017ee se skl\u00e1dac\u00edm designem a designem s pevnou \u010depel\u00ed kombinuj\u00ed elegantn\u00ed estetiku s praktickou funk\u010dnost\u00ed, d\u00edky \u010demu\u017e jsou ide\u00e1ln\u00ed pro ka\u017edodenn\u00ed no\u0161en\u00ed (EDC). Lehk\u00e9 a odoln\u00e9 no\u017ee Fox Edge jsou vyrobeny tak, aby snadno podporovaly \u0161irokou \u0161k\u00e1lu ka\u017edodenn\u00edch \u010dinnost\u00ed.<\/p>\n<p>S podporou odborn\u00fdch znalost\u00ed Coltellerie FOX \u2013 d\u016fv\u011bryhodn\u00e9ho l\u00eddra ve v\u00fdrob\u011b no\u017e\u016f od roku 1977 \u2013 zna\u010dka Fox Edge zaji\u0161\u0165uje kvalitu a spolehlivost ka\u017ed\u00e9 \u010depele. A\u0165 u\u017e \u0159e\u0161\u00edte rutinn\u00ed \u00fakoly nebo pot\u0159ebujete spolehliv\u00fd n\u00e1stroj na cest\u00e1ch, no\u017ee Fox Edge nab\u00edzej\u00ed v\u00fdkon, na kter\u00fd se m\u016f\u017eete spolehnout.<\/p>\n<p>N\u016f\u017e, kter\u00fd jste popsal, se jev\u00ed jako dob\u0159e zpracovan\u00fd a v\u0161estrann\u00fd n\u00e1stroj s n\u00e1sleduj\u00edc\u00edmi kl\u00ed\u010dov\u00fdmi vlastnostmi:<\/p>\n<p>Design\u00e9r : Denis Simonutti &#8211; Zn\u00e1m\u00fd sv\u00fdm smyslem pro detail a funk\u010dn\u00ed design.<br \/>\nMateri\u00e1l \u010depele : UNI 8Cr13MoV ocel &#8211; Spolehliv\u00e1, cenov\u011b v\u00fdhodn\u00e1 nerezov\u00e1 ocel, kter\u00e1 se \u010dasto pou\u017e\u00edv\u00e1 u no\u017e\u016f pro ka\u017edodenn\u00ed no\u0161en\u00ed (EDC). Nab\u00edz\u00ed dobr\u00e9 zachov\u00e1n\u00ed hran a odolnost proti korozi.<br \/>\nTvrdost : HRC 57-59 &#8211; Poskytuje rovnov\u00e1hu hou\u017eevnatosti a zachov\u00e1n\u00ed ost\u0159\u00ed, vhodn\u00e9 pro v\u0161eobecn\u00e9 pou\u017eit\u00ed.<br \/>\nPovrchov\u00e1 \u00faprava \u010depele : \u010cern\u00e9 kamenn\u00e9 PVD &#8211; Zvy\u0161uje odolnost a dod\u00e1v\u00e1 \u010depeli drsn\u00fd, matn\u00fd vzhled, kter\u00fd dob\u0159e skr\u00fdv\u00e1 \u0161kr\u00e1bance.<br \/>\nRukoje\u0165 : \u010cern\u00e1 G10 &#8211; Odoln\u00fd, lehk\u00fd a strukturovan\u00fd materi\u00e1l, vynikaj\u00edc\u00ed pro \u00fachop v r\u016fzn\u00fdch podm\u00ednk\u00e1ch.<br \/>\nKlip : AISI 420 s PTFE povlakem &#8211; Siln\u00e1 nerezov\u00e1 ocel s hladk\u00fdm \u010dern\u00fdm povrchem pro diskr\u00e9tn\u00ed no\u0161en\u00ed.<br \/>\nDistan\u010dn\u00ed vlo\u017eka : \u010cern\u011b eloxovan\u00fd hlin\u00edk &#8211; Lehk\u00fd a odoln\u00fd proti korozi, co\u017e p\u0159isp\u00edv\u00e1 k celkov\u00e9 odolnosti no\u017ee.<br \/>\n\u0160rouby : \u010cern\u00e1 nerezov\u00e1 ocel pota\u017een\u00e1 PTFE &#8211; Odoln\u00e9 proti korozi s odpov\u00eddaj\u00edc\u00edm estetick\u00fdm vzhledem k tmav\u00e9mu motivu no\u017ee.<br \/>\nD\u00e9lka \u010depele : 80 mm<\/p>\n","protected":false},"excerpt":{"rendered":"<p><strong>\u0158ada Fox Edge zt\u011bles\u0148uje z\u00e1vazek vytv\u00e1\u0159et v\u0161estrann\u00e9, cenov\u011b dostupn\u00e9 no\u017ee vhodn\u00e9 pro ka\u017ed\u00fd typ u\u017eivatele. Tyto no\u017ee se skl\u00e1dac\u00edm designem a designem s pevnou \u010depel\u00ed kombinuj\u00ed elegantn\u00ed estetiku s praktickou funk\u010dnost\u00ed, d\u00edky \u010demu\u017e jsou ide\u00e1ln\u00ed pro ka\u017edodenn\u00ed no\u0161en\u00ed.<\/strong><\/p>\n","protected":false},"featured_media":378401,"comment_status":"open","ping_status":"closed","template":"","meta":[],"pwb-brand":[796],"product_brand":[],"product_cat":[22,2062,17],"product_tag":[],"class_list":{"0":"post-378400","1":"product","2":"type-product","3":"status-publish","4":"has-post-thumbnail","6":"pwb-brand-fox-knives","7":"product_cat-zaviraci-noze","8":"product_cat-karambity","9":"product_cat-noze","11":"first","12":"outofstock","13":"taxable","14":"shipping-taxable","15":"purchasable","16":"product-type-simple"},"brands":[{"id":796,"name":"Fox Knives","slug":"fox-knives"}],"_links":{"self":[{"href":"https:\/\/www.moskito.cz\/sk\/wp-json\/wp\/v2\/product\/378400","targetHints":{"allow":["GET"]}}],"collection":[{"href":"https:\/\/www.moskito.cz\/sk\/wp-json\/wp\/v2\/product"}],"about":[{"href":"https:\/\/www.moskito.cz\/sk\/wp-json\/wp\/v2\/types\/product"}],"replies":[{"embeddable":true,"href":"https:\/\/www.moskito.cz\/sk\/wp-json\/wp\/v2\/comments?post=378400"}],"wp:featuredmedia":[{"embeddable":true,"href":"https:\/\/www.moskito.cz\/sk\/wp-json\/wp\/v2\/media\/378401"}],"wp:attachment":[{"href":"https:\/\/www.moskito.cz\/sk\/wp-json\/wp\/v2\/media?parent=378400"}],"wp:term":[{"taxonomy":"pwb-brand","embeddable":true,"href":"https:\/\/www.moskito.cz\/sk\/wp-json\/wp\/v2\/pwb-brand?post=378400"},{"taxonomy":"product_brand","embeddable":true,"href":"https:\/\/www.moskito.cz\/sk\/wp-json\/wp\/v2\/product_brand?post=378400"},{"taxonomy":"product_cat","embeddable":true,"href":"https:\/\/www.moskito.cz\/sk\/wp-json\/wp\/v2\/product_cat?post=378400"},{"taxonomy":"product_tag","embeddable":true,"href":"https:\/\/www.moskito.cz\/sk\/wp-json\/wp\/v2\/product_tag?post=378400"}],"curies":[{"name":"wp","href":"https:\/\/api.w.org\/{rel}","templated":true}]}}