{"id":378809,"date":"2024-11-27T14:52:31","date_gmt":"2024-11-27T13:52:31","guid":{"rendered":"https:\/\/www.moskito.cz\/?post_type=product&#038;p=378809"},"modified":"2026-04-20T09:22:04","modified_gmt":"2026-04-20T08:22:04","slug":"vystrelovaci-nuz-a-g-a-campolin-f16d-no","status":"publish","type":"product","link":"https:\/\/www.moskito.cz\/sk\/produkt\/vystrelovaci-nuz-a-g-a-campolin-f16d-no\/","title":{"rendered":"Vyst\u0159elovac\u00ed N\u016f\u017e A.G.A. CAMPOLIN F16D-NO"},"content":{"rendered":"<p>Vyst\u0159elovac\u00ed N\u016f\u017e A.G.A. CAMPOLIN F16D-NO.<\/p>\n<p>AKC F16 je elegantn\u00ed a v\u00fdkonn\u00fd automatick\u00fd n\u016f\u017e s v\u00fdsuvn\u00fdm mechanismem (OTF), kter\u00fd kombinuje design inspirovan\u00fd italsk\u00fdm stilettem s modern\u00edmi materi\u00e1ly a funk\u010dnost\u00ed. Mezi jeho hlavn\u00ed p\u0159ednosti pat\u0159\u00ed:<\/p>\n<p>Spolehliv\u00fd mechanismus: Robustn\u00ed dvojit\u00fd pru\u017einov\u00fd syst\u00e9m zaji\u0161\u0165uje rychl\u00e9 vysunut\u00ed i zasunut\u00ed \u010depele s minim\u00e1ln\u00edm opot\u0159eben\u00edm.<br \/>\nPlynul\u00fd chod: Stisknut\u00edm oran\u017eov\u00e9ho tla\u010d\u00edtka sm\u011brem dop\u0159edu se \u010depel rychle vysune, zat\u00edmco zata\u017een\u00edm tla\u010d\u00edtka dozadu se bezpe\u010dn\u011b zasune. Mechanismus je jednoduch\u00fd a u\u017eivatelsky p\u0159\u00edv\u011btiv\u00fd.<br \/>\nErgonomick\u00fd design: Rukoje\u0165 z \u010dern\u00e9ho hlin\u00edku, dopln\u011bn\u00e1 grav\u00edrovan\u00fdmi gumov\u00fdmi vlo\u017ekami, zaji\u0161\u0165uje bezpe\u010dn\u00fd \u00fachop. I p\u0159es pevnou konstrukci je n\u016f\u017e lehk\u00fd, v\u00e1\u017e\u00ed pouh\u00fdch 90 g.<br \/>\nVlastnosti \u010depele: Sat\u00e9nov\u011b hladk\u00e1 \u010depel s oboustrann\u00fdm ost\u0159\u00edm ve stylu d\u00fdky je vyrobena z nerezov\u00e9 oceli 440A, kter\u00e1 je ostr\u00e1 a odoln\u00e1. D\u00e9lka \u010depele je 8,5 cm (3,35&#8243;), tlou\u0161\u0165ka 3 mm (0,12&#8243;), co\u017e zaji\u0161\u0165uje ide\u00e1ln\u00ed kombinaci p\u0159esnosti a pevnosti.<br \/>\nKompaktn\u00ed a p\u0159enosn\u00fd: P\u0159i celkov\u00e9 d\u00e9lce 20 cm je n\u016f\u017e snadno p\u0159enosn\u00fd a diskr\u00e9tn\u00ed d\u00edky \u010dern\u00e9mu klipu na kapsu.<br \/>\nExkluzivn\u00ed design: Tento model, vyroben\u00fd v\u00fdhradn\u011b pro 3knives.com, podtrhuje preciznost a zru\u010dnost zna\u010dky AKC.<\/p>\n<p>D\u00edky sv\u00e9 dostupn\u00e9 cen\u011b a kvalitn\u00ed konstrukci je AKC F16 skv\u011blou volbou pro nad\u0161ence, kte\u0159\u00ed hledaj\u00ed spolehliv\u00fd a stylov\u00fd OTF automatick\u00fd n\u016f\u017e.<\/p>\n","protected":false},"excerpt":{"rendered":"<p><strong>D\u00edky sv\u00e9 dostupn\u00e9 cen\u011b a kvalitn\u00ed konstrukci je AKC F16 skv\u011blou volbou pro nad\u0161ence, kte\u0159\u00ed hledaj\u00ed spolehliv\u00fd a stylov\u00fd OTF automatick\u00fd n\u016f\u017e.<\/strong><\/p>\n","protected":false},"featured_media":378818,"comment_status":"open","ping_status":"closed","template":"","meta":[],"pwb-brand":[3245],"product_brand":[],"product_cat":[2019,17],"product_tag":[],"class_list":{"0":"post-378809","1":"product","2":"type-product","3":"status-publish","4":"has-post-thumbnail","6":"pwb-brand-a-g-a-campolin","7":"product_cat-vystrelovaci-noze","8":"product_cat-noze","10":"first","11":"instock","12":"taxable","13":"shipping-taxable","14":"purchasable","15":"product-type-simple"},"brands":[{"id":3245,"name":"A.G.A. CAMPOLIN","slug":"a-g-a-campolin"}],"_links":{"self":[{"href":"https:\/\/www.moskito.cz\/sk\/wp-json\/wp\/v2\/product\/378809","targetHints":{"allow":["GET"]}}],"collection":[{"href":"https:\/\/www.moskito.cz\/sk\/wp-json\/wp\/v2\/product"}],"about":[{"href":"https:\/\/www.moskito.cz\/sk\/wp-json\/wp\/v2\/types\/product"}],"replies":[{"embeddable":true,"href":"https:\/\/www.moskito.cz\/sk\/wp-json\/wp\/v2\/comments?post=378809"}],"wp:featuredmedia":[{"embeddable":true,"href":"https:\/\/www.moskito.cz\/sk\/wp-json\/wp\/v2\/media\/378818"}],"wp:attachment":[{"href":"https:\/\/www.moskito.cz\/sk\/wp-json\/wp\/v2\/media?parent=378809"}],"wp:term":[{"taxonomy":"pwb-brand","embeddable":true,"href":"https:\/\/www.moskito.cz\/sk\/wp-json\/wp\/v2\/pwb-brand?post=378809"},{"taxonomy":"product_brand","embeddable":true,"href":"https:\/\/www.moskito.cz\/sk\/wp-json\/wp\/v2\/product_brand?post=378809"},{"taxonomy":"product_cat","embeddable":true,"href":"https:\/\/www.moskito.cz\/sk\/wp-json\/wp\/v2\/product_cat?post=378809"},{"taxonomy":"product_tag","embeddable":true,"href":"https:\/\/www.moskito.cz\/sk\/wp-json\/wp\/v2\/product_tag?post=378809"}],"curies":[{"name":"wp","href":"https:\/\/api.w.org\/{rel}","templated":true}]}}