{"id":381257,"date":"2024-12-02T22:25:54","date_gmt":"2024-12-09T11:51:41","guid":{"rendered":"https:\/\/www.moskito.cz\/produkt\/vystrelovaci-noz-microtech-scarab-ii-gen-iii-1278-2t\/"},"modified":"2025-05-07T11:27:15","modified_gmt":"2025-05-07T10:27:15","slug":"vystrelovaci-noz-microtech-scarab-ii-gen-iii-1278-2t","status":"publish","type":"product","link":"https:\/\/www.moskito.cz\/sk\/produkt\/vystrelovaci-noz-microtech-scarab-ii-gen-iii-1278-2t\/","title":{"rendered":"Vystre\u013eovac\u00ed N\u00f4\u017e Microtech Scarab II Gen III 1278-2T"},"content":{"rendered":"<p>Vystre\u013eovac\u00ed N\u00f4\u017e <strong>Microtech<\/strong> Scarab II Gen III 1278-2T. vo vysoko intenz\u00edvnych skryt\u00fdch oper\u00e1ci\u00e1ch. \u0161irok\u00fa \u0161k\u00e1lu taktick\u00fdch, \u00fa\u017eitkov\u00fdch a bojov\u00fdch aplik\u00e1ci\u00ed, tak\u017ee je ide\u00e1lny pre pou\u017eitie policajtmi, vojensk\u00fdm person\u00e1lom a vl\u00e1dnymi agent\u00farami.<br \/>\n Jednoru\u010dn\u00fd, dvoj\u010dinn\u00fd dizajn OTF: \u010cepe\u013e sa nas\u00fava aj zas\u00fava jednou rukou.<br \/>\n Rukov\u00e4\u0165: Vyzna\u010duje sa ergonomick\u00fdm, \u013eahko uchopite\u013en\u00fdm dizajnom s text\u00farovan\u00fdm proti\u0161mykov\u00fdm povrchom a vlo\u017ekami na oboch stran\u00e1ch, ktor\u00e9 poskytuj\u00fa vynikaj\u00face ovl\u00e1danie a pohodlie.<br \/>\n Odolnos\u0165 : Vyroben\u00e9 pod\u013ea najvy\u0161\u0161\u00edch \u0161tandardov spo\u013eahlivosti a bezpe\u010dnosti, a to aj v extr\u00e9mnych situ\u00e1ci\u00e1ch.<br \/>\n Pou\u017eitie: Vhodn\u00e9 pre profesion\u00e1lov zapojen\u00fdch do vym\u00e1hania pr\u00e1va, vojensk\u00fdch oper\u00e1ci\u00ed a \u00faloh vl\u00e1dnych agent\u00far.<br \/>\n T\u00e1to verzia Scarab II pon\u00faka rovnak\u00fa spo\u013eahlivos\u0165 a v\u00fdkon ako origin\u00e1l, ale s vylep\u0161eniami, v\u010faka ktor\u00fdm je e\u0161te univerz\u00e1lnej\u0161ia a hod\u00ed sa pre taktick\u00e9 oper\u00e1cie. \u0161t\u00fdlu svojho predchodcu. Tento aktualizovan\u00fd Scarab II nastavuje nov\u00fd \u0161tandard v technol\u00f3gii OTF. (Out the Front).<br \/>\n Vonkaj\u0161\u00ed dizajn: Scarab II si zachov\u00e1va klasick\u00fa estetiku z predch\u00e1dzaj\u00facich gener\u00e1ci\u00ed, ako s\u00fa trak\u010dn\u00e9 vlo\u017eky, design skrutiek Torx na \u0161asi a ikonick\u00fd rozb\u00edja\u010d skla a vreckov\u00fd klip, v\u010faka ktor\u00fdm je jedn\u00fdm z najzn\u00e1mej\u0161\u00edch \u0161t\u00fdlov OTF.<br \/>\n Revolu\u010dn\u00fd dvojstup\u0148ov\u00fd syst\u00e9m pohonu: Tento inovat\u00edvny syst\u00e9m zais\u0165uje plynul\u00e9 nasadenie a vysok\u00fd v\u00fdkon. Kon\u0161trukcia s dvojitou pru\u017einou umo\u017e\u0148uje nasadenie \u010depele s dostato\u010dnou silou pre udr\u017eanie r\u00fdchlosti a \u00fa\u010dinnosti, a to aj v podmienkach pod vodou.<br \/>\n Aktualizovan\u00fd dizajn vrecka tla\u010didla : Nov\u00fd dizajn zni\u017euje trenie a pom\u00e1ha odstra\u0148ova\u0165 ne\u010distoty z mechanizmu, \u010do zni\u017euje potrebu \u010dastej \u00fadr\u017eby a \u010distenia. Toto vylep\u0161enie zvy\u0161uje spo\u013eahlivos\u0165 no\u017ea a jednoduch\u00e9 pou\u017eitie.<br \/>\n Odolnos\u0165 a v\u00fdkon: Kombin\u00e1ciou \u0161pi\u010dkovej technol\u00f3gie s klasick\u00fdm dizajnom Microtech nastavuje 2023 Scarab II nov\u00fd \u0161tandard pre odoln\u00e9 a odoln\u00e9 no\u017ee OTF, v\u010faka \u010domu je dokonal\u00fdm n\u00e1strojom pre taktick\u00e9 pou\u017eitie v extr\u00e9mnych prostrediach.<br \/>\n T\u00e1to najnov\u0161ia verzia Scarab II so svojimi inovat\u00edvnymi funkciami a nad\u010dasov\u00fdm dizajnom je v\u00fdkonnou a spo\u013eahlivou vo\u013ebou pre taktick\u00fdch profesion\u00e1lov.<\/p>\n<p>Tu s\u00fa \u0161pecifik\u00e1cie pre 2023 Microtech Scarab II (model MT12782T): D\u013a\u017eka \u010depele: 3,875 palca (9,84 cm) Rezn\u00e1 hrana: 3,75 palca (9,53 cm) D\u013a\u017eka v zatvorenom stave: 5,75 palca (14,61 cm) Celkov\u00e1 d\u013a\u017eka : 9,625 palca (24,45 palcov) cm) Oce\u013e \u010depele : Nerezov\u00e1 oce\u013e B\u00f6hler M390 (zn\u00e1ma pre v\u00fdnimo\u010dn\u00e9 zachovanie hr\u00e1n a odolnos\u0165 proti kor\u00f3zii) Hr\u00fabka \u010depele : 0,166 palca (4,22 mm) \u0160t\u00fdl \u010depele : Drop Point Br\u00fasenie \u010depele : Ploch\u00e9 Povrchov\u00e1 \u00faprava s 3M trak\u010dnou p\u00e1skou Hr\u00fabka rukov\u00e4te : 0,5875 palca (1,49 cm) Uzamykac\u00ed mechanizmus : Posuvn\u00fd Vreckov\u00e1 spona : Nerezov\u00e1 oce\u013e (obojstrann\u00e1, nosenie vpravo\/v\u013eavo) Hmotnos\u0165 : 5,78 oz (163 g) Dizajn\u00e9r : Tony skrutkov\u00e1 kon\u0161trukcia<br \/>\n Blood Groove\/Fuller : \u00c1no<br \/>\n Vyroben\u00e9 v USA<br \/>\n K\u00f3d UPC : 841768165422<br \/>\n Scarab II kombinuje odoln\u00fa kon\u0161trukciu, presn\u00fa funk\u010dnos\u0165 a taktick\u00fd design, ktor\u00fd pon\u00faka spo\u013eahlivos\u0165 a jednoduch\u00e9 pou\u017eitie v n\u00e1ro\u010dn\u00fdch situ\u00e1ci\u00e1ch.<\/p>\n<p>&nbsp;<\/p>\n<p>&nbsp;<\/p>\n","protected":false},"excerpt":{"rendered":"<p><strong>Scarab II kombinuje odoln\u00fa kon\u0161trukciu, presn\u00fa funk\u010dnos\u0165 a taktick\u00fd design, ktor\u00fd pon\u00faka spo\u013eahlivos\u0165 a jednoduch\u00e9 pou\u017eitie v n\u00e1ro\u010dn\u00fdch situ\u00e1ci\u00e1ch. Scarab II je \u0161peci\u00e1lne navrhnut\u00fd pre \u0161irok\u00fa \u0161k\u00e1lu taktick\u00fdch, \u00fa\u017eitkov\u00fdch a bojov\u00fdch aplik\u00e1ci\u00ed, tak\u017ee je ide\u00e1lny na pou\u017eitie policajtmi, vojensk\u00fdm person\u00e1lom a vl\u00e1dnymi agent\u00farami. <\/strong><\/p>\n<p><strong>Doprava zadarmo.<\/strong><\/p>\n","protected":false},"featured_media":380010,"comment_status":"open","ping_status":"closed","template":"","meta":[],"pwb-brand":[3200],"product_brand":[],"product_cat":[3186,3197],"product_tag":[],"class_list":{"0":"post-381257","1":"product","2":"type-product","3":"status-publish","4":"has-post-thumbnail","6":"pwb-brand-microtech-sk","7":"product_cat-noze-sk","8":"product_cat-vystrelovacie-noze-sk","10":"first","11":"instock","12":"taxable","13":"shipping-taxable","14":"purchasable","15":"product-type-simple"},"brands":[{"id":3200,"name":"Microtech","slug":"microtech-sk"}],"_links":{"self":[{"href":"https:\/\/www.moskito.cz\/sk\/wp-json\/wp\/v2\/product\/381257","targetHints":{"allow":["GET"]}}],"collection":[{"href":"https:\/\/www.moskito.cz\/sk\/wp-json\/wp\/v2\/product"}],"about":[{"href":"https:\/\/www.moskito.cz\/sk\/wp-json\/wp\/v2\/types\/product"}],"replies":[{"embeddable":true,"href":"https:\/\/www.moskito.cz\/sk\/wp-json\/wp\/v2\/comments?post=381257"}],"wp:featuredmedia":[{"embeddable":true,"href":"https:\/\/www.moskito.cz\/sk\/wp-json\/wp\/v2\/media\/380010"}],"wp:attachment":[{"href":"https:\/\/www.moskito.cz\/sk\/wp-json\/wp\/v2\/media?parent=381257"}],"wp:term":[{"taxonomy":"pwb-brand","embeddable":true,"href":"https:\/\/www.moskito.cz\/sk\/wp-json\/wp\/v2\/pwb-brand?post=381257"},{"taxonomy":"product_brand","embeddable":true,"href":"https:\/\/www.moskito.cz\/sk\/wp-json\/wp\/v2\/product_brand?post=381257"},{"taxonomy":"product_cat","embeddable":true,"href":"https:\/\/www.moskito.cz\/sk\/wp-json\/wp\/v2\/product_cat?post=381257"},{"taxonomy":"product_tag","embeddable":true,"href":"https:\/\/www.moskito.cz\/sk\/wp-json\/wp\/v2\/product_tag?post=381257"}],"curies":[{"name":"wp","href":"https:\/\/api.w.org\/{rel}","templated":true}]}}