{"id":381261,"date":"2024-12-02T22:47:45","date_gmt":"2024-12-09T11:51:49","guid":{"rendered":"https:\/\/www.moskito.cz\/produkt\/vystrelovaci-noz-microtech-hera-ii-tactical-30th-anniversary-1705-1t\/"},"modified":"2025-05-07T11:27:16","modified_gmt":"2025-05-07T10:27:16","slug":"vystrelovaci-noz-microtech-hera-ii-tactical-30th-anniversary-1705-1t","status":"publish","type":"product","link":"https:\/\/www.moskito.cz\/sk\/produkt\/vystrelovaci-noz-microtech-hera-ii-tactical-30th-anniversary-1705-1t\/","title":{"rendered":"Vystre\u013eovac\u00ed N\u00f4\u017e Microtech Hera II Tactical 30th Anniversary 1705-1T"},"content":{"rendered":"<p>Vystre\u013eovac\u00ed n\u00f4\u017e <strong>Microtech<\/strong> Hera II Tactical 30th Anniversary 1705-1T. Je vo\u013ene in\u0161pirovan\u00fd ikonick\u00fdm modelom Troodon, ale vynik\u00e1 svojimi jedine\u010dn\u00fdmi vlastnos\u0165ami.<br \/>\n Dizajn: Hera II sa vyzna\u010duje prepracovan\u00fdm, ergonomick\u00fdm r\u00e1mom s obroben\u00fdmi z\u00e1platami na koncoch rukov\u00e4te, \u010do zlep\u0161uje pri\u013enavos\u0165 a zvy\u0161uje jej funk\u010dnos\u0165 aj estetiku. Kon\u0161trukcia : Jedin\u00e1 vidite\u013en\u00e1 skrutka sa nach\u00e1dza na zadnom konci, v bl\u00edzkosti vreckovej spony, ktor\u00e1 je obojstrann\u00e1 pre \u013eav\u00e1kov aj prav\u00e1kov.<br \/>\n 30th Anniversary Edition: Hera II oslavuje tri desa\u0165ro\u010dia inov\u00e1ci\u00ed a pon\u00faka \u0161peci\u00e1lny, vylep\u0161en\u00fd dizajn. Vreckov\u00fd klip: Spona je vyroben\u00e1 z odolnej nerezovej ocele a je plne obojstrann\u00e1, tak\u017ee umo\u017e\u0148uje nosenie \u013eavou alebo pravou rukou. II obzvl\u00e1\u0161\u0165 pohodln\u00e1 a funk\u010dn\u00e1 pre taktick\u00e9 pou\u017eitie. remeseln\u00e9 zru\u010dnosti a inov\u00e1ci\u00ed Microtech na trhu no\u017eov OTF a kombinuje pozoruhodn\u00fa estetiku s vynikaj\u00facim v\u00fdkonom. vrchol remeselnej zru\u010dnosti Microtech. Zahrnutie ich loga 30th Year Anniversary rob\u00ed z tejto limitovanej ed\u00edcie zberate\u013esk\u00fd k\u00fasok a z\u00e1rove\u0148 vysoko v\u00fdkonn\u00fd n\u00e1stroj K\u013e\u00fa\u010dov\u00e9 \u0161pecifik\u00e1cie: D\u013a\u017eka \u010depele: 10,16 cm<br \/>\n Rezn\u00e1 hrana: 9,53 cm<br \/>\n D\u013a\u017eka v zatvorenom stave: 13,84 cm<br \/>\n Celkov\u00e1 d\u013a\u017eka: 23,97 cm<br \/>\n Oce\u013e \u010depele: Nerezov\u00e1 oce\u013e Bohler M390MK, zn\u00e1ma pre v\u00fdnimo\u010dn\u00e9 zachovanie hr\u00e1n, odolnos\u0165 proti kor\u00f3zii a celkov\u00fa \u017eivotnos\u0165 hr\u00fabka: 0,335 cm.<br \/>\n \u0160t\u00fdl \u010depele: Recurve, ide\u00e1lny pre kr\u00e1janie a rezanie: Br\u00fasenie \u010depele: Ploch\u00e9, zais\u0165uj\u00face ostr\u00e9 a presn\u00e9 ostrie. Povrchov\u00e1 \u00faprava \u010depele: \u010cierna, ktor\u00e1 dod\u00e1va taktick\u00fd a elegantn\u00fd vzh\u013ead. ergonomick\u00fd pocit. rukov\u00e4te : 1,28 cm<br \/>\n Uzamykac\u00ed mechanizmus: Posuvn\u00fd palec, ktor\u00fd pon\u00faka bezpe\u010dn\u00e9, r\u00fdchle a intuit\u00edvne ovl\u00e1danie pre nasadenie aj zatiahnutie. Vreckov\u00fd klip: Titan, s konfigur\u00e1ciou \u0161pi\u010dkou dole a mo\u017enos\u0165ou obojstrann\u00e9ho nosenia (vpravo alebo v\u013eavo) Marfione, strojcovia mnoh\u00fdch inovat\u00edvnych n\u00e1vrhov Microtech. USA : Zna\u010dka kvality a presnosti. Hera II je uk\u00e1\u017ekov\u00fdm pr\u00edkladom odhodlania spolo\u010dnosti Microtech vyr\u00e1ba\u0165 \u0161pi\u010dkov\u00e9, funk\u010dn\u00e9 a \u0161t\u00fdlov\u00e9 no\u017ee.<\/p>\n<p>  \u010ci u\u017e ste nad\u0161enec, zberate\u013e alebo niekto, kto oce\u0148uje presnos\u0165 pri ka\u017edodennom nosen\u00ed, Hera II je n\u00e1padn\u00e1 a schopn\u00e1 vo\u013eba.<\/p>\n<p>&nbsp;<\/p>\n<p>&nbsp;<\/p>\n<p>&nbsp;<\/p>\n<p>&nbsp;<\/p>\n<p>&nbsp;<\/p>\n","protected":false},"excerpt":{"rendered":"<p><strong>Hera II je uk\u00e1\u017ekov\u00fdm pr\u00edkladom odhodlania spolo\u010dnosti Microtech vyr\u00e1ba\u0165 \u0161pi\u010dkov\u00e9, funk\u010dn\u00e9 a \u0161t\u00fdlov\u00e9 no\u017ee. Je ur\u010den\u00fd pre t\u00fdch, ktor\u00ed oce\u0148uj\u00fa taktick\u00e9 v\u00fdhody, ako aj sofistikovan\u00e9 umenie svojich n\u00e1strojov. \u010ci u\u017e ste nad\u0161enec, zberate\u013e alebo niekto, kto oce\u0148uje presnos\u0165 pri ka\u017edodennom nosen\u00ed, Hera II je n\u00e1padn\u00e1 a schopn\u00e1 vo\u013eba.  <\/strong><\/p>\n<p><strong>Doprava zadarmo.<\/strong><\/p>\n","protected":false},"featured_media":380052,"comment_status":"open","ping_status":"closed","template":"","meta":[],"pwb-brand":[3200],"product_brand":[],"product_cat":[3186,3197],"product_tag":[],"class_list":{"0":"post-381261","1":"product","2":"type-product","3":"status-publish","4":"has-post-thumbnail","6":"pwb-brand-microtech-sk","7":"product_cat-noze-sk","8":"product_cat-vystrelovacie-noze-sk","10":"first","11":"instock","12":"sale","13":"taxable","14":"shipping-taxable","15":"purchasable","16":"product-type-simple"},"brands":[{"id":3200,"name":"Microtech","slug":"microtech-sk"}],"_links":{"self":[{"href":"https:\/\/www.moskito.cz\/sk\/wp-json\/wp\/v2\/product\/381261","targetHints":{"allow":["GET"]}}],"collection":[{"href":"https:\/\/www.moskito.cz\/sk\/wp-json\/wp\/v2\/product"}],"about":[{"href":"https:\/\/www.moskito.cz\/sk\/wp-json\/wp\/v2\/types\/product"}],"replies":[{"embeddable":true,"href":"https:\/\/www.moskito.cz\/sk\/wp-json\/wp\/v2\/comments?post=381261"}],"wp:featuredmedia":[{"embeddable":true,"href":"https:\/\/www.moskito.cz\/sk\/wp-json\/wp\/v2\/media\/380052"}],"wp:attachment":[{"href":"https:\/\/www.moskito.cz\/sk\/wp-json\/wp\/v2\/media?parent=381261"}],"wp:term":[{"taxonomy":"pwb-brand","embeddable":true,"href":"https:\/\/www.moskito.cz\/sk\/wp-json\/wp\/v2\/pwb-brand?post=381261"},{"taxonomy":"product_brand","embeddable":true,"href":"https:\/\/www.moskito.cz\/sk\/wp-json\/wp\/v2\/product_brand?post=381261"},{"taxonomy":"product_cat","embeddable":true,"href":"https:\/\/www.moskito.cz\/sk\/wp-json\/wp\/v2\/product_cat?post=381261"},{"taxonomy":"product_tag","embeddable":true,"href":"https:\/\/www.moskito.cz\/sk\/wp-json\/wp\/v2\/product_tag?post=381261"}],"curies":[{"name":"wp","href":"https:\/\/api.w.org\/{rel}","templated":true}]}}