{"id":381265,"date":"2024-12-02T23:07:02","date_gmt":"2024-12-09T11:51:52","guid":{"rendered":"https:\/\/www.moskito.cz\/produkt\/vystrelovaci-noz-microtech-hera-ii-apocalyptic-1705-10apod\/"},"modified":"2025-05-07T11:27:18","modified_gmt":"2025-05-07T10:27:18","slug":"vystrelovaci-noz-microtech-hera-ii-apocalyptic-1705-10apod","status":"publish","type":"product","link":"https:\/\/www.moskito.cz\/sk\/produkt\/vystrelovaci-noz-microtech-hera-ii-apocalyptic-1705-10apod\/","title":{"rendered":"Vystre\u013eovac\u00ed N\u00f4\u017e Microtech Hera II Apocalyptic 1705-10APOD"},"content":{"rendered":"<p>Vystre\u013eovac\u00ed N\u00f4\u017e <strong>Microtech<\/strong> Hera II Apocalyptic 1705-10APOD. Hera II Full Size OTF Auto &#8211; OD Green Apocalyptic Standard od Microtech je v\u00fdrazn\u00fd dvoj\u010dinn\u00fd automatick\u00fd n\u00f4\u017e in\u0161pirovan\u00fd ikonick\u00fdm modelom Troodon. Hera II vynik\u00e1 svojou vylep\u0161enou ergon\u00f3miou a zlo\u017eit\u00fdm patchworkom na koncoch rukov\u00e4te, \u010do zlep\u0161uje \u00fachop aj estetiku a prid\u00e1va na celkovej pr\u00ed\u0165a\u017elivosti. Jedn\u00fdm z najpozoruhodnej\u0161\u00edch rysov je hlboko leptan\u00e1 rukov\u00e4\u0165, ktor\u00e1 je navrhnut\u00e1 bez vidite\u013en\u00e9ho hardv\u00e9ru. T\u00e1to vlastnos\u0165 dod\u00e1va no\u017eu jedine\u010dn\u00fd umeleck\u00fd n\u00e1dych pri zachovan\u00ed jeho funk\u010dnej integrity. Jedin\u00e1 vidite\u013en\u00e1 skrutka, ktor\u00e1 sa nach\u00e1dza vzadu bl\u00edzko spony vrecka, je subt\u00edlny prvok, ktor\u00fd dr\u017e\u00ed cel\u00fa kon\u0161trukciu pohromade. Klip je tie\u017e obojstrann\u00fd, v\u010faka \u010domu je n\u00f4\u017e vhodn\u00fd pre \u013eav\u00e1kov aj prav\u00e1kov. Tento n\u00f4\u017e kombinuje \u0161pi\u010dkov\u00e9 remeseln\u00e9 spracovanie s elegantn\u00fdm a praktick\u00fdm dizajnom, ktor\u00fd zais\u0165uje \u00fa\u017eitok aj vycibren\u00fd vizu\u00e1lny dojem. &#8222;Apokalyptick\u00e1&#8220; \u00faprava \u010depele poskytuje drsn\u00fd, v\u00fdrazn\u00fd vzh\u013ead, ktor\u00fd prispieva k jej odolnosti a taktickej pr\u00ed\u0165a\u017elivosti. Hera II je uk\u00e1\u017ekov\u00fdm pr\u00edkladom toho, ako m\u00f4\u017ee dizajn bez n\u00e1mahy spoji\u0165 sofistikovanos\u0165 a funk\u010dnos\u0165, v\u010faka \u010domu vynik\u00e1 ako jeden z najlep\u0161\u00edch v\u0161estrann\u00fdch automatick\u00fdch no\u017eov OTF (Out-the-Front) na vysoko konkuren\u010dnom trhu. Aj ke\u010f \u010dasto konkuruje ostatn\u00fdm modelom Microtech OTF, premyslen\u00fd dizajn Hery ju skuto\u010dne povy\u0161uje. Jeho ve\u013ekos\u0165 je dokonale vyv\u00e1\u017een\u00e1 na boj, a napriek tomu dostato\u010dne \u0161t\u00edhla na ka\u017edodenn\u00e9 nosenie. Forma je starostlivo vytvoren\u00e1 tak, aby dosiahla ide\u00e1lnu rovnov\u00e1hu medzi praktickos\u0165ou a \u0161t\u00fdlom, \u010do zais\u0165uje, \u017ee Hera funguje ako spo\u013eahliv\u00fd n\u00e1stroj a z\u00e1rove\u0148 vytv\u00e1ra pozoruhodn\u00e9 vizu\u00e1lne vyjadrenie. V\u010faka svojim vynikaj\u00facim technick\u00fdm a umeleck\u00fdm detailom je Hera vynikaj\u00facou vo\u013ebou pre t\u00fdch, ktor\u00ed pri svojich ka\u017edodenn\u00fdch n\u00e1strojoch oce\u0148uj\u00fa estetiku aj v\u00fdkon. Je skuto\u010dn\u00fdm pr\u00edkladom bezprobl\u00e9movej integr\u00e1cie formy a funkcie. Tu s\u00fa \u0161pecifik\u00e1cie pre MT170510APOD Hera II Full Size OTF Auto: D\u013a\u017eka \u010depele: 10,16 cm Rezn\u00e1 hrana: 9,53 cm D\u013a\u017eka v zatvorenom stave: 13,84 cm Celkov\u00e1 d\u013a\u017eka: 24,01 cm Hr\u00fabka \u010depele: 0,34 rukov\u00e4te : 1,29 cm Hmotnos\u0165 : 140,6 g Oce\u013e \u010depele : Nerezov\u00e1 oce\u013e Bohler M390MK \u0160t\u00fdl \u010depele : Recurve Br\u00fasenie \u010depele : Ploch\u00e9 Povrchov\u00e1 \u00faprava \u010depele : Apokalyptick\u00e1 Materi\u00e1l rukov\u00e4te : OD Green Deeply Etched Aerospace Aluminum<br \/>\n Vreckov\u00fd klip : Titan (obojstrann\u00fd, pre prav\u00e9\/\u013eav\u00e9 nosenie)<br \/>\n Dizajn\u00e9ri : Tony a Sean Marfione<br \/>\n Vyroben\u00e9 v USA<br \/>\n Tieto \u0161pecifik\u00e1cie zd\u00f4raz\u0148uj\u00fa vysoko kvalitn\u00e9 materi\u00e1ly a pozornos\u0165 k detailu, v\u010faka ktor\u00fdm je Hera II v\u00fdnimo\u010dn\u00fd v kateg\u00f3rii no\u017eov OTF, kombinuj\u00faci robustnos\u0165 s eleganciou a praktickos\u0165ou.<\/p>\n<p>&nbsp;<\/p>\n<p>&nbsp;<\/p>\n<p>Povedal\/a si:<\/p>\n","protected":false},"excerpt":{"rendered":"<p><strong>Tento n\u00f4\u017e kombinuje \u0161pi\u010dkov\u00e9 remeseln\u00e9 spracovanie s elegantn\u00fdm a praktick\u00fdm dizajnom, ktor\u00fd zais\u0165uje \u00fa\u017eitok aj vycibren\u00fd vizu\u00e1lny dojem. &#8222;Apokalyptick\u00e1&#8220; \u00faprava \u010depele poskytuje drsn\u00fd, v\u00fdrazn\u00fd vzh\u013ead, ktor\u00fd prispieva k jej odolnosti a taktickej pr\u00ed\u0165a\u017elivosti. <\/strong><\/p>\n<p><strong>Doprava zadarmo.<\/strong><\/p>\n","protected":false},"featured_media":380095,"comment_status":"open","ping_status":"closed","template":"","meta":[],"pwb-brand":[3200],"product_brand":[],"product_cat":[3186,3197],"product_tag":[],"class_list":{"0":"post-381265","1":"product","2":"type-product","3":"status-publish","4":"has-post-thumbnail","6":"pwb-brand-microtech-sk","7":"product_cat-noze-sk","8":"product_cat-vystrelovacie-noze-sk","10":"first","11":"instock","12":"sale","13":"taxable","14":"shipping-taxable","15":"purchasable","16":"product-type-simple"},"brands":[{"id":3200,"name":"Microtech","slug":"microtech-sk"}],"_links":{"self":[{"href":"https:\/\/www.moskito.cz\/sk\/wp-json\/wp\/v2\/product\/381265","targetHints":{"allow":["GET"]}}],"collection":[{"href":"https:\/\/www.moskito.cz\/sk\/wp-json\/wp\/v2\/product"}],"about":[{"href":"https:\/\/www.moskito.cz\/sk\/wp-json\/wp\/v2\/types\/product"}],"replies":[{"embeddable":true,"href":"https:\/\/www.moskito.cz\/sk\/wp-json\/wp\/v2\/comments?post=381265"}],"wp:featuredmedia":[{"embeddable":true,"href":"https:\/\/www.moskito.cz\/sk\/wp-json\/wp\/v2\/media\/380095"}],"wp:attachment":[{"href":"https:\/\/www.moskito.cz\/sk\/wp-json\/wp\/v2\/media?parent=381265"}],"wp:term":[{"taxonomy":"pwb-brand","embeddable":true,"href":"https:\/\/www.moskito.cz\/sk\/wp-json\/wp\/v2\/pwb-brand?post=381265"},{"taxonomy":"product_brand","embeddable":true,"href":"https:\/\/www.moskito.cz\/sk\/wp-json\/wp\/v2\/product_brand?post=381265"},{"taxonomy":"product_cat","embeddable":true,"href":"https:\/\/www.moskito.cz\/sk\/wp-json\/wp\/v2\/product_cat?post=381265"},{"taxonomy":"product_tag","embeddable":true,"href":"https:\/\/www.moskito.cz\/sk\/wp-json\/wp\/v2\/product_tag?post=381265"}],"curies":[{"name":"wp","href":"https:\/\/api.w.org\/{rel}","templated":true}]}}