{"id":381270,"date":"2024-12-03T18:01:23","date_gmt":"2024-12-09T11:52:01","guid":{"rendered":"https:\/\/www.moskito.cz\/produkt\/vystrelovaci-noz-microtech-hera-ii-apocalyptic-1705-10apnc\/"},"modified":"2025-05-07T11:27:18","modified_gmt":"2025-05-07T10:27:18","slug":"vystrelovaci-noz-microtech-hera-ii-apocalyptic-1705-10apnc","status":"publish","type":"product","link":"https:\/\/www.moskito.cz\/sk\/produkt\/vystrelovaci-noz-microtech-hera-ii-apocalyptic-1705-10apnc\/","title":{"rendered":"Vystre\u013eovac\u00ed N\u00f4\u017e Microtech Hera II Apocalyptic 1705-10APNC"},"content":{"rendered":"<p>Vystre\u013eovac\u00ed N\u00f4\u017e <strong>Microtech<\/strong> Hera II Apocalyptic 1705-10APNC. Microtech Hera II je vysoko sofistikovan\u00fd n\u00f4\u017e navrhnut\u00fd pre milovn\u00edkov kvalitn\u00fdch automatick\u00fdch no\u017eov, ktor\u00ed oce\u0148uj\u00fa ako funk\u010dnos\u0165, tak estetiku. Model MT170510APNC Hera II Full Size OTF Auto vo variante Apocalyptic Natural Clear prin\u00e1\u0161a nielen vynikaj\u00faci u\u017e\u00edvate\u013esk\u00fd komfort, ale aj prepracovan\u00fd dizajn, ktor\u00fd zaujme na prv\u00fd poh\u013ead. K\u013e\u00fa\u010dov\u00e9 vlastnosti:<br \/>\n Dvojvrstvov\u00e1 automatika OTF (Out-The-Front): Hera II je n\u00f4\u017e s dvoj\u010dinn\u00fdm mechanizmom OTF, \u010do znamen\u00e1, \u017ee sa \u010depe\u013e vys\u00fava aj zas\u00fava posunom jedn\u00e9ho ovl\u00e1dacieho prvku.<br \/>\n Dizajn r\u00e1mu: In\u0161pir\u00e1cia modelom Troodon je jasne vidite\u013en\u00e1, ale Hera II prin\u00e1\u0161a modernej\u0161\u00ed pr\u00edstup s ergonomicky vylep\u0161en\u00fdm r\u00e1mom.<br \/>\n Rukov\u00e4\u0165 je hlboko vyryt\u00e1 s hladk\u00fdm povrchom a bez vidite\u013en\u00fdch skrutiek, \u010do p\u00f4sob\u00ed minimalisticky a \u0161t\u00fdlovo.<br \/>\n Ergon\u00f3mia a pri\u013enavos\u0165: Na koncoch rukov\u00e4te s\u00fa opracovan\u00e9 z\u00e1platy, ktor\u00e9 nielen zlep\u0161uj\u00fa \u00fachop, ale tie\u017e patria k estetike.<br \/>\n V\u010faka t\u00fdmto detailom n\u00f4\u017e skvele sed\u00ed v ruke a je vhodn\u00fd na dlhodob\u00e9 pou\u017e\u00edvanie.<br \/>\n Funk\u010dnos\u0165 : Vidite\u013en\u00fd je iba jedna skrutka na zadnom konci pri vreckovej spone.<br \/>\n Vreckov\u00e1 spona je obojstrann\u00e1, \u010do umo\u017e\u0148uje pou\u017eitie no\u017ea ako prav\u00e1kom, tak \u013eav\u00e1kom.<br \/>\n Apocalyptic Natural Clear: Povrchov\u00e1 \u00faprava v apokalyptickom \u0161t\u00fdle dod\u00e1va no\u017eu unik\u00e1tny vzh\u013ead, ktor\u00fd ocenia predov\u0161etk\u00fdm zberatelia a nad\u0161enci do taktick\u00fdch no\u017eov. Microtech Hera II je skuto\u010dne vlajkovou lo\u010fou medzi OTF (Out-The-Front) no\u017emi, ktor\u00e1 pos\u00fava hranice kombin\u00e1cie funk\u010dnosti a estetickej dokonalosti. Tento model je uk\u00e1\u017ekou toho, ako m\u00f4\u017ee presn\u00e9 in\u017einierstvo a umeleck\u00fd dizajn harmonicky splyn\u00fa\u0165 do n\u00e1stroja, ktor\u00fd vynik\u00e1 v ka\u017edom aspekte. Pre\u010do zvoli\u0165 Heru II?<br \/>\n Ide\u00e1lna ve\u013ekos\u0165:<br \/>\n Hera II je navrhnut\u00fd tak, aby poskytoval robustnos\u0165 potrebn\u00fa na taktick\u00e9 pou\u017eitie, ale z\u00e1rove\u0148 je dostato\u010dne \u0161t\u00edhly a \u013eahk\u00fd na ka\u017edodenn\u00e9 nosenie (EDC). Tento n\u00f4\u017e dokonale balansuje medzi praktickou funk\u010dnos\u0165ou a \u0161t\u00fdlov\u00fdm dizajnom. Dokonal\u00e1 ergon\u00f3mia:<br \/>\n Forma rukov\u00e4te bola starostlivo vytvoren\u00e1, aby pon\u00fakla pohodlie pri dlh\u0161om pou\u017e\u00edvan\u00ed, a jej prepracovan\u00e9 detaily poskytuj\u00fa bezpe\u010dn\u00fd \u00fachop v n\u00e1ro\u010dn\u00fdch podmienkach.<\/p>\n<p>D\u013a\u017eka \u010depele: 10,16 cm<br \/>\n Rezn\u00e1 hrana: 9,53 cm<br \/>\n D\u013a\u017eka v uzavretom stave: 13,84 cm<br \/>\n Celkov\u00e1 d\u013a\u017eka: 24 cm<br \/>\n Oce\u013e \u010depele: Nerezov\u00e1 oce\u013e Bohler M390MK<br \/>\n Hr\u00fabka \u010depele: 0,34 cm<br \/>\n \u0160t\u00fdl \u010depele: Recurve<br \/>\n Br\u00fasenie \u010depele: Ploch\u00e9<br \/>\n Povrchov\u00e1 \u00faprava \u010depele: Apokalyptick\u00e1<br \/>\n Materi\u00e1l rukov\u00e4te: Pr\u00edrodn\u00fd \u010d\u00edry leteck\u00fd hlin\u00edk s hlbok\u00fdm ryt\u00edm<br \/>\n Hr\u00fabka rukov\u00e4te: 1,28 cm<br \/>\n Uzamykac\u00ed mechanizmus: Thumb Slide<br \/>\n Vreckov\u00e1 spona: Titan (skl\u00e1pacie, prav\u00e9\/\u013eav\u00e9 nosenie)<br \/>\n Hmotnos\u0165: 140g<br \/>\n Dizajn\u00e9ri: Tony a Sean Marfione<br \/>\n Vyroben\u00e9 v: USA<\/p>\n","protected":false},"excerpt":{"rendered":"<p><strong>Microtech Hera II je skuto\u010dne vlajkovou lo\u010fou medzi OTF (Out-The-Front) no\u017emi, ktor\u00e1 pos\u00fava hranice kombin\u00e1cie funk\u010dnosti a estetickej dokonalosti. Tento model je uk\u00e1\u017ekou toho, ako m\u00f4\u017ee presn\u00e9 in\u017einierstvo a umeleck\u00fd dizajn harmonicky splyn\u00fa\u0165 do n\u00e1stroja, ktor\u00fd vynik\u00e1 v ka\u017edom aspekte. <\/strong><\/p>\n<p><strong>Doprava zadarmo.<\/strong><\/p>\n","protected":false},"featured_media":380148,"comment_status":"open","ping_status":"closed","template":"","meta":[],"pwb-brand":[3200],"product_brand":[],"product_cat":[3186,3197],"product_tag":[],"class_list":{"0":"post-381270","1":"product","2":"type-product","3":"status-publish","4":"has-post-thumbnail","6":"pwb-brand-microtech-sk","7":"product_cat-noze-sk","8":"product_cat-vystrelovacie-noze-sk","10":"first","11":"outofstock","12":"taxable","13":"shipping-taxable","14":"purchasable","15":"product-type-simple"},"brands":[{"id":3200,"name":"Microtech","slug":"microtech-sk"}],"_links":{"self":[{"href":"https:\/\/www.moskito.cz\/sk\/wp-json\/wp\/v2\/product\/381270","targetHints":{"allow":["GET"]}}],"collection":[{"href":"https:\/\/www.moskito.cz\/sk\/wp-json\/wp\/v2\/product"}],"about":[{"href":"https:\/\/www.moskito.cz\/sk\/wp-json\/wp\/v2\/types\/product"}],"replies":[{"embeddable":true,"href":"https:\/\/www.moskito.cz\/sk\/wp-json\/wp\/v2\/comments?post=381270"}],"wp:featuredmedia":[{"embeddable":true,"href":"https:\/\/www.moskito.cz\/sk\/wp-json\/wp\/v2\/media\/380148"}],"wp:attachment":[{"href":"https:\/\/www.moskito.cz\/sk\/wp-json\/wp\/v2\/media?parent=381270"}],"wp:term":[{"taxonomy":"pwb-brand","embeddable":true,"href":"https:\/\/www.moskito.cz\/sk\/wp-json\/wp\/v2\/pwb-brand?post=381270"},{"taxonomy":"product_brand","embeddable":true,"href":"https:\/\/www.moskito.cz\/sk\/wp-json\/wp\/v2\/product_brand?post=381270"},{"taxonomy":"product_cat","embeddable":true,"href":"https:\/\/www.moskito.cz\/sk\/wp-json\/wp\/v2\/product_cat?post=381270"},{"taxonomy":"product_tag","embeddable":true,"href":"https:\/\/www.moskito.cz\/sk\/wp-json\/wp\/v2\/product_tag?post=381270"}],"curies":[{"name":"wp","href":"https:\/\/api.w.org\/{rel}","templated":true}]}}