{"id":381614,"date":"2024-12-09T21:10:31","date_gmt":"2024-12-09T20:13:45","guid":{"rendered":"https:\/\/www.moskito.cz\/produkt\/vystrelovaci-noz-microtech-hera-ii-1705-1od\/"},"modified":"2025-05-07T11:27:22","modified_gmt":"2025-05-07T10:27:22","slug":"vystrelovaci-noz-microtech-hera-ii-1705-1od","status":"publish","type":"product","link":"https:\/\/www.moskito.cz\/sk\/produkt\/vystrelovaci-noz-microtech-hera-ii-1705-1od\/","title":{"rendered":"Vystre\u013eovac\u00ed N\u00f4\u017e Microtech Hera II 1705-1OD"},"content":{"rendered":"<p>Vystre\u013eovac\u00ed N\u00f4\u017e <strong>Microtech<\/strong> Hera II 1705-1OD. Vystre\u013eovac\u00ed n\u00f4\u017e Microtech Hera II 1705-1OD je modern\u00fd a elegantn\u00fd model OTF (Out-The-Front), ktor\u00fd vynik\u00e1 svojim sofistikovan\u00fdm dizajnom, pr\u00e9miov\u00fdmi materi\u00e1lmi a presn\u00fdm spracovan\u00edm. Je navrhnut\u00fd ako pre zberate\u013eov, tak pre praktick\u00e9 pou\u017eitie, v\u010faka \u010domu sa st\u00e1va skvel\u00fdm doplnkom ka\u017edodennej v\u00fdbavy. \u0160pecifik\u00e1cia a vlastnosti:<br \/>\n \u010cepe\u013e : Materi\u00e1l : Vysoko kvalitn\u00e1 oce\u013e M390, ktor\u00e1 je cenen\u00e1 pre svoju schopnos\u0165 dlho udr\u017ea\u0165 ostros\u0165, vysok\u00fa odolnos\u0165 proti opotrebovaniu a kor\u00f3zii.<br \/>\n Povrchov\u00e1 \u00faprava: Stonewash, ktor\u00e1 maskuje drobn\u00e9 \u0161krabance a dod\u00e1va \u010depe\u013e atrakt\u00edvny a funk\u010dn\u00fd vzh\u013ead.<br \/>\n Tvar \u010depele: Spear-point \u2013 symetrick\u00fd a v\u0161estrann\u00fd dizajn ide\u00e1lny pre presn\u00e9 rezy aj prepichovanie.<br \/>\n D\u013a\u017eka \u010depele: Pribli\u017ene 8,9 cm<br \/>\n Hr\u00fabka \u010depele: Pribli\u017ene 0,38 cm<br \/>\n Mechanizmus: OTF automatick\u00fd mechanizmus: Umo\u017e\u0148uje bleskov\u00e9 vysunutie aj zasunutie \u010depele pomocou posuvn\u00e9ho sp\u00edna\u010da. Mechanizmus je spo\u013eahliv\u00fd a \u013eahko ovl\u00e1date\u013en\u00fd jednou rukou.<br \/>\n Rukov\u00e4\u0165: Materi\u00e1l: Hlin\u00edkov\u00e1 zliatina 6061-T6, ktor\u00e1 je \u013eahk\u00e1, pevn\u00e1 a odoln\u00e1.<br \/>\n Farba: OD Green (olivovo zelen\u00e1) s text\u00farovan\u00fdm povrchom pre ist\u00fd \u00fachop.<br \/>\n Prevedenie: Ergonomick\u00e9 tvarovanie rukov\u00e4te zais\u0165uje pohodln\u00e9 dr\u017eanie a manipul\u00e1ciu.<br \/>\n Vreckov\u00fd klip : Obojstrann\u00fd vreckov\u00fd klip zais\u0165uje \u013eahk\u00e9 nosenie no\u017ea. Dizajn je minimalistick\u00fd, aby nenaru\u0161oval estetiku no\u017ea.<br \/>\n Rozmery a hmotnos\u0165 : Celkov\u00e1 d\u013a\u017eka : Pribli\u017ene 21 cm<br \/>\n D\u013a\u017eka zatvoren\u00e9ho no\u017ea : Pribli\u017ene 12,1 cm<br \/>\n Hmotnos\u0165 : Pribli\u017ene 104 g<br \/>\n \u010eal\u0161ie vlastnosti: Unik\u00e1tny dizajn: Hera II sp\u00e1ja elegantn\u00fa estetiku s taktick\u00fdmi prvkami, v\u010faka \u010domu je vizu\u00e1lne aj funk\u010dne atrakt\u00edvne. Odolnos\u0165 : Kvalitn\u00e9 materi\u00e1ly a presn\u00e9 kon\u0161trukcie zaru\u010duj\u00fa dlh\u00fa \u017eivotnos\u0165 no\u017ea aj pri intenz\u00edvnom pou\u017e\u00edvan\u00ed.<\/p>\n","protected":false},"excerpt":{"rendered":"<p><strong>Hera II je uk\u00e1\u017ekov\u00fdm pr\u00edkladom odhodlania spolo\u010dnosti Microtech vyr\u00e1ba\u0165 \u0161pi\u010dkov\u00e9, funk\u010dn\u00e9 a \u0161t\u00fdlov\u00e9 no\u017ee. Je ur\u010den\u00fd pre t\u00fdch, ktor\u00ed oce\u0148uj\u00fa taktick\u00e9 v\u00fdhody, ako aj sofistikovan\u00e9 umenie svojich n\u00e1strojov.  \u010ci u\u017e ste nad\u0161enec, zberate\u013e alebo niekto, kto oce\u0148uje presnos\u0165 pri ka\u017edodennom nosen\u00ed, Hera II je n\u00e1padn\u00e1 a schopn\u00e1 vo\u013eba.<\/strong><\/p>\n<p><strong>Doprava zadarmo.<\/strong><\/p>\n","protected":false},"featured_media":381574,"comment_status":"open","ping_status":"closed","template":"","meta":[],"pwb-brand":[3200],"product_brand":[],"product_cat":[3186,3197],"product_tag":[],"class_list":{"0":"post-381614","1":"product","2":"type-product","3":"status-publish","4":"has-post-thumbnail","6":"pwb-brand-microtech-sk","7":"product_cat-noze-sk","8":"product_cat-vystrelovacie-noze-sk","10":"first","11":"instock","12":"taxable","13":"shipping-taxable","14":"purchasable","15":"product-type-simple"},"brands":[{"id":3200,"name":"Microtech","slug":"microtech-sk"}],"_links":{"self":[{"href":"https:\/\/www.moskito.cz\/sk\/wp-json\/wp\/v2\/product\/381614","targetHints":{"allow":["GET"]}}],"collection":[{"href":"https:\/\/www.moskito.cz\/sk\/wp-json\/wp\/v2\/product"}],"about":[{"href":"https:\/\/www.moskito.cz\/sk\/wp-json\/wp\/v2\/types\/product"}],"replies":[{"embeddable":true,"href":"https:\/\/www.moskito.cz\/sk\/wp-json\/wp\/v2\/comments?post=381614"}],"wp:featuredmedia":[{"embeddable":true,"href":"https:\/\/www.moskito.cz\/sk\/wp-json\/wp\/v2\/media\/381574"}],"wp:attachment":[{"href":"https:\/\/www.moskito.cz\/sk\/wp-json\/wp\/v2\/media?parent=381614"}],"wp:term":[{"taxonomy":"pwb-brand","embeddable":true,"href":"https:\/\/www.moskito.cz\/sk\/wp-json\/wp\/v2\/pwb-brand?post=381614"},{"taxonomy":"product_brand","embeddable":true,"href":"https:\/\/www.moskito.cz\/sk\/wp-json\/wp\/v2\/product_brand?post=381614"},{"taxonomy":"product_cat","embeddable":true,"href":"https:\/\/www.moskito.cz\/sk\/wp-json\/wp\/v2\/product_cat?post=381614"},{"taxonomy":"product_tag","embeddable":true,"href":"https:\/\/www.moskito.cz\/sk\/wp-json\/wp\/v2\/product_tag?post=381614"}],"curies":[{"name":"wp","href":"https:\/\/api.w.org\/{rel}","templated":true}]}}