{"id":387836,"date":"2025-01-28T21:08:22","date_gmt":"2025-01-28T20:08:22","guid":{"rendered":"https:\/\/www.moskito.cz\/?post_type=product&#038;p=387836"},"modified":"2025-09-18T14:32:30","modified_gmt":"2025-09-18T13:32:30","slug":"zaviraci-nuz-benchmade-barrage-axis-580","status":"publish","type":"product","link":"https:\/\/www.moskito.cz\/sk\/produkt\/zaviraci-nuz-benchmade-barrage-axis-580\/","title":{"rendered":"Zav\u00edrac\u00ed N\u016f\u017e Benchmade Barrage AXIS 580"},"content":{"rendered":"<h1 data-start=\"136\" data-end=\"177\">Zav\u00edrac\u00ed n\u016f\u017e Benchmade Barrage AXIS 580<\/h1>\n<p data-start=\"179\" data-end=\"586\">Kdy\u017e se \u0159ekne <strong data-start=\"193\" data-end=\"204\">Barrage<\/strong>, odborn\u00edci a fanou\u0161ci no\u017e\u016f si okam\u017eit\u011b vybav\u00ed spolehliv\u00fd pracovn\u00ed n\u00e1stroj, kter\u00fd je navr\u017een\u00fd pro ka\u017edodenn\u00ed i n\u00e1ro\u010dn\u00e9 pou\u017eit\u00ed. Model <strong data-start=\"338\" data-end=\"345\">580<\/strong> je klasick\u00fdm z\u00e1stupcem t\u00e9to \u0159ady \u2013 kombinuje intuitivn\u00ed <strong data-start=\"402\" data-end=\"421\">AXIS\u00ae mechaniku<\/strong>, robustn\u00ed konstrukci a univerz\u00e1ln\u00ed drop-point \u010depel, d\u00edky \u010demu\u017e se stal obl\u00edben\u00fdm mezi \u0159emesln\u00edky, outdoorov\u00fdmi nad\u0161enci i t\u011bmi, kte\u0159\u00ed hledaj\u00ed spolehliv\u00fd EDC n\u016f\u017e.<\/p>\n<p data-start=\"588\" data-end=\"1100\">Barrage 580 nen\u00ed jen \u201ehezky vypadaj\u00edc\u00ed n\u016f\u017e\u201c. Ka\u017ed\u00fd jeho detail je navr\u017een\u00fd tak, aby poskytoval jistotu a pohodl\u00ed p\u0159i ka\u017edodenn\u00edm pou\u017e\u00edv\u00e1n\u00ed. Konturovan\u00e9 pa\u017ebi\u010dky rukojeti pevn\u011b obep\u00ednaj\u00ed dla\u0148, AXIS\u00ae mechanizmus umo\u017e\u0148uje hladk\u00e9 a bezpe\u010dn\u00e9 otev\u00edr\u00e1n\u00ed ob\u011bma rukama a \u010depel ze 154CM nebo modern\u00ed CPM-S30V oceli dr\u017e\u00ed ost\u0159\u00ed dlouho a odol\u00e1v\u00e1 n\u00e1ro\u010dn\u00fdm podm\u00ednk\u00e1m. Tento n\u016f\u017e je dokonalou rovnov\u00e1hou mezi robustnost\u00ed a prakti\u010dnost\u00ed \u2013 v ruce p\u016fsob\u00ed jist\u011b a pohodln\u011b, a p\u0159itom je dostate\u010dn\u011b lehk\u00fd, aby se dal nosit ka\u017ed\u00fd den.<\/p>\n<hr data-start=\"1102\" data-end=\"1105\" \/>\n<p data-start=\"1107\" data-end=\"1135\">\ud83d\udd27 <strong data-start=\"1110\" data-end=\"1135\">Technick\u00e9 specifikace<\/strong><\/p>\n<ul data-start=\"1137\" data-end=\"1812\">\n<li data-start=\"1137\" data-end=\"1183\">\n<p data-start=\"1139\" data-end=\"1183\"><strong data-start=\"1139\" data-end=\"1168\">Celkov\u00e1 d\u00e9lka (otev\u0159en\u00fd):<\/strong> 21,2\u201321,5 cm<\/p>\n<\/li>\n<li data-start=\"1184\" data-end=\"1213\">\n<p data-start=\"1186\" data-end=\"1213\"><strong data-start=\"1186\" data-end=\"1203\">D\u00e9lka \u010depele:<\/strong> 9,14 cm<\/p>\n<\/li>\n<li data-start=\"1214\" data-end=\"1246\">\n<p data-start=\"1216\" data-end=\"1246\"><strong data-start=\"1216\" data-end=\"1236\">Tlou\u0161\u0165ka \u010depele:<\/strong> 3,07 mm<\/p>\n<\/li>\n<li data-start=\"1247\" data-end=\"1284\">\n<p data-start=\"1249\" data-end=\"1284\"><strong data-start=\"1249\" data-end=\"1274\">D\u00e9lka zav\u0159en\u00e9ho no\u017ee:<\/strong> 12,1 cm<\/p>\n<\/li>\n<li data-start=\"1285\" data-end=\"1322\">\n<p data-start=\"1287\" data-end=\"1322\"><strong data-start=\"1287\" data-end=\"1309\">Tlou\u0161\u0165ka rukojeti:<\/strong> 16\u201316,5 mm<\/p>\n<\/li>\n<li data-start=\"1323\" data-end=\"1350\">\n<p data-start=\"1325\" data-end=\"1350\"><strong data-start=\"1325\" data-end=\"1334\">V\u00e1ha:<\/strong> cca 120\u2013125 g<\/p>\n<\/li>\n<li data-start=\"1351\" data-end=\"1419\">\n<p data-start=\"1353\" data-end=\"1419\"><strong data-start=\"1353\" data-end=\"1373\">Materi\u00e1l \u010depele:<\/strong> 154CM nebo CPM-S30V (v z\u00e1vislosti na edici)<\/p>\n<\/li>\n<li data-start=\"1420\" data-end=\"1496\">\n<p data-start=\"1422\" data-end=\"1496\"><strong data-start=\"1422\" data-end=\"1438\">Tvar \u010depele:<\/strong> Drop-point \u2013 univerz\u00e1ln\u00ed pro \u0159ezn\u00e9 pr\u00e1ce i p\u0159esn\u00e9 \u00fakony<\/p>\n<\/li>\n<li data-start=\"1497\" data-end=\"1568\">\n<p data-start=\"1499\" data-end=\"1568\"><strong data-start=\"1499\" data-end=\"1527\">Povrchov\u00e1 \u00faprava \u010depele:<\/strong> satin \/ \u010dern\u00fd povlak (Black Cerakote\u00ae)<\/p>\n<\/li>\n<li data-start=\"1569\" data-end=\"1652\">\n<p data-start=\"1571\" data-end=\"1652\"><strong data-start=\"1571\" data-end=\"1593\">Materi\u00e1l rukojeti:<\/strong> Valox (FRN) se ocelov\u00fdmi vlo\u017ekami, u n\u011bkter\u00fdch verz\u00ed G10<\/p>\n<\/li>\n<li data-start=\"1653\" data-end=\"1738\">\n<p data-start=\"1655\" data-end=\"1738\"><strong data-start=\"1655\" data-end=\"1679\">Z\u00e1mek \/ mechanismus:<\/strong> AXIS\u00ae Lock \u2013 hladk\u00e9, spolehliv\u00e9 a ambidextr\u00f3zn\u00ed ovl\u00e1d\u00e1n\u00ed<\/p>\n<\/li>\n<li data-start=\"1739\" data-end=\"1812\">\n<p data-start=\"1741\" data-end=\"1812\"><strong data-start=\"1741\" data-end=\"1750\">Klip:<\/strong> reverzibiln\u00ed, tip-up; split-arrow nebo deep-carry dle verze<\/p>\n<\/li>\n<\/ul>\n<hr data-start=\"1814\" data-end=\"1817\" \/>\n<p data-start=\"1819\" data-end=\"1838\">\u2705 <strong data-start=\"1821\" data-end=\"1838\">Hlavn\u00ed v\u00fdhody<\/strong><\/p>\n<ul data-start=\"1840\" data-end=\"2237\">\n<li data-start=\"1840\" data-end=\"1925\">\n<p data-start=\"1842\" data-end=\"1925\">Hladk\u00e9 a bezpe\u010dn\u00e9 otev\u0159en\u00ed d\u00edky <strong data-start=\"1874\" data-end=\"1893\">AXIS\u00ae mechanice<\/strong> \u2013 vhodn\u00e9 pro prav\u00e1ky i lev\u00e1ky<\/p>\n<\/li>\n<li data-start=\"1926\" data-end=\"2006\">\n<p data-start=\"1928\" data-end=\"2006\">Drop-point \u010depel \u2013 univerz\u00e1ln\u00ed profil pro v\u011bt\u0161inu \u0159ezn\u00fdch a pracovn\u00edch \u00fakon\u016f<\/p>\n<\/li>\n<li data-start=\"2007\" data-end=\"2088\">\n<p data-start=\"2009\" data-end=\"2088\">Robustn\u00ed konstrukce \u2013 odol\u00e1 ka\u017edodenn\u00ed pr\u00e1ci i n\u00e1ro\u010dn\u011bj\u0161\u00edm ter\u00e9nn\u00edm podm\u00ednk\u00e1m<\/p>\n<\/li>\n<li data-start=\"2089\" data-end=\"2162\">\n<p data-start=\"2091\" data-end=\"2162\">Pohodln\u00e1 ergonomie rukojeti \u2013 jist\u00fd \u00fachop i p\u0159i dlouhodob\u00e9m pou\u017e\u00edv\u00e1n\u00ed<\/p>\n<\/li>\n<li data-start=\"2163\" data-end=\"2237\">\n<p data-start=\"2165\" data-end=\"2237\">P\u0159ijateln\u00e1 v\u00e1ha pro plnohodnotn\u00fd pracovn\u00ed n\u016f\u017e \u2013 stabiln\u00ed, ale p\u0159enosn\u00fd<\/p>\n<\/li>\n<\/ul>\n<hr data-start=\"2239\" data-end=\"2242\" \/>\n<p data-start=\"2244\" data-end=\"2264\">\u26a0\ufe0f <strong data-start=\"2247\" data-end=\"2264\">Mo\u017en\u00e1 omezen\u00ed<\/strong><\/p>\n<ul data-start=\"2266\" data-end=\"2530\">\n<li data-start=\"2266\" data-end=\"2345\">\n<p data-start=\"2268\" data-end=\"2345\">Nen\u00ed ultralehk\u00fd EDC \u2013 pro minimalistick\u00e9 no\u0161en\u00ed m\u016f\u017ee b\u00fdt Barrage v\u00fdrazn\u011bj\u0161\u00ed<\/p>\n<\/li>\n<li data-start=\"2346\" data-end=\"2432\">\n<p data-start=\"2348\" data-end=\"2432\">Tlou\u0161\u0165ka \u010depele (~3 mm) je vhodn\u00e1 pro univerz\u00e1ln\u00ed pou\u017eit\u00ed, ale ne pro jemn\u00e9 p\u00e1\u010den\u00ed<\/p>\n<\/li>\n<li data-start=\"2433\" data-end=\"2530\">\n<p data-start=\"2435\" data-end=\"2530\">R\u016fzn\u00e9 oceli se li\u0161\u00ed v chov\u00e1n\u00ed p\u0159i brou\u0161en\u00ed a retenci ost\u0159\u00ed, co\u017e vy\u017eaduje p\u0159izp\u016fsobenou \u00fadr\u017ebu<\/p>\n<\/li>\n<\/ul>\n<hr data-start=\"2532\" data-end=\"2535\" \/>\n<p data-start=\"2537\" data-end=\"2558\">\ud83d\udee0\ufe0f <strong data-start=\"2541\" data-end=\"2558\">\u00dadr\u017eba a p\u00e9\u010de<\/strong><\/p>\n<ul data-start=\"2560\" data-end=\"2975\">\n<li data-start=\"2560\" data-end=\"2648\">\n<p data-start=\"2562\" data-end=\"2648\">Po pou\u017eit\u00ed \u010depel v\u017edy o\u010disti a osu\u0161te, aby povrch a ocel z\u016fstaly v perfektn\u00ed kondici<\/p>\n<\/li>\n<li data-start=\"2649\" data-end=\"2719\">\n<p data-start=\"2651\" data-end=\"2719\">Mechanismus AXIS\u00ae pravideln\u011b proma\u017e vhodn\u00fdm olejem pro hladk\u00fd chod<\/p>\n<\/li>\n<li data-start=\"2720\" data-end=\"2816\">\n<p data-start=\"2722\" data-end=\"2816\">Brou\u0161en\u00ed prov\u00e1d\u011bj podle doporu\u010den\u00fdch \u00fahl\u016f pro danou ocel; CPM-S30V dr\u017e\u00ed ost\u0159\u00ed d\u00e9le ne\u017e 154CM<\/p>\n<\/li>\n<li data-start=\"2817\" data-end=\"2975\">\n<p data-start=\"2819\" data-end=\"2975\"><strong data-start=\"2819\" data-end=\"2973\">Pro udr\u017een\u00ed ost\u0159\u00ed doporu\u010dujeme <a class=\"decorated-link cursor-pointer\" target=\"_new\" rel=\"noopener\" data-start=\"2852\" data-end=\"2941\">Spyderco Tri-Angle Sharpmaker Complete Sharpening System 204MF<\/a><\/strong><\/p>\n<\/li>\n<li data-start=\"2817\" data-end=\"2975\">\n<p data-start=\"2982\" data-end=\"3003\">\ud83c\udfaf <strong data-start=\"2985\" data-end=\"3003\">Doporu\u010deno pro<\/strong><\/p>\n<ul data-start=\"3005\" data-end=\"3252\">\n<li data-start=\"3005\" data-end=\"3068\">\n<p data-start=\"3007\" data-end=\"3068\">\u0158emesln\u00edky a profesion\u00e1ly hledaj\u00edc\u00ed spolehliv\u00fd pracovn\u00ed n\u016f\u017e<\/p>\n<\/li>\n<li data-start=\"3069\" data-end=\"3117\">\n<p data-start=\"3071\" data-end=\"3117\">Outdoorov\u00e9 nad\u0161ence, turisty a EDC u\u017eivatele<\/p>\n<\/li>\n<li data-start=\"3118\" data-end=\"3190\">\n<p data-start=\"3120\" data-end=\"3190\">Ty, kdo cht\u011bj\u00ed kombinaci robustnosti, ergonomie a univerz\u00e1ln\u00ed \u010depele<\/p>\n<\/li>\n<li data-start=\"3191\" data-end=\"3252\">\n<p data-start=\"3193\" data-end=\"3252\">U\u017eivatel\u00e9 preferuj\u00edc\u00ed AXIS\u00ae mechaniku a spolehliv\u00fd design<\/p>\n<\/li>\n<\/ul>\n<hr data-start=\"3254\" data-end=\"3257\" \/>\n<p data-start=\"3259\" data-end=\"3284\">\u2b50 <strong data-start=\"3261\" data-end=\"3284\">Z\u00e1v\u011bre\u010dn\u00e9 hodnocen\u00ed<\/strong><\/p>\n<p data-start=\"3286\" data-end=\"3720\"><strong data-start=\"3286\" data-end=\"3316\">Benchmade Barrage AXIS 580<\/strong> je univerz\u00e1ln\u00ed pracovn\u00ed n\u016f\u017e, kter\u00fd spojuje odolnost, komfort a spolehlivost. AXIS\u00ae mechanizmus umo\u017e\u0148uje rychl\u00e9 a bezpe\u010dn\u00e9 otev\u0159en\u00ed, ergonomick\u00e1 rukoje\u0165 poskytuje jist\u00fd \u00fachop a robustn\u00ed \u010depel zvl\u00e1dne n\u00e1ro\u010dn\u00e9 \u00fakoly. Pro ka\u017ed\u00e9ho, kdo hled\u00e1 n\u016f\u017e do pr\u00e1ce, ter\u00e9nu nebo pro ka\u017edodenn\u00ed no\u0161en\u00ed s vysokou kvalitou a spolehlivost\u00ed, p\u0159edstavuje Barrage 580 ide\u00e1ln\u00ed volbu \u2013 n\u00e1stroj, na kter\u00fd se d\u00e1 v\u017edy spolehnout.<\/p>\n<\/li>\n<\/ul>\n","protected":false},"excerpt":{"rendered":"<p><strong>Benchmade Barrage AXIS 580 je v\u00fdborn\u00fd n\u016f\u017e pro ka\u017ed\u00e9ho, kdo hled\u00e1 spolehliv\u00fd a robustn\u00ed n\u00e1stroj pro ka\u017edodenn\u00ed pou\u017eit\u00ed, outdoorov\u00e9 aktivity nebo i taktick\u00e1 nasazen\u00ed. D\u00edky kvalitn\u00edm materi\u00e1l\u016fm, rychl\u00e9mu otev\u00edr\u00e1n\u00ed a patentovan\u00e9mu AXIS Lock syst\u00e9mu je ide\u00e1ln\u00ed pro \u0161irokou \u0161k\u00e1lu \u00fakol\u016f a nab\u00edz\u00ed vynikaj\u00edc\u00ed hodnotu za cenu.<\/strong><\/p>\n<p><strong>Doprava zdarma.<\/strong><\/p>\n","protected":false},"featured_media":387837,"comment_status":"open","ping_status":"closed","template":"","meta":[],"pwb-brand":[3960],"product_brand":[],"product_cat":[17,22],"product_tag":[],"class_list":{"0":"post-387836","1":"product","2":"type-product","3":"status-publish","4":"has-post-thumbnail","6":"pwb-brand-benchmade","7":"product_cat-noze","8":"product_cat-zaviraci-noze","10":"first","11":"instock","12":"taxable","13":"shipping-taxable","14":"purchasable","15":"product-type-simple"},"brands":[{"id":3960,"name":"Benchmade","slug":"benchmade"}],"_links":{"self":[{"href":"https:\/\/www.moskito.cz\/sk\/wp-json\/wp\/v2\/product\/387836","targetHints":{"allow":["GET"]}}],"collection":[{"href":"https:\/\/www.moskito.cz\/sk\/wp-json\/wp\/v2\/product"}],"about":[{"href":"https:\/\/www.moskito.cz\/sk\/wp-json\/wp\/v2\/types\/product"}],"replies":[{"embeddable":true,"href":"https:\/\/www.moskito.cz\/sk\/wp-json\/wp\/v2\/comments?post=387836"}],"wp:featuredmedia":[{"embeddable":true,"href":"https:\/\/www.moskito.cz\/sk\/wp-json\/wp\/v2\/media\/387837"}],"wp:attachment":[{"href":"https:\/\/www.moskito.cz\/sk\/wp-json\/wp\/v2\/media?parent=387836"}],"wp:term":[{"taxonomy":"pwb-brand","embeddable":true,"href":"https:\/\/www.moskito.cz\/sk\/wp-json\/wp\/v2\/pwb-brand?post=387836"},{"taxonomy":"product_brand","embeddable":true,"href":"https:\/\/www.moskito.cz\/sk\/wp-json\/wp\/v2\/product_brand?post=387836"},{"taxonomy":"product_cat","embeddable":true,"href":"https:\/\/www.moskito.cz\/sk\/wp-json\/wp\/v2\/product_cat?post=387836"},{"taxonomy":"product_tag","embeddable":true,"href":"https:\/\/www.moskito.cz\/sk\/wp-json\/wp\/v2\/product_tag?post=387836"}],"curies":[{"name":"wp","href":"https:\/\/api.w.org\/{rel}","templated":true}]}}