{"id":389437,"date":"2025-02-01T08:44:07","date_gmt":"2025-02-01T07:44:07","guid":{"rendered":"https:\/\/www.moskito.cz\/?post_type=product&#038;p=389437"},"modified":"2025-12-11T01:33:55","modified_gmt":"2025-12-11T00:33:55","slug":"vystrelovaci-nuz-benchmade-claymore-9071bk-1","status":"publish","type":"product","link":"https:\/\/www.moskito.cz\/sk\/produkt\/vystrelovaci-nuz-benchmade-claymore-9071bk-1\/","title":{"rendered":"Vyst\u0159elovac\u00ed N\u016f\u017e Benchmade Claymore 9071BK-1"},"content":{"rendered":"<h1 data-start=\"241\" data-end=\"287\">Vyst\u0159elovac\u00ed n\u016f\u017e Benchmade Claymore 9071BK-1<\/h1>\n<p data-start=\"289\" data-end=\"593\"><strong data-start=\"289\" data-end=\"320\">Benchmade Claymore 9071BK-1<\/strong> je automatick\u00fd n\u016f\u017e navr\u017een\u00fd pro profesion\u00e1ly, kte\u0159\u00ed vy\u017eaduj\u00ed spolehliv\u00fd a v\u00fdkonn\u00fd n\u00e1stroj. Tento model je sou\u010d\u00e1st\u00ed \u0159ady Claymore, kter\u00e1 byla p\u016fvodn\u011b koncipov\u00e1na pro vojensk\u00e9 a policejn\u00ed slo\u017eky, ale d\u00edky sv\u00e9 v\u0161estrannosti a robustnosti si na\u0161la cestu i k \u0161irok\u00e9 ve\u0159ejnosti.<\/p>\n<p data-start=\"595\" data-end=\"929\">N\u016f\u017e Claymore 9071BK-1 vynik\u00e1 svou konstrukc\u00ed a pou\u017eit\u00fdmi materi\u00e1ly. Je vybaven \u010depel\u00ed z oceli <strong data-start=\"689\" data-end=\"699\">CPM-D2<\/strong> s povrchovou \u00fapravou <strong data-start=\"721\" data-end=\"747\">Cerakote\u00ae Cobalt Black<\/strong>, kter\u00e1 zaji\u0161\u0165uje vynikaj\u00edc\u00ed odolnost proti opot\u0159eben\u00ed a korozi. Ergonomick\u00e1 rukoje\u0165 z texturovan\u00e9ho <strong data-start=\"848\" data-end=\"860\">Grivory\u00ae<\/strong> materi\u00e1lu poskytuje pevn\u00fd a pohodln\u00fd \u00fachop i v n\u00e1ro\u010dn\u00fdch podm\u00ednk\u00e1ch.<\/p>\n<p data-start=\"931\" data-end=\"1164\">D\u00edky automatick\u00e9mu mechanismu s tla\u010d\u00edtkov\u00fdm z\u00e1mkem a integrovan\u00fdm bezpe\u010dnostn\u00edm posuvn\u00fdm z\u00e1mkem nab\u00edz\u00ed Claymore 9071BK-1 rychl\u00e9 a bezpe\u010dn\u00e9 otev\u0159en\u00ed. Reverzibiln\u00ed klip na kapsu umo\u017e\u0148uje pohodln\u00e9 no\u0161en\u00ed vpravo i vlevo, v pozici tip-up.<\/p>\n<p data-start=\"1166\" data-end=\"1383\">Tento n\u016f\u017e je ide\u00e1ln\u00ed volbou pro ka\u017edodenn\u00ed no\u0161en\u00ed (EDC), taktick\u00e9 operace, outdoorov\u00e9 aktivity i sb\u011bratelsk\u00e9 \u00fa\u010dely. Jeho kombinace kvality, v\u00fdkonu a designu z n\u011bj \u010din\u00ed spolehliv\u00e9ho partnera pro \u0161irokou \u0161k\u00e1lu \u010dinnost\u00ed.<\/p>\n<hr data-start=\"1385\" data-end=\"1388\" \/>\n<h2 data-start=\"1390\" data-end=\"1417\">\ud83d\udd27 Technick\u00e9 specifikace<\/h2>\n<ul data-start=\"1419\" data-end=\"1926\">\n<li data-start=\"1419\" data-end=\"1457\">\n<p data-start=\"1421\" data-end=\"1457\"><strong data-start=\"1421\" data-end=\"1450\">Celkov\u00e1 d\u00e9lka (otev\u0159en\u00fd):<\/strong> 218 mm<\/p>\n<\/li>\n<li data-start=\"1458\" data-end=\"1483\">\n<p data-start=\"1460\" data-end=\"1483\"><strong data-start=\"1460\" data-end=\"1477\">D\u00e9lka \u010depele:<\/strong> 91 mm<\/p>\n<\/li>\n<li data-start=\"1484\" data-end=\"1518\">\n<p data-start=\"1486\" data-end=\"1518\"><strong data-start=\"1486\" data-end=\"1511\">D\u00e9lka zav\u0159en\u00e9ho no\u017ee:<\/strong> 127 mm<\/p>\n<\/li>\n<li data-start=\"1519\" data-end=\"1546\">\n<p data-start=\"1521\" data-end=\"1546\"><strong data-start=\"1521\" data-end=\"1541\">Tlou\u0161\u0165ka \u010depele:<\/strong> 3 mm<\/p>\n<\/li>\n<li data-start=\"1547\" data-end=\"1613\">\n<p data-start=\"1549\" data-end=\"1613\"><strong data-start=\"1549\" data-end=\"1569\">Materi\u00e1l \u010depele:<\/strong> CPM-D2 n\u00e1strojov\u00e1 ocel s tvrdost\u00ed 60\u201362 HRC<\/p>\n<\/li>\n<li data-start=\"1614\" data-end=\"1638\">\n<p data-start=\"1616\" data-end=\"1638\"><strong data-start=\"1616\" data-end=\"1632\">Tvar \u010depele:<\/strong> Tanto<\/p>\n<\/li>\n<li data-start=\"1639\" data-end=\"1684\">\n<p data-start=\"1641\" data-end=\"1684\"><strong data-start=\"1641\" data-end=\"1663\">Materi\u00e1l rukojeti:<\/strong> Texturovan\u00fd Grivory\u00ae<\/p>\n<\/li>\n<li data-start=\"1685\" data-end=\"1754\">\n<p data-start=\"1687\" data-end=\"1754\"><strong data-start=\"1687\" data-end=\"1697\">Z\u00e1mek:<\/strong> Push-button s integrovan\u00fdm bezpe\u010dnostn\u00edm posuvn\u00fdm z\u00e1mkem<\/p>\n<\/li>\n<li data-start=\"1755\" data-end=\"1776\">\n<p data-start=\"1757\" data-end=\"1776\"><strong data-start=\"1757\" data-end=\"1770\">Hmotnost:<\/strong> 109 g<\/p>\n<\/li>\n<li data-start=\"1777\" data-end=\"1830\">\n<p data-start=\"1779\" data-end=\"1830\"><strong data-start=\"1779\" data-end=\"1807\">Povrchov\u00e1 \u00faprava \u010depele:<\/strong> Cerakote\u00ae Cobalt Black<\/p>\n<\/li>\n<li data-start=\"1831\" data-end=\"1905\">\n<p data-start=\"1833\" data-end=\"1905\"><strong data-start=\"1833\" data-end=\"1851\">Klip na kapsu:<\/strong> Reverzibiln\u00ed pro no\u0161en\u00ed vpravo i vlevo, tip-up pozice<\/p>\n<\/li>\n<li data-start=\"1906\" data-end=\"1926\">\n<p data-start=\"1908\" data-end=\"1926\"><strong data-start=\"1908\" data-end=\"1926\">Vyrobeno v USA<\/strong><\/p>\n<\/li>\n<\/ul>\n<hr data-start=\"1928\" data-end=\"1931\" \/>\n<h2 data-start=\"1933\" data-end=\"1956\">\u2705 Kl\u00ed\u010dov\u00e9 vlastnosti<\/h2>\n<ul data-start=\"1958\" data-end=\"2486\">\n<li data-start=\"1958\" data-end=\"2060\">\n<p data-start=\"1960\" data-end=\"2060\"><strong data-start=\"1960\" data-end=\"1991\">Rychl\u00e9 a bezpe\u010dn\u00e9 otev\u0159en\u00ed:<\/strong> Automatick\u00e9 otev\u0159en\u00ed stisknut\u00edm tla\u010d\u00edtka umo\u017e\u0148uje okam\u017eit\u00e9 nasazen\u00ed.<\/p>\n<\/li>\n<li data-start=\"2061\" data-end=\"2175\">\n<p data-start=\"2063\" data-end=\"2175\"><strong data-start=\"2063\" data-end=\"2085\">Ergonomick\u00fd \u00fachop:<\/strong> Texturovan\u00e1 rukoje\u0165 z Grivory\u00ae zaji\u0161\u0165uje pevn\u00fd a pohodln\u00fd \u00fachop i v n\u00e1ro\u010dn\u00fdch podm\u00ednk\u00e1ch.<\/p>\n<\/li>\n<li data-start=\"2176\" data-end=\"2301\">\n<p data-start=\"2178\" data-end=\"2301\"><strong data-start=\"2178\" data-end=\"2195\">Odoln\u00e1 \u010depel:<\/strong> \u010cepel z CPM-D2 oceli s povrchovou \u00fapravou Cerakote\u00ae nab\u00edz\u00ed vynikaj\u00edc\u00ed odolnost proti opot\u0159eben\u00ed a korozi.<\/p>\n<\/li>\n<li data-start=\"2302\" data-end=\"2391\">\n<p data-start=\"2304\" data-end=\"2391\"><strong data-start=\"2304\" data-end=\"2327\">Bezpe\u010dnostn\u00ed z\u00e1mek:<\/strong> Integrovan\u00fd posuvn\u00fd z\u00e1mek zabra\u0148uje necht\u011bn\u00e9mu otev\u0159en\u00ed \u010depele.<\/p>\n<\/li>\n<li data-start=\"2392\" data-end=\"2486\">\n<p data-start=\"2394\" data-end=\"2486\"><strong data-start=\"2394\" data-end=\"2418\">Univerz\u00e1ln\u00ed pou\u017eit\u00ed:<\/strong> Vhodn\u00fd pro ka\u017edodenn\u00ed no\u0161en\u00ed, taktick\u00e9 operace i sb\u011bratelsk\u00e9 \u00fa\u010dely.<\/p>\n<\/li>\n<\/ul>\n<hr data-start=\"2488\" data-end=\"2491\" \/>\n<h2 data-start=\"2493\" data-end=\"2512\">\u26a0\ufe0f Mo\u017en\u00e1 omezen\u00ed<\/h2>\n<ul data-start=\"2514\" data-end=\"2768\">\n<li data-start=\"2514\" data-end=\"2675\">\n<p data-start=\"2516\" data-end=\"2675\"><strong data-start=\"2516\" data-end=\"2535\">Pr\u00e1vn\u00ed omezen\u00ed:<\/strong> Automatick\u00e9 no\u017ee mohou b\u00fdt v n\u011bkter\u00fdch oblastech omezeny nebo zak\u00e1z\u00e1ny. P\u0159ed zakoupen\u00edm se ujist\u011bte o platn\u00fdch p\u0159edpisech ve va\u0161\u00ed lokalit\u011b.<\/p>\n<\/li>\n<li data-start=\"2676\" data-end=\"2768\">\n<p data-start=\"2678\" data-end=\"2768\"><strong data-start=\"2678\" data-end=\"2689\">\u00dadr\u017eba:<\/strong> Pravideln\u00e1 \u00fadr\u017eba a \u010di\u0161t\u011bn\u00ed mechanismu je nezbytn\u00e9 pro dlouhou \u017eivotnost no\u017ee.<\/p>\n<\/li>\n<\/ul>\n<hr data-start=\"2770\" data-end=\"2773\" \/>\n<h2 data-start=\"2775\" data-end=\"2795\">\ud83d\udee0\ufe0f \u00dadr\u017eba a p\u00e9\u010de<\/h2>\n<ul data-start=\"2797\" data-end=\"3094\">\n<li data-start=\"2797\" data-end=\"2890\">\n<p data-start=\"2799\" data-end=\"2890\"><strong data-start=\"2799\" data-end=\"2811\">\u010cistota:<\/strong> Po ka\u017ed\u00e9m pou\u017eit\u00ed n\u016f\u017e o\u010dist\u011bte od ne\u010distot a vlhkosti, aby se p\u0159ede\u0161lo korozi.<\/p>\n<\/li>\n<li data-start=\"2891\" data-end=\"2997\">\n<p data-start=\"2893\" data-end=\"2997\"><strong data-start=\"2893\" data-end=\"2904\">Maz\u00e1n\u00ed:<\/strong> Pravideln\u011b promaz\u00e1vejte mechanismus push-button vhodn\u00fdm olejem pro zaji\u0161t\u011bn\u00ed hladk\u00e9ho chodu.<\/p>\n<\/li>\n<li data-start=\"2998\" data-end=\"3094\">\n<p data-start=\"3000\" data-end=\"3094\"><strong data-start=\"3000\" data-end=\"3013\">Brou\u0161en\u00ed:<\/strong> Pro udr\u017een\u00ed optim\u00e1ln\u00ed ostrosti pou\u017eijte kvalitn\u00ed brousek vhodn\u00fd pro ocel CPM-D2.<\/p>\n<\/li>\n<\/ul>\n<hr data-start=\"3096\" data-end=\"3099\" \/>\n<h2 data-start=\"3101\" data-end=\"3121\">\ud83c\udfaf Doporu\u010deno pro<\/h2>\n<ul data-start=\"3123\" data-end=\"3511\">\n<li data-start=\"3123\" data-end=\"3235\">\n<p data-start=\"3125\" data-end=\"3235\"><strong data-start=\"3125\" data-end=\"3142\">Profesion\u00e1ly:<\/strong> Vhodn\u00fd pro vojensk\u00e9 a policejn\u00ed slo\u017eky vy\u017eaduj\u00edc\u00ed spolehliv\u00fd n\u00e1stroj v n\u00e1ro\u010dn\u00fdch podm\u00ednk\u00e1ch.<\/p>\n<\/li>\n<li data-start=\"3236\" data-end=\"3322\">\n<p data-start=\"3238\" data-end=\"3322\"><strong data-start=\"3238\" data-end=\"3262\">Outdoorov\u00e9 nad\u0161ence:<\/strong> Ide\u00e1ln\u00ed pro kempov\u00e1n\u00ed, turistiku a dal\u0161\u00ed venkovn\u00ed aktivity.<\/p>\n<\/li>\n<li data-start=\"3323\" data-end=\"3410\">\n<p data-start=\"3325\" data-end=\"3410\"><strong data-start=\"3325\" data-end=\"3339\">Sb\u011bratele:<\/strong> D\u00edky kvalitn\u00edmu zpracov\u00e1n\u00ed a designu je atraktivn\u00ed pro sb\u011bratele no\u017e\u016f.<\/p>\n<\/li>\n<li data-start=\"3411\" data-end=\"3511\">\n<p data-start=\"3413\" data-end=\"3511\"><strong data-start=\"3413\" data-end=\"3435\">Ka\u017edodenn\u00ed no\u0161en\u00ed:<\/strong> D\u00edky kompaktn\u00edm rozm\u011br\u016fm a n\u00edzk\u00e9 hmotnosti je vhodn\u00fd pro ka\u017edodenn\u00ed no\u0161en\u00ed.<\/p>\n<\/li>\n<\/ul>\n<hr data-start=\"3513\" data-end=\"3516\" \/>\n<h2 data-start=\"3518\" data-end=\"3542\">\u2b50 Z\u00e1v\u011bre\u010dn\u00e9 hodnocen\u00ed<\/h2>\n<p data-start=\"3544\" data-end=\"3924\"><strong data-start=\"3544\" data-end=\"3575\">Benchmade Claymore 9071BK-1<\/strong> je vynikaj\u00edc\u00ed volbou pro ty, kte\u0159\u00ed hledaj\u00ed spolehliv\u00fd a odoln\u00fd automatick\u00fd n\u016f\u017e. Spojuje kvalitn\u00ed materi\u00e1ly, precizn\u00ed zpracov\u00e1n\u00ed a inovativn\u00ed design, co\u017e z n\u011bj \u010din\u00ed ide\u00e1ln\u00ed n\u00e1stroj pro \u0161irokou \u0161k\u00e1lu aktivit. Pokud hled\u00e1te n\u016f\u017e, kter\u00fd nab\u00edz\u00ed rychl\u00e9 a bezpe\u010dn\u00e9 otev\u0159en\u00ed, ergonomick\u00fd \u00fachop a vynikaj\u00edc\u00ed v\u00fdkon, Claymore 9071BK-1 je volba, kter\u00e1 nezklame.<\/p>\n","protected":false},"excerpt":{"rendered":"<p><strong>Benchmade Claymore 9071BK-1 je \u0161pi\u010dkov\u00fd automatick\u00fd n\u016f\u017e s vynikaj\u00edc\u00ed kvalitou, odolnost\u00ed a ergonomi\u00ed. Je ide\u00e1ln\u00ed volbou pro ty, kte\u0159\u00ed hledaj\u00ed spolehliv\u00fd a rychl\u00fd n\u016f\u017e pro taktick\u00e9 pou\u017eit\u00ed, ka\u017edodenn\u00ed no\u0161en\u00ed nebo outdoorov\u00e9 aktivity.<\/strong><\/p>\n<p><strong>Doprava zdarma.<\/strong><\/p>\n","protected":false},"featured_media":389438,"comment_status":"open","ping_status":"closed","template":"","meta":[],"pwb-brand":[3960],"product_brand":[],"product_cat":[17,2019],"product_tag":[],"class_list":{"0":"post-389437","1":"product","2":"type-product","3":"status-publish","4":"has-post-thumbnail","6":"pwb-brand-benchmade","7":"product_cat-noze","8":"product_cat-vystrelovaci-noze","10":"first","11":"instock","12":"taxable","13":"shipping-taxable","14":"purchasable","15":"product-type-simple"},"brands":[{"id":3960,"name":"Benchmade","slug":"benchmade"}],"_links":{"self":[{"href":"https:\/\/www.moskito.cz\/sk\/wp-json\/wp\/v2\/product\/389437","targetHints":{"allow":["GET"]}}],"collection":[{"href":"https:\/\/www.moskito.cz\/sk\/wp-json\/wp\/v2\/product"}],"about":[{"href":"https:\/\/www.moskito.cz\/sk\/wp-json\/wp\/v2\/types\/product"}],"replies":[{"embeddable":true,"href":"https:\/\/www.moskito.cz\/sk\/wp-json\/wp\/v2\/comments?post=389437"}],"wp:featuredmedia":[{"embeddable":true,"href":"https:\/\/www.moskito.cz\/sk\/wp-json\/wp\/v2\/media\/389438"}],"wp:attachment":[{"href":"https:\/\/www.moskito.cz\/sk\/wp-json\/wp\/v2\/media?parent=389437"}],"wp:term":[{"taxonomy":"pwb-brand","embeddable":true,"href":"https:\/\/www.moskito.cz\/sk\/wp-json\/wp\/v2\/pwb-brand?post=389437"},{"taxonomy":"product_brand","embeddable":true,"href":"https:\/\/www.moskito.cz\/sk\/wp-json\/wp\/v2\/product_brand?post=389437"},{"taxonomy":"product_cat","embeddable":true,"href":"https:\/\/www.moskito.cz\/sk\/wp-json\/wp\/v2\/product_cat?post=389437"},{"taxonomy":"product_tag","embeddable":true,"href":"https:\/\/www.moskito.cz\/sk\/wp-json\/wp\/v2\/product_tag?post=389437"}],"curies":[{"name":"wp","href":"https:\/\/api.w.org\/{rel}","templated":true}]}}