{"id":389763,"date":"2025-02-02T17:34:16","date_gmt":"2025-02-02T16:34:16","guid":{"rendered":"https:\/\/www.moskito.cz\/produkt\/vystrelovaci-noz-benchmade-claymore-9070bk-1\/"},"modified":"2025-05-07T11:28:08","modified_gmt":"2025-05-07T10:28:08","slug":"vystrelovaci-noz-benchmade-claymore-9070bk-1","status":"publish","type":"product","link":"https:\/\/www.moskito.cz\/sk\/produkt\/vystrelovaci-noz-benchmade-claymore-9070bk-1\/","title":{"rendered":"Vystre\u013eovac\u00ed N\u00f4\u017e Benchmade Claymore 9070BK-1"},"content":{"rendered":"<p>Vystre\u013eovac\u00ed N\u00f4\u017e Benchmade Claymore 9070BK-1<\/p>\n<div class=\"flex max-w-full flex-col flex-grow\">\n<div class=\"min-h-8 text-message flex w-full flex-col items-end gap-2 whitespace-normal break-words text-start [.text-message+&amp;]:mt-5\" dir=\"auto\" data-message-author-role=\"assistant\" data-message-id=\"667fa8db-4d6d-4a93-8c9b-7f160fe2d0ce\" data-message-model-slug=\"gpt-4o\">\n<div class=\"flex w-full flex-col gap-1 empty:hidden first:pt-[3px]\">\n<div class=\"markdown prose w-full break-words dark:prose-invert light\">\n<h3><strong>Benchmade Claymore 9070BK-1<\/strong> \u2013 Taktick\u00fd vystre\u013eovac\u00ed n\u00f4\u017e<\/h3>\n<p>Benchmade Claymore 9070BK-1 je automatick\u00fd vystre\u013eovac\u00ed n\u00f4\u017e navrhnut\u00fd pre profesion\u00e1lne a vojensk\u00e9 vyu\u017eitie. Jeho robustn\u00e1 kon\u0161trukcia, \u013eahk\u00e1 rukov\u00e4\u0165 a v\u00fdkonn\u00e1 \u010depe\u013e z ocele CPM-D2 zais\u0165uj\u00fa spo\u013eahlivos\u0165 v n\u00e1ro\u010dn\u00fdch podmienkach. Tento model je vylep\u0161enou verziou p\u00f4vodn\u00e9ho Claymore a prin\u00e1\u0161a e\u0161te v\u00e4\u010d\u0161iu odolnos\u0165 a v\u00fdkon.  <\/p>\n<hr>\n<h3><strong>Technick\u00e9 \u0161pecifik\u00e1cie:<\/strong><\/h3>\n<ul>\n<li><strong>\u010cepe\u013e:<\/strong>\n<ul>\n<li><strong>Materi\u00e1l:<\/strong> CPM-D2 (polonerezov\u00e1 n\u00e1strojov\u00e1 oce\u013e s vynikaj\u00facou odolnos\u0165ou vo\u010di opotrebovaniu)<\/li>\n<li><strong>D\u013a\u017eka:<\/strong> 3,60&#8243; (91 mm)<\/li>\n<li><strong>Hr\u00fabka:<\/strong> 0,114&#8243; (2,9 mm)<\/li>\n<li><strong>Tvar:<\/strong> Drop Point \u2013 univerz\u00e1lny a pevn\u00fd tvar pre \u0161irok\u00e9 vyu\u017eitie<\/li>\n<li><strong>Povrchov\u00e1 \u00faprava:<\/strong> Cobalt Black Cerakote \u2013 ochrana proti kor\u00f3zii a odleskom<\/li>\n<li><strong>Ostrie:<\/strong> Hladk\u00e9<\/li>\n<\/ul>\n<\/li>\n<li><strong>Rukov\u00e4\u0165:<\/strong>\n<ul>\n<li><strong>Materi\u00e1l:<\/strong> Text\u00farovan\u00fd Grivory\u00ae (\u013eahk\u00fd, pevn\u00fd polym\u00e9r odoln\u00fd vo\u010di extr\u00e9mnym podmienkam)<\/li>\n<li><strong>D\u013a\u017eka (zatvoren\u00fd):<\/strong> 4,62&#8243; (117 mm)<\/li>\n<li><strong>Farba:<\/strong> \u010cierna<\/li>\n<li><strong>Ergon\u00f3mia:<\/strong> Proti\u0161mykov\u00e1 text\u00fara pre pevn\u00fd \u00fachop<\/li>\n<\/ul>\n<\/li>\n<li><strong>mechanizmus:<\/strong>\n<ul>\n<li><strong>Otv\u00e1ranie:<\/strong> Automatick\u00e9 (vystre\u013eovacie)<\/li>\n<li><strong>Z\u00e1mok:<\/strong> Plunge Lock + bezpe\u010dnostn\u00e1 poistka<\/li>\n<li><strong>Vreckov\u00fd klip:<\/strong> Obojstrann\u00fd, hlbok\u00e9 nosenie (deep-carry)<\/li>\n<\/ul>\n<\/li>\n<li><strong>Celkov\u00e1 d\u013a\u017eka:<\/strong> 8,60&#8243; (218 mm)<\/li>\n<li><strong>Hmotnos\u0165:<\/strong> 3,50 oz (99 g)<\/li>\n<\/ul>\n<hr>\n<h3><strong>K\u013e\u00fa\u010dov\u00e9 vlastnosti:<\/strong><\/h3>\n<p>\u2705  <strong>Extr\u00e9mna odolnos\u0165:<\/strong> \u010cepe\u013e z CPM-D2 je vysoko odoln\u00e1 vo\u010di opotrebovaniu a dr\u017e\u00ed ostrie po dlh\u00fa dobu<br \/>\n\u2705  <strong>Automatick\u00fd mechanizmus:<\/strong> R\u00fdchle a hladk\u00e9 vystrelenie \u010depele jedn\u00fdm tla\u010didlom<br \/>\n\u2705  <strong>\u013dahk\u00e1, ale pevn\u00e1 kon\u0161trukcia:<\/strong> Grivory\u00ae rukov\u00e4\u0165 zais\u0165uje vysok\u00fa pevnos\u0165 pri minim\u00e1lnej hmotnosti<br \/>\n\u2705  <strong>Bezpe\u010dnostn\u00e1 poistka:<\/strong> Br\u00e1ni nechcen\u00e9mu otvoreniu no\u017ea pri nosen\u00ed<br \/>\n\u2705  <strong>Taktick\u00fd design:<\/strong> Nen\u00e1padn\u00e9 matn\u00e9 \u010dierne prevedenie ide\u00e1lne pre profesion\u00e1lne nasadenie<\/p>\n<hr>\n<h3><strong>Vyu\u017eitie:<\/strong><\/h3>\n<p>\ud83d\udd39 <strong>Taktick\u00e9 a vojensk\u00e9 pou\u017eitie<\/strong> \u2013 spo\u013eahliv\u00fd n\u00e1stroj pre profesion\u00e1lov<br \/>\n\ud83d\udd39 <strong>Ka\u017edodenn\u00e9 nosenie (EDC)<\/strong> \u2013 odoln\u00fd a \u013eahk\u00fd n\u00f4\u017e pre be\u017en\u00e9 \u00falohy<br \/>\n\ud83d\udd39 <strong>Outdoor &amp; pre\u017eitie<\/strong> \u2013 vhodn\u00fd na kempovanie, turistiku a survival situ\u00e1cie<br \/>\n\ud83d\udd39 <strong>Z\u00e1chran\u00e1rske a obrann\u00e9 \u00fa\u010dely<\/strong> \u2013 r\u00fdchle nasadenie v kr\u00edzov\u00fdch situ\u00e1ci\u00e1ch <\/p>\n<hr>\n<h3><strong>V\u00fdhody a nev\u00fdhody:<\/strong><\/h3>\n<p>\u2714 <strong>V\u00fdhody:<\/strong><br \/>\n \u2705 Pevn\u00e1 a odoln\u00e1 kon\u0161trukcia<br \/>\n\u2705 Automatick\u00e9 vystre\u013eovanie \u010depele<br \/>\n\u2705 Skvel\u00e1 retencia ostria v\u010faka CPM-D2 ocele<br \/>\n\u2705 \u013dahk\u00e1 a ergonomick\u00e1 rukov\u00e4\u0165<br \/>\n\u2705 Obojstrann\u00fd vreckov\u00fd klip<\/p>\n<p>\u274c <strong>Nev\u00fdhody:<\/strong><br \/>\n \u26d4 Vy\u0161\u0161ia cena kv\u00f4li pou\u017eit\u00fdm pr\u00e9miov\u00fdm materi\u00e1lom<br \/>\n \u26d4 Automatick\u00e9 no\u017ee m\u00f4\u017eu by\u0165 v niektor\u00fdch regi\u00f3noch legislat\u00edvne obmedzen\u00e9<br \/>\n \u26d4 D2 oce\u013e nie je plne nerezov\u00e1 \u2013 vy\u017eaduje pravideln\u00fa \u00fadr\u017ebu<\/p>\n<hr>\n<h3><strong>Z\u00e1ver:<\/strong><\/h3>\n<p>Benchmade Claymore 9070BK-1 je \u0161pi\u010dkov\u00fd automatick\u00fd n\u00f4\u017e, ktor\u00fd kombinuje extr\u00e9mnu odolnos\u0165, \u013eahk\u00fa kon\u0161trukciu a spo\u013eahliv\u00fd mechanizmus. Je ide\u00e1lny pre vojensk\u00e9, taktick\u00e9 aj ka\u017edodenn\u00e9 vyu\u017eitie. Ak h\u013ead\u00e1te robustn\u00fd vystre\u013eovac\u00ed n\u00f4\u017e, ktor\u00fd v\u00e1s nesklame v \u017eiadnej situ\u00e1cii, tento model je skvelou vo\u013ebou.  <\/p>\n<\/div>\n<\/div>\n<\/div>\n<\/div>\n","protected":false},"excerpt":{"rendered":"<p><strong>Benchmade Claymore 9070BK-1 je \u0161pi\u010dkov\u00fd automatick\u00fd n\u00f4\u017e, ktor\u00fd kombinuje extr\u00e9mnu odolnos\u0165, \u013eahk\u00fa kon\u0161trukciu a spo\u013eahliv\u00fd mechanizmus. Je ide\u00e1lny pre vojensk\u00e9, taktick\u00e9 aj ka\u017edodenn\u00e9 vyu\u017eitie. Ak h\u013ead\u00e1te robustn\u00fd vystre\u013eovac\u00ed n\u00f4\u017e, ktor\u00fd v\u00e1s nesklame v \u017eiadnej situ\u00e1cii, tento model je skvelou vo\u013ebou.  <\/strong><\/p>\n<p><strong>Doprava zadarmo.<\/strong><\/p>\n","protected":false},"featured_media":389563,"comment_status":"open","ping_status":"closed","template":"","meta":[],"pwb-brand":[3979],"product_brand":[],"product_cat":[3186,3197],"product_tag":[],"class_list":{"0":"post-389763","1":"product","2":"type-product","3":"status-publish","4":"has-post-thumbnail","6":"pwb-brand-benchmade-sk","7":"product_cat-noze-sk","8":"product_cat-vystrelovacie-noze-sk","10":"first","11":"instock","12":"taxable","13":"shipping-taxable","14":"purchasable","15":"product-type-simple"},"brands":[{"id":3979,"name":"Benchmade","slug":"benchmade-sk"}],"_links":{"self":[{"href":"https:\/\/www.moskito.cz\/sk\/wp-json\/wp\/v2\/product\/389763","targetHints":{"allow":["GET"]}}],"collection":[{"href":"https:\/\/www.moskito.cz\/sk\/wp-json\/wp\/v2\/product"}],"about":[{"href":"https:\/\/www.moskito.cz\/sk\/wp-json\/wp\/v2\/types\/product"}],"replies":[{"embeddable":true,"href":"https:\/\/www.moskito.cz\/sk\/wp-json\/wp\/v2\/comments?post=389763"}],"wp:featuredmedia":[{"embeddable":true,"href":"https:\/\/www.moskito.cz\/sk\/wp-json\/wp\/v2\/media\/389563"}],"wp:attachment":[{"href":"https:\/\/www.moskito.cz\/sk\/wp-json\/wp\/v2\/media?parent=389763"}],"wp:term":[{"taxonomy":"pwb-brand","embeddable":true,"href":"https:\/\/www.moskito.cz\/sk\/wp-json\/wp\/v2\/pwb-brand?post=389763"},{"taxonomy":"product_brand","embeddable":true,"href":"https:\/\/www.moskito.cz\/sk\/wp-json\/wp\/v2\/product_brand?post=389763"},{"taxonomy":"product_cat","embeddable":true,"href":"https:\/\/www.moskito.cz\/sk\/wp-json\/wp\/v2\/product_cat?post=389763"},{"taxonomy":"product_tag","embeddable":true,"href":"https:\/\/www.moskito.cz\/sk\/wp-json\/wp\/v2\/product_tag?post=389763"}],"curies":[{"name":"wp","href":"https:\/\/api.w.org\/{rel}","templated":true}]}}