{"id":397323,"date":"2025-03-13T19:53:22","date_gmt":"2025-03-13T18:53:22","guid":{"rendered":"https:\/\/www.moskito.cz\/?post_type=product&#038;p=397323"},"modified":"2026-01-09T11:55:18","modified_gmt":"2026-01-09T10:55:18","slug":"vystrelovaci-nuz-microtech-marfione-custom-knives-atreus-titanium-1290-hpcfti-mck","status":"publish","type":"product","link":"https:\/\/www.moskito.cz\/sk\/produkt\/vystrelovaci-nuz-microtech-marfione-custom-knives-atreus-titanium-1290-hpcfti-mck\/","title":{"rendered":"Vyst\u0159elovac\u00ed N\u016f\u017e Microtech Marfione Custom Knives Atreus Titanium 1290-HPCFTI-MCK"},"content":{"rendered":"<p data-pm-slice=\"1 1 []\">\ud83d\udd2a <strong>Vyst\u0159elovac\u00ed N\u016f\u017e Microtech Marfione Custom Knives Atreus Titanium 1290-HPCFTI-MCK<\/strong> \u2013 <strong>Vrchol elegance a preciznosti<\/strong><\/p>\n<p><strong>P\u0159edstavujeme Atreus\u2122<\/strong>, neohro\u017een\u00fd p\u0159\u00edr\u016fstek do katalogu Microtech\u00ae. Tento dvou\u010dinn\u00fd n\u016f\u017e p\u0159edstavuje na\u0161i revolu\u010dn\u00ed patentovanou technologii <strong>Zero Blade Play<\/strong>, kter\u00e1 zabra\u0148uje pohybu \u010depele p\u0159i nasazen\u00ed. Atreus\u2122 je vybaven hlin\u00edkovou rukojet\u00ed <strong>7075-T6-11<\/strong> se dv\u011bma vlo\u017ekami vyroben\u00fdmi z <strong>30k uhl\u00edkov\u00fdch vl\u00e1ken<\/strong> a <strong>6AI-4V titanu<\/strong>. Titanov\u00e1 vlo\u017eka se m\u016f\u017ee pochlubit <strong>agresivn\u00edm lemov\u00e1n\u00edm<\/strong>, kter\u00e9 poskytuje bezpe\u010dn\u00fd \u00fachop. Atreus\u2122 je navr\u017een pro <strong>ka\u017edodenn\u00ed no\u0161en\u00ed<\/strong> a je vybaven titanovou kapesn\u00ed sponou s <strong>kuli\u010dkou z karbidu k\u0159em\u00edku<\/strong>. Jeho v\u0161estrannost je d\u00e1le pos\u00edlena <strong>rozb\u00edje\u010dem skla z karbidu wolframu<\/strong>, na\u0161\u00edm patentovan\u00fdm <strong>dvoupalivov\u00fdm hnac\u00edm \u00fastroj\u00edm\u2122<\/strong> a <strong>Crud Kutter\u2122<\/strong> um\u00edst\u011bn\u00fdm pod vypalovac\u00edm tla\u010d\u00edtkem.<\/p>\n<div>\n<hr \/>\n<\/div>\n<p>\ud83d\udd11 <strong>Kl\u00ed\u010dov\u00e9 vlastnosti<\/strong><\/p>\n<p>\ud83d\udd2a <strong>\u010cepel<\/strong><br \/>\n\ud83d\udccc <strong>Materi\u00e1l:<\/strong> <strong>M390<\/strong> \u2013 extr\u00e9mn\u00ed ostrost a odolnost v\u016f\u010di korozi<br \/>\n\ud83d\udccc <strong>D\u00e9lka \u010depele:<\/strong> <strong>10 cm<\/strong><br \/>\n\ud83d\udccc <b>Celkov\u00e1 d\u00e9lka: 23.5 cm\u00a0<\/b><br \/>\n\ud83d\udccc <strong>Tvar:<\/strong> <strong>Double Edge Dagger<\/strong> \u2013 maxim\u00e1ln\u00ed pr\u016fraznost a efektivita<br \/>\n\ud83d\udccc <strong>Povrchov\u00e1 \u00faprava:<\/strong> <strong>Hand Polished Mirror Finish<\/strong> \u2013 luxusn\u00ed ru\u010dn\u011b le\u0161t\u011bn\u00e1 \u010depel<\/p>\n<p>\ud83d\udda4 <strong>Rukoje\u0165<\/strong><br \/>\n\ud83d\udccc <strong>Materi\u00e1l:<\/strong> <strong>Hlin\u00edk 7075-T6-11 s titanov\u00fdmi a karbonov\u00fdmi vlo\u017ekami<\/strong><br \/>\n\ud83d\udccc <strong>Design:<\/strong> <strong>Agresivn\u00ed lemov\u00e1n\u00ed pro jist\u00fd \u00fachop<\/strong><br \/>\n\ud83d\udccc <strong>Ergonomie:<\/strong> Perfektn\u00ed vyv\u00e1\u017een\u00ed pro EDC i taktick\u00e1 nasazen\u00ed<\/p>\n<p>\u26a1 <strong>Mechanismus<\/strong><br \/>\n\ud83d\udccc <strong>OTF (Out The Front) automatick\u00e9 vysunut\u00ed<\/strong><br \/>\n\ud83d\udccc <strong>Revolu\u010dn\u00ed Zero Blade Play technologie<\/strong> \u2013 eliminace pohybu \u010depele p\u0159i nasazen\u00ed<br \/>\n\ud83d\udccc <strong>Patentovan\u00e9 dvoupalivov\u00e9 hnac\u00ed \u00fastroj\u00ed\u2122<\/strong><\/p>\n<div>\n<hr \/>\n<\/div>\n<p>\ud83d\udce6 <strong>Co je v balen\u00ed?<\/strong><br \/>\n\ud83d\udccc <strong>Vyst\u0159elovac\u00ed n\u016f\u017e Microtech Marfione Custom Atreus<\/strong><br \/>\n\ud83d\udccc <strong>Luxusn\u00ed d\u00e1rkov\u00e9 balen\u00ed<\/strong><br \/>\n\ud83d\udccc <strong>Ochrann\u00e9 pouzdro<\/strong><\/p>\n<div>\n<hr \/>\n<\/div>\n<p>\ud83c\udfaf <strong>Pou\u017eit\u00ed<\/strong><br \/>\n\ud83d\udccc \ud83d\udc51 <strong>Sb\u011bratelsk\u00fd klenot<\/strong> \u2013 limitovan\u00fd model s ru\u010dn\u00ed \u00fapravou<br \/>\n\ud83d\udccc \ud83d\udc6e <strong>Taktick\u00e9 operace<\/strong> \u2013 extr\u00e9mn\u011b rychl\u00fd a p\u0159esn\u00fd n\u016f\u017e<br \/>\n\ud83d\udccc \ud83c\udfd5\ufe0f <strong>EDC a outdoor<\/strong> \u2013 luxusn\u00ed, ale funk\u010dn\u00ed volba<\/p>\n<div>\n<hr \/>\n<\/div>\n<p>\ud83d\udd0d <strong>Porovn\u00e1n\u00ed s jin\u00fdmi modely<\/strong><\/p>\n<p>\ud83d\udcca <strong>Atreus Titanium vs. Microtech Ultratech<\/strong><br \/>\n\ud83d\udccc <strong>Materi\u00e1l rukojeti:<\/strong> Atreus vyu\u017e\u00edv\u00e1 <strong>hlin\u00edk 7075-T6-11 s karbonov\u00fdmi a titanov\u00fdmi prvky<\/strong>, Ultratech <strong>hlin\u00edk<\/strong>.<br \/>\n\ud83d\udccc <strong>Povrchov\u00e1 \u00faprava \u010depele:<\/strong> Atreus m\u00e1 <strong>Mirror Polish<\/strong>, Ultratech <strong>Stonewashed<\/strong>.<br \/>\n\ud83d\udccc <strong>Limitovanost:<\/strong> Atreus je <strong>ru\u010dn\u011b vyr\u00e1b\u011bn\u00fd custom model<\/strong>, Ultratech <strong>s\u00e9riov\u011b vyr\u00e1b\u011bn\u00fd<\/strong>.<\/p>\n<p>\ud83d\udcca <strong>Atreus Titanium vs. Microtech Cypher II<\/strong><br \/>\n\ud83d\udccc <strong>Design:<\/strong> Atreus s\u00e1z\u00ed na minimalistickou eleganci, Cypher II na bronzov\u00e9 detaily.<br \/>\n\ud83d\udccc <strong>\u010cepel:<\/strong> Cypher II nab\u00edz\u00ed variantu <strong>Damascus<\/strong>, Atreus preferuje <strong>M390<\/strong>.<\/p>\n<div>\n<hr \/>\n<\/div>\n<p>\ud83d\udcac <strong>Call-to-Action<\/strong><br \/>\n\ud83d\udc49 <strong>Objednejte si tento exkluzivn\u00ed model je\u0161t\u011b dnes s dopravou zdarma!<\/strong><\/p>\n<div>\n<hr \/>\n<\/div>\n<p>\ud83d\udcdc <strong>Historick\u00fd kontext a inspirace<\/strong><br \/>\nN\u00e1zev <strong>Atreus<\/strong> odkazuje na slavn\u00e9 \u0159eck\u00e9 v\u00e1le\u010dn\u00edky, co\u017e dokonale odpov\u00edd\u00e1 filozofii <strong>Marfione Custom Knives<\/strong> \u2013 vytv\u00e1\u0159et no\u017ee, kter\u00e9 kombinuj\u00ed <strong>historii, modern\u00ed technologie a exkluzivn\u00ed design<\/strong>.<\/p>\n<div>\n<hr \/>\n<\/div>\n<p>\u2696\ufe0f <strong>Bezpe\u010dnost a legislativa<\/strong><br \/>\n\ud83d\udccc \ud83d\udd12 <strong>No\u0161en\u00ed no\u017ee:<\/strong> Ov\u011b\u0159te si lok\u00e1ln\u00ed legislativu ohledn\u011b vyst\u0159elovac\u00edch no\u017e\u016f.<br \/>\n\ud83d\udccc \ud83d\udee1\ufe0f <strong>Bezpe\u010dnostn\u00ed pojistka:<\/strong> Zabra\u0148uje necht\u011bn\u00e9mu otev\u0159en\u00ed.<\/p>\n<div>\n<hr \/>\n<\/div>\n<p>\ud83c\udf92 <strong>P\u0159\u00edslu\u0161enstv\u00ed a mo\u017enosti upgradu<\/strong><br \/>\n\ud83d\udccc \ud83c\udff7\ufe0f <strong>Luxusn\u00ed ochrann\u00e9 pouzdro<\/strong> \u2013 elegantn\u00ed a funk\u010dn\u00ed \u0159e\u0161en\u00ed pro bezpe\u010dn\u00e9 no\u0161en\u00ed.<br \/>\n\ud83d\udccc \ud83d\udd27 <strong>Mo\u017enost grav\u00edrov\u00e1n\u00ed<\/strong> \u2013 p\u0159izp\u016fsoben\u00ed no\u017ee dle p\u0159\u00e1n\u00ed majitele.<\/p>\n<div>\n<hr \/>\n<\/div>\n<p>\ud83e\uddfd <strong>\u00dadr\u017eba a brou\u0161en\u00ed<\/strong><br \/>\n\ud83d\udccc \ud83d\udd2a <strong>Brou\u0161en\u00ed:<\/strong> Doporu\u010dujeme <strong>brusn\u00e9 kameny s jemnou zrnitost\u00ed<\/strong> pro zachov\u00e1n\u00ed ost\u0159\u00ed M390.<br \/>\n\ud83d\udccc \ud83e\uddfc <strong>\u010ci\u0161t\u011bn\u00ed:<\/strong> Pravideln\u011b promaz\u00e1vejte mechanismus pro plynul\u00fd chod.<\/p>\n<div>\n<hr \/>\n<\/div>\n<p>\ud83d\udd27 <strong>Extra v\u00fdhody<\/strong><br \/>\n\u2705 <strong>Do\u017eivotn\u00ed z\u00e1ruka<\/strong><br \/>\n\u2705 <strong>Doprava zdarma<\/strong><br \/>\n\u2705 <strong>Exkluzivn\u00ed model, kter\u00fd nelze b\u011b\u017en\u011b sehnat<\/strong><\/p>\n<div>\n<hr \/>\n<\/div>\n<p>\ud83d\udce2 <strong>Z\u00e1v\u011br<\/strong><br \/>\n<strong>Microtech Marfione Custom Knives Atreus Titanium 1290-HPCFTI-MCK<\/strong> je <strong>vrcholn\u00fd model<\/strong> v kategorii <strong>luxusn\u00edch vyst\u0159elovac\u00edch no\u017e\u016f<\/strong>. Precizn\u00ed ru\u010dn\u00ed v\u00fdroba, <strong>pr\u00e9miov\u00e9 materi\u00e1ly<\/strong> a <strong>bezchybn\u00e1 ergonomie<\/strong> z n\u011bj d\u011blaj\u00ed n\u016f\u017e pro opravdov\u00e9 znalce a sb\u011bratele. \ud83d\udd25<\/p>\n","protected":false},"excerpt":{"rendered":"<p><strong>Microtech Marfione Custom Knives Atreus Titanium 1290-HPCFTI-MCK je vrcholn\u00fd model v kategorii luxusn\u00edch vyst\u0159elovac\u00edch no\u017e\u016f. Precizn\u00ed ru\u010dn\u00ed v\u00fdroba, pr\u00e9miov\u00e9 materi\u00e1ly a bezchybn\u00e1 ergonomie z n\u011bj d\u011blaj\u00ed n\u016f\u017e pro opravdov\u00e9 znalce a sb\u011bratele. \ud83d\udd25<\/strong><\/p>\n<p><strong>\ud83d\udce6 Objednejte nyn\u00ed a m\u00e1te dopravu zdarma \ud83d\ude9a<\/strong><\/p>\n","protected":false},"featured_media":397324,"comment_status":"open","ping_status":"closed","template":"","meta":[],"pwb-brand":[431],"product_brand":[],"product_cat":[17,2019],"product_tag":[3990],"class_list":{"0":"post-397323","1":"product","2":"type-product","3":"status-publish","4":"has-post-thumbnail","6":"pwb-brand-microtech","7":"product_cat-noze","8":"product_cat-vystrelovaci-noze","9":"product_tag-new","11":"first","12":"outofstock","13":"taxable","14":"shipping-taxable","15":"purchasable","16":"product-type-simple"},"brands":[{"id":431,"name":"Microtech","slug":"microtech"}],"_links":{"self":[{"href":"https:\/\/www.moskito.cz\/sk\/wp-json\/wp\/v2\/product\/397323","targetHints":{"allow":["GET"]}}],"collection":[{"href":"https:\/\/www.moskito.cz\/sk\/wp-json\/wp\/v2\/product"}],"about":[{"href":"https:\/\/www.moskito.cz\/sk\/wp-json\/wp\/v2\/types\/product"}],"replies":[{"embeddable":true,"href":"https:\/\/www.moskito.cz\/sk\/wp-json\/wp\/v2\/comments?post=397323"}],"wp:featuredmedia":[{"embeddable":true,"href":"https:\/\/www.moskito.cz\/sk\/wp-json\/wp\/v2\/media\/397324"}],"wp:attachment":[{"href":"https:\/\/www.moskito.cz\/sk\/wp-json\/wp\/v2\/media?parent=397323"}],"wp:term":[{"taxonomy":"pwb-brand","embeddable":true,"href":"https:\/\/www.moskito.cz\/sk\/wp-json\/wp\/v2\/pwb-brand?post=397323"},{"taxonomy":"product_brand","embeddable":true,"href":"https:\/\/www.moskito.cz\/sk\/wp-json\/wp\/v2\/product_brand?post=397323"},{"taxonomy":"product_cat","embeddable":true,"href":"https:\/\/www.moskito.cz\/sk\/wp-json\/wp\/v2\/product_cat?post=397323"},{"taxonomy":"product_tag","embeddable":true,"href":"https:\/\/www.moskito.cz\/sk\/wp-json\/wp\/v2\/product_tag?post=397323"}],"curies":[{"name":"wp","href":"https:\/\/api.w.org\/{rel}","templated":true}]}}