{"id":398087,"date":"2025-02-11T21:32:14","date_gmt":"2025-02-11T20:32:14","guid":{"rendered":"https:\/\/www.moskito.cz\/produkt\/zatvaraci-noz-spartan-blades-custom-harsey-nichols-damascus-blue\/"},"modified":"2025-09-29T00:00:03","modified_gmt":"2025-09-28T23:00:03","slug":"zatvaraci-noz-spartan-blades-custom-harsey-nichols-damascus-blue","status":"publish","type":"product","link":"https:\/\/www.moskito.cz\/sk\/produkt\/zatvaraci-noz-spartan-blades-custom-harsey-nichols-damascus-blue\/","title":{"rendered":"Zatv\u00e1rac\u00ed N\u00f4\u017e Spartan Blades Custom Harsey Nichols Damascus Blue"},"content":{"rendered":"<article class=\"w-full text-token-text-primary focus-visible:outline-2 focus-visible:outline-offset-[-4px]\" dir=\"auto\" data-testid=\"conversation-turn-13\" data-scroll-anchor=\"false\">\n<div class=\"m-auto text-base py-[18px] px-6\">\n<div class=\"mx-auto flex flex-1 gap-4 text-base md:gap-5 lg:gap-6 md:max-w-3xl\">\n<div class=\"group\/conversation-turn relative flex w-full min-w-0 flex-col agent-turn @xs\/thread:px-0 @sm\/thread:px-1.5 @md\/thread:px-4\">\n<div class=\"flex-col gap-1 md:gap-3\">\n<div class=\"flex max-w-full flex-col flex-grow\">\n<div class=\"min-h-8 text-message flex w-full flex-col items-end gap-2 whitespace-normal break-words text-start [.text-message+&amp;]:mt-5\" dir=\"auto\" data-message-author-role=\"assistant\" data-message-id=\"f6d2922e-d430-436d-be1a-27ce524b9993\" data-message-model-slug=\"gpt-4o-mini\">\n<div class=\"flex w-full flex-col gap-1 empty:hidden first:pt-[3px]\">\n<div class=\"markdown prose w-full break-words dark:prose-invert light\">\n<p data-start=\"0\" data-end=\"67\"><strong data-start=\"0\" data-end=\"67\"><span>Zatv\u00e1rac\u00ed N\u00f4\u017e Spartan Blades Custom Harsey Nichols Damascus Blue<\/span><\/strong><\/p>\n<p data-start=\"69\" data-end=\"430\"><span>Spartan Blades Custom Harsey Nichols Damascus Blue je exkluz\u00edvny model no\u017ea, ktor\u00fd sp\u00e1ja \u0161pi\u010dkov\u00fa kvalitu materi\u00e1lov a umeleck\u00e9 spracovanie s modern\u00fdmi technol\u00f3giami. Tento n\u00f4\u017e je skvel\u00fdm pr\u00edkladom ru\u010dn\u00e9ho remeseln\u00e9ho spracovania s pou\u017eit\u00edm damaskovej ocele a detailn\u00e9ho designu, ktor\u00fd pri\u0165ahuje pozornos\u0165 a je vhodn\u00fd ako pre zberate\u013eov, tak pre n\u00e1ro\u010dn\u00fdch <\/span><\/p>\n<h3 data-start=\"432\" data-end=\"457\"><span>Technick\u00e9 \u0161pecifik\u00e1cie<\/span><\/h3>\n<p data-start=\"459\" data-end=\"472\"><span>\ud83d\udd2a<\/span> <strong data-start=\"462\" data-end=\"472\"><span>\u010cepe\u013e:<\/span><\/strong><\/p>\n<ul data-start=\"473\" data-end=\"942\">\n<li data-start=\"473\" data-end=\"553\"><strong data-start=\"475\" data-end=\"485\"><span>D\u013a\u017eka:<\/span><\/strong> <span>Pribli\u017ene<\/span><\/li>\n<li data-start=\"554\" data-end=\"733\"><strong data-start=\"556\" data-end=\"569\"><span>Materi\u00e1l:<\/span><\/strong> <span>**Damask oce\u013e<\/span> <strong data-start=\"570\" data-end=\"587\"><span>Damask oce\u013e<\/span><\/strong> <span>\u2013 kazd<\/span><\/li>\n<li data-start=\"734\" data-end=\"831\"><strong data-start=\"736\" data-end=\"745\"><span>Tvar:<\/span><\/strong> <span>D<\/span><\/li>\n<li data-start=\"832\" data-end=\"942\"><strong data-start=\"834\" data-end=\"855\"><span>Povrchov\u00e1 \u00faprava:<\/span><\/strong> <span>Ru\u010dne<\/span><\/li>\n<\/ul>\n<p data-start=\"944\" data-end=\"959\"><span>\ud83d\udd90<\/span> <strong data-start=\"947\" data-end=\"959\"><span>Rukov\u00e4\u0165:<\/span><\/strong><\/p>\n<ul data-start=\"960\" data-end=\"1350\">\n<li data-start=\"960\" data-end=\"1099\"><strong data-start=\"962\" data-end=\"975\"><span>Materi\u00e1l:<\/span><\/strong> <span>Vy<\/span> <strong data-start=\"992\" data-end=\"1004\"><span>titanium<\/span><\/strong> <span>\u2013 \u013eahk\u00fd, pevn\u00fd a odoln\u00fd materi\u00e1l, ktor\u00fd pohodlie pri pou\u017e\u00edvan\u00ed a vynikaj\u00facu odolnos\u0165 zais\u0165uje.<\/span><\/li>\n<li data-start=\"1100\" data-end=\"1222\"><strong data-start=\"1102\" data-end=\"1113\"><span>Dizajn:<\/span><\/strong> <span>Modr\u00e1 anodizovan\u00e1 \u00faprava tit\u00e1nu prid\u00e1va estetick\u00fa hodnotu a d\u00e1va modern\u00fd, ale napriek tomu elegantn\u00fd vzh\u013ead.<\/span><\/li>\n<li data-start=\"1223\" data-end=\"1350\"><strong data-start=\"1225\" data-end=\"1247\"><span>Ergonomick\u00fd dizajn<\/span><\/strong> <span>&#8211; rukov\u00e4\u0165 je navrhnut\u00e1 pre pohodln\u00fd \u00fachop, ktor\u00fd zais\u0165uje bezpe\u010dn\u00e9 pou\u017e\u00edvanie aj pri dlhodobom dr\u017ean\u00ed.<\/span><\/li>\n<\/ul>\n<p data-start=\"1352\" data-end=\"1370\"><span>\u2699<\/span> <strong data-start=\"1354\" data-end=\"1370\"><span>Mechanizmus:<\/span><\/strong><\/p>\n<ul data-start=\"1371\" data-end=\"1586\">\n<li data-start=\"1371\" data-end=\"1500\"><strong data-start=\"1373\" data-end=\"1387\"><span>Otv\u00e1ranie:<\/span><\/strong> <span>N\u00f4\u017e je vybaven\u00fd spo\u013eahliv\u00fdm<\/span> <strong data-start=\"1415\" data-end=\"1429\"><span>frame lock<\/span><\/strong> <span>mechanizmom, ktor\u00fd zais\u0165uje bezpe\u010dn\u00e9 uzamknutie \u010depele po\u010das pou\u017e\u00edvania.<\/span><\/li>\n<li data-start=\"1501\" data-end=\"1586\"><strong data-start=\"1503\" data-end=\"1516\"><span>R\u00fdchlos\u0165:<\/span><\/strong> <span>Mechanizmus je hladk\u00fd a efekt\u00edvny, \u010do umo\u017e\u0148uje r\u00fdchle otvorenie no\u017ea.<\/span><\/li>\n<\/ul>\n<p data-start=\"1588\" data-end=\"1603\"><span>\u2696<\/span> <strong data-start=\"1590\" data-end=\"1603\"><span>Hmotnos\u0165:<\/span><\/strong><\/p>\n<ul data-start=\"1604\" data-end=\"1772\">\n<li data-start=\"1604\" data-end=\"1772\"><span>Pribli\u017ene 150 \u2013 170 g \u2013 poskytuje sol\u00eddnu a vyv\u00e1\u017een\u00fa kon\u0161trukciu, ktor\u00e1 je dostato\u010dne \u013eahk\u00e1 na ka\u017edodenn\u00e9 nosenie, ale z\u00e1rove\u0148 robustn\u00e1 pre n\u00e1ro\u010dnej\u0161ie \u00falohy.<\/span><\/li>\n<\/ul>\n<p data-start=\"1774\" data-end=\"1798\"><span>\ud83d\udccc<\/span> <strong data-start=\"1777\" data-end=\"1798\"><span>\u010eal\u0161ie vlastnosti:<\/span><\/strong><\/p>\n<ul data-start=\"1799\" data-end=\"2075\">\n<li data-start=\"1799\" data-end=\"1911\"><strong data-start=\"1801\" data-end=\"1821\"><span>Limitovan\u00e1 ed\u00edcia<\/span><\/strong> <span>\u2013 tento n\u00f4\u017e je s\u00fa\u010das\u0165ou exkluz\u00edvnej ed\u00edcie, \u010do z neho rob\u00ed ve\u013emi \u017eiadan\u00fd zberate\u013esk\u00fd k\u00fasok.<\/span><\/li>\n<li data-start=\"1912\" data-end=\"2000\"><strong data-start=\"1914\" data-end=\"1937\"><span>Prec\u00edzna CNC v\u00fdroba<\/span><\/strong> <span>\u2013 ka\u017ed\u00fd kus je spracovan\u00fd s maxim\u00e1lnou starostlivos\u0165ou a d\u00f4razom na detail.<\/span><\/li>\n<li data-start=\"2001\" data-end=\"2075\"><strong data-start=\"2003\" data-end=\"2019\"><span>Oce\u013eov\u00fd klip<\/span><\/strong> <span>pre \u013eahk\u00e9 pren\u00e1\u0161anie a pripnutie na oble\u010denie alebo batoh.<\/span><\/li>\n<\/ul>\n<h3 data-start=\"2077\" data-end=\"2100\"><span>K\u013e\u00fa\u010dov\u00e9 vlastnosti:<\/span><\/h3>\n<p data-start=\"2101\" data-end=\"2481\"><span>\u2705<\/span> <strong data-start=\"2103\" data-end=\"2123\"><span>Limitovan\u00e1 ed\u00edcia<\/span><\/strong> <span>\u2013 skvel\u00fd k\u00fasok pre zberate\u013eov a n\u00e1ro\u010dn\u00fdch u\u017e\u00edvate\u013eov, ktor\u00ed h\u013eadaj\u00fa nie\u010do unik\u00e1tne.<\/span> <br data-start=\"2205\" data-end=\"2208\"><span>\u2705<\/span> <strong data-start=\"2210\" data-end=\"2227\"><span>Damask oce\u013e<\/span><\/strong> <span>\u2013 ru\u010dne kovan\u00e1 \u010depe\u013e s jedine\u010dn\u00fdm vzorom a vynikaj\u00facimi rezn\u00fdmi vlastnos\u0165ami.<\/span> <br data-start=\"2314\" data-end=\"2317\"><span>\u2705<\/span> <strong data-start=\"2319\" data-end=\"2339\"><span>R\u00fdchle otv\u00e1ranie<\/span><\/strong> <span>\u2013 efekt\u00edvny a spo\u013eahliv\u00fd mechanizmus z\u00e1mku r\u00e1mu.<\/span> <br data-start=\"2388\" data-end=\"2391\"><span>\u2705<\/span> <strong data-start=\"2393\" data-end=\"2419\"><span>Modr\u00e1 anodiz\u00e1cia tit\u00e1nu<\/span><\/strong> <span>\u2013 modern\u00fd a estetick\u00fd dizajn, ktor\u00fd zvy\u0161uje atraktivitu no\u017eov.<\/span><\/p>\n<h3 data-start=\"2483\" data-end=\"2495\"><span>Vyu\u017eitie:<\/span><\/h3>\n<p data-start=\"2496\" data-end=\"2878\"><span>\ud83c\udfaf<\/span> <strong data-start=\"2499\" data-end=\"2521\"><span>Zberate\u013esk\u00fd k\u00fasok<\/span><\/strong> <span>\u2013 limitovan\u00e1 ed\u00edcia s kr\u00e1snym damaskom, ktor\u00e1 je ide\u00e1lna pre zberate\u013eov no\u017eov.<\/span> <br data-start=\"2597\" data-end=\"2600\"> <span>\ud83d\udd2a<\/span> <strong data-start=\"2603\" data-end=\"2627\"><span>EDC (Everyday Carry)<\/span><\/strong> <span>\u2013 kvalitn\u00fd a \u0161t\u00fdlov\u00fd n\u00f4\u017e na ka\u017edodenn\u00e9 \u00falohy, ktor\u00fd z\u00e1rove\u0148 pon\u00faka unik\u00e1tny vzh\u013ead a vysok\u00fa funk\u010dnos\u0165.<\/span> <br data-start=\"2732\" data-end=\"2735\"> <span>\ud83d\udd27<\/span> <strong data-start=\"2738\" data-end=\"2758\"><span>Taktick\u00e9 pou\u017eitie<\/span><\/strong> <span>\u2013 v\u010faka kvalitnej kon\u0161trukcii a odolnosti je vhodn\u00e9 aj na taktick\u00e9 pou\u017eitie, kde je d\u00f4le\u017eit\u00e1 spo\u013eahlivos\u0165 a r\u00fdchle pou\u017eitie.<\/span><\/p>\n<h3 data-start=\"2880\" data-end=\"2902\"><span>V\u00fdhody a nev\u00fdhody:<\/span><\/h3>\n<p data-start=\"2903\" data-end=\"2916\"><span>\u2705<\/span> <strong data-start=\"2905\" data-end=\"2916\"><span>V\u00fdhody:<\/span><\/strong><\/p>\n<ul data-start=\"2917\" data-end=\"3156\">\n<li data-start=\"2917\" data-end=\"2986\"><span>Unik\u00e1tny dizajn s ru\u010dne kovanou damaskovou \u010depe\u013eou a modr\u00fdm tit\u00e1nom.<\/span><\/li>\n<li data-start=\"2987\" data-end=\"3035\"><span>Vysok\u00e1 kvalita materi\u00e1lov a starostliv\u00e9 spracovanie.<\/span><\/li>\n<li data-start=\"3036\" data-end=\"3095\"><span>R\u00fdchle a spo\u013eahliv\u00e9 otv\u00e1ranie v\u010faka frame lock mechanizmu.<\/span><\/li>\n<li data-start=\"3096\" data-end=\"3156\"><span>Limitovan\u00e1 ed\u00edcia, \u010do z neho rob\u00ed cenn\u00fd zberate\u013esk\u00fd k\u00fasok.<\/span><\/li>\n<\/ul>\n<p data-start=\"3158\" data-end=\"3173\"><span>\u274c<\/span> <strong data-start=\"3160\" data-end=\"3173\"><span>Nev\u00fdhody:<\/span><\/strong><\/p>\n<ul data-start=\"3174\" data-end=\"3362\">\n<li data-start=\"3174\" data-end=\"3239\"><span>Vy\u0161\u0161ia cena vzh\u013eadom k exkluzivite modelu a pou\u017eit\u00fdm materi\u00e1lom.<\/span><\/li>\n<li data-start=\"3240\" data-end=\"3285\"><span>Obmedzen\u00e1 dostupnos\u0165 kv\u00f4li limitovanej v\u00fdrobe.<\/span><\/li>\n<li data-start=\"3286\" data-end=\"3362\"><span>Niektor\u00e9 jurisdikcie m\u00f4\u017eu ma\u0165 pr\u00edsne z\u00e1kony t\u00fdkaj\u00face sa nosenia zatv\u00e1rac\u00edch no\u017eov.<\/span><\/li>\n<\/ul>\n<h3 data-start=\"3364\" data-end=\"3374\"><span>z\u00e1ver:<\/span><\/h3>\n<p data-start=\"3375\" data-end=\"3697\" data-is-last-node=\"\"><span>Spartan Blades Custom Harsey Nichols Damascus Blue je v\u00fdnimo\u010dn\u00fd n\u00f4\u017e, ktor\u00fd sp\u00e1ja \u0161pi\u010dkov\u00fd v\u00fdkon, kr\u00e1sny design a limitovan\u00fa ed\u00edciu. V\u010faka pou\u017eitiu ru\u010dne kovanej damaskovej ocele a modrej anodiz\u00e1cie tit\u00e1nu ide o jedine\u010dn\u00fd k\u00fasok pre zberate\u013eov, ale aj pre u\u017e\u00edvate\u013eov, ktor\u00ed h\u013eadaj\u00fa kvalitn\u00fd a spo\u013eahliv\u00fd n\u00f4\u017e na ka\u017edodenn\u00e9 nosenie \ud83d\ude80 \ud83d\udd2a <\/span><\/p>\n<\/div>\n<\/div>\n<\/div>\n<\/div>\n<div class=\"mb-2 flex gap-3 empty:hidden -ml-2\">\n<div class=\"items-center justify-start rounded-xl p-1 z-10 -mt-1 bg-token-main-surface-primary screen-arch:mt-1 md:absolute flex\">\n<div class=\"flex items-center\"><\/div>\n<\/div>\n<\/div>\n<div class=\"pr-2 lg:pr-0\"><\/div>\n<\/div>\n<\/div>\n<\/div>\n<\/div>\n<\/article>\n","protected":false},"excerpt":{"rendered":"<p><strong>Spartan Blades Custom Harsey Nichols Damascus Blue je v\u00fdnimo\u010dn\u00fd n\u00f4\u017e, ktor\u00fd sp\u00e1ja \u0161pi\u010dkov\u00fd v\u00fdkon, kr\u00e1sny design a limitovan\u00fa ed\u00edciu. V\u010faka pou\u017eitiu ru\u010dne kovanej damaskovej ocele a modrej anodiz\u00e1cie tit\u00e1nu ide o jedine\u010dn\u00fd k\u00fasok pre zberate\u013eov, ale aj pre u\u017e\u00edvate\u013eov, ktor\u00ed h\u013eadaj\u00fa kvalitn\u00fd a spo\u013eahliv\u00fd n\u00f4\u017e na ka\u017edodenn\u00e9 nosenie \ud83d\ude80 \ud83d\udd2a <\/strong><\/p>\n<p><strong>Doprava zadarmo.<\/strong><\/p>\n","protected":false},"featured_media":390312,"comment_status":"open","ping_status":"closed","template":"","meta":[],"pwb-brand":[3835],"product_brand":[],"product_cat":[3424,3186,3233],"product_tag":[],"class_list":{"0":"post-398087","1":"product","2":"type-product","3":"status-publish","4":"has-post-thumbnail","6":"pwb-brand-spartan-blades-sk","7":"product_cat-damascenske-noze-sk","8":"product_cat-noze-sk","9":"product_cat-zatvaracie-noze","11":"first","12":"instock","13":"taxable","14":"shipping-taxable","15":"purchasable","16":"product-type-simple"},"brands":[{"id":3835,"name":"Spartan Blades","slug":"spartan-blades-sk"}],"_links":{"self":[{"href":"https:\/\/www.moskito.cz\/sk\/wp-json\/wp\/v2\/product\/398087","targetHints":{"allow":["GET"]}}],"collection":[{"href":"https:\/\/www.moskito.cz\/sk\/wp-json\/wp\/v2\/product"}],"about":[{"href":"https:\/\/www.moskito.cz\/sk\/wp-json\/wp\/v2\/types\/product"}],"replies":[{"embeddable":true,"href":"https:\/\/www.moskito.cz\/sk\/wp-json\/wp\/v2\/comments?post=398087"}],"wp:featuredmedia":[{"embeddable":true,"href":"https:\/\/www.moskito.cz\/sk\/wp-json\/wp\/v2\/media\/390312"}],"wp:attachment":[{"href":"https:\/\/www.moskito.cz\/sk\/wp-json\/wp\/v2\/media?parent=398087"}],"wp:term":[{"taxonomy":"pwb-brand","embeddable":true,"href":"https:\/\/www.moskito.cz\/sk\/wp-json\/wp\/v2\/pwb-brand?post=398087"},{"taxonomy":"product_brand","embeddable":true,"href":"https:\/\/www.moskito.cz\/sk\/wp-json\/wp\/v2\/product_brand?post=398087"},{"taxonomy":"product_cat","embeddable":true,"href":"https:\/\/www.moskito.cz\/sk\/wp-json\/wp\/v2\/product_cat?post=398087"},{"taxonomy":"product_tag","embeddable":true,"href":"https:\/\/www.moskito.cz\/sk\/wp-json\/wp\/v2\/product_tag?post=398087"}],"curies":[{"name":"wp","href":"https:\/\/api.w.org\/{rel}","templated":true}]}}