{"id":398095,"date":"2025-02-12T20:52:42","date_gmt":"2025-02-12T19:52:42","guid":{"rendered":"https:\/\/www.moskito.cz\/produkt\/zatvaraci-noz-spartan-blades-harsey-ronin-gunfighter-sf5custom\/"},"modified":"2025-10-09T00:00:23","modified_gmt":"2025-10-08T23:00:23","slug":"zatvaraci-noz-spartan-blades-harsey-ronin-gunfighter-sf5custom","status":"publish","type":"product","link":"https:\/\/www.moskito.cz\/sk\/produkt\/zatvaraci-noz-spartan-blades-harsey-ronin-gunfighter-sf5custom\/","title":{"rendered":"Zatv\u00e1rac\u00ed N\u00f4\u017e Spartan Blades Harsey Ronin GunFighter SF5CUSTOM"},"content":{"rendered":"<p data-start=\"0\" data-end=\"65\"><strong data-start=\"0\" data-end=\"65\"><span>Zatv\u00e1rac\u00ed N\u00f4\u017e Spartan Blades Harsey Ronin GunFighter SF5CUSTOM<\/span><\/strong><\/p>\n<p data-start=\"67\" data-end=\"426\"><span>Zatv\u00e1rac\u00ed n\u00f4\u017e Spartan Blades Harsey Ronin GunFighter SF5CUSTOM je vynikaj\u00faca kon\u0161trukcia, nekompromisn\u00e9 funk\u010dnosti a jedine\u010dn\u00e9ho dizajnu. Tento model je ide\u00e1lny pre zberate\u013eov, profesion\u00e1lov i nad\u0161encov do kvalitn\u00fdch no\u017eov. V\u010faka svojej odolnosti, prec\u00edznemu spracovaniu a robustn\u00e9mu dizajnu je tento n\u00f4\u017e skvel\u00fdm n\u00e1strojom na ka\u017edodenn\u00e9 pou\u017eitie aj n\u00e1ro\u010dn\u00e9 \u00falohy.  <\/span><\/p>\n<p data-start=\"428\" data-end=\"453\"><strong data-start=\"428\" data-end=\"453\"><span>Technick\u00e9 \u0161pecifik\u00e1cie<\/span><\/strong><\/p>\n<p data-start=\"455\" data-end=\"468\"><span>\ud83d\udd2a<\/span> <strong data-start=\"458\" data-end=\"468\"><span>\u010cepe\u013e:<\/span><\/strong><\/p>\n<ul data-start=\"469\" data-end=\"1005\">\n<li data-start=\"469\" data-end=\"594\"><strong data-start=\"471\" data-end=\"481\"><span>D\u013a\u017eka:<\/span><\/strong> <span>Pribli\u017ene 9,4 cm \u2013 ide\u00e1lny na v\u0161estrann\u00e9 pou\u017eitie, vr\u00e1tane n\u00e1ro\u010dn\u00fdch \u00faloh, ako s\u00fa rezanie, bodanie a s\u0165ahovanie.<\/span><\/li>\n<li data-start=\"595\" data-end=\"734\"><strong data-start=\"597\" data-end=\"610\"><span>Materi\u00e1l:<\/span><\/strong> <span>CPM S35VN \u2013 pr\u00e9miov\u00e1 oce\u013e, zn\u00e1ma svojou vynikaj\u00facou odolnos\u0165ou proti kor\u00f3zii, skvel\u00fdmi rezn\u00fdmi vlastnos\u0165ami a dlhou \u017eivotnos\u0165ou.<\/span><\/li>\n<li data-start=\"735\" data-end=\"856\"><strong data-start=\"737\" data-end=\"746\"><span>Tvar:<\/span><\/strong> <span>Point \u2013 univerz\u00e1lny tvar pre ve\u013ek\u00e9 mno\u017estvo rezac\u00edch a bodn\u00fdch \u00faloh, s vynikaj\u00facou kontrolou a presnos\u0165ou.<\/span><\/li>\n<li data-start=\"857\" data-end=\"1005\"><strong data-start=\"859\" data-end=\"880\"><span>Povrchov\u00e1 \u00faprava:<\/span><\/strong> <span>Stonewashed &#8211; robustn\u00fd a odoln\u00fd povrch, ktor\u00fd nielen zlep\u0161uje vzh\u013ead no\u017ea, ale z\u00e1rove\u0148 zvy\u0161uje jeho odolnos\u0165 vo\u010di po\u0161kriabaniu.<\/span><\/li>\n<\/ul>\n<p data-start=\"1007\" data-end=\"1022\"><span>\ud83d\udd90<\/span> <strong data-start=\"1010\" data-end=\"1022\"><span>Rukov\u00e4\u0165:<\/span><\/strong><\/p>\n<ul data-start=\"1023\" data-end=\"1422\">\n<li data-start=\"1023\" data-end=\"1147\"><strong data-start=\"1025\" data-end=\"1038\"><span>Materi\u00e1l:<\/span><\/strong> <span>G10 \u2013 ve\u013emi odoln\u00fd, \u013eahk\u00fd a proti\u0161mykov\u00fd materi\u00e1l, ktor\u00fd zais\u0165uje pohodln\u00fd \u00fachop v n\u00e1ro\u010dn\u00fdch podmienkach.<\/span><\/li>\n<li data-start=\"1148\" data-end=\"1274\"><strong data-start=\"1150\" data-end=\"1161\"><span>Prevedenie:<\/span><\/strong> <span>Gunfighter &#8211; rukov\u00e4\u0165 m\u00e1 agres\u00edvny a modern\u00fd dizajn, ktor\u00fd je ergonomick\u00fd a poskytuje bezpe\u010dn\u00e9 a pohodln\u00e9 dr\u017eanie.<\/span><\/li>\n<li data-start=\"1275\" data-end=\"1422\"><strong data-start=\"1277\" data-end=\"1298\"><span>Ergonomick\u00fd tvar:<\/span><\/strong> <span>Rukov\u00e4\u0165 je tvarovan\u00e1 pre bezpe\u010dn\u00fd a pevn\u00fd \u00fachop, \u010do je obzvl\u00e1\u0161\u0165 d\u00f4le\u017eit\u00e9 pri n\u00e1ro\u010dn\u00fdch \u00faloh\u00e1ch alebo v taktick\u00fdch situ\u00e1ci\u00e1ch.<\/span><\/li>\n<\/ul>\n<p data-start=\"1424\" data-end=\"1442\"><span>\u2699<\/span> <strong data-start=\"1426\" data-end=\"1442\"><span>Mechanizmus:<\/span><\/strong><\/p>\n<ul data-start=\"1443\" data-end=\"1708\">\n<li data-start=\"1443\" data-end=\"1576\"><strong data-start=\"1445\" data-end=\"1459\"><span>Otv\u00e1ranie:<\/span><\/strong> <span>Frame lock \u2013 spo\u013eahliv\u00fd mechanizmus pre uzamknutie \u010depele po\u010das pou\u017e\u00edvania, ktor\u00fd zais\u0165uje bezpe\u010dn\u00e9 a stabiln\u00e9 dr\u017eanie.<\/span><\/li>\n<li data-start=\"1577\" data-end=\"1708\"><strong data-start=\"1579\" data-end=\"1592\"><span>R\u00fdchlos\u0165:<\/span><\/strong> <span>Mechanizmus otv\u00e1rania je hladk\u00fd a r\u00fdchly, \u010do okam\u017eit\u00e9 nasadenie no\u017ea v situ\u00e1ci\u00e1ch, kedy je r\u00fdchlos\u0165 k\u013e\u00fa\u010dov\u00e1.<\/span><\/li>\n<\/ul>\n<p data-start=\"1710\" data-end=\"1725\"><span>\u2696<\/span> <strong data-start=\"1712\" data-end=\"1725\"><span>Hmotnos\u0165:<\/span><\/strong><\/p>\n<ul data-start=\"1726\" data-end=\"1848\">\n<li data-start=\"1726\" data-end=\"1848\"><span>Pribli\u017ene 160 \u2013 180 g \u2013 ide\u00e1lna rovnov\u00e1ha medzi robustnos\u0165ou pre n\u00e1ro\u010dn\u00e9 \u00falohy a dostato\u010dnou \u013eahkos\u0165ou pre ka\u017edodenn\u00e9 nosenie.<\/span><\/li>\n<\/ul>\n<p data-start=\"1850\" data-end=\"1874\"><span>\ud83d\udccc<\/span> <strong data-start=\"1853\" data-end=\"1874\"><span>\u010eal\u0161ie vlastnosti:<\/span><\/strong><\/p>\n<ul data-start=\"1875\" data-end=\"2174\">\n<li data-start=\"1875\" data-end=\"1979\"><strong data-start=\"1877\" data-end=\"1897\"><span>Limitovan\u00e1 ed\u00edcia<\/span><\/strong> <span>\u2013 tento model je s\u00fa\u010das\u0165ou exkluz\u00edvnej ed\u00edcie, \u010do z neho rob\u00ed cenn\u00fd a vz\u00e1cny k\u00fasok.<\/span><\/li>\n<li data-start=\"1980\" data-end=\"2066\"><strong data-start=\"1982\" data-end=\"2005\"><span>Prec\u00edzna CNC v\u00fdroba<\/span><\/strong> <span>\u2013 ka\u017ed\u00fd n\u00f4\u017e je vyroben\u00fd s maxim\u00e1lnou starostlivos\u0165ou a d\u00f4razom na detail.<\/span><\/li>\n<li data-start=\"2067\" data-end=\"2174\"><strong data-start=\"2069\" data-end=\"2087\"><span>Klip na nosenie<\/span><\/strong> <span>\u2013 oce\u013eov\u00fd klip pre \u013eahk\u00e9 pripnutie no\u017ea na oble\u010denie alebo batoh na pohodln\u00e9 pren\u00e1\u0161anie.<\/span><\/li>\n<\/ul>\n<p data-start=\"2176\" data-end=\"2591\"><strong data-start=\"2176\" data-end=\"2199\"><span>K\u013e\u00fa\u010dov\u00e9 vlastnosti:<\/span><\/strong> <span>\u2705<\/span> <strong data-start=\"2202\" data-end=\"2222\"><span>Limitovan\u00e1 ed\u00edcia<\/span><\/strong> <span>\u2013 exkluz\u00edvny model pre zberate\u013eov a nad\u0161encov.<\/span> <br data-start=\"2267\" data-end=\"2270\"><span>\u2705<\/span> <strong data-start=\"2272\" data-end=\"2290\"><span>CPM S35VN oce\u013e<\/span><\/strong> <span>\u2013 vysoko kvalitn\u00e1 nerezov\u00e1 oce\u013e pre dlh\u00fa \u017eivotnos\u0165 a skvel\u00e9 rezn\u00e9 vlastnosti.<\/span> <br data-start=\"2371\" data-end=\"2374\"><span>\u2705<\/span> <strong data-start=\"2376\" data-end=\"2398\"><span>Stonewashed povrch<\/span><\/strong> <span>\u2013 elegantn\u00fd a odoln\u00fd povrch na ochranu pred po\u0161kriaban\u00edm a vylep\u0161en\u00ed vzh\u013eadu no\u017eov.<\/span> <br data-start=\"2481\" data-end=\"2484\"><span>\u2705<\/span> <strong data-start=\"2486\" data-end=\"2507\"><span>Gunfighter design<\/span><\/strong> <span>\u2013 modern\u00fd a agres\u00edvny dizajn, ktor\u00fd zais\u0165uje skvel\u00fd \u00fachop a pohodlie pri pou\u017e\u00edvan\u00ed.<\/span><\/p>\n<p data-start=\"2593\" data-end=\"2968\"><strong data-start=\"2593\" data-end=\"2605\"><span>Vyu\u017eitie:<\/span><\/strong> <span>\ud83c\udfaf<\/span> <strong data-start=\"2609\" data-end=\"2631\"><span>Zberate\u013esk\u00fd k\u00fasok<\/span><\/strong> <span>\u2013 limitovan\u00e1 ed\u00edcia a exkluz\u00edvny dizajn rob\u00ed tento n\u00f4\u017e atrakt\u00edvny pre zberate\u013eov no\u017eov.<\/span> <br data-start=\"2716\" data-end=\"2719\"><span>\ud83d\udd2a<\/span> <strong data-start=\"2722\" data-end=\"2746\"><span>EDC (Everyday Carry)<\/span><\/strong> <span>\u2013 robustn\u00fd a spo\u013eahliv\u00fd n\u00f4\u017e na ka\u017edodenn\u00e9 nosenie, ktor\u00fd sa hod\u00ed na r\u00f4zne \u00falohy.<\/span> <br data-start=\"2827\" data-end=\"2830\"><span>\ud83d\udd27<\/span> <strong data-start=\"2833\" data-end=\"2853\"><span>Taktick\u00e9 pou\u017eitie<\/span><\/strong> <span>&#8211; v\u010faka svojej kon\u0161trukcii je tento vhodn\u00fd n\u00f4\u017e pre taktick\u00e9 situ\u00e1cie, kde je d\u00f4le\u017eit\u00e1 r\u00fdchlos\u0165, spo\u013eahlivos\u0165 a odolnos\u0165.<\/span><\/p>\n<p data-start=\"2970\" data-end=\"2992\"><strong data-start=\"2970\" data-end=\"2992\"><span>V\u00fdhody a nev\u00fdhody:<\/span><\/strong><\/p>\n<p data-start=\"2994\" data-end=\"3007\"><span>\u2705<\/span> <strong data-start=\"2996\" data-end=\"3007\"><span>V\u00fdhody:<\/span><\/strong><\/p>\n<ul data-start=\"3008\" data-end=\"3264\">\n<li data-start=\"3008\" data-end=\"3068\"><span>Vysok\u00e1 kvalita materi\u00e1lov, vr\u00e1tane pr\u00e9miovej ocele CPM S35VN.<\/span><\/li>\n<li data-start=\"3069\" data-end=\"3134\"><span>Unik\u00e1tny a atrakt\u00edvny design Gunfighter s ergonomick\u00fdm \u00fachopom.<\/span><\/li>\n<li data-start=\"3135\" data-end=\"3194\"><span>Spo\u013eahliv\u00fd r\u00e1mov\u00fd z\u00e1mok mechanizmus pre bezpe\u010dn\u00e9 pou\u017e\u00edvanie.<\/span><\/li>\n<li data-start=\"3195\" data-end=\"3264\"><span>Limitovan\u00e1 ed\u00edcia rob\u00ed n\u00f4\u017e vz\u00e1cnym a hodnotn\u00fdm zberate\u013esk\u00fdm k\u00faskom.<\/span><\/li>\n<\/ul>\n<p data-start=\"3266\" data-end=\"3281\"><span>\u274c<\/span> <strong data-start=\"3268\" data-end=\"3281\"><span>Nev\u00fdhody:<\/span><\/strong><\/p>\n<ul data-start=\"3282\" data-end=\"3461\">\n<li data-start=\"3282\" data-end=\"3338\"><span>Vy\u0161\u0161ia cena vzh\u013eadom k exkluzivite a kvalite materi\u00e1lov.<\/span><\/li>\n<li data-start=\"3339\" data-end=\"3384\"><span>Obmedzen\u00e1 dostupnos\u0165 kv\u00f4li limitovanej v\u00fdrobe.<\/span><\/li>\n<li data-start=\"3385\" data-end=\"3461\"><span>Niektor\u00e9 jurisdikcie m\u00f4\u017eu ma\u0165 pr\u00edsne z\u00e1kony t\u00fdkaj\u00face sa nosenia zatv\u00e1rac\u00edch no\u017eov.<\/span><\/li>\n<\/ul>\n<p data-start=\"3463\" data-end=\"3941\"><strong data-start=\"3463\" data-end=\"3473\"><span>Z\u00e1ver:<\/span><\/strong><span>  Spartan Blades Harsey Ronin GunFighter SF5CUSTOM je vysoko kvalitn\u00fd n\u00f4\u017e, ktor\u00fd sp\u00e1ja prec\u00edzne spracovanie, modern\u00fd design a vynikaj\u00facu funk\u010dnos\u0165. Tento n\u00f4\u017e je ide\u00e1lnou vo\u013ebou pre zberate\u013eov, ktor\u00ed h\u013eadaj\u00fa vz\u00e1cny k\u00fasok do svojej zbierky, ale aj pre u\u017e\u00edvate\u013eov, ktor\u00ed potrebuj\u00fa spo\u013eahliv\u00fd n\u00e1stroj pre ka\u017edodenn\u00e9 pou\u017eitie alebo taktick\u00e9 situ\u00e1cie. Limitovan\u00e1 ed\u00edcia a elegantn\u00fd dizajn s mot\u00edvom strelca z neho rob\u00ed nielen efekt\u00edvny n\u00e1stroj, ale aj cenn\u00fd a vz\u00e1cny k\u00fasok. \ud83d\ude80 \ud83d\udd2a   <\/span><\/p>\n","protected":false},"excerpt":{"rendered":"<p><strong>Z\u00e1ver: Spartan Blades Harsey Ronin GunFighter SF5CUSTOM je vysoko kvalitn\u00fd n\u00f4\u017e, ktor\u00fd sp\u00e1ja prec\u00edzne spracovanie, modern\u00fd design a vynikaj\u00facu funk\u010dnos\u0165. Tento n\u00f4\u017e je ide\u00e1lnou vo\u013ebou pre zberate\u013eov, ktor\u00ed h\u013eadaj\u00fa vz\u00e1cny k\u00fasok do svojej zbierky, ale aj pre u\u017e\u00edvate\u013eov, ktor\u00ed potrebuj\u00fa spo\u013eahliv\u00fd n\u00e1stroj pre ka\u017edodenn\u00e9 pou\u017eitie alebo taktick\u00e9 situ\u00e1cie. Limitovan\u00e1 ed\u00edcia a elegantn\u00fd dizajn s mot\u00edvom strelca z neho rob\u00ed nielen efekt\u00edvny n\u00e1stroj, ale aj cenn\u00fd a vz\u00e1cny k\u00fasok. \ud83d\ude80 \ud83d\udd2a   <\/strong><\/p>\n<p><strong>Doprava zadarmo.<\/strong><\/p>\n","protected":false},"featured_media":390432,"comment_status":"open","ping_status":"closed","template":"","meta":[],"pwb-brand":[3835],"product_brand":[],"product_cat":[3186,3233],"product_tag":[],"class_list":{"0":"post-398095","1":"product","2":"type-product","3":"status-publish","4":"has-post-thumbnail","6":"pwb-brand-spartan-blades-sk","7":"product_cat-noze-sk","8":"product_cat-zatvaracie-noze","10":"first","11":"outofstock","12":"taxable","13":"shipping-taxable","14":"purchasable","15":"product-type-simple"},"brands":[{"id":3835,"name":"Spartan Blades","slug":"spartan-blades-sk"}],"_links":{"self":[{"href":"https:\/\/www.moskito.cz\/sk\/wp-json\/wp\/v2\/product\/398095","targetHints":{"allow":["GET"]}}],"collection":[{"href":"https:\/\/www.moskito.cz\/sk\/wp-json\/wp\/v2\/product"}],"about":[{"href":"https:\/\/www.moskito.cz\/sk\/wp-json\/wp\/v2\/types\/product"}],"replies":[{"embeddable":true,"href":"https:\/\/www.moskito.cz\/sk\/wp-json\/wp\/v2\/comments?post=398095"}],"wp:featuredmedia":[{"embeddable":true,"href":"https:\/\/www.moskito.cz\/sk\/wp-json\/wp\/v2\/media\/390432"}],"wp:attachment":[{"href":"https:\/\/www.moskito.cz\/sk\/wp-json\/wp\/v2\/media?parent=398095"}],"wp:term":[{"taxonomy":"pwb-brand","embeddable":true,"href":"https:\/\/www.moskito.cz\/sk\/wp-json\/wp\/v2\/pwb-brand?post=398095"},{"taxonomy":"product_brand","embeddable":true,"href":"https:\/\/www.moskito.cz\/sk\/wp-json\/wp\/v2\/product_brand?post=398095"},{"taxonomy":"product_cat","embeddable":true,"href":"https:\/\/www.moskito.cz\/sk\/wp-json\/wp\/v2\/product_cat?post=398095"},{"taxonomy":"product_tag","embeddable":true,"href":"https:\/\/www.moskito.cz\/sk\/wp-json\/wp\/v2\/product_tag?post=398095"}],"curies":[{"name":"wp","href":"https:\/\/api.w.org\/{rel}","templated":true}]}}