{"id":399212,"date":"2024-11-17T18:34:27","date_gmt":"2025-04-16T08:11:15","guid":{"rendered":"https:\/\/www.moskito.cz\/produkt\/vystrelovaci-noz-benchmade-shootout-5370bk-07\/"},"modified":"2025-05-07T11:29:01","modified_gmt":"2025-05-07T10:29:01","slug":"vystrelovaci-noz-benchmade-shootout-5370bk-07","status":"publish","type":"product","link":"https:\/\/www.moskito.cz\/sk\/produkt\/vystrelovaci-noz-benchmade-shootout-5370bk-07\/","title":{"rendered":"Vystre\u013eovac\u00ed N\u00f4\u017e Benchmade Shootout 5370BK-07"},"content":{"rendered":"<p>Vystre\u013eovac\u00ed N\u00f4\u017e <strong>Benchmade<\/strong> Shootout 5370BK-07.<\/p>\n<p>Benchmade 5370BK-07 Shootout OTF (Out-The-Front) Auto je taktick\u00fd n\u00f4\u017e navrhnut\u00fd pre funk\u010dnos\u0165 aj odolnos\u0165. Tu je rozpis k\u013e\u00fa\u010dov\u00fdch \u0161pecifik\u00e1ci\u00ed a funkci\u00ed: <\/p>\n<p>D\u013a\u017eka \u010depele: 8,92 cm<br \/>\nCelkov\u00e1 d\u013a\u017eka: 20,88 cm<br \/>\nD\u013a\u017eka v zatvorenom stave: 11,97 cm<br \/>\nMateri\u00e1l \u010depele: N\u00e1strojov\u00e1 oce\u013e CPM-CruWear (zn\u00e1ma pre vynikaj\u00face zachovanie ostria a h\u00fa\u017eevnatos\u0165)<br \/>\nHr\u00fabka \u010depele: 2,54 mm<br \/>\nTvrdos\u0165 \u010depele: 63-65 HRC (tvrdos\u0165, \u010do nazna\u010duje siln\u00fa a odoln\u00fa hranu)<br \/>\n\u0160t\u00fdl \u010depele : Tanto (so silnou \u0161pi\u010dkou ide\u00e1lne pre piercingov\u00e9 \u00falohy)<br \/>\nPovrchov\u00e1 \u00faprava \u010depele: \u010cierna DLC (karb\u00f3nov\u00fd povlak podobn\u00fd diamantu pre zv\u00fd\u0161en\u00fa odolnos\u0165 proti kor\u00f3zii)<br \/>\nMateri\u00e1l rukov\u00e4te : Sage Green Grivory (tvrd\u00fd, \u013eahk\u00fd termoplast)<br \/>\n Hr\u00fabka rukov\u00e4te: 12,95 mm<br \/>\n Uzamykac\u00ed mechanizmus : Posuvn\u00fd (pre bezpe\u010dn\u00fa prev\u00e1dzku mechanizmu automatick\u00e9ho otv\u00e1rania)<br \/>\n Vreckov\u00fd klip : Hlbok\u00e9 nosenie, obojstrann\u00e9 a skladacie<br \/>\n Hmotnos\u0165 : 2,80 oz. (79,38 g)<br \/>\n Trieda : \u010cierna (pravdepodobne odkazuje na s\u00e9riu alebo produktov\u00fd rad)<br \/>\n Krajina v\u00fdroby : Vyroben\u00e9 v USA<br \/>\n K\u013e\u00fa\u010dov\u00e9 vlastnosti:<br \/>\n Mechanizmus OTF : Shootout je vybaven\u00fd r\u00fdchlym, spredu ovl\u00e1dan\u00fdm automatick\u00fdm mechanizmom, ktor\u00fd zais\u0165uje r\u00fdchle nasadenie a zatiahnutie \u010depele jednoduch\u00fdm stla\u010den\u00edm tla\u010didla.<br \/>\nTaktick\u00fd a odoln\u00fd dizajn: \u010cepe\u013e z ocele CPM-CruWear zais\u0165uje h\u00fa\u017eevnatos\u0165, odolnos\u0165 proti opotrebovaniu a ostros\u0165, zatia\u013e \u010do rukov\u00e4\u0165 Grivory poskytuje pevnos\u0165 a odolnos\u0165 pre n\u00e1ro\u010dn\u00e9 \u00falohy.<br \/>\nSage Green Handle: Zelen\u00e1 farba pon\u00faka taktick\u00fd vzh\u013ead, ktor\u00fd je s\u00fa\u010das\u0165ou sez\u00f3nnej vari\u00e1cie pridanej Benchmade pre nad\u0161encov EDC (Everyday Carry).<br \/>\nV\u0161estrannos\u0165: N\u00f4\u017e je navrhnut\u00fd s oh\u013eadom na osobn\u00fa bezpe\u010dnos\u0165 a u\u017eito\u010dnos\u0165, tak\u017ee je vhodn\u00fd pre r\u00f4zne n\u00e1ro\u010dn\u00e9 \u00falohy, \u010di u\u017e pre osobn\u00fa obranu, pre\u017eitie alebo be\u017en\u00e9 pou\u017e\u00edvanie.<br \/>\nTento model je dokonal\u00fdm pr\u00edkladom z\u00e1v\u00e4zku spolo\u010dnosti Benchmade k vysoko kvalitn\u00e9mu remeseln\u00e9mu spracovaniu a vyzna\u010duje sa robustn\u00fdm, u\u017e\u00edvate\u013esky pr\u00edjemn\u00fdm designom prisp\u00f4soben\u00fdm pre taktick\u00e9 aplik\u00e1cie.<\/p>\n<p>&nbsp;<\/p>\n<p>&nbsp;<\/p>\n","protected":false},"excerpt":{"rendered":"<p><strong>N\u00f4\u017e je navrhnut\u00fd s oh\u013eadom na osobn\u00fa bezpe\u010dnos\u0165 a u\u017eito\u010dnos\u0165, tak\u017ee je vhodn\u00fd pre r\u00f4zne n\u00e1ro\u010dn\u00e9 \u00falohy, \u010di u\u017e pre osobn\u00fa obranu, pre\u017eitie alebo be\u017en\u00e9 pou\u017e\u00edvanie.<\/strong><\/p>\n<p><strong>Doprava zadarmo.<\/strong><\/p>\n","protected":false},"featured_media":373129,"comment_status":"open","ping_status":"closed","template":"","meta":[],"pwb-brand":[3979],"product_brand":[],"product_cat":[3186,3197],"product_tag":[],"class_list":{"0":"post-399212","1":"product","2":"type-product","3":"status-publish","4":"has-post-thumbnail","6":"pwb-brand-benchmade-sk","7":"product_cat-noze-sk","8":"product_cat-vystrelovacie-noze-sk","10":"first","11":"outofstock","12":"taxable","13":"shipping-taxable","14":"purchasable","15":"product-type-simple"},"brands":[{"id":3979,"name":"Benchmade","slug":"benchmade-sk"}],"_links":{"self":[{"href":"https:\/\/www.moskito.cz\/sk\/wp-json\/wp\/v2\/product\/399212","targetHints":{"allow":["GET"]}}],"collection":[{"href":"https:\/\/www.moskito.cz\/sk\/wp-json\/wp\/v2\/product"}],"about":[{"href":"https:\/\/www.moskito.cz\/sk\/wp-json\/wp\/v2\/types\/product"}],"replies":[{"embeddable":true,"href":"https:\/\/www.moskito.cz\/sk\/wp-json\/wp\/v2\/comments?post=399212"}],"wp:featuredmedia":[{"embeddable":true,"href":"https:\/\/www.moskito.cz\/sk\/wp-json\/wp\/v2\/media\/373129"}],"wp:attachment":[{"href":"https:\/\/www.moskito.cz\/sk\/wp-json\/wp\/v2\/media?parent=399212"}],"wp:term":[{"taxonomy":"pwb-brand","embeddable":true,"href":"https:\/\/www.moskito.cz\/sk\/wp-json\/wp\/v2\/pwb-brand?post=399212"},{"taxonomy":"product_brand","embeddable":true,"href":"https:\/\/www.moskito.cz\/sk\/wp-json\/wp\/v2\/product_brand?post=399212"},{"taxonomy":"product_cat","embeddable":true,"href":"https:\/\/www.moskito.cz\/sk\/wp-json\/wp\/v2\/product_cat?post=399212"},{"taxonomy":"product_tag","embeddable":true,"href":"https:\/\/www.moskito.cz\/sk\/wp-json\/wp\/v2\/product_tag?post=399212"}],"curies":[{"name":"wp","href":"https:\/\/api.w.org\/{rel}","templated":true}]}}