{"id":399413,"date":"2021-07-31T20:29:43","date_gmt":"2025-04-16T11:18:16","guid":{"rendered":"https:\/\/www.moskito.cz\/produkt\/zatvaraci-noz-crkt-pilar-iii-d2-5317d2\/"},"modified":"2025-05-07T11:29:08","modified_gmt":"2025-05-07T10:29:08","slug":"zatvaraci-noz-crkt-pilar-iii-d2-5317d2","status":"publish","type":"product","link":"https:\/\/www.moskito.cz\/sk\/produkt\/zatvaraci-noz-crkt-pilar-iii-d2-5317d2\/","title":{"rendered":"Zatv\u00e1rac\u00ed N\u00f4\u017e CRKT PILAR III D2 5317D2"},"content":{"rendered":"<p>&nbsp;<\/p>\n<h3><strong>Zatv\u00e1rac\u00ed N\u00f4\u017e CRKT PILAR III D2 5317D2<\/strong><\/h3>\n<p><strong>Navrhol:<\/strong> Jesper Voxnaes (D\u00e1nsko)<\/p>\n<p><strong>CRKT Pilar III D2<\/strong> je <strong>vylep\u0161en\u00e1 verzia<\/strong> ikonick\u00e9ho no\u017ea Pilar\u00ae, ktor\u00fd bol p\u00f4vodne navrhnut\u00fd Jesperom Voxnaesom ako minimalistick\u00fd, ale v\u00fdkonn\u00fd n\u00e1stroj na ka\u017edodenn\u00e9 nosenie. Tento model si zachov\u00e1va \u010dist\u00fd, jednoduch\u00fd dizajn s <strong>vylep\u0161enou \u010depe\u013eou D2<\/strong> pre e\u0161te lep\u0161\u00ed v\u00fdkon a odolnos\u0165. Pilar III je <strong>ide\u00e1lnou vo\u013ebou pre t\u00fdch, ktor\u00ed h\u013eadaj\u00fa robustn\u00fd a spo\u013eahliv\u00fd n\u00f4\u017e<\/strong> s vynikaj\u00facim pomerom cena\/v\u00fdkon pre ka\u017edodenn\u00e9 \u00falohy.  <\/p>\n<h3><strong>Hlavn\u00e9 vlastnosti a v\u00fdhody:<\/strong><\/h3>\n<h4>1. <strong>V\u00fdkonn\u00e1 \u010depe\u013e D2:<\/strong><\/h4>\n<ul>\n<li><strong>Oce\u013e D2<\/strong> je vysoko odoln\u00e1 proti opotrebovaniu a kor\u00f3zii, \u010do z nej rob\u00ed ide\u00e1lny materi\u00e1l pre \u010depele, ktor\u00e9 potrebuj\u00fa dlh\u00fa \u017eivotnos\u0165 a schopnos\u0165 udr\u017ea\u0165 ostrie aj pri n\u00e1ro\u010dnej\u0161om pou\u017e\u00edvan\u00ed. Tento materi\u00e1l je zn\u00e1my pre <strong>dobr\u00fa odolnos\u0165 proti kor\u00f3zii<\/strong> a <strong>dlh\u00fa \u017eivotnos\u0165 ostria<\/strong> . <\/li>\n<li><strong>Stonewash povrchov\u00e1 \u00faprava<\/strong> poskytuje \u010depeli modern\u00fd vzh\u013ead a z\u00e1rove\u0148 skr\u00fdva drobn\u00e9 \u0161krabance a odreniny, \u010do pom\u00e1ha udr\u017ea\u0165 estetiku no\u017ea aj po dlhodobom pou\u017e\u00edvan\u00ed.<\/li>\n<\/ul>\n<h4>2. <strong>Jednoduch\u00e9 otv\u00e1ranie \u2013 Thumb Hole a IKBS\u2122:<\/strong><\/h4>\n<ul>\n<li><strong>Mechanizmus s otvorom pre palec<\/strong> umo\u017e\u0148uje <strong>r\u00fdchle otvorenie no\u017ea jednou rukou<\/strong> , \u010do je v\u00fdhodn\u00e9, ke\u010f potrebujete n\u00f4\u017e r\u00fdchlo pou\u017e\u00edva\u0165.<\/li>\n<li><strong>IKBS\u2122 syst\u00e9m guli\u010dkov\u00fdch lo\u017e\u00edsk<\/strong> zais\u0165uje <strong>hladk\u00e9 a plynul\u00e9 otv\u00e1ranie<\/strong> s minim\u00e1lnym \u00fasil\u00edm. Tento syst\u00e9m je zn\u00e1my svojou spo\u013eahlivos\u0165ou a dlhou \u017eivotnos\u0165ou, \u010do rob\u00ed n\u00f4\u017e ve\u013emi pohodln\u00fdm a efekt\u00edvnym pri ka\u017edodennom pou\u017e\u00edvan\u00ed. <\/li>\n<\/ul>\n<h4>3. <strong>Ergonomick\u00e1 rukov\u00e4\u0165 G10 a 2Cr13:<\/strong><\/h4>\n<ul>\n<li><strong>Predn\u00e1 rukov\u00e4\u0165 z G10<\/strong> poskytuje vynikaj\u00face <strong>proti\u0161mykov\u00e9 vlastnosti<\/strong> a je odoln\u00e1 proti vlhkosti a teplotn\u00fdm v\u00fdkyvom. G10 je ide\u00e1lny na dlhodob\u00e9 pou\u017e\u00edvanie, preto\u017ee je ve\u013emi odoln\u00e9 a z\u00e1rove\u0148 pr\u00edjemn\u00e9 na dotyk. <\/li>\n<li><strong>Zadn\u00e1 \u010das\u0165 rukov\u00e4te z 2Cr13 nerezovej ocele<\/strong> dod\u00e1va no\u017eu pevnos\u0165 a zais\u0165uje dlh\u00fa \u017eivotnos\u0165.<\/li>\n<\/ul>\n<h4>4. <strong>\u0160t\u00fdlov\u00fd a praktick\u00fd dizajn:<\/strong><\/h4>\n<ul>\n<li><strong>Minimalistick\u00fd vzh\u013ead<\/strong> no\u017ea Pilar III s D2 je \u0161t\u00fdlovo jednoduch\u00fd a vkusn\u00fd, \u010do ho rob\u00ed skvel\u00fdm pre ka\u017edodenn\u00e9 nosenie bez toho, aby p\u00f4sobil pr\u00edli\u0161 n\u00e1padne.<\/li>\n<li><strong>P\u00fatko na \u0161n\u00farku<\/strong> poskytuje mo\u017enos\u0165 pripoji\u0165 n\u00f4\u017e k opasku, kr\u00fa\u017eku alebo in\u00e9mu zariadeniu pre e\u0161te v\u00e4\u010d\u0161ie pohodlie a bezpe\u010dnos\u0165 pri pren\u00e1\u0161an\u00ed.<\/li>\n<\/ul>\n<h3><strong>\u0160pecifik\u00e1cia:<\/strong><\/h3>\n<ul>\n<li><strong>D\u013a\u017eka \u010depele:<\/strong> 2,97 palca (75,36 mm)<\/li>\n<li><strong>Hr\u00fabka \u010depele:<\/strong> 0,81 palca (3,81 mm)<\/li>\n<li><strong>Materi\u00e1l \u010depele:<\/strong> Oce\u013e D2, Stonewash povrchov\u00e1 \u00faprava<\/li>\n<li><strong>Celkov\u00e1 d\u013a\u017eka:<\/strong> 7,19 palcov (182,58 mm)<\/li>\n<li><strong>Zatvoren\u00e1 d\u013a\u017eka:<\/strong> 4,26 palca (108,10 mm)<\/li>\n<li><strong>Hmotnos\u0165:<\/strong> 3,80 oz. (107,73 g)<\/li>\n<li><strong>Rukov\u00e4\u0165:<\/strong> Predn\u00e1 \u010das\u0165 z G10, zadn\u00e1 \u010das\u0165 z 2Cr13 SS<\/li>\n<li><strong>\u0160t\u00fdl:<\/strong> Skladac\u00ed n\u00f4\u017e s r\u00e1mov\u00fdm z\u00e1mkom<\/li>\n<\/ul>\n<h3><strong>Vyu\u017eitie:<\/strong><\/h3>\n<ul>\n<li><strong>Ka\u017edodenn\u00e9 nosenie (EDC): N\u00f4\u017e<\/strong> je dostato\u010dne kompaktn\u00fd a nen\u00e1padn\u00fd na ka\u017edodenn\u00e9 pou\u017eitie. Ide\u00e1lne pre r\u00f4zne be\u017en\u00e9 \u00falohy, ako je rezanie ob\u00e1lok, otv\u00e1ranie bal\u00ed\u010dkov alebo drobn\u00e9 opravy. <\/li>\n<li><strong>Outdoor a kempovanie:<\/strong> Aj ke\u010f m\u00e1 Pilar III kompaktn\u00fa ve\u013ekos\u0165, jeho robustn\u00e1 \u010depe\u013e D2 a pohodln\u00e1 rukov\u00e4\u0165 G10 ho robia skvel\u00fdm n\u00e1strojom pre outdoorov\u00e9 aktivity.<\/li>\n<li><strong>V kancel\u00e1rii alebo v mestskom prostred\u00ed:<\/strong> Tento n\u00f4\u017e je skvel\u00e9 pre ka\u017edodenn\u00e9 pou\u017eitie v meste alebo kancel\u00e1rii, kde je potrebn\u00e9 ma\u0165 <strong>spo\u013eahliv\u00fd n\u00e1stroj<\/strong> bez toho, aby pr\u00edli\u0161 vynikal.<\/li>\n<\/ul>\n<h3><strong>Z\u00e1ver:<\/strong><\/h3>\n<p><strong>CRKT Pilar III D2<\/strong> je <strong>vynikaj\u00facou vo\u013ebou pre ka\u017edodenn\u00e9 nosenie<\/strong> , ktor\u00e1 sp\u00e1ja <strong>minimalistick\u00fd dizajn<\/strong> s <strong>v\u00fdnimo\u010dnou funk\u010dnos\u0165ou<\/strong> . V\u010faka <strong>oceli D2<\/strong> , <strong>IKBS\u2122 syst\u00e9mu<\/strong> a kvalitnej rukov\u00e4ti z <strong>G10<\/strong> a <strong>2Cr13<\/strong> je tento n\u00f4\u017e pripraven\u00fd zvl\u00e1dnu\u0165 ka\u017edodenn\u00e9 \u00falohy aj v n\u00e1ro\u010dn\u00fdch podmienkach. Ak h\u013ead\u00e1te <strong>\u0161t\u00fdlov\u00fd, ale v\u00fdkonn\u00fd EDC n\u00f4\u017e<\/strong> , Pilar III D2 je skvel\u00e9 rie\u0161enie, ktor\u00e9 bude vern\u00fdm spolo\u010dn\u00edkom po mnoho rokov.  <\/p>\n<p><iframe title=\"CRKT PILAR\u00ae III w\/ D2 Blade Steel | Jesper Voxnaes Design\" width=\"800\" height=\"450\" src=\"https:\/\/www.youtube.com\/embed\/XUchrTEkdGU?feature=oembed\" frameborder=\"0\" allow=\"accelerometer; autoplay; clipboard-write; encrypted-media; gyroscope; picture-in-picture; web-share\" referrerpolicy=\"strict-origin-when-cross-origin\" allowfullscreen><\/iframe><\/p>\n<p>&nbsp;<\/p>\n","protected":false},"excerpt":{"rendered":"<p><strong>CRKT Pilar III D2 je vynikaj\u00facou vo\u013ebou na ka\u017edodenn\u00e9 nosenie, ktor\u00e1 sp\u00e1ja minimalistick\u00fd dizajn s v\u00fdnimo\u010dnou funk\u010dnos\u0165ou. V\u010faka oceli D2, IKBS\u2122 syst\u00e9mu a kvalitnej rukov\u00e4ti z G10 a 2Cr13 je tento n\u00f4\u017e pripraven\u00fd zvl\u00e1dnu\u0165 ka\u017edodenn\u00e9 \u00falohy aj v n\u00e1ro\u010dn\u00fdch podmienkach. Pokia\u013e h\u013ead\u00e1te \u0161t\u00fdlov\u00fd, ale v\u00fdkonn\u00fd EDC n\u00f4\u017e, Pilar III D2 je skvel\u00e9 rie\u0161enie, ktor\u00e9 bude vern\u00fdm spolo\u010dn\u00edkom po mnoho rokov.  <\/strong><\/p>\n","protected":false},"featured_media":201539,"comment_status":"open","ping_status":"closed","template":"","meta":[],"pwb-brand":[3249],"product_brand":[],"product_cat":[3233,3186],"product_tag":[3668],"class_list":{"0":"post-399413","1":"product","2":"type-product","3":"status-publish","4":"has-post-thumbnail","6":"pwb-brand-zatvaraci-noz-crkt-delilahs-p-e-c-k-5520","7":"product_cat-zatvaracie-noze","8":"product_cat-noze-sk","9":"product_tag-b2b-sk","11":"first","12":"instock","13":"taxable","14":"shipping-taxable","15":"purchasable","16":"product-type-simple"},"brands":[{"id":3249,"name":"Zatv\u00e1rac\u00ed N\u00f4\u017e CRKT DELILAH'S P.E.C.K. 5520","slug":"zatvaraci-noz-crkt-delilahs-p-e-c-k-5520"}],"_links":{"self":[{"href":"https:\/\/www.moskito.cz\/sk\/wp-json\/wp\/v2\/product\/399413","targetHints":{"allow":["GET"]}}],"collection":[{"href":"https:\/\/www.moskito.cz\/sk\/wp-json\/wp\/v2\/product"}],"about":[{"href":"https:\/\/www.moskito.cz\/sk\/wp-json\/wp\/v2\/types\/product"}],"replies":[{"embeddable":true,"href":"https:\/\/www.moskito.cz\/sk\/wp-json\/wp\/v2\/comments?post=399413"}],"wp:featuredmedia":[{"embeddable":true,"href":"https:\/\/www.moskito.cz\/sk\/wp-json\/wp\/v2\/media\/201539"}],"wp:attachment":[{"href":"https:\/\/www.moskito.cz\/sk\/wp-json\/wp\/v2\/media?parent=399413"}],"wp:term":[{"taxonomy":"pwb-brand","embeddable":true,"href":"https:\/\/www.moskito.cz\/sk\/wp-json\/wp\/v2\/pwb-brand?post=399413"},{"taxonomy":"product_brand","embeddable":true,"href":"https:\/\/www.moskito.cz\/sk\/wp-json\/wp\/v2\/product_brand?post=399413"},{"taxonomy":"product_cat","embeddable":true,"href":"https:\/\/www.moskito.cz\/sk\/wp-json\/wp\/v2\/product_cat?post=399413"},{"taxonomy":"product_tag","embeddable":true,"href":"https:\/\/www.moskito.cz\/sk\/wp-json\/wp\/v2\/product_tag?post=399413"}],"curies":[{"name":"wp","href":"https:\/\/api.w.org\/{rel}","templated":true}]}}