{"id":399416,"date":"2025-04-16T11:55:53","date_gmt":"2025-04-16T10:55:53","guid":{"rendered":"https:\/\/www.moskito.cz\/produkt\/zatvaraci-noz-crkt-squid-xm-2495g\/"},"modified":"2025-06-12T09:00:53","modified_gmt":"2025-06-12T08:00:53","slug":"zatvaraci-noz-crkt-squid-xm-2495g","status":"publish","type":"product","link":"https:\/\/www.moskito.cz\/sk\/produkt\/zatvaraci-noz-crkt-squid-xm-2495g\/","title":{"rendered":"Zatv\u00e1rac\u00ed N\u00f4\u017e CRKT Squid XM 2495G"},"content":{"rendered":"<p class=\"\" data-start=\"40\" data-end=\"134\">\ud83d\udd2a <strong data-start=\"43\" data-end=\"134\">Zatv\u00e1rac\u00ed N\u00f4\u017e CRKT Squid XM Button Lock Gray 2495G &#8211; Kompaktn\u00e1 sila pre ka\u017edodenn\u00e9 v\u00fdzvy<\/strong><\/p>\n<p class=\"\" data-start=\"136\" data-end=\"255\"><span class=\"relative -mx-px my-[-0.2rem] rounded px-px py-[0.2rem] transition-colors duration-100 ease-in-out\">CRKT Squid XM 2495G je modernou interpret\u00e1ciou ob\u013e\u00faben\u00e9ho modelu Squid od dizajn\u00e9ra Lucasa Burnleyho.<\/span> <span class=\"relative -mx-px my-[-0.2rem] rounded px-px py-[0.2rem] transition-colors duration-100 ease-in-out\">Tento n\u00f4\u017e pon\u00faka robustn\u00fa kon\u0161trukciu, spo\u013eahliv\u00fd button lock mechanizmus a elegantn\u00fd dizajn, ktor\u00fd z neho rob\u00ed ide\u00e1lneho spolo\u010dn\u00edka pre ka\u017edodenn\u00e9 nosenie.<\/span><\/p>\n<p class=\"\" data-start=\"257\" data-end=\"282\">\ud83d\udd11 <strong data-start=\"260\" data-end=\"282\">K\u013e\u00fa\u010dov\u00e9 vlastnosti<\/strong><\/p>\n<p class=\"\" data-start=\"284\" data-end=\"296\">\ud83d\udd2a <strong data-start=\"287\" data-end=\"296\">\u010cepe\u013e<\/strong><\/p>\n<ul data-start=\"297\" data-end=\"611\">\n<li class=\"\" data-start=\"297\" data-end=\"350\">\n<p class=\"\" data-start=\"299\" data-end=\"350\"><strong data-start=\"299\" data-end=\"311\">Materi\u00e1l<\/strong> : <span class=\"relative -mx-px my-[-0.2rem] rounded px-px py-[0.2rem] transition-colors duration-100 ease-in-out\">D2 \u2013 odoln\u00e1 n\u00e1strojov\u00e1 oce\u013e s vynikaj\u00facou retenciou ostrie<\/span><\/p>\n<\/li>\n<li class=\"\" data-start=\"351\" data-end=\"401\">\n<p class=\"\" data-start=\"353\" data-end=\"401\"><strong data-start=\"353\" data-end=\"362\">D\u013a\u017eka<\/strong> : <span class=\"relative -mx-px my-[-0.2rem] rounded px-px py-[0.2rem] transition-colors duration-100 ease-in-out\">7,5 cm, Celkov\u00e1 d\u013a\u017eka: 18 cm<\/span><\/p>\n<div class=\"detail-properties__value\"><\/div>\n<\/li>\n<li class=\"\" data-start=\"351\" data-end=\"401\">\n<div class=\"detail-properties__value\"><strong data-start=\"404\" data-end=\"416\">Hr\u00fabka<\/strong> : <span class=\"relative -mx-px my-[-0.2rem] rounded px-px py-[0.2rem] transition-colors duration-100 ease-in-out\">0,26 cm<\/span><\/div>\n<\/li>\n<li class=\"\" data-start=\"456\" data-end=\"505\">\n<p class=\"\" data-start=\"458\" data-end=\"505\"><strong data-start=\"458\" data-end=\"466\">Tvar<\/strong> : <span class=\"relative -mx-px my-[-0.2rem] rounded px-px py-[0.2rem] transition-colors duration-100 ease-in-out\">Drop Point \u2013 univerz\u00e1lny pre r\u00f4zne \u00falohy<\/span><\/p>\n<\/li>\n<li class=\"\" data-start=\"506\" data-end=\"611\">\n<p class=\"\" data-start=\"508\" data-end=\"611\"><strong data-start=\"508\" data-end=\"528\">Povrchov\u00e1 \u00faprava<\/strong> : <span class=\"relative -mx-px my-[-0.2rem] rounded px-px py-[0.2rem] transition-colors duration-100 ease-in-out\">Black Oxide \u2013 odoln\u00e1 proti kor\u00f3zii a po\u0161kriabaniu<\/span><\/p>\n<\/li>\n<li class=\"\" data-start=\"506\" data-end=\"611\">\n<p class=\"\" data-start=\"508\" data-end=\"611\"><strong data-start=\"616\" data-end=\"627\">Rukov\u00e4\u0165<\/strong><\/p>\n<\/li>\n<\/ul>\n<ul data-start=\"628\" data-end=\"836\">\n<li class=\"\" data-start=\"628\" data-end=\"683\">\n<p class=\"\" data-start=\"630\" data-end=\"683\"><strong data-start=\"630\" data-end=\"642\">Materi\u00e1l<\/strong> : <span class=\"relative -mx-px my-[-0.2rem] rounded px-px py-[0.2rem] transition-colors duration-100 ease-in-out\">G10 &#8211; \u013eahk\u00fd a pevn\u00fd kompozit<\/span><\/p>\n<\/li>\n<li class=\"\" data-start=\"684\" data-end=\"736\">\n<p class=\"\" data-start=\"686\" data-end=\"736\"><strong data-start=\"686\" data-end=\"695\">Farba<\/strong> : <span class=\"relative -mx-px my-[-0.2rem] rounded px-px py-[0.2rem] transition-colors duration-100 ease-in-out\">Siv\u00e1<\/span><\/p>\n<\/li>\n<li class=\"\" data-start=\"737\" data-end=\"836\">\n<p class=\"\" data-start=\"739\" data-end=\"836\"><strong data-start=\"739\" data-end=\"749\">Dizajn<\/strong> : <span class=\"relative -mx-px my-[-0.2rem] rounded px-px py-[0.2rem] transition-colors duration-100 ease-in-out\">Text\u00farovan\u00fd povrch pre bezpe\u010dn\u00fd \u00fachop<\/span><\/p>\n<\/li>\n<\/ul>\n<p class=\"\" data-start=\"838\" data-end=\"855\">\u26a1 <strong data-start=\"840\" data-end=\"855\">Mechanizmus<\/strong><\/p>\n<ul data-start=\"856\" data-end=\"1076\">\n<li class=\"\" data-start=\"856\" data-end=\"919\">\n<p class=\"\" data-start=\"858\" data-end=\"919\"><strong data-start=\"858\" data-end=\"878\">Sp\u00f4sob otv\u00e1rania<\/strong> : <span class=\"relative -mx-px my-[-0.2rem] rounded px-px py-[0.2rem] transition-colors duration-100 ease-in-out\">Manu\u00e1lne s pomocou palcov\u00e9ho kol\u00edka<\/span><\/p>\n<\/li>\n<li class=\"\" data-start=\"920\" data-end=\"975\">\n<p class=\"\" data-start=\"922\" data-end=\"975\"><strong data-start=\"922\" data-end=\"934\">Poistka<\/strong> : <span class=\"relative -mx-px my-[-0.2rem] rounded px-px py-[0.2rem] transition-colors duration-100 ease-in-out\">Button Lock \u2013 intuit\u00edvne a bezpe\u010dn\u00e9 uzamknutie \u010depele<\/span><\/p>\n<\/li>\n<li class=\"\" data-start=\"976\" data-end=\"1076\">\n<p class=\"\" data-start=\"978\" data-end=\"1076\"><strong data-start=\"978\" data-end=\"989\">Lo\u017eisk\u00e1<\/strong> : <span class=\"relative -mx-px my-[-0.2rem] rounded px-px py-[0.2rem] transition-colors duration-100 ease-in-out\">IKBS \u2013 hladk\u00fd a r\u00fdchly chod \u010depele<\/span><\/p>\n<\/li>\n<\/ul>\n<p class=\"\" data-start=\"1078\" data-end=\"1100\">\ud83d\udce6 <strong data-start=\"1081\" data-end=\"1100\">\u010co je v balen\u00ed?<\/strong><\/p>\n<ul data-start=\"1101\" data-end=\"1230\">\n<li class=\"\" data-start=\"1101\" data-end=\"1142\">\n<p class=\"\" data-start=\"1103\" data-end=\"1142\"><span class=\"relative -mx-px my-[-0.2rem] rounded px-px py-[0.2rem] transition-colors duration-100 ease-in-out\">Zatv\u00e1rac\u00ed n\u00f4\u017e CRKT Squid XM 2495G<\/span><\/p>\n<\/li>\n<li class=\"\" data-start=\"1143\" data-end=\"1230\">\n<p class=\"\" data-start=\"1145\" data-end=\"1230\"><span class=\"relative -mx-px my-[-0.2rem] rounded px-px py-[0.2rem] transition-colors duration-100 ease-in-out\">Origin\u00e1lna krabi\u010dka  <\/span><\/p>\n<\/li>\n<\/ul>\n<p class=\"\" data-start=\"1232\" data-end=\"1246\">\ud83c\udfaf <strong data-start=\"1235\" data-end=\"1246\">Pou\u017eitie<\/strong><\/p>\n<ul data-start=\"1247\" data-end=\"1497\">\n<li class=\"\" data-start=\"1247\" data-end=\"1324\">\n<p class=\"\" data-start=\"1249\" data-end=\"1324\">\ud83d\udc68\u200d\ud83d\udcbc <strong data-start=\"1255\" data-end=\"1282\">Ka\u017edodenn\u00e9 nosenie (EDC)<\/strong> \u2013 spo\u013eahliv\u00fd n\u00e1stroj pre ka\u017edodenn\u00e9 \u00falohy<\/p>\n<\/li>\n<li class=\"\" data-start=\"1325\" data-end=\"1382\">\n<p class=\"\" data-start=\"1327\" data-end=\"1382\">\ud83d\udee0\ufe0f <strong data-start=\"1331\" data-end=\"1348\">Pr\u00e1ca a hobby<\/strong> \u2013 ide\u00e1lna pre remeseln\u00edkov a dom\u00e1cich majstrov<\/p>\n<\/li>\n<li class=\"\" data-start=\"1383\" data-end=\"1497\">\n<p class=\"\" data-start=\"1385\" data-end=\"1497\">\ud83e\udded <strong data-start=\"1388\" data-end=\"1411\">Outdoorov\u00e9 aktivity<\/strong> \u2013 kompaktn\u00fd a odoln\u00fd spolo\u010dn\u00edk na cesty<\/p>\n<\/li>\n<\/ul>\n<p class=\"\" data-start=\"1499\" data-end=\"1531\">\ud83d\udd0d <strong data-start=\"1502\" data-end=\"1531\">Porovnanie s in\u00fdmi modelmi<\/strong><\/p>\n<p class=\"\" data-start=\"1533\" data-end=\"1577\">\ud83d\udcca <strong data-start=\"1536\" data-end=\"1577\">CRKT Squid XM vs. CRKT Squid Original<\/strong><\/p>\n<ul data-start=\"1578\" data-end=\"1795\">\n<li class=\"\" data-start=\"1578\" data-end=\"1633\">\n<p class=\"\" data-start=\"1580\" data-end=\"1633\"><strong data-start=\"1580\" data-end=\"1592\">Ve\u013ekos\u0165<\/strong> : <span class=\"relative -mx-px my-[-0.2rem] rounded px-px py-[0.2rem] transition-colors duration-100 ease-in-out\">Squid XM je v\u00e4\u010d\u0161ia a pon\u00faka dlh\u0161iu \u010depe\u013e<\/span><\/p>\n<\/li>\n<li class=\"\" data-start=\"1634\" data-end=\"1692\">\n<p class=\"\" data-start=\"1636\" data-end=\"1692\"><strong data-start=\"1636\" data-end=\"1651\">mechanizmus<\/strong> : <span class=\"relative -mx-px my-[-0.2rem] rounded px-px py-[0.2rem] transition-colors duration-100 ease-in-out\">Squid XM m\u00e1 button lock, p\u00f4vodn\u00fd Squid vyu\u017e\u00edva frame lock<\/span><\/p>\n<\/li>\n<li class=\"\" data-start=\"1693\" data-end=\"1795\">\n<p class=\"\" data-start=\"1695\" data-end=\"1795\"><strong data-start=\"1695\" data-end=\"1708\">Ergon\u00f3mia<\/strong> : <span class=\"relative -mx-px my-[-0.2rem] rounded px-px py-[0.2rem] transition-colors duration-100 ease-in-out\">Squid XM poskytuje lep\u0161\u00ed \u00fachop v\u010faka v\u00e4\u010d\u0161ej rukov\u00e4ti<\/span><\/p>\n<\/li>\n<\/ul>\n<p class=\"\" data-start=\"1797\" data-end=\"1832\">\ud83d\udcca <strong data-start=\"1800\" data-end=\"1832\">CRKT Squid XM vs. CRKT Pilar<\/strong><\/p>\n<ul data-start=\"1833\" data-end=\"1986\">\n<li class=\"\" data-start=\"1833\" data-end=\"1886\">\n<p class=\"\" data-start=\"1835\" data-end=\"1886\"><strong data-start=\"1835\" data-end=\"1845\">Dizajn<\/strong> : <span class=\"relative -mx-px my-[-0.2rem] rounded px-px py-[0.2rem] transition-colors duration-100 ease-in-out\">Squid XM m\u00e1 modernej\u0161\u00ed vzh\u013ead, Pilar je robustnej\u0161\u00ed<\/span><\/p>\n<\/li>\n<li class=\"\" data-start=\"1887\" data-end=\"1986\">\n<p class=\"\" data-start=\"1889\" data-end=\"1986\"><strong data-start=\"1889\" data-end=\"1899\">Funkcia<\/strong> : <span class=\"relative -mx-px my-[-0.2rem] rounded px-px py-[0.2rem] transition-colors duration-100 ease-in-out\">Oba no\u017ee s\u00fa vhodn\u00e9 pre EDC, ale Squid XM pon\u00faka hlad\u0161ie otv\u00e1ranie v\u010faka IKBS lo\u017eisk\u00e1m<\/span><\/p>\n<\/li>\n<\/ul>\n<p class=\"\" data-start=\"1988\" data-end=\"2088\">\ud83d\udcac <strong data-start=\"1991\" data-end=\"2009\">Call-to-Action<\/strong> \ud83d\udc49 Objednajte si tento v\u00fdnimo\u010dn\u00fd n\u00f4\u017e e\u0161te dnes a vyu\u017eite <strong data-start=\"2069\" data-end=\"2087\">dopravu zadarmo<\/strong> !<\/p>\n<p class=\"\" data-start=\"2090\" data-end=\"2243\">\ud83d\udcdc <strong data-start=\"2093\" data-end=\"2117\">Hist\u00f3ria a in\u0161pir\u00e1cia<\/strong> <span class=\"relative -mx-px my-[-0.2rem] rounded px-px py-[0.2rem] transition-colors duration-100 ease-in-out\">CRKT Squid XM je v\u00fdsledkom spolupr\u00e1ce s renomovan\u00fdm dizajn\u00e9rom Lucasom Burnleym.<\/span> <span class=\"relative -mx-px my-[-0.2rem] rounded px-px py-[0.2rem] transition-colors duration-100 ease-in-out\">Jeho v\u00e1\u0161e\u0148 pre funk\u010dn\u00e9 a esteticky pr\u00ed\u0165a\u017eliv\u00e9 no\u017ee sa odr\u00e1\u017ea v ka\u017edom detaile tohto modelu.<\/span><\/p>\n<p class=\"\" data-start=\"2090\" data-end=\"2243\">\u2696\ufe0f <strong data-start=\"2248\" data-end=\"2276\">Bezpe\u010dnos\u0165 a legislat\u00edva<\/strong><\/p>\n<ul data-start=\"2277\" data-end=\"2457\">\n<li class=\"\" data-start=\"2277\" data-end=\"2338\">\n<p class=\"\" data-start=\"2279\" data-end=\"2338\">\ud83d\udd12 <strong data-start=\"2282\" data-end=\"2297\">Nosenie no\u017ea<\/strong> : <span class=\"relative -mx-px my-[-0.2rem] rounded px-px py-[0.2rem] transition-colors duration-100 ease-in-out\">Uistite sa, \u017ee dodr\u017eiavate miestne predpisy o nosen\u00ed no\u017eov<\/span><\/p>\n<\/li>\n<li class=\"\" data-start=\"2339\" data-end=\"2457\">\n<p class=\"\" data-start=\"2341\" data-end=\"2457\">\ud83d\udee1\ufe0f <strong data-start=\"2345\" data-end=\"2370\">Bezpe\u010dnostn\u00e1 poistka<\/strong> : <span class=\"relative -mx-px my-[-0.2rem] rounded px-px py-[0.2rem] transition-colors duration-100 ease-in-out\">Button Lock zais\u0165uje bezpe\u010dn\u00e9 pou\u017e\u00edvanie<\/span><\/p>\n<\/li>\n<\/ul>\n<p class=\"\" data-start=\"2459\" data-end=\"2498\">\ud83c\udf92 <strong data-start=\"2462\" data-end=\"2498\">Pr\u00edslu\u0161enstvo a mo\u017enosti upgradu<\/strong><\/p>\n<ul data-start=\"2499\" data-end=\"2626\">\n<li class=\"\" data-start=\"2499\" data-end=\"2561\">\n<p class=\"\" data-start=\"2501\" data-end=\"2561\">\ud83c\udff7\ufe0f <strong data-start=\"2505\" data-end=\"2528\">Ko\u017een\u00e9 puzdro CRKT<\/strong> \u2013 pre pohodln\u00e9 a bezpe\u010dn\u00e9 nosenie<\/p>\n<\/li>\n<li class=\"\" data-start=\"2562\" data-end=\"2626\">\n<p class=\"\" data-start=\"2564\" data-end=\"2626\">\ud83d\udd27 <strong data-start=\"2567\" data-end=\"2592\">Mo\u017enos\u0165 personaliz\u00e1cie<\/strong> \u2013 r\u00f4zne povrchov\u00e9 \u00fapravy rukov\u00e4te<\/p>\n<\/li>\n<\/ul>\n<p class=\"\" data-start=\"2628\" data-end=\"2652\">\ud83e\uddfd <strong data-start=\"2631\" data-end=\"2652\">\u00dadr\u017eba a br\u00fasenie<\/strong><\/p>\n<ul data-start=\"2653\" data-end=\"2825\">\n<li class=\"\" data-start=\"2653\" data-end=\"2722\">\n<p class=\"\" data-start=\"2655\" data-end=\"2722\">\ud83d\udd2a <strong data-start=\"2658\" data-end=\"2681\">Odpor\u00fa\u010dan\u00e9 br\u00fasenie<\/strong> : <span class=\"relative -mx-px my-[-0.2rem] rounded px-px py-[0.2rem] transition-colors duration-100 ease-in-out\">jemn\u00fd br\u00fasny kame\u0148 pre zachovanie optim\u00e1lnej ostrosti<\/span><\/p>\n<\/li>\n<li class=\"\" data-start=\"2723\" data-end=\"2825\">\n<p class=\"\" data-start=\"2725\" data-end=\"2825\">\ud83e\uddfc <strong data-start=\"2728\" data-end=\"2738\">\u00dadr\u017eba<\/strong> : <span class=\"relative -mx-px my-[-0.2rem] rounded px-px py-[0.2rem] transition-colors duration-100 ease-in-out\">pravidelne \u010distite a ma\u017eete mechanizmus pre plynul\u00fd chod<\/span><\/p>\n<\/li>\n<\/ul>\n<p class=\"\" data-start=\"2827\" data-end=\"3045\">\ud83d\udd27 <strong data-start=\"2830\" data-end=\"2846\">Extra v\u00fdhody<\/strong> \u2705 <strong data-start=\"2849\" data-end=\"2869\">Do\u017eivotn\u00e1 z\u00e1ruka<\/strong><br data-start=\"2869\" data-end=\"2872\"> \u2705 <strong data-start=\"2874\" data-end=\"2892\">Doprava zadarmo<\/strong><br data-start=\"2892\" data-end=\"2895\"> \u2705 <strong data-start=\"2897\" data-end=\"2936\">Unik\u00e1tny dizajn za prijate\u013en\u00fa cenu<\/strong><br data-start=\"2936\" data-end=\"2939\"> \u2705 <strong data-start=\"2941\" data-end=\"2999\">Mo\u017enos\u0165 platby na dobierku \u2013 zaplat\u00edte a\u017e pri prevzat\u00ed!<\/strong><\/p>\n<p class=\"\" data-start=\"3047\" data-end=\"3185\">\ud83d\udce2 <strong data-start=\"3050\" data-end=\"3059\">Z\u00e1ver<\/strong> <span class=\"relative -mx-px my-[-0.2rem] rounded px-px py-[0.2rem] transition-colors duration-100 ease-in-out\">Zatv\u00e1rac\u00ed n\u00f4\u017e CRKT Squid XM Button Lock Gray 2495G je ide\u00e1lnou vo\u013ebou pre t\u00fdch, ktor\u00ed h\u013eadaj\u00fa spo\u013eahliv\u00fd, kompaktn\u00fd a \u0161t\u00fdlov\u00fd n\u00e1stroj na ka\u017edodenn\u00e9 pou\u017eitie.<\/span> <span class=\"relative -mx-px my-[-0.2rem] rounded px-px py-[0.2rem] transition-colors duration-100 ease-in-out\">Jeho kvalitn\u00e9 materi\u00e1ly, prec\u00edzne spracovanie a modern\u00fd dizajn z neho robia nielen praktick\u00fd n\u00e1stroj, ale aj v\u00fdrazn\u00fd doplnok.<\/span><\/p>\n","protected":false},"excerpt":{"rendered":"<p><strong> <span class=\"relative -mx-px my-[-0.2rem] rounded px-px py-[0.2rem] transition-colors duration-100 ease-in-out\">Zatv\u00e1rac\u00ed n\u00f4\u017e CRKT Squid XM Button Lock Gray 2495G je ide\u00e1lnou vo\u013ebou pre t\u00fdch, ktor\u00ed h\u013eadaj\u00fa spo\u013eahliv\u00fd, kompaktn\u00fd a \u0161t\u00fdlov\u00fd n\u00e1stroj na ka\u017edodenn\u00e9 pou\u017eitie.<\/span> <span class=\"relative -mx-px my-[-0.2rem] rounded px-px py-[0.2rem] transition-colors duration-100 ease-in-out\">Jeho kvalitn\u00e9 materi\u00e1ly, prec\u00edzne spracovanie a modern\u00fd dizajn z neho robia nielen praktick\u00fd n\u00e1stroj, ale aj v\u00fdrazn\u00fd doplnok.<\/span><\/strong><\/p>\n","protected":false},"featured_media":399324,"comment_status":"open","ping_status":"closed","template":"","meta":[],"pwb-brand":[3249],"product_brand":[],"product_cat":[3186,3233],"product_tag":[],"class_list":{"0":"post-399416","1":"product","2":"type-product","3":"status-publish","4":"has-post-thumbnail","6":"pwb-brand-zatvaraci-noz-crkt-delilahs-p-e-c-k-5520","7":"product_cat-noze-sk","8":"product_cat-zatvaracie-noze","10":"first","11":"instock","12":"taxable","13":"shipping-taxable","14":"purchasable","15":"product-type-simple"},"brands":[{"id":3249,"name":"Zatv\u00e1rac\u00ed N\u00f4\u017e CRKT DELILAH'S P.E.C.K. 5520","slug":"zatvaraci-noz-crkt-delilahs-p-e-c-k-5520"}],"_links":{"self":[{"href":"https:\/\/www.moskito.cz\/sk\/wp-json\/wp\/v2\/product\/399416","targetHints":{"allow":["GET"]}}],"collection":[{"href":"https:\/\/www.moskito.cz\/sk\/wp-json\/wp\/v2\/product"}],"about":[{"href":"https:\/\/www.moskito.cz\/sk\/wp-json\/wp\/v2\/types\/product"}],"replies":[{"embeddable":true,"href":"https:\/\/www.moskito.cz\/sk\/wp-json\/wp\/v2\/comments?post=399416"}],"wp:featuredmedia":[{"embeddable":true,"href":"https:\/\/www.moskito.cz\/sk\/wp-json\/wp\/v2\/media\/399324"}],"wp:attachment":[{"href":"https:\/\/www.moskito.cz\/sk\/wp-json\/wp\/v2\/media?parent=399416"}],"wp:term":[{"taxonomy":"pwb-brand","embeddable":true,"href":"https:\/\/www.moskito.cz\/sk\/wp-json\/wp\/v2\/pwb-brand?post=399416"},{"taxonomy":"product_brand","embeddable":true,"href":"https:\/\/www.moskito.cz\/sk\/wp-json\/wp\/v2\/product_brand?post=399416"},{"taxonomy":"product_cat","embeddable":true,"href":"https:\/\/www.moskito.cz\/sk\/wp-json\/wp\/v2\/product_cat?post=399416"},{"taxonomy":"product_tag","embeddable":true,"href":"https:\/\/www.moskito.cz\/sk\/wp-json\/wp\/v2\/product_tag?post=399416"}],"curies":[{"name":"wp","href":"https:\/\/api.w.org\/{rel}","templated":true}]}}