{"id":399880,"date":"2022-09-12T20:21:57","date_gmt":"2025-04-22T13:24:00","guid":{"rendered":"https:\/\/www.moskito.cz\/produkt\/zatvaraci-noz-crkt-m16-03ss\/"},"modified":"2025-07-14T11:23:42","modified_gmt":"2025-07-14T10:23:42","slug":"zatvaraci-noz-crkt-m16-03ss","status":"publish","type":"product","link":"https:\/\/www.moskito.cz\/sk\/produkt\/zatvaraci-noz-crkt-m16-03ss\/","title":{"rendered":"Zatv\u00e1rac\u00ed N\u00f4\u017e CRKT M16-03SS"},"content":{"rendered":"<div class=\"flex-1 overflow-hidden @container\/thread\">\n<div class=\"h-full\">\n<div class=\"react-scroll-to-bottom--css-vxybp-79elbk h-full\">\n<div class=\"react-scroll-to-bottom--css-vxybp-1n7m0yu\">\n<div class=\"flex flex-col text-sm md:pb-9\">\n<article class=\"w-full scroll-mb-[var(--thread-trailing-height,150px)] text-token-text-primary focus-visible:outline-2 focus-visible:outline-offset-[-4px]\" dir=\"auto\" data-testid=\"conversation-turn-153\" data-scroll-anchor=\"true\">\n<div class=\"m-auto text-base py-[18px] px-3 md:px-4 w-full md:px-5 lg:px-4 xl:px-5\">\n<div class=\"mx-auto flex flex-1 gap-4 text-base md:gap-5 lg:gap-6 md:max-w-3xl\">\n<div class=\"group\/conversation-turn relative flex w-full min-w-0 flex-col agent-turn\">\n<div class=\"flex-col gap-1 md:gap-3\">\n<div class=\"flex max-w-full flex-col flex-grow\">\n<div class=\"min-h-8 text-message flex w-full flex-col items-end gap-2 whitespace-normal break-words text-start [.text-message+&amp;]:mt-5\" dir=\"auto\" data-message-author-role=\"assistant\" data-message-id=\"bedf3733-6233-48af-b38a-5285e60055e5\" data-message-model-slug=\"gpt-4o-mini\">\n<div class=\"flex w-full flex-col gap-1 empty:hidden first:pt-[3px]\">\n<div class=\"markdown prose w-full break-words dark:prose-invert light\">\n<p><strong>Zatv\u00e1rac\u00ed N\u00f4\u017e CRKT M16-03SS<\/strong> je vylep\u0161en\u00e1 verzia ob\u013e\u00faben\u00e9ho <strong>dizajnu Kita Carsona<\/strong> , ktor\u00fd sa stal legendou medzi <strong>taktick\u00fdmi<\/strong> a <strong>ka\u017edodenn\u00fdmi no\u017emi<\/strong> . Tento model je navrhnut\u00fd pre u\u017e\u00edvate\u013eov, ktor\u00ed h\u013eadaj\u00fa <strong>vysok\u00fd v\u00fdkon<\/strong> a <strong>odolnos\u0165<\/strong> v ka\u017edodennom nosen\u00ed, pri\u010dom si zachov\u00e1va <strong>klasick\u00e9<\/strong> rysy p\u00f4vodn\u00e9ho designu. S kvalitn\u00fdmi materi\u00e1lmi a vylep\u0161en\u00fdmi funkciami pon\u00faka M16-03SS vynikaj\u00facu kombin\u00e1ciu <strong>praktickej u\u017eito\u010dnosti<\/strong> a <strong>taktick\u00e9ho vzh\u013eadu<\/strong> .  <\/p>\n<h3>K\u013e\u00fa\u010dov\u00e9 vlastnosti:<\/h3>\n<ol>\n<li><strong>Dizajn \u010depele<\/strong> :\n<ul>\n<li><strong>D\u013a\u017eka \u010depele<\/strong> : 3,54 &#8222;(89,92 mm) &#8211; To je ide\u00e1lna d\u013a\u017eka pre <strong>v\u0161estrann\u00e9 pou\u017eitie<\/strong> , od <strong>kr\u00e1jania<\/strong> a\u017e po <strong>rezanie tvrd\u0161\u00edch materi\u00e1lov<\/strong> .<\/li>\n<li><strong>Ostrie \u010depele<\/strong> : Jednoduch\u00e9 \u2013 <strong>Jednoduch\u00e1 \u00fadr\u017eba a ostros\u0165<\/strong> , vhodn\u00e9 pre <strong>be\u017en\u00e9 \u00falohy<\/strong> a <strong>presn\u00e9 rezanie<\/strong> .<\/li>\n<li><strong>Materi\u00e1l \u010depele<\/strong> : <strong>12C27 Sandvik oce\u013e<\/strong> &#8211; <strong>Vysoko kvalitn\u00e1 nerezov\u00e1 oce\u013e<\/strong> , ktor\u00e1 je zn\u00e1ma pre svoju <strong>vysok\u00fa odolnos\u0165 vo\u010di kor\u00f3zii<\/strong> a <strong>dlh\u00fa \u017eivotnos\u0165 ostria<\/strong> . T\u00e1to oce\u013e tie\u017e pon\u00faka vynikaj\u00face <strong>dr\u017eanie ostrie<\/strong> a je <strong>\u013eahko naostrite\u013en\u00e1<\/strong> . <\/li>\n<li><strong>Povrchov\u00e1 \u00faprava \u010depele<\/strong> : <strong>Odstrel kor\u00e1lok<\/strong> &#8211; Povrchov\u00e1 \u00faprava, ktor\u00e1 <strong>minimalizuje odlesky<\/strong> a poskytuje <strong>matn\u00fd vzh\u013ead<\/strong> , \u010do je v\u00fdhodn\u00e9 pri pou\u017eit\u00ed v taktick\u00fdch alebo <strong>pr\u00edrodn\u00fdch prostrediach<\/strong> .<\/li>\n<\/ul>\n<\/li>\n<li><strong>Taktick\u00fd a bezpe\u010dn\u00fd mechanizmus<\/strong> :\n<ul>\n<li><strong>Z\u00e1mok r\u00e1mu<\/strong> \u2013 Tento z\u00e1mok poskytuje <strong>siln\u00fa a stabiln\u00fa bezpe\u010dnos\u0165<\/strong> pri pou\u017e\u00edvan\u00ed a zabra\u0148uje n\u00e1hodn\u00e9mu otvoreniu no\u017ea.<\/li>\n<li><strong>Poistka AutoLAWKS\u2122<\/strong> \u2013 Okrem z\u00e1mku r\u00e1mu tento n\u00f4\u017e vyu\u017e\u00edva syst\u00e9m <strong>AutoLAWKS\u2122<\/strong> , ktor\u00fd zais\u0165uje <strong>dodato\u010dn\u00fa bezpe\u010dnos\u0165<\/strong> pri nosen\u00ed a pou\u017e\u00edvan\u00ed, \u010d\u00edm zvy\u0161uje <strong>spo\u013eahlivos\u0165<\/strong> no\u017ea.<\/li>\n<\/ul>\n<\/li>\n<li><strong>Rukov\u00e4\u0165<\/strong> :\n<ul>\n<li><strong>Nerezov\u00e1 oce\u013e<\/strong> &#8211; Rukov\u00e4\u0165 je vyroben\u00e1 z <strong>nerezovej ocele<\/strong> , \u010do zais\u0165uje <strong>pevnos\u0165<\/strong> a <strong>odolnos\u0165<\/strong> proti opotrebeniu, rovnako ako <strong>dobr\u00fa ergon\u00f3miu<\/strong> . Rukov\u00e4\u0165 m\u00e1 dostato\u010dn\u00fa <strong>povrchov\u00fa \u00fapravu<\/strong> , ktor\u00e1 zabra\u0148uje k\u013azaniu ruky. <\/li>\n<li><strong>Ergonomick\u00fd tvar<\/strong> \u2013 Tvar rukov\u00e4te je <strong>komfortn\u00fd<\/strong> , \u010do zais\u0165uje <strong>dobr\u00e9 uchopenie<\/strong> , a to aj pri n\u00e1ro\u010dn\u00fdch \u00faloh\u00e1ch.<\/li>\n<\/ul>\n<\/li>\n<li><strong>Kompaktn\u00fd a \u013eahk\u00fd dizajn<\/strong> :\n<ul>\n<li><strong>Celkov\u00e1 d\u013a\u017eka<\/strong> : 8,19 &#8222;(207,98 mm) &#8211; Dostato\u010dne dlh\u00fd pre <strong>efekt\u00edvnu pr\u00e1cu<\/strong> , ale st\u00e1le <strong>kompaktn\u00fd<\/strong> pre <strong>be\u017en\u00e9 nosenie<\/strong> vo vrecku alebo na opasku.<\/li>\n<li><strong>Uzavret\u00e1 d\u013a\u017eka<\/strong> : 4,65&#8243; (118,21 mm) \u2013 Tento model je ide\u00e1lny pre <strong>ka\u017edodenn\u00e9 nosenie<\/strong> bez toho, aby bol pr\u00edli\u0161 objemn\u00fd.<\/li>\n<li><strong>Hmotnos\u0165<\/strong> : 3,60 oz. (102,06 g) \u2013 Tento n\u00f4\u017e je st\u00e1le dostato\u010dne <strong>\u013eahk\u00fd<\/strong> , aby bol <strong>pohodln\u00fd pre ka\u017edodenn\u00e9 nosenie<\/strong> , ale z\u00e1rove\u0148 pon\u00faka <strong>pevnos\u0165<\/strong> a <strong>odolnos\u0165<\/strong> pre n\u00e1ro\u010dn\u00e9 \u00falohy.<\/li>\n<\/ul>\n<\/li>\n<li><strong>Univerz\u00e1lne pou\u017eitie<\/strong> :\n<ul>\n<li>Tento n\u00f4\u017e je <strong>v\u0161estrann\u00fd<\/strong> a vhodn\u00fd pre <strong>ka\u017edodenn\u00e9 nosenie (EDC)<\/strong> , rovnako ako pre <strong>taktick\u00e9 \u00falohy<\/strong> , <strong>kempovanie<\/strong> , alebo <strong>spracovanie<\/strong> materi\u00e1lov.<\/li>\n<li>Je to tie\u017e vynikaj\u00faci n\u00e1stroj pre <strong>sebaobranu<\/strong> v\u010faka svojej <strong>v\u00fdkonnej \u010depeli<\/strong> a <strong>r\u00fdchlemu mechanizmu otv\u00e1rania<\/strong> .<\/li>\n<\/ul>\n<\/li>\n<\/ol>\n<h3>\u0160pecifik\u00e1cia:<\/h3>\n<ul>\n<li><strong>D\u013a\u017eka \u010depele<\/strong> : 3,54&#8243; (89,92 mm)<\/li>\n<li><strong>Ostrie \u010depele<\/strong> : Oby\u010dajn\u00fd<\/li>\n<li><strong>Materi\u00e1l \u010depele<\/strong> : Sandvik 12C27 nerezov\u00e1 oce\u013e<\/li>\n<li><strong>Povrchov\u00e1 \u00faprava \u010depele<\/strong> : Odstrel kor\u00e1likov<\/li>\n<li><strong>Hr\u00fabka \u010depele<\/strong> : 0,12&#8243; (3,00 mm)<\/li>\n<li><strong>Celkov\u00e1 d\u013a\u017eka<\/strong> : 8,19&#8243; (207,98 mm)<\/li>\n<li><strong>Uzavret\u00e1 d\u013a\u017eka<\/strong> : 4,65&#8243; (118,21 mm)<\/li>\n<li><strong>Hmotnos\u0165 no\u017ea<\/strong> : 3,60 oz (102,06 g)<\/li>\n<li><strong>Rukov\u00e4\u0165<\/strong> : Nerezov\u00e1 oce\u013e<\/li>\n<li><strong>\u0160t\u00fdl<\/strong> : Skladac\u00ed n\u00f4\u017e so z\u00e1mkom r\u00e1mu<\/li>\n<\/ul>\n<h3>Mo\u017enosti pou\u017eitia:<\/h3>\n<ul>\n<li><strong>Ka\u017edodenn\u00e9 nosenie (EDC)<\/strong> : M16-03SS je skvel\u00e9 pre <strong>ka\u017edodenn\u00e9 \u00falohy<\/strong> , ako je <strong>otv\u00e1ranie bal\u00ed\u010dkov<\/strong> , <strong>kr\u00e1janie<\/strong> , <strong>rezanie tkan\u00edn<\/strong> alebo <strong>pr\u00edprava jedla<\/strong> .<\/li>\n<li><strong>Taktick\u00e9 pou\u017eitie<\/strong> : Tento n\u00f4\u017e je navrhnut\u00fd pre <strong>taktick\u00e9 \u00falohy<\/strong> a <strong>sebaobranu<\/strong> , v\u010faka <strong>silnej \u010depeli<\/strong> a <strong>bezpe\u010dn\u00e9mu mechanizmu<\/strong> .<\/li>\n<li><strong>Kempovanie a outdoorov\u00e9 aktivity<\/strong> : Ide\u00e1lne pre <strong>presn\u00e9 rezanie<\/strong> a <strong>spracovanie materi\u00e1lov<\/strong> pri kempovan\u00ed alebo v pr\u00edrode.<\/li>\n<li><strong>Spracovanie materi\u00e1lov<\/strong> : V\u010faka silnej a <strong>odolnej \u010depeli<\/strong> je M16-03SS vynikaj\u00faci pre <strong>rie\u0161enie n\u00e1ro\u010dn\u00fdch \u00faloh<\/strong> .<\/li>\n<\/ul>\n<h3>Zhrnutie:<\/h3>\n<p><strong>CRKT M16-03SS<\/strong> je <strong>vylep\u0161en\u00e1 verzia<\/strong> ob\u013e\u00faben\u00e9ho dizajnu <strong>Kit Carson M16<\/strong> , ktor\u00e1 pon\u00faka <strong>vy\u0161\u0161\u00ed v\u00fdkon<\/strong> a <strong>odolnos\u0165<\/strong> . Tento n\u00f4\u017e je ide\u00e1lny pre <strong>taktick\u00e9 pou\u017eitie<\/strong> aj <strong>ka\u017edodenn\u00e9 nosenie<\/strong> , s <strong>kvalitnou \u010depe\u013eou<\/strong> z <strong>12C27 Sandvik ocele<\/strong> , <strong>bezpe\u010dn\u00fdm z\u00e1mkom r\u00e1mu<\/strong> a <strong>inovat\u00edvnym syst\u00e9mom AutoLAWKS \u2122<\/strong> pre extra ochranu. Je to <strong>skvel\u00fd univerz\u00e1lny n\u00e1stroj<\/strong> , ktor\u00fd bude <strong>spo\u013eahliv\u00fdm pomocn\u00edkom<\/strong> v r\u00f4znych situ\u00e1ci\u00e1ch.  <\/p>\n<\/div>\n<\/div>\n<\/div>\n<\/div>\n<div class=\"mb-2 flex gap-3 empty:hidden -ml-2\">\n<div class=\"items-center justify-start rounded-xl p-1 flex\">\n<div class=\"flex items-center\"><\/div>\n<\/div>\n<\/div>\n<div class=\"pr-2 lg:pr-0\"><\/div>\n<div class=\"mt-3 w-full empty:hidden\">\n<div class=\"text-center\"><\/div>\n<\/div>\n<\/div>\n<\/div>\n<\/div>\n<\/div>\n<\/article>\n<\/div>\n<\/div>\n<\/div>\n<\/div>\n<\/div>\n<p><iframe title=\"CRKT M16\u00ae-03SS | Kit Carson Design\" width=\"800\" height=\"450\" src=\"https:\/\/www.youtube.com\/embed\/C2T1-yqXxcM?feature=oembed\" frameborder=\"0\" allow=\"accelerometer; autoplay; clipboard-write; encrypted-media; gyroscope; picture-in-picture; web-share\" referrerpolicy=\"strict-origin-when-cross-origin\" allowfullscreen><\/iframe><\/p>\n<p>&nbsp;<\/p>\n","protected":false},"excerpt":{"rendered":"<div class=\"flex max-w-full flex-col flex-grow\">\n<div class=\"min-h-8 text-message flex w-full flex-col items-end gap-2 whitespace-normal break-words text-start [.text-message+&amp;]:mt-5\" dir=\"auto\" data-message-author-role=\"assistant\" data-message-id=\"bedf3733-6233-48af-b38a-5285e60055e5\" data-message-model-slug=\"gpt-4o-mini\">\n<div class=\"flex w-full flex-col gap-1 empty:hidden first:pt-[3px]\">\n<div class=\"markdown prose w-full break-words dark:prose-invert light\">\n<p><strong>CRKT M16-03SS je vylep\u0161en\u00e1 verzia ob\u013e\u00faben\u00e9ho designu Kit Carson M16, ktor\u00e1 pon\u00faka vy\u0161\u0161\u00ed v\u00fdkon a odolnos\u0165. Tento n\u00f4\u017e je ide\u00e1lny pre taktick\u00e9 pou\u017eitie aj ka\u017edodenn\u00e9 nosenie, s kvalitnou \u010depe\u013eou z 12C27 Sandvik ocele, bezpe\u010dn\u00fdm z\u00e1mkom r\u00e1mu a inovat\u00edvnym syst\u00e9mom AutoLAWKS\u2122 pre extra ochranu. Je to skvel\u00fd univerz\u00e1lny n\u00e1stroj, ktor\u00fd bude spo\u013eahliv\u00fdm pomocn\u00edkom v r\u00f4znych situ\u00e1ci\u00e1ch.  <\/strong><\/p>\n<\/div>\n<\/div>\n<\/div>\n<\/div>\n<div class=\"mb-2 flex gap-3 empty:hidden -ml-2\">\n<div class=\"items-center justify-start rounded-xl p-1 flex\">\n<div class=\"flex items-center\"><\/div>\n<\/div>\n<\/div>\n<div class=\"pr-2 lg:pr-0\"><\/div>\n","protected":false},"featured_media":224349,"comment_status":"open","ping_status":"closed","template":"","meta":[],"pwb-brand":[3249],"product_brand":[],"product_cat":[3233,3186],"product_tag":[3668],"class_list":{"0":"post-399880","1":"product","2":"type-product","3":"status-publish","4":"has-post-thumbnail","6":"pwb-brand-zatvaraci-noz-crkt-delilahs-p-e-c-k-5520","7":"product_cat-zatvaracie-noze","8":"product_cat-noze-sk","9":"product_tag-b2b-sk","11":"first","12":"outofstock","13":"taxable","14":"shipping-taxable","15":"purchasable","16":"product-type-simple"},"brands":[{"id":3249,"name":"Zatv\u00e1rac\u00ed N\u00f4\u017e CRKT DELILAH'S P.E.C.K. 5520","slug":"zatvaraci-noz-crkt-delilahs-p-e-c-k-5520"}],"_links":{"self":[{"href":"https:\/\/www.moskito.cz\/sk\/wp-json\/wp\/v2\/product\/399880","targetHints":{"allow":["GET"]}}],"collection":[{"href":"https:\/\/www.moskito.cz\/sk\/wp-json\/wp\/v2\/product"}],"about":[{"href":"https:\/\/www.moskito.cz\/sk\/wp-json\/wp\/v2\/types\/product"}],"replies":[{"embeddable":true,"href":"https:\/\/www.moskito.cz\/sk\/wp-json\/wp\/v2\/comments?post=399880"}],"wp:featuredmedia":[{"embeddable":true,"href":"https:\/\/www.moskito.cz\/sk\/wp-json\/wp\/v2\/media\/224349"}],"wp:attachment":[{"href":"https:\/\/www.moskito.cz\/sk\/wp-json\/wp\/v2\/media?parent=399880"}],"wp:term":[{"taxonomy":"pwb-brand","embeddable":true,"href":"https:\/\/www.moskito.cz\/sk\/wp-json\/wp\/v2\/pwb-brand?post=399880"},{"taxonomy":"product_brand","embeddable":true,"href":"https:\/\/www.moskito.cz\/sk\/wp-json\/wp\/v2\/product_brand?post=399880"},{"taxonomy":"product_cat","embeddable":true,"href":"https:\/\/www.moskito.cz\/sk\/wp-json\/wp\/v2\/product_cat?post=399880"},{"taxonomy":"product_tag","embeddable":true,"href":"https:\/\/www.moskito.cz\/sk\/wp-json\/wp\/v2\/product_tag?post=399880"}],"curies":[{"name":"wp","href":"https:\/\/api.w.org\/{rel}","templated":true}]}}