{"id":399929,"date":"2024-11-29T11:59:51","date_gmt":"2025-04-22T14:05:24","guid":{"rendered":"https:\/\/www.moskito.cz\/produkt\/vystrelovaci-noz-aga-campolin-f20ttd-n\/"},"modified":"2025-05-07T11:29:18","modified_gmt":"2025-05-07T10:29:18","slug":"vystrelovaci-noz-aga-campolin-f20ttd-n","status":"publish","type":"product","link":"https:\/\/www.moskito.cz\/sk\/produkt\/vystrelovaci-noz-aga-campolin-f20ttd-n\/","title":{"rendered":"Vystre\u013eovac\u00ed N\u00f4\u017e AGA CAMPOLIN F20TTD-N"},"content":{"rendered":"<p>Vystre\u013eovac\u00ed N\u00f4\u017e AGA CAMPOLIN F20TTD-N.<\/p>\n<p>Vystre\u013eovac\u00ed n\u00f4\u017e AGA Campolin F20TTD-N je elegantn\u00fd a kvalitn\u00fd automatick\u00fd n\u00f4\u017e vyr\u00e1ban\u00fd renomovanou talianskou zna\u010dkou AGA Campolin. T\u00e1to zna\u010dka je zn\u00e1ma svojou prec\u00edznou pr\u00e1cou a v\u00fdrobou tradi\u010dn\u00fdch aj modern\u00fdch no\u017eov s vysokou zberate\u013eskou a \u00fa\u017eitkovou hodnotou. Tu s\u00fa z\u00e1kladn\u00e9 inform\u00e1cie o tomto modeli:<br \/>\n Charakteristika AGA Campolin F20TTD-N  <\/p>\n<p>mechanizmus:<br \/>\n Automatick\u00fd (vystre\u013eovac\u00ed) mechanizmus, ktor\u00fd umo\u017e\u0148uje r\u00fdchle otvorenie \u010depele stla\u010den\u00edm tla\u010didla.<br \/>\n Spo\u013eahliv\u00fd a odoln\u00fd mechanizmus s dlhou \u017eivotnos\u0165ou.<\/p>\n<p>\u010cepe\u013e:<br \/>\n Materi\u00e1l \u010depele: kvalitn\u00e1 nerezov\u00e1 oce\u013e, ktor\u00e1 poskytuje skvel\u00fa ostros\u0165 a odolnos\u0165 vo\u010di kor\u00f3zii.<br \/>\n Dizajn \u010depele: modern\u00fd \u0161t\u00fdl, \u010dasto so sat\u00e9novou alebo lesklou \u00fapravou.<br \/>\n D\u013a\u017eka \u010depele: pribli\u017ene 9.3 cm<\/p>\n<p>Rukov\u00e4\u0165:<br \/>\n Materi\u00e1l: r\u00f4zne varianty, vr\u00e1tane pr\u00edrodn\u00fdch materi\u00e1lov (napr. drevo, rohovina) alebo syntetick\u00fdch materi\u00e1lov.<br \/>\n Ergon\u00f3mia: pohodln\u00fd \u00fachop, vhodn\u00fd na dlh\u0161iu manipul\u00e1ciu.<\/p>\n<p>Dizajn a prevedenie:<br \/>\n Modern\u00fd a z\u00e1rove\u0148 nad\u010dasov\u00fd vzh\u013ead s prec\u00edznym spracovan\u00edm.<br \/>\n Vhodn\u00e9 ako pre zberate\u013eov, tak aj pre praktick\u00e9 vyu\u017eitie v ka\u017edodennom \u017eivote.<\/p>\n<p>Z\u00e1mok:<br \/>\n Bezpe\u010dnostn\u00e1 poistka proti n\u00e1hodn\u00e9mu otvoreniu.<\/p>\n<p>Vyu\u017eitie<\/p>\n<p>Ide\u00e1lne na ka\u017edodenn\u00e9 nosenie (EDC).<br \/>\nVhodn\u00fd ako dar\u010dek pre zberate\u013eov v\u010faka svojej exkluzivite a spracovaniu.<br \/>\nPraktick\u00fd n\u00e1stroj pre r\u00f4zne outdoorov\u00e9 aktivity, ako je camping, ryb\u00e1r\u010denie, alebo survival.<\/p>\n","protected":false},"excerpt":{"rendered":"<p><strong>Vystre\u013eovac\u00ed n\u00f4\u017e AGA Campolin F20TTD-N je elegantn\u00fd a kvalitn\u00fd automatick\u00fd n\u00f4\u017e vyr\u00e1ban\u00fd renomovanou talianskou zna\u010dkou AGA Campolin.<\/strong><\/p>\n","protected":false},"featured_media":379231,"comment_status":"open","ping_status":"closed","template":"","meta":[],"pwb-brand":[4013],"product_brand":[],"product_cat":[3186,3197],"product_tag":[],"class_list":{"0":"post-399929","1":"product","2":"type-product","3":"status-publish","4":"has-post-thumbnail","6":"pwb-brand-aga-campolin-sk","7":"product_cat-noze-sk","8":"product_cat-vystrelovacie-noze-sk","10":"first","11":"outofstock","12":"taxable","13":"shipping-taxable","14":"purchasable","15":"product-type-simple"},"brands":[{"id":4013,"name":"AGA CAMPOLIN","slug":"aga-campolin-sk"}],"_links":{"self":[{"href":"https:\/\/www.moskito.cz\/sk\/wp-json\/wp\/v2\/product\/399929","targetHints":{"allow":["GET"]}}],"collection":[{"href":"https:\/\/www.moskito.cz\/sk\/wp-json\/wp\/v2\/product"}],"about":[{"href":"https:\/\/www.moskito.cz\/sk\/wp-json\/wp\/v2\/types\/product"}],"replies":[{"embeddable":true,"href":"https:\/\/www.moskito.cz\/sk\/wp-json\/wp\/v2\/comments?post=399929"}],"wp:featuredmedia":[{"embeddable":true,"href":"https:\/\/www.moskito.cz\/sk\/wp-json\/wp\/v2\/media\/379231"}],"wp:attachment":[{"href":"https:\/\/www.moskito.cz\/sk\/wp-json\/wp\/v2\/media?parent=399929"}],"wp:term":[{"taxonomy":"pwb-brand","embeddable":true,"href":"https:\/\/www.moskito.cz\/sk\/wp-json\/wp\/v2\/pwb-brand?post=399929"},{"taxonomy":"product_brand","embeddable":true,"href":"https:\/\/www.moskito.cz\/sk\/wp-json\/wp\/v2\/product_brand?post=399929"},{"taxonomy":"product_cat","embeddable":true,"href":"https:\/\/www.moskito.cz\/sk\/wp-json\/wp\/v2\/product_cat?post=399929"},{"taxonomy":"product_tag","embeddable":true,"href":"https:\/\/www.moskito.cz\/sk\/wp-json\/wp\/v2\/product_tag?post=399929"}],"curies":[{"name":"wp","href":"https:\/\/api.w.org\/{rel}","templated":true}]}}