{"id":400187,"date":"2024-11-14T22:04:34","date_gmt":"2024-11-14T21:04:34","guid":{"rendered":"https:\/\/www.moskito.cz\/produkt\/vystrelovaci-noz-benchmade-stryker-9101sbk\/"},"modified":"2025-05-07T11:29:27","modified_gmt":"2025-05-07T10:29:27","slug":"vystrelovaci-noz-benchmade-stryker-9101sbk","status":"publish","type":"product","link":"https:\/\/www.moskito.cz\/sk\/produkt\/vystrelovaci-noz-benchmade-stryker-9101sbk\/","title":{"rendered":"Vystre\u013eovac\u00ed N\u00f4\u017e Benchmade Stryker 9101SBK"},"content":{"rendered":"<p>Vystre\u013eovac\u00ed N\u00f4\u017e <strong>Benchmade<\/strong> Stryker 9101SBK.<\/p>\n<p>Auto-Stryker novej gener\u00e1cie 9101 je vylep\u0161en\u00fd model ob\u013e\u00faben\u00e9ho radu Auto Stryker, ktor\u00fd pon\u00faka nieko\u013eko k\u013e\u00fa\u010dov\u00fdch vylep\u0161en\u00ed pre lep\u0161\u00ed v\u00fdkon a pohodlie. Tento n\u00f4\u017e je vybaven\u00fd tla\u010didlovou automatikou, ktor\u00e1 umo\u017e\u0148uje r\u00fdchle a pohodln\u00e9 otvorenie \u010depele, a to aj s integrovanou poistkou pre bezpe\u010dn\u00e9 pou\u017e\u00edvanie.<br \/>\nHlavn\u00e9 vlastnosti:<\/p>\n<p>Tla\u010didlov\u00e1 automatika s integrovanou poistkou na zaistenie bezpe\u010dn\u00e9ho a r\u00fdchleho otv\u00e1rania \u010depele.<br \/>\n 154CM \u010depe\u013e typu tanto z nerezovej ocele (tvrdos\u0165 58-61 HRC), zn\u00e1ma pre svoju odolnos\u0165 a schopnos\u0165 udr\u017ea\u0165 ostros\u0165.<br \/>\n Obroben\u00e1 rukov\u00e4\u0165 z hlin\u00edka 6061-T6 s \u010diernym eloxovan\u00edm, \u010do zais\u0165uje vysok\u00fa pevnos\u0165 a odolnos\u0165 proti kor\u00f3zii.<br \/>\n Obojstrann\u00fd vykl\u00e1pac\u00ed vreckov\u00fd klip pre pohodln\u00e9 nosenie ako pre prav\u00e1kov, tak aj pre \u013eav\u00e1kov.<br \/>\n Otvoren\u00fd dizajn backspaceru pre \u013eahk\u00fa \u00fadr\u017ebu a \u010distenie no\u017ea.<\/p>\n<p>\u0160pecifik\u00e1cia:<\/p>\n<p>D\u013a\u017eka \u010depele: 9,10 cm<br \/>\n Hr\u00fabka \u010depele: 3,15 mm<br \/>\n Celkov\u00e1 d\u013a\u017eka otvoren\u00e9ho no\u017ea: 21,08 cm<br \/>\n D\u013a\u017eka zatvoren\u00e9ho no\u017ea: 11,94 cm<br \/>\n Hmotnos\u0165: 110,56 g<br \/>\n Hr\u00fabka rukov\u00e4te: 12,70 mm<br \/>\n Trieda: \u010cierna<br \/>\n Vyroben\u00e9 v USA<\/p>\n<p>Tento model je ide\u00e1lny pre u\u017e\u00edvate\u013eov, ktor\u00ed h\u013eadaj\u00fa kvalitn\u00fd, siln\u00fd a odoln\u00fd automatick\u00fd n\u00f4\u017e s vynikaj\u00facim designom a jednoduchou \u00fadr\u017ebou.<\/p>\n<p>&nbsp;<\/p>\n","protected":false},"excerpt":{"rendered":"<p><strong>Auto-Stryker novej gener\u00e1cie 9101 je vylep\u0161en\u00fd model ob\u013e\u00faben\u00e9ho radu Auto Stryker, ktor\u00fd pon\u00faka nieko\u013eko k\u013e\u00fa\u010dov\u00fdch vylep\u0161en\u00ed pre lep\u0161\u00ed v\u00fdkon a pohodlie. Tento n\u00f4\u017e je vybaven\u00fd tla\u010didlovou automatikou, ktor\u00e1 umo\u017e\u0148uje r\u00fdchle a pohodln\u00e9 otvorenie \u010depele, a to aj s integrovanou poistkou pre bezpe\u010dn\u00e9 pou\u017e\u00edvanie. <\/strong><\/p>\n<p><strong>Doprava zadarmo.<\/strong><\/p>\n","protected":false},"featured_media":372443,"comment_status":"open","ping_status":"closed","template":"","meta":[],"pwb-brand":[3979],"product_brand":[],"product_cat":[3197,3186],"product_tag":[],"class_list":{"0":"post-400187","1":"product","2":"type-product","3":"status-publish","4":"has-post-thumbnail","6":"pwb-brand-benchmade-sk","7":"product_cat-vystrelovacie-noze-sk","8":"product_cat-noze-sk","10":"first","11":"instock","12":"taxable","13":"shipping-taxable","14":"purchasable","15":"product-type-simple"},"brands":[{"id":3979,"name":"Benchmade","slug":"benchmade-sk"}],"_links":{"self":[{"href":"https:\/\/www.moskito.cz\/sk\/wp-json\/wp\/v2\/product\/400187","targetHints":{"allow":["GET"]}}],"collection":[{"href":"https:\/\/www.moskito.cz\/sk\/wp-json\/wp\/v2\/product"}],"about":[{"href":"https:\/\/www.moskito.cz\/sk\/wp-json\/wp\/v2\/types\/product"}],"replies":[{"embeddable":true,"href":"https:\/\/www.moskito.cz\/sk\/wp-json\/wp\/v2\/comments?post=400187"}],"wp:featuredmedia":[{"embeddable":true,"href":"https:\/\/www.moskito.cz\/sk\/wp-json\/wp\/v2\/media\/372443"}],"wp:attachment":[{"href":"https:\/\/www.moskito.cz\/sk\/wp-json\/wp\/v2\/media?parent=400187"}],"wp:term":[{"taxonomy":"pwb-brand","embeddable":true,"href":"https:\/\/www.moskito.cz\/sk\/wp-json\/wp\/v2\/pwb-brand?post=400187"},{"taxonomy":"product_brand","embeddable":true,"href":"https:\/\/www.moskito.cz\/sk\/wp-json\/wp\/v2\/product_brand?post=400187"},{"taxonomy":"product_cat","embeddable":true,"href":"https:\/\/www.moskito.cz\/sk\/wp-json\/wp\/v2\/product_cat?post=400187"},{"taxonomy":"product_tag","embeddable":true,"href":"https:\/\/www.moskito.cz\/sk\/wp-json\/wp\/v2\/product_tag?post=400187"}],"curies":[{"name":"wp","href":"https:\/\/api.w.org\/{rel}","templated":true}]}}