{"id":400481,"date":"2024-12-06T10:24:01","date_gmt":"2025-04-23T12:54:33","guid":{"rendered":"https:\/\/www.moskito.cz\/produkt\/pevny-noz-muela-4410-m\/"},"modified":"2025-05-07T11:29:40","modified_gmt":"2025-05-07T10:29:40","slug":"pevny-noz-muela-4410-m","status":"publish","type":"product","link":"https:\/\/www.moskito.cz\/sk\/produkt\/pevny-noz-muela-4410-m\/","title":{"rendered":"Pevn\u00fd N\u00f4\u017e Muela 4410-M"},"content":{"rendered":"<p>Pevn\u00fd N\u00f4\u017e Muela 4410-M.<\/p>\n<p>Muela 4410-M Brown Jute Micarta N\u00f4\u017e je pr\u00e9miov\u00fd kompaktn\u00fd n\u00f4\u017e, ide\u00e1lny pre outdoorov\u00e9 aktivity, lov a pre\u017eitie. Tento model vynik\u00e1 vysoko kvalitn\u00fdmi materi\u00e1lmi, prec\u00edznym spracovan\u00edm a praktick\u00fdm dizajnom. <\/p>\n<p>Tento n\u00f4\u017e je perfektn\u00fdm spojen\u00edm funk\u010dnosti a estetiky, \u010do ho rob\u00ed ide\u00e1lnym pre n\u00e1ro\u010dn\u00fdch u\u017e\u00edvate\u013eov h\u013eadaj\u00facich spo\u013eahliv\u00fd a praktick\u00fd n\u00e1stroj.<\/p>\n<p>Materi\u00e1l: Nerezov\u00e1 oce\u013e X50CrMoV15 (1.4116).<br \/>\n Zlo\u017eenie: 15% chr\u00f3mu, 0,8% molybd\u00e9nu, 0,2% van\u00e1du.<br \/>\n Vlastnosti:<br \/>\n Vysok\u00e1 odolnos\u0165 proti kor\u00f3zii a opotrebovaniu.<br \/>\n Tvrdos\u0165: 57\u201358 HRC, zais\u0165uje v\u00fdborn\u00e9 dr\u017eanie ostrie.<br \/>\n Pou\u017e\u00edva sa v chirurgick\u00fdch n\u00e1strojoch a vysoko kvalitnom kuchynskom n\u00e1\u010din\u00ed.<br \/>\n Tvar: Drop Point s v\u00fdrazn\u00fdm bruchom na univerz\u00e1lne pou\u017eitie.<br \/>\n Br\u00fas: Pln\u00fd ploch\u00fd br\u00fas (Flat Grind) na kombin\u00e1ciu reznej \u00fa\u010dinnosti a pevnosti.<br \/>\n Povrchov\u00e1 \u00faprava: Sat\u00e9nov\u00e1, dod\u00e1va \u010depeli \u010dist\u00fd a elegantn\u00fd vzh\u013ead.<\/p>\n<p>Rukov\u00e4\u0165<\/p>\n<p>Materi\u00e1l: Vodeodoln\u00e1 juta micarta.<br \/>\n Dizajn: Ergonomicky tvarovan\u00e1 pre bezpe\u010dn\u00e9 a pohodln\u00e9 dr\u017eanie.<br \/>\n Vlastnosti:<br \/>\n Le\u0161ten\u00fd povrch pre odolnos\u0165 a estetiku.<br \/>\n Nity z mosadze s vysok\u00fdm obsahom niklu pre v\u00e4\u010d\u0161iu pevnos\u0165.<br \/>\n Otvor pre lanko (lanyard) pre \u013eahk\u00e9 zaistenie no\u017ea.<\/p>\n<p>Vyu\u017eitie<\/p>\n<p>Lov a spracovanie zveri.<br \/>\n Bushcraft a outdoorov\u00e9 \u00falohy.<br \/>\n V\u0161eobecn\u00e9 pre\u017eitie a univerz\u00e1lne pou\u017eitie.<\/p>\n<p>Tento n\u00f4\u017e vynik\u00e1 pr\u00e9miov\u00fdmi materi\u00e1lmi a praktick\u00fdm dizajnom, \u010do z neho rob\u00ed spo\u013eahliv\u00e9ho spolo\u010dn\u00edka pre dobrodruhov i nad\u0161encov do pr\u00edrody.<\/p>\n<p>Puzdro<\/p>\n<p>Popis: Pred\u013a\u017een\u00e9 ko\u017een\u00e9 puzdro, ktor\u00e9 chr\u00e1ni \u010depe\u013e aj \u010das\u0165 rukov\u00e4te.<br \/>\n Materi\u00e1l: Pr\u00edrodn\u00e1 hov\u00e4dzia ko\u017ea v hnedej farbe, kvalitne vy\u010dinen\u00e1.<br \/>\n Vlastnosti:<br \/>\n Na povrchu je vyrazen\u00e9 logo v\u00fdrobcu.<br \/>\n Okraje s\u00fa ozdobne pre\u0161\u00edvan\u00e9.<br \/>\n Umo\u017e\u0148uje upevnenie na opasok alebo v\u00fdstroj vo zvislej polohe.<\/p>\n<p>Technick\u00e9 \u00fadaje<\/p>\n<p>\u010c\u00edslo v\u00fdrobku: 4410-M<br \/>\n N\u00e1zov produktu: Muela 4410-M Brown Jute Micarta, Satin<\/p>\n<p>Rozmery<\/p>\n<p>Celkov\u00e1 d\u013a\u017eka: 205,0 mm<br \/>\n D\u013a\u017eka \u010depele: 100,0 mm<br \/>\n Hr\u00fabka \u010depele: nd<br \/>\n D\u013a\u017eka rukov\u00e4te: 105,0 mm<br \/>\n Hr\u00fabka rukov\u00e4te: nd<br \/>\n Hmotnos\u0165: 131,0 g<\/p>\n<p>\u010cepe\u013e<\/p>\n<p>Materi\u00e1l: X50CrMoV15 nerezov\u00e1 oce\u013e<br \/>\n Tvrdos\u0165: nd<br \/>\n Brus: Pln\u00fd ploch\u00fd br\u00fas (Flat Grind)<br \/>\n Povrchov\u00e1 \u00faprava: Sat\u00e9nov\u00e1<\/p>\n<p>Dizajn\u00e9r: Muela<br \/>\n Zna\u010dka: Muela<br \/>\n V\u00fdrobca: Manufacturas Muela, SA<br \/>\n Krajina p\u00f4vodu: \u0160panielsko<\/p>\n<p>&nbsp;<\/p>\n","protected":false},"excerpt":{"rendered":"<p><strong>Muela 4410-M Brown Jute Micarta N\u00f4\u017e je pr\u00e9miov\u00fd kompaktn\u00fd n\u00f4\u017e, ide\u00e1lny pre outdoorov\u00e9 aktivity, lov a pre\u017eitie. Tento model vynik\u00e1 vysoko kvalitn\u00fdmi materi\u00e1lmi, prec\u00edznym spracovan\u00edm a praktick\u00fdm dizajnom. <\/strong><\/p>\n","protected":false},"featured_media":380487,"comment_status":"open","ping_status":"closed","template":"","meta":[],"pwb-brand":[3910],"product_brand":[],"product_cat":[3186,3187],"product_tag":[],"class_list":{"0":"post-400481","1":"product","2":"type-product","3":"status-publish","4":"has-post-thumbnail","6":"pwb-brand-muela-sk","7":"product_cat-noze-sk","8":"product_cat-pevne-noze-sk","10":"first","11":"instock","12":"taxable","13":"shipping-taxable","14":"purchasable","15":"product-type-simple"},"brands":[{"id":3910,"name":"Muela","slug":"muela-sk"}],"_links":{"self":[{"href":"https:\/\/www.moskito.cz\/sk\/wp-json\/wp\/v2\/product\/400481","targetHints":{"allow":["GET"]}}],"collection":[{"href":"https:\/\/www.moskito.cz\/sk\/wp-json\/wp\/v2\/product"}],"about":[{"href":"https:\/\/www.moskito.cz\/sk\/wp-json\/wp\/v2\/types\/product"}],"replies":[{"embeddable":true,"href":"https:\/\/www.moskito.cz\/sk\/wp-json\/wp\/v2\/comments?post=400481"}],"wp:featuredmedia":[{"embeddable":true,"href":"https:\/\/www.moskito.cz\/sk\/wp-json\/wp\/v2\/media\/380487"}],"wp:attachment":[{"href":"https:\/\/www.moskito.cz\/sk\/wp-json\/wp\/v2\/media?parent=400481"}],"wp:term":[{"taxonomy":"pwb-brand","embeddable":true,"href":"https:\/\/www.moskito.cz\/sk\/wp-json\/wp\/v2\/pwb-brand?post=400481"},{"taxonomy":"product_brand","embeddable":true,"href":"https:\/\/www.moskito.cz\/sk\/wp-json\/wp\/v2\/product_brand?post=400481"},{"taxonomy":"product_cat","embeddable":true,"href":"https:\/\/www.moskito.cz\/sk\/wp-json\/wp\/v2\/product_cat?post=400481"},{"taxonomy":"product_tag","embeddable":true,"href":"https:\/\/www.moskito.cz\/sk\/wp-json\/wp\/v2\/product_tag?post=400481"}],"curies":[{"name":"wp","href":"https:\/\/api.w.org\/{rel}","templated":true}]}}